{"id":6580,"date":"2024-07-02T15:00:02","date_gmt":"2024-07-02T13:00:02","guid":{"rendered":"https:\/\/cofidur-ems.com\/mentions-legales\/"},"modified":"2025-05-22T09:47:23","modified_gmt":"2025-05-22T07:47:23","slug":"informazioni-legali","status":"publish","type":"page","link":"https:\/\/cofidur-ems.com\/it\/informazioni-legali\/","title":{"rendered":"Informazioni legali"},"content":{"rendered":"<section class=\"banner_page \"><div class=\"inner\"><div class=\"banner_page_container banner_width \"><h1 class=\"title-deco\">Informazioni legali<\/h1><p class=\"\">Cofidur EMS ha aperto questo sito Internet per l\u2019informazione personale dei suoi utenti. L&#8217;utilizzo del sito da parte dell&#8217;utente \u00e8 subordinato al rispetto delle condizioni generali di accesso e di utilizzo riportate di seguito e di tutte le leggi applicabili (condizioni generali). Collegandosi al sito, navigando e utilizzandolo, l\u2019Utente accetta senza riserve le Condizioni Generali.<\/p><\/div><\/div><\/section>\n\n\n<div style=\"height:5rem\" aria-hidden=\"true\" class=\"wp-block-spacer\"><\/div>\n\n\n\n<div class=\"wp-block-group is-layout-constrained wp-block-group-is-layout-constrained\">\n<h3 class=\"wp-block-heading\">INFORMAZIONI GENERALI<\/h3>\n\n\n\n<h3 class=\"wp-block-heading\">Proprietario del sito<\/h3>\n\n\n\n<p>Cofidur EMS<br>Indirizzo della sede:<br>COFIDUR EMS<br>79 RUE SAINT MELAINE<br>53000 LAVAL<\/p>\n\n\n\n<p>Tel.: 0243674000<\/p>\n\n\n\n<p>Direttore della pubblicazione: Gilles Delaunay<\/p>\n\n\n\n<h3 class=\"wp-block-heading\">Hosting<\/h3>\n\n\n\n<p>Ragione sociale: Doyousoft<br>Indirizzo: 17 Place Pierre S\u00e9mard, 34500 B\u00e9ziers<br>Numero di telefono 04 67 36 41 53<\/p>\n\n\n\n<h2 class=\"wp-block-heading\">DIRITTI DI PROPRIET\u00c0 INTELLETTUALE<\/h2>\n\n\n\n<h3 class=\"wp-block-heading\">Diritti d\u2018autore<\/h3>\n\n\n\n<p>Questo sito costituisce un&#8217;opera di cui Cofidur EMS \u00e8 l&#8217;autore ai sensi degli articoli L. 111.1 e seguenti del Codice della Propriet\u00e0 Intellettuale francese.<\/p>\n\n\n\n<p>La struttura generale, cos\u00ec come il software, i testi, le immagini animate o fisse, i suoni, il know-how, i disegni, la grafica e qualsiasi altro elemento che compone il sito sono di propriet\u00e0 esclusiva di Cofidur EMS, o di terzi che hanno autorizzato Cofidur EMS a utilizzarli.<br>Le riproduzioni, su un supporto cartaceo o informatico, di tale sito sono autorizzate a condizione che siano strettamente riservate all&#8217;uso personale, escludendo qualsiasi utilizzo a fini pubblicitari, commerciali o informativi.<br>Fatta eccezione per le disposizioni di cui sopra, qualsiasi riproduzione o rappresentazione totale o parziale di questo sito con qualsiasi procedimento, senza la nostra espressa autorizzazione, \u00e8 vietata e costituirebbe una contraffazione punita dagli articoli L. 355-2 e seguenti del Codice della Propriet\u00e0 Intellettuale francese, punibile con due anni di reclusione e una multa di 150.000 euro.<\/p>\n\n\n\n<h3 class=\"wp-block-heading\">Rispetto della privacy<\/h3>\n\n\n\n<p>Cofidur EMS \u00e8 impegnata nel rispettare la privacy e nel proteggere le informazioni, nominative o meno, di tutti gli utenti di Internet che desiderano accedere a questo sito internet.<br>\u00c8 possibile consultare questo sito senza rivelare la propria identit\u00e0 o fornire informazioni su di s\u00e9.<br>Le informazioni fornite sono destinate a Cofidur EMS e saranno utilizzate solo per gli scopi per cui sono state raccolte.<\/p>\n\n\n\n<h3 class=\"wp-block-heading\">Dati personali<\/h3>\n\n\n\n<p>Con l\u2019intento di agire nella trasparenza e per la tutela dei diritti dell\u2019Utente, Cofidur EMS non si procurer\u00e0 alcuna informazione che possa identificare personalmente l\u2019Utente, a meno che non la fornisca egli stesso inviandoci un&#8217;e-mail.<\/p>\n\n\n\n<h3 class=\"wp-block-heading\">Diritto di accesso<\/h3>\n\n\n\n<p>Si ricorda che le persone oggetto di informazioni nominative hanno il diritto di accedere, modificare, rettificare e cancellare i dati che le riguardano (articolo 34 della legge francese sulla protezione dei dati &nbsp;\u201cInformatique et libert\u00e9s\u201d &nbsp;del 6 gennaio 1978). Per esercitare tale diritto, l\u2019Utente pu\u00f2 scriverci cliccando&nbsp;<a href=\"https:\/\/www.cofidur-ems.com\/it\/contatti\/\">qui<\/a>.<\/p>\n\n\n\n<p>Dati non personali. Potremmo ottenere informazioni automaticamente ma che non possono, in nessun caso, essere associate a una persona. Queste informazioni riguardano il tipo di browser Internet utilizzato, il sistema informatico e il nome del dominio attraverso il quale l\u2019Utente ha effettuato l\u2019accesso al nostro sito.<\/p>\n\n\n\n<h3 class=\"wp-block-heading\">Cookie<\/h3>\n\n\n\n<p>Quando l\u2019Utente visita questo sito, potremmo inserire dei cookie nel suo computer. Un cookie non ci consente di identificare l\u2019Utente. In generale, tali cookie registrano le informazioni relative alla navigazione del suo computer sul nostro sito (le pagine visitate, la data e l&#8217;ora della visita, ecc.) che potremo leggere quando visiter\u00e0 successivamente il sito. Contengono le informazioni che l\u2019Utente ci ha appena fornito.<br>Naturalmente, l\u2019Utente pu\u00f2 rifiutare di accettare i cookie configurando il browser di conseguenza. Pu\u00f2 inoltre eliminare i cookie individualmente in qualsiasi momento, consultando le istruzioni del proprio sistema operativo.<\/p>\n\n\n\n<h3 class=\"wp-block-heading\">Link ipertestuali.<\/h3>\n\n\n\n<p>Gli utenti sono formalmente informati che i siti a cui possono accedere tramite link ipertestuali non ci appartengono. Cofidur EMS declina ogni responsabilit\u00e0 per il contenuto delle informazioni fornite da questi siti quando il link \u00e8 attivato.<br>La creazione da parte di terzi di un collegamento ipertestuale a una delle pagine o dei frame di questo sito richiede il nostro consenso preliminare.<\/p>\n\n\n\n<h3 class=\"wp-block-heading\">Legge applicabile<\/h3>\n\n\n\n<p>Il presente sito \u00e8 disciplinato esclusivamente dal diritto nazionale francese e dalle convenzioni internazionali applicabili in Francia. La lingua delle Condizioni Generali \u00e8 il francese. In caso di controversia, i tribunali francesi avranno la competenza esclusiva.<\/p>\n\n\n\n<h3 class=\"wp-block-heading\">Aggiornamento delle Condizioni Generali<\/h3>\n\n\n\n<p>La presente nota legale \u00e8 redatta in un momento specifico ed \u00e8 vincolante per l&#8217;utente nel momento in cui si collega al sito. Cofidur EMS si riserva il diritto di modificare la presente nota legale per ragioni di aggiornamento, miglioramento o adattamento. Tali modifiche e aggiornamenti sono vincolanti per l&#8217;Utente di Internet, che deve pertanto consultare regolarmente questa sezione per verificare le Condizioni generali in vigore.<\/p>\n\n\n\n<p>Versione del 15\/01\/2016<\/p>\n<\/div>\n\n\n\n<div style=\"height:10rem\" aria-hidden=\"true\" class=\"wp-block-spacer\"><\/div>\n","protected":false},"excerpt":{"rendered":"<p>INFORMAZIONI GENERALI Proprietario del sito Cofidur EMSIndirizzo della sede:COFIDUR EMS79 RUE SAINT MELAINE53000 LAVAL Tel.: 0243674000 Direttore della pubblicazione: Gilles Delaunay Hosting Ragione sociale: DoyousoftIndirizzo: 17 Place Pierre S\u00e9mard, 34500 B\u00e9ziersNumero di telefono 04 67 36 41 53 DIRITTI DI PROPRIET\u00c0 INTELLETTUALE Diritti d\u2018autore Questo sito costituisce un&#8217;opera di cui Cofidur EMS \u00e8 l&#8217;autore ai [&hellip;]<\/p>\n","protected":false},"author":2,"featured_media":0,"parent":0,"menu_order":7,"comment_status":"closed","ping_status":"closed","template":"","meta":{"_acf_changed":false,"footnotes":""},"class_list":["post-6580","page","type-page","status-publish","hentry"],"acf":[],"yoast_head":"<!-- This site is optimized with the Yoast SEO plugin v27.4 - https:\/\/yoast.com\/product\/yoast-seo-wordpress\/ -->\n<title>Informazioni legali &#8212; Codifur EMS<\/title>\n<meta name=\"description\" content=\"Consulta i termini d\u2019uso del sito Cofidur EMS. L\u2019accesso e l\u2019utilizzo implicano l\u2019accettazione delle condizioni generali.\" \/>\n<meta name=\"robots\" content=\"index, follow, max-snippet:-1, max-image-preview:large, max-video-preview:-1\" \/>\n<link rel=\"canonical\" href=\"https:\/\/cofidur-ems.com\/it\/informazioni-legali\/\" \/>\n<meta property=\"og:locale\" content=\"it_IT\" \/>\n<meta property=\"og:type\" content=\"article\" \/>\n<meta property=\"og:title\" content=\"Informazioni legali &#8212; Codifur EMS\" \/>\n<meta property=\"og:description\" content=\"Consulta i termini d\u2019uso del sito Cofidur EMS. L\u2019accesso e l\u2019utilizzo implicano l\u2019accettazione delle condizioni generali.\" \/>\n<meta property=\"og:url\" content=\"https:\/\/cofidur-ems.com\/it\/informazioni-legali\/\" \/>\n<meta property=\"og:site_name\" content=\"Codifur EMS\" \/>\n<meta property=\"article:modified_time\" content=\"2025-05-22T07:47:23+00:00\" \/>\n<meta name=\"twitter:card\" content=\"summary_large_image\" \/>\n<meta name=\"twitter:label1\" content=\"Tempo di lettura stimato\" \/>\n\t<meta name=\"twitter:data1\" content=\"4 minuti\" \/>\n<script type=\"application\/ld+json\" class=\"yoast-schema-graph\">{\"@context\":\"https:\\\/\\\/schema.org\",\"@graph\":[{\"@type\":\"WebPage\",\"@id\":\"https:\\\/\\\/cofidur-ems.com\\\/it\\\/informazioni-legali\\\/\",\"url\":\"https:\\\/\\\/cofidur-ems.com\\\/it\\\/informazioni-legali\\\/\",\"name\":\"Informazioni legali &#8212; Codifur EMS\",\"isPartOf\":{\"@id\":\"https:\\\/\\\/cofidur-ems.com\\\/#website\"},\"datePublished\":\"2024-07-02T13:00:02+00:00\",\"dateModified\":\"2025-05-22T07:47:23+00:00\",\"description\":\"Consulta i termini d\u2019uso del sito Cofidur EMS. L\u2019accesso e l\u2019utilizzo implicano l\u2019accettazione delle condizioni generali.\",\"breadcrumb\":{\"@id\":\"https:\\\/\\\/cofidur-ems.com\\\/it\\\/informazioni-legali\\\/#breadcrumb\"},\"inLanguage\":\"it-IT\",\"potentialAction\":[{\"@type\":\"ReadAction\",\"target\":[\"https:\\\/\\\/cofidur-ems.com\\\/it\\\/informazioni-legali\\\/\"]}]},{\"@type\":\"BreadcrumbList\",\"@id\":\"https:\\\/\\\/cofidur-ems.com\\\/it\\\/informazioni-legali\\\/#breadcrumb\",\"itemListElement\":[{\"@type\":\"ListItem\",\"position\":1,\"name\":\"Cofidur EMS\",\"item\":\"https:\\\/\\\/cofidur-ems.com\\\/it\\\/\"},{\"@type\":\"ListItem\",\"position\":2,\"name\":\"Informazioni legali\"}]},{\"@type\":\"WebSite\",\"@id\":\"https:\\\/\\\/cofidur-ems.com\\\/#website\",\"url\":\"https:\\\/\\\/cofidur-ems.com\\\/\",\"name\":\"Cofidur EMS\",\"description\":\"Votre sous-traitant \u00e9lectronique Fran\u00e7ais\",\"publisher\":{\"@id\":\"https:\\\/\\\/cofidur-ems.com\\\/#organization\"},\"potentialAction\":[{\"@type\":\"SearchAction\",\"target\":{\"@type\":\"EntryPoint\",\"urlTemplate\":\"https:\\\/\\\/cofidur-ems.com\\\/?s={search_term_string}\"},\"query-input\":{\"@type\":\"PropertyValueSpecification\",\"valueRequired\":true,\"valueName\":\"search_term_string\"}}],\"inLanguage\":\"it-IT\"},{\"@type\":\"Organization\",\"@id\":\"https:\\\/\\\/cofidur-ems.com\\\/#organization\",\"name\":\"Cofidur EMS\",\"url\":\"https:\\\/\\\/cofidur-ems.com\\\/\",\"logo\":{\"@type\":\"ImageObject\",\"inLanguage\":\"it-IT\",\"@id\":\"https:\\\/\\\/cofidur-ems.com\\\/#\\\/schema\\\/logo\\\/image\\\/\",\"url\":\"https:\\\/\\\/cofidur-ems.com\\\/wp-content\\\/uploads\\\/2025\\\/04\\\/logo.svg\",\"contentUrl\":\"https:\\\/\\\/cofidur-ems.com\\\/wp-content\\\/uploads\\\/2025\\\/04\\\/logo.svg\",\"width\":310,\"height\":89,\"caption\":\"Cofidur EMS\"},\"image\":{\"@id\":\"https:\\\/\\\/cofidur-ems.com\\\/#\\\/schema\\\/logo\\\/image\\\/\"},\"sameAs\":[\"https:\\\/\\\/www.linkedin.com\\\/company\\\/cofidur-ems\"]}]}<\/script>\n<!-- \/ Yoast SEO plugin. -->","yoast_head_json":{"title":"Informazioni legali &#8212; Codifur EMS","description":"Consulta i termini d\u2019uso del sito Cofidur EMS. L\u2019accesso e l\u2019utilizzo implicano l\u2019accettazione delle condizioni generali.","robots":{"index":"index","follow":"follow","max-snippet":"max-snippet:-1","max-image-preview":"max-image-preview:large","max-video-preview":"max-video-preview:-1"},"canonical":"https:\/\/cofidur-ems.com\/it\/informazioni-legali\/","og_locale":"it_IT","og_type":"article","og_title":"Informazioni legali &#8212; Codifur EMS","og_description":"Consulta i termini d\u2019uso del sito Cofidur EMS. L\u2019accesso e l\u2019utilizzo implicano l\u2019accettazione delle condizioni generali.","og_url":"https:\/\/cofidur-ems.com\/it\/informazioni-legali\/","og_site_name":"Codifur EMS","article_modified_time":"2025-05-22T07:47:23+00:00","twitter_card":"summary_large_image","twitter_misc":{"Tempo di lettura stimato":"4 minuti"},"schema":{"@context":"https:\/\/schema.org","@graph":[{"@type":"WebPage","@id":"https:\/\/cofidur-ems.com\/it\/informazioni-legali\/","url":"https:\/\/cofidur-ems.com\/it\/informazioni-legali\/","name":"Informazioni legali &#8212; Codifur EMS","isPartOf":{"@id":"https:\/\/cofidur-ems.com\/#website"},"datePublished":"2024-07-02T13:00:02+00:00","dateModified":"2025-05-22T07:47:23+00:00","description":"Consulta i termini d\u2019uso del sito Cofidur EMS. L\u2019accesso e l\u2019utilizzo implicano l\u2019accettazione delle condizioni generali.","breadcrumb":{"@id":"https:\/\/cofidur-ems.com\/it\/informazioni-legali\/#breadcrumb"},"inLanguage":"it-IT","potentialAction":[{"@type":"ReadAction","target":["https:\/\/cofidur-ems.com\/it\/informazioni-legali\/"]}]},{"@type":"BreadcrumbList","@id":"https:\/\/cofidur-ems.com\/it\/informazioni-legali\/#breadcrumb","itemListElement":[{"@type":"ListItem","position":1,"name":"Cofidur EMS","item":"https:\/\/cofidur-ems.com\/it\/"},{"@type":"ListItem","position":2,"name":"Informazioni legali"}]},{"@type":"WebSite","@id":"https:\/\/cofidur-ems.com\/#website","url":"https:\/\/cofidur-ems.com\/","name":"Cofidur EMS","description":"Votre sous-traitant \u00e9lectronique Fran\u00e7ais","publisher":{"@id":"https:\/\/cofidur-ems.com\/#organization"},"potentialAction":[{"@type":"SearchAction","target":{"@type":"EntryPoint","urlTemplate":"https:\/\/cofidur-ems.com\/?s={search_term_string}"},"query-input":{"@type":"PropertyValueSpecification","valueRequired":true,"valueName":"search_term_string"}}],"inLanguage":"it-IT"},{"@type":"Organization","@id":"https:\/\/cofidur-ems.com\/#organization","name":"Cofidur EMS","url":"https:\/\/cofidur-ems.com\/","logo":{"@type":"ImageObject","inLanguage":"it-IT","@id":"https:\/\/cofidur-ems.com\/#\/schema\/logo\/image\/","url":"https:\/\/cofidur-ems.com\/wp-content\/uploads\/2025\/04\/logo.svg","contentUrl":"https:\/\/cofidur-ems.com\/wp-content\/uploads\/2025\/04\/logo.svg","width":310,"height":89,"caption":"Cofidur EMS"},"image":{"@id":"https:\/\/cofidur-ems.com\/#\/schema\/logo\/image\/"},"sameAs":["https:\/\/www.linkedin.com\/company\/cofidur-ems"]}]}},"_links":{"self":[{"href":"https:\/\/cofidur-ems.com\/it\/wp-json\/wp\/v2\/pages\/6580","targetHints":{"allow":["GET"]}}],"collection":[{"href":"https:\/\/cofidur-ems.com\/it\/wp-json\/wp\/v2\/pages"}],"about":[{"href":"https:\/\/cofidur-ems.com\/it\/wp-json\/wp\/v2\/types\/page"}],"author":[{"embeddable":true,"href":"https:\/\/cofidur-ems.com\/it\/wp-json\/wp\/v2\/users\/2"}],"replies":[{"embeddable":true,"href":"https:\/\/cofidur-ems.com\/it\/wp-json\/wp\/v2\/comments?post=6580"}],"version-history":[{"count":3,"href":"https:\/\/cofidur-ems.com\/it\/wp-json\/wp\/v2\/pages\/6580\/revisions"}],"predecessor-version":[{"id":6805,"href":"https:\/\/cofidur-ems.com\/it\/wp-json\/wp\/v2\/pages\/6580\/revisions\/6805"}],"wp:attachment":[{"href":"https:\/\/cofidur-ems.com\/it\/wp-json\/wp\/v2\/media?parent=6580"}],"curies":[{"name":"wp","href":"https:\/\/api.w.org\/{rel}","templated":true}]}}