{"id":6556,"date":"2025-04-25T16:52:21","date_gmt":"2025-04-25T14:52:21","guid":{"rendered":"https:\/\/cofidur-ems.com\/nos-solutions\/"},"modified":"2026-01-23T10:35:52","modified_gmt":"2026-01-23T09:35:52","slug":"le-nostre-soluzioni","status":"publish","type":"page","link":"https:\/\/cofidur-ems.com\/it\/le-nostre-soluzioni\/","title":{"rendered":"Le nostre soluzioni"},"content":{"rendered":"<section class=\"banner_page section\"><div class=\"inner\"><div class=\"banner_page_container  \"><h2 class=\"title-deco\">Le nostre soluzioni<\/h2><p class=\"\">Siamo al tuo fianco per dare vita ai tuoi progetti nei settori in cui siamo specializzati.<\/p><div class=\"sommaire\"><ul class=\"row\"><li class=\"col-lg-6 col-xl-4 col-md-6 col-sm-12\"><a class=\"button outline\" href=\"#medical\">Sanitario<\/a><\/li><li class=\"col-lg-6 col-xl-4 col-md-6 col-sm-12\"><a class=\"button outline\" href=\"#ferroviaire\">Ferroviario<\/a><\/li><li class=\"col-lg-6 col-xl-4 col-md-6 col-sm-12\"><a class=\"button outline\" href=\"#data\">Data &#038; t\u00e9l\u00e9com<\/a><\/li><li class=\"col-lg-6 col-xl-4 col-md-6 col-sm-12\"><a class=\"button outline\" href=\"#aeronautique\">Aeronautica Civile<\/a><\/li><li class=\"col-lg-6 col-xl-4 col-md-6 col-sm-12\"><a class=\"button outline\" href=\"#defense\">Militare e munizioni<\/a><\/li><li class=\"col-lg-6 col-xl-4 col-md-6 col-sm-12\"><a class=\"button outline\" href=\"#smart-city\">Smart city<\/a><\/li><li class=\"col-lg-6 col-xl-4 col-md-6 col-sm-12\"><a class=\"button outline\" href=\"#lightning\">Lightning<\/a><\/li><\/ul><\/div><\/div><\/div><\/section>\n\n<div class=\"inner\">\n    <\/div>\n<section id=\"medical\" class=\"txtImg_container  no-circle reverse_bloc ModelB  no-bg cyan\">\n\n    <div class=\"txtImg_content_text\">\n        <h2 class=\"title-deco\">Sanitario<\/h2><div class=\"text-container\"><p><b>L\u2019elettronica impegnata per la salute e l\u2019innovazione medica.<\/b><\/p>\n<p>Oggi pi\u00f9 che mai, l\u2019IoT nel settore sanitario \u00e8 in piena espansione. Nei prossimi cinque anni, 6 miliardi di euro saranno destinati alle infrastrutture mediche e 20 miliardi alla ricerca e all\u2019innovazione in ambito sanitario grazie al piano France Relance.<br \/>\nIl digitale e i dispositivi medici connessi rappresentano oggi elementi fondamentali e indispensabili per la modernizzazione del sistema sanitario e socio-sanitario.<br \/>\nIntelligenza Artificiale, realt\u00e0 aumentata, realt\u00e0 virtuale, E-salute, medicina personalizzata saranno le modalit\u00e0 d\u2019uso del futuro \u2014 e noi siamo al vostro fianco per accompagnarvi in questa rivoluzione.<\/p>\n<\/div><a href=\"https:\/\/cofidur-ems.com\/it\/le-nostre-soluzioni\/sanitario\/\" class=\"bouton primary\">Scopri di pi\u00f9<\/a>    <\/div>\n    <div class=\"txtImg_content_image bg-cyan\">\n        <img decoding=\"async\" src=\"https:\/\/cofidur-ems.com\/wp-content\/uploads\/2025\/04\/cofidur-liste-medical.jpg\" alt=\"\" title=\"cofidur liste medical\">    <\/div>\n<\/section>\n\n\n<div class=\"inner\">\n    <\/div>\n<section id=\"ferroviaire\" class=\"txtImg_container  no-circle  ModelB  no-bg bleu\">\n\n    <div class=\"txtImg_content_text\">\n        <h2 class=\"title-deco\">Ferroviario<\/h2><div class=\"text-container\"><p><strong>L\u2019elettronica impegnata per la mobilit\u00e0 e il futuro<\/strong><\/p>\n<p>Il settore dei trasporti e della mobilit\u00e0 \u00e8 una delle priorit\u00e0 individuate per rispondere all\u2019ambizione globale di France 2030: vivere meglio, produrre meglio e comprendere meglio.<br \/>\nPi\u00f9 ecologico, pi\u00f9 sicuro, pi\u00f9 economico e sempre pi\u00f9 veloce, il trasporto ferroviario ha davanti a s\u00e9 un futuro promettente.<br \/>\nA ci\u00f2 si aggiunge una presa di coscienza collettiva: ridurre il nostro impatto ambientale. In questo ambito, il settore ferroviario supera nettamente tutti gli altri mezzi di trasporto con soli 6,1 g di CO\u2082e\/km.<br \/>\nI treni autonomi, a idrogeno o connessi per facilitare la manutenzione predittiva sono le grandi tendenze emergenti, e noi siamo al vostro fianco per accompagnarvi in questa rivoluzione tecnologica.<\/p>\n<\/div><a href=\"https:\/\/cofidur-ems.com\/it\/le-nostre-soluzioni\/ferroviario\/\" class=\"bouton primary\">Scopri di pi\u00f9<\/a>    <\/div>\n    <div class=\"txtImg_content_image bg-bleu\">\n        <img decoding=\"async\" src=\"https:\/\/cofidur-ems.com\/wp-content\/uploads\/2025\/04\/cofidur-solution-ferroviaire.jpg\" alt=\"\" title=\"cofidur solution ferroviaire\">    <\/div>\n<\/section>\n\n\n<div class=\"inner\">\n    <\/div>\n<section id=\"data\" class=\"txtImg_container  no-circle reverse_bloc ModelB  no-bg vert\">\n\n    <div class=\"txtImg_content_text\">\n        <h2 class=\"title-deco\">Data &#038; telecom<\/h2><div class=\"text-container\"><p><strong>L\u2019elettronica impegnata per le telecomunicazioni<\/strong><\/p>\n<p>L\u2019adozione massiccia dei servizi di telecomunicazione durante la pandemia ha portato a una crescita senza precedenti del mercato globale delle telecomunicazioni.<br \/>\nLa crescente domanda di connettivit\u00e0 a banda larga e di protocolli rapidi per il trasferimento dei dati sta generando ulteriori opportunit\u00e0.<br \/>\nQuesta capacit\u00e0 apparentemente illimitata di comunicazione tra le persone tramite molteplici dispositivi \u2014 e domani tra decine di miliardi di oggetti, sensori, robot\u2026 \u2014 \u00e8 stata possibile solo grazie all\u2019incredibile capacit\u00e0 di elaborazione e memorizzazione dell\u2019informazione ottenuta con strumenti digitali ridotti a minuscoli processori composti da elementi nanometrici, il tutto in un periodo di tempo brevissimo: una sola generazione.<br \/>\nCofidur EMS \u00e8 al vostro fianco per spingere ancora oltre questa dinamica.<\/p>\n<\/div><a href=\"https:\/\/cofidur-ems.com\/it\/le-nostre-soluzioni\/data-telecom\/\" class=\"bouton primary\">Scopri di pi\u00f9<\/a>    <\/div>\n    <div class=\"txtImg_content_image bg-vert\">\n        <img decoding=\"async\" src=\"https:\/\/cofidur-ems.com\/wp-content\/uploads\/2025\/04\/cofidur-solutions-data.jpg\" alt=\"\" title=\"cofidur solutions data\">    <\/div>\n<\/section>\n\n\n<div class=\"inner\">\n    <\/div>\n<section id=\"aeronautique\" class=\"txtImg_container  no-circle  ModelB  no-bg bleu\">\n\n    <div class=\"txtImg_content_text\">\n        <h2 class=\"title-deco\">Aeronautica civile<\/h2><div class=\"text-container\"><p><strong>L\u2019elettronica impegnata per l\u2019aeronautica<\/strong><\/p>\n<p>L\u2019industria aeronautica francese ed europea \u00e8 un settore d\u2019eccellenza, che unisce innovazione a prestazioni sociali e ambientali.<br \/>\nLa riduzione dell\u2019impatto climatico \u00e8 oggi una priorit\u00e0 assoluta: per questo motivo, il trasporto aereo deve diminuire le sue emissioni globali di CO\u2082 fino a raggiungere, entro il 2050, l\u2019obiettivo di \u201czero emissioni nette\u201d.<br \/>\nI progressi del digitale e della connettivit\u00e0, combinati con la modernizzazione della gestione del traffico aereo, rappresentano leve di trasformazione: per un salto significativo nella sicurezza dei voli, grazie ad esempio alle funzioni di assistenza agli equipaggi, per una forte riduzione dell\u2019impronta ambientale del trasporto aereo e per una maggiore produttivit\u00e0 e puntualit\u00e0 delle operazioni.<br \/>\nCofidur EMS \u00e8 il vostro partner ideale per accompagnarvi nella realizzazione dell\u2019aereo del futuro: decarbonizzato, digitale e connesso.<\/p>\n<\/div><a href=\"https:\/\/cofidur-ems.com\/it\/le-nostre-soluzioni\/aeronautica-civile\/\" class=\"bouton primary\">Scopri di pi\u00f9<\/a>    <\/div>\n    <div class=\"txtImg_content_image bg-bleu\">\n        <img decoding=\"async\" src=\"https:\/\/cofidur-ems.com\/wp-content\/uploads\/2025\/04\/cofidur-solution-aeronautique.jpg\" alt=\"\" title=\"cofidur solution aeronautique\">    <\/div>\n<\/section>\n\n\n<div class=\"inner\">\n    <\/div>\n<section id=\"defense\" class=\"txtImg_container  no-circle reverse_bloc ModelB  no-bg bleu\">\n\n    <div class=\"txtImg_content_text\">\n        <h2 class=\"title-deco\">Militare e munizioni<\/h2><div class=\"text-container\"><p><strong>L\u2019elettronica impegnata per la difesa<\/strong><\/p>\n<p>Nel 2022, il bilancio delle forze armate \u00e8 stato portato a 41 miliardi di euro, con un aumento di 1,7 miliardi rispetto al 2021 e 9 miliardi in pi\u00f9 rispetto al 2017.<br \/>\nLa Legge di Programmazione Militare (LPM) 2019-2025 si inserisce nell\u2019Ambizione 2030 per costruire un modello di esercito \u201ccompleto ed equilibrato\u201d, all\u2019altezza delle sfide strategiche.<br \/>\nI fondi stanziati garantiscono il potenziamento degli equipaggiamenti principali e permettono investimenti significativi in materia di reclutamento, innovazione e in settori strategici come il cyberspazio e lo spazio.<br \/>\nCofidur EMS vi offre la sua competenza nei nuovi ambiti della difesa: robotica, intelligenza artificiale e simulazione.<\/p>\n<\/div><a href=\"https:\/\/cofidur-ems.com\/it\/le-nostre-soluzioni\/militare-e-munizioni\/\" class=\"bouton primary\">Scopri di pi\u00f9<\/a>    <\/div>\n    <div class=\"txtImg_content_image bg-bleu\">\n        <img decoding=\"async\" src=\"https:\/\/cofidur-ems.com\/wp-content\/uploads\/2025\/04\/cofidur-solutions-defense.jpg\" alt=\"\" title=\"cofidur solutions defense\">    <\/div>\n<\/section>\n\n\n<div class=\"inner\">\n    <\/div>\n<section id=\"smart-city\" class=\"txtImg_container  no-circle  ModelB  no-bg cyan\">\n\n    <div class=\"txtImg_content_text\">\n        <h2 class=\"title-deco\">Smart city<\/h2><div class=\"text-container\"><p><strong>L\u2019elettronica impegnata per l\u2019IoT e l\u2019ecologia<\/strong><\/p>\n<p>Una citt\u00e0 intelligente \u00e8 una citt\u00e0 in cui l\u2019innovazione tecnologica \u00e8 al servizio dei suoi abitanti, ma anche dell\u2019ecologia. La mobilit\u00e0, l\u2019assistenza sanitaria, la sicurezza, la gestione dell\u2019acqua e dell\u2019energia, l\u2019impegno della comunit\u00e0, l\u2019edilizia e la gestione dei rifiuti: questi fondamenti di una citt\u00e0 moderna, potenziata dalla tecnologia, rappresentano il futuro delle nostre citt\u00e0. Il concetto di Smart City si \u00e8 sviluppato in Francia e nel mondo negli ultimi anni, nelle grandi metropoli e nelle aree urbane. Oggi la Smart City non \u00e8 pi\u00f9 solo un concetto, \u00e8 gi\u00e0 nata e la sua intelligenza continua a crescere. Siamo al vostro fianco per accompagnarvi nella realizzazione dei vostri progetti, rispondendo alle sfide ambientali, sociali ed economiche del nostro secolo.<\/p>\n<\/div><a href=\"https:\/\/cofidur-ems.com\/it\/le-nostre-soluzioni\/smart-city\/\" class=\"bouton primary\">Scopri di pi\u00f9<\/a>    <\/div>\n    <div class=\"txtImg_content_image bg-cyan\">\n        <img decoding=\"async\" src=\"https:\/\/cofidur-ems.com\/wp-content\/uploads\/2025\/04\/cofidur-solutions-smartcity.jpg\" alt=\"\" title=\"cofidur solutions smartcity\">    <\/div>\n<\/section>\n\n\n<div class=\"inner\">\n    <\/div>\n<section id=\"lightning\" class=\"txtImg_container  no-circle reverse_bloc ModelB  no-bg jaune\">\n\n    <div class=\"txtImg_content_text\">\n        <h2 class=\"title-deco\">Nos domaines d\u2019expertise<\/h2><div class=\"text-container\"><p><strong>L\u2019elettronica impegnata per l\u2019illuminazione<\/strong><\/p>\n<p>Il mercato delle LED sta vivendo un grande dinamismo da diversi anni, con una moltiplicazione delle innovazioni e delle nuove soluzioni.<br \/>\nIl campo di applicazione della tecnologia LED copre ormai una vasta gamma, dall\u2019illuminazione per privati all\u2019industria automobilistica, passando per la salute, la medicina, gli oggetti connessi, i televisori, gli smartphone\u2026<br \/>\nEntro il 2025, si prevede che il mercato globale dell\u2019illuminazione a LED raggiunga oltre 100 miliardi di dollari. Diverse ragioni giustificano la buona salute del settore, come l\u2019incremento continuo dell\u2019illuminazione intelligente e connessa. Siamo al vostro fianco per rispondere alle esigenze di un mercato in continua evoluzione.<\/p>\n<\/div><a href=\"https:\/\/cofidur-ems.com\/it\/le-nostre-soluzioni\/lighting\/\" class=\"bouton primary\">Scopri di pi\u00f9<\/a>    <\/div>\n    <div class=\"txtImg_content_image bg-jaune\">\n        <img decoding=\"async\" src=\"https:\/\/cofidur-ems.com\/wp-content\/uploads\/2025\/04\/cofidur-solution-lightning.jpg\" alt=\"\" title=\"cofidur solution lightning\">    <\/div>\n<\/section>\n","protected":false},"excerpt":{"rendered":"","protected":false},"author":2,"featured_media":0,"parent":0,"menu_order":0,"comment_status":"closed","ping_status":"closed","template":"","meta":{"_acf_changed":false,"footnotes":""},"class_list":["post-6556","page","type-page","status-publish","hentry"],"acf":[],"yoast_head":"<!-- This site is optimized with the Yoast SEO plugin v27.4 - https:\/\/yoast.com\/product\/yoast-seo-wordpress\/ -->\n<title>Le nostre soluzioni &#8212; Codifur EMS<\/title>\n<meta name=\"description\" content=\"Scopri le soluzioni di Cofidur EMS: supporto esperto per realizzare i tuoi progetti elettronici nei nostri ambiti di competenza.\" \/>\n<meta name=\"robots\" content=\"index, follow, max-snippet:-1, max-image-preview:large, max-video-preview:-1\" \/>\n<link rel=\"canonical\" href=\"https:\/\/cofidur-ems.com\/it\/le-nostre-soluzioni\/\" \/>\n<meta property=\"og:locale\" content=\"it_IT\" \/>\n<meta property=\"og:type\" content=\"article\" \/>\n<meta property=\"og:title\" content=\"Le nostre soluzioni &#8212; Codifur EMS\" \/>\n<meta property=\"og:description\" content=\"Scopri le soluzioni di Cofidur EMS: supporto esperto per realizzare i tuoi progetti elettronici nei nostri ambiti di competenza.\" \/>\n<meta property=\"og:url\" content=\"https:\/\/cofidur-ems.com\/it\/le-nostre-soluzioni\/\" \/>\n<meta property=\"og:site_name\" content=\"Codifur EMS\" \/>\n<meta property=\"article:modified_time\" content=\"2026-01-23T09:35:52+00:00\" \/>\n<meta name=\"twitter:card\" content=\"summary_large_image\" \/>\n<meta name=\"twitter:label1\" content=\"Tempo di lettura stimato\" \/>\n\t<meta name=\"twitter:data1\" content=\"6 minuti\" \/>\n<script type=\"application\/ld+json\" class=\"yoast-schema-graph\">{\"@context\":\"https:\\\/\\\/schema.org\",\"@graph\":[{\"@type\":\"WebPage\",\"@id\":\"https:\\\/\\\/cofidur-ems.com\\\/it\\\/le-nostre-soluzioni\\\/\",\"url\":\"https:\\\/\\\/cofidur-ems.com\\\/it\\\/le-nostre-soluzioni\\\/\",\"name\":\"Le nostre soluzioni &#8212; Codifur EMS\",\"isPartOf\":{\"@id\":\"https:\\\/\\\/cofidur-ems.com\\\/#website\"},\"datePublished\":\"2025-04-25T14:52:21+00:00\",\"dateModified\":\"2026-01-23T09:35:52+00:00\",\"description\":\"Scopri le soluzioni di Cofidur EMS: supporto esperto per realizzare i tuoi progetti elettronici nei nostri ambiti di competenza.\",\"breadcrumb\":{\"@id\":\"https:\\\/\\\/cofidur-ems.com\\\/it\\\/le-nostre-soluzioni\\\/#breadcrumb\"},\"inLanguage\":\"it-IT\",\"potentialAction\":[{\"@type\":\"ReadAction\",\"target\":[\"https:\\\/\\\/cofidur-ems.com\\\/it\\\/le-nostre-soluzioni\\\/\"]}]},{\"@type\":\"BreadcrumbList\",\"@id\":\"https:\\\/\\\/cofidur-ems.com\\\/it\\\/le-nostre-soluzioni\\\/#breadcrumb\",\"itemListElement\":[{\"@type\":\"ListItem\",\"position\":1,\"name\":\"Cofidur EMS\",\"item\":\"https:\\\/\\\/cofidur-ems.com\\\/it\\\/\"},{\"@type\":\"ListItem\",\"position\":2,\"name\":\"Le nostre soluzioni\"}]},{\"@type\":\"WebSite\",\"@id\":\"https:\\\/\\\/cofidur-ems.com\\\/#website\",\"url\":\"https:\\\/\\\/cofidur-ems.com\\\/\",\"name\":\"Cofidur EMS\",\"description\":\"Votre sous-traitant \u00e9lectronique Fran\u00e7ais\",\"publisher\":{\"@id\":\"https:\\\/\\\/cofidur-ems.com\\\/#organization\"},\"potentialAction\":[{\"@type\":\"SearchAction\",\"target\":{\"@type\":\"EntryPoint\",\"urlTemplate\":\"https:\\\/\\\/cofidur-ems.com\\\/?s={search_term_string}\"},\"query-input\":{\"@type\":\"PropertyValueSpecification\",\"valueRequired\":true,\"valueName\":\"search_term_string\"}}],\"inLanguage\":\"it-IT\"},{\"@type\":\"Organization\",\"@id\":\"https:\\\/\\\/cofidur-ems.com\\\/#organization\",\"name\":\"Cofidur EMS\",\"url\":\"https:\\\/\\\/cofidur-ems.com\\\/\",\"logo\":{\"@type\":\"ImageObject\",\"inLanguage\":\"it-IT\",\"@id\":\"https:\\\/\\\/cofidur-ems.com\\\/#\\\/schema\\\/logo\\\/image\\\/\",\"url\":\"https:\\\/\\\/cofidur-ems.com\\\/wp-content\\\/uploads\\\/2025\\\/04\\\/logo.svg\",\"contentUrl\":\"https:\\\/\\\/cofidur-ems.com\\\/wp-content\\\/uploads\\\/2025\\\/04\\\/logo.svg\",\"width\":310,\"height\":89,\"caption\":\"Cofidur EMS\"},\"image\":{\"@id\":\"https:\\\/\\\/cofidur-ems.com\\\/#\\\/schema\\\/logo\\\/image\\\/\"},\"sameAs\":[\"https:\\\/\\\/www.linkedin.com\\\/company\\\/cofidur-ems\"]}]}<\/script>\n<!-- \/ Yoast SEO plugin. -->","yoast_head_json":{"title":"Le nostre soluzioni &#8212; Codifur EMS","description":"Scopri le soluzioni di Cofidur EMS: supporto esperto per realizzare i tuoi progetti elettronici nei nostri ambiti di competenza.","robots":{"index":"index","follow":"follow","max-snippet":"max-snippet:-1","max-image-preview":"max-image-preview:large","max-video-preview":"max-video-preview:-1"},"canonical":"https:\/\/cofidur-ems.com\/it\/le-nostre-soluzioni\/","og_locale":"it_IT","og_type":"article","og_title":"Le nostre soluzioni &#8212; Codifur EMS","og_description":"Scopri le soluzioni di Cofidur EMS: supporto esperto per realizzare i tuoi progetti elettronici nei nostri ambiti di competenza.","og_url":"https:\/\/cofidur-ems.com\/it\/le-nostre-soluzioni\/","og_site_name":"Codifur EMS","article_modified_time":"2026-01-23T09:35:52+00:00","twitter_card":"summary_large_image","twitter_misc":{"Tempo di lettura stimato":"6 minuti"},"schema":{"@context":"https:\/\/schema.org","@graph":[{"@type":"WebPage","@id":"https:\/\/cofidur-ems.com\/it\/le-nostre-soluzioni\/","url":"https:\/\/cofidur-ems.com\/it\/le-nostre-soluzioni\/","name":"Le nostre soluzioni &#8212; Codifur EMS","isPartOf":{"@id":"https:\/\/cofidur-ems.com\/#website"},"datePublished":"2025-04-25T14:52:21+00:00","dateModified":"2026-01-23T09:35:52+00:00","description":"Scopri le soluzioni di Cofidur EMS: supporto esperto per realizzare i tuoi progetti elettronici nei nostri ambiti di competenza.","breadcrumb":{"@id":"https:\/\/cofidur-ems.com\/it\/le-nostre-soluzioni\/#breadcrumb"},"inLanguage":"it-IT","potentialAction":[{"@type":"ReadAction","target":["https:\/\/cofidur-ems.com\/it\/le-nostre-soluzioni\/"]}]},{"@type":"BreadcrumbList","@id":"https:\/\/cofidur-ems.com\/it\/le-nostre-soluzioni\/#breadcrumb","itemListElement":[{"@type":"ListItem","position":1,"name":"Cofidur EMS","item":"https:\/\/cofidur-ems.com\/it\/"},{"@type":"ListItem","position":2,"name":"Le nostre soluzioni"}]},{"@type":"WebSite","@id":"https:\/\/cofidur-ems.com\/#website","url":"https:\/\/cofidur-ems.com\/","name":"Cofidur EMS","description":"Votre sous-traitant \u00e9lectronique Fran\u00e7ais","publisher":{"@id":"https:\/\/cofidur-ems.com\/#organization"},"potentialAction":[{"@type":"SearchAction","target":{"@type":"EntryPoint","urlTemplate":"https:\/\/cofidur-ems.com\/?s={search_term_string}"},"query-input":{"@type":"PropertyValueSpecification","valueRequired":true,"valueName":"search_term_string"}}],"inLanguage":"it-IT"},{"@type":"Organization","@id":"https:\/\/cofidur-ems.com\/#organization","name":"Cofidur EMS","url":"https:\/\/cofidur-ems.com\/","logo":{"@type":"ImageObject","inLanguage":"it-IT","@id":"https:\/\/cofidur-ems.com\/#\/schema\/logo\/image\/","url":"https:\/\/cofidur-ems.com\/wp-content\/uploads\/2025\/04\/logo.svg","contentUrl":"https:\/\/cofidur-ems.com\/wp-content\/uploads\/2025\/04\/logo.svg","width":310,"height":89,"caption":"Cofidur EMS"},"image":{"@id":"https:\/\/cofidur-ems.com\/#\/schema\/logo\/image\/"},"sameAs":["https:\/\/www.linkedin.com\/company\/cofidur-ems"]}]}},"_links":{"self":[{"href":"https:\/\/cofidur-ems.com\/it\/wp-json\/wp\/v2\/pages\/6556","targetHints":{"allow":["GET"]}}],"collection":[{"href":"https:\/\/cofidur-ems.com\/it\/wp-json\/wp\/v2\/pages"}],"about":[{"href":"https:\/\/cofidur-ems.com\/it\/wp-json\/wp\/v2\/types\/page"}],"author":[{"embeddable":true,"href":"https:\/\/cofidur-ems.com\/it\/wp-json\/wp\/v2\/users\/2"}],"replies":[{"embeddable":true,"href":"https:\/\/cofidur-ems.com\/it\/wp-json\/wp\/v2\/comments?post=6556"}],"version-history":[{"count":5,"href":"https:\/\/cofidur-ems.com\/it\/wp-json\/wp\/v2\/pages\/6556\/revisions"}],"predecessor-version":[{"id":7729,"href":"https:\/\/cofidur-ems.com\/it\/wp-json\/wp\/v2\/pages\/6556\/revisions\/7729"}],"wp:attachment":[{"href":"https:\/\/cofidur-ems.com\/it\/wp-json\/wp\/v2\/media?parent=6556"}],"curies":[{"name":"wp","href":"https:\/\/api.w.org\/{rel}","templated":true}]}}