{"id":6508,"date":"2025-04-28T13:54:17","date_gmt":"2025-04-28T11:54:17","guid":{"rendered":"https:\/\/cofidur-ems.com\/notre-expertise\/"},"modified":"2025-12-09T11:07:32","modified_gmt":"2025-12-09T10:07:32","slug":"la-nostra-esperienza","status":"publish","type":"page","link":"https:\/\/cofidur-ems.com\/it\/la-nostra-esperienza\/","title":{"rendered":"LA NOSTRA ESPERIENZA"},"content":{"rendered":"<section class=\"banner_page section\"><div class=\"inner\"><div class=\"banner_page_container  \"><h2 class=\"title-deco\">LA NOSTRA ESPERIENZA<\/h2><p class=\"\">Cofidur EMS, il vostro partner ideale, vi accompagna in tutte le fasi della vita dei vostri prodotti. E ci\u00f2, implementando una gestione del progetto completa. Vi offriamo una serie di offerte coerenti e adattate a ogni fase dei vostri progetti.<\/p><\/div><\/div><\/section>\n\n<div class=\"inner\">\n    <h2 class=\"title-deco title-violet\">La nostra competenza<\/h2><\/div>\n<section id=\"gestion-projet\" class=\"txtImg_container  reverse_bloc ModelB  no-bg bleu\">\n\n    <div class=\"txtImg_content_text\">\n        <h2 class=\"title-deco\">Project Management<\/h2><div class=\"text-container\"><p>Al centro del nostro controllo e della nostra gestione, abbiamo sviluppato un&#8217;organizzazione progettuale che copre le attivit\u00e0 dalla fase iniziale fino alla fase finale e di fine vita dei prodotti. Vi proponiamo un&#8217;organizzazione basata sulla responsabilizzazione dell&#8217;incarico, una metodologia precisa e adattata alle sfide dei nostri clienti, con uno scambio e un reporting regolare (processo NPI, &#8230;)<\/p>\n<p><span style=\"color: #3d559a;\"><strong>01 &#8211; MONITORAGGIO DEL PROGETTO<\/strong><\/span><br \/>\nImplementazione di uno strumento specifico, analisi dei rischi, monitoraggio settimanale delle azioni.<\/p>\n<p><span style=\"color: #46c1db;\"><strong>02 &#8211; INVESTIMENTO<\/strong><\/span><br \/>\nImplementazione di un piano di investimento specifico incluso nel monitoraggio del progetto.<\/p>\n<p><span style=\"color: #a7bb38;\"><strong>03 &#8211; QUALIFICAZIONE MEZZI<\/strong><\/span><br \/>\nPiano di qualificazione dei processi e dei processi-prodotto.<\/p>\n<p><span style=\"color: #ffb237;\"><strong>04 &#8211; QUALIFICAZIONE RISORSE<\/strong><\/span><br \/>\nDefinizione dello schema di introduzione e validazione delle risorse dirette.<\/p>\n<\/div>    <\/div>\n    <div class=\"txtImg_content_image bg-bleu\">\n        <img decoding=\"async\" src=\"https:\/\/cofidur-ems.com\/wp-content\/uploads\/2025\/12\/cofidur-gestion-projet-it.jpg\" alt=\"\" title=\"cofidur-gestion-projet-it\">    <\/div>\n<\/section>\n\n\n<div class=\"inner\">\n    <\/div>\n<section id=\"\" class=\"txtImg_container  no-circle  ModelB  no-bg jaune\">\n\n    <div class=\"txtImg_content_text\">\n        <h2 class=\"title-deco\">Prototipi e Industrializzazione<\/h2><div class=\"text-container\"><p>Cofidur EMS vi accompagna fin dalla fase iniziale, nella progettazione, nello sviluppo e nell&#8217;industrializzazione dei vostri prodotti.<\/p>\n<p>Vi offriamo consulenze sulla fattibilit\u00e0 tecnica ed ambientale, raccomandazioni e informazioni sulle normative edilizie per limitare i rischi nel processo. Vi offriamo anche assistenza durante le fasi di posizionamento\/indirizzamento o nella gestione dell&#8217;indirizzamento delle schede stampate.<\/p>\n<p>Mettiamo a vostra disposizione la nostra competenza per l&#8217;industrializzazione dei vostri prodotti (schede elettroniche, cavi, insiemi).<\/p>\n<p>Dalla progettazione del layout PCB alla realizzazione dei prototipi, le nostre squadre si avvalgono di metodi e strumenti che consentono di controllare la qualit\u00e0 e i tempi di sviluppo dei vostri prodotti e, a lungo termine, il loro costo di produzione in serie.<\/p>\n<\/div>    <\/div>\n    <div class=\"txtImg_content_image bg-jaune\">\n        <img decoding=\"async\" src=\"https:\/\/cofidur-ems.com\/wp-content\/uploads\/2025\/04\/cofidur-prototypages.jpg\" alt=\"\" title=\"cofidur prototypages\">    <\/div>\n<\/section>\n\n\n<div class=\"inner\">\n    <\/div>\n<section id=\"\" class=\"txtImg_container  no-circle reverse_bloc ModelB  no-bg gris\">\n\n    <div class=\"txtImg_content_text\">\n        <h2 class=\"title-deco\">Acquisti<\/h2><div class=\"text-container\"><p>Il nostro servizio acquisti \u00e8 organizzato in modalit\u00e0 agile al fine di poter contemporaneamente supportare lo sviluppo dei nostri clienti (con responsabilit\u00e0 specifiche per ogni affare) e mettere a disposizione specialisti per ogni area di acquisto (PEMCO, Semiconduttori, Meccanica, PCB&#8230;) per affrontare le problematiche specifiche e le negoziazioni dettagliate dalla fase di prospettiva alla fase di produzione delle diverse attivit\u00e0.<\/p>\n<p>Diversi assi strategici sono identificati nella gestione degli acquisti al fine di supportare le nostre squadre della catena di approvvigionamento e i nostri clienti:<\/p>\n<p><strong>01<\/strong><br \/>\n<strong>La gestione del rischio e dei portafogli<\/strong><\/p>\n<p>Si tratta di prevedere e affrontare il pi\u00f9 possibile i rischi e le debolezze nell&#8217;approvvigionamento di componenti e forniture di parti su disegno nei mercati di acquisto, al fine di proporre e implementare le azioni appropriate:<br \/>\n&#8211; Sicurezza dei componenti e dei fornitori critici (per gli affari in corso e futuri)<br \/>\n&#8211; Proposta di soluzioni alternative e gestione dell&#8217;obsolescenza (PCN, EOL, Management, &#8230;)<br \/>\n&#8211; Strategia di portafoglio EMEA\/Asia (analisi comparativa, monitoraggio e roadmap tecnologica, doppia fornitura, decisione tra fabbricazione interna o acquisto, sicurezza, &#8230;)<br \/>\n&#8211; Comunicazione e previsioni delle tensioni di mercato in base alla nostra visibilit\u00e0 (barometro degli acquisti, &#8230;)<\/p>\n<p><strong>02<\/strong><br \/>\n<strong>La negoziazione e la gestione delle condizioni di acquisto<\/strong><\/p>\n<p>Attraverso le negoziazioni annuali o per singola transazione, le nostre squadre consolidano i requisiti al fine di gestire le condizioni di acquisto (qualit\u00e0, costo e tempistiche) e assicurare il rispetto degli impegni da parte dei nostri fornitori e partner.<br \/>\nIl controllo delle performance e degli impegni sono punti chiave nella gestione dei nostri fornitori. Utilizzando strumenti di scambio e controllo dei KPI, discutiamo regolarmente sui risultati, sulle difficolt\u00e0 e sulle azioni di miglioramento da intraprendere (8D, PDCA, audit, revisione delle performance, &#8230;).<\/p>\n<p><strong>03<\/strong><br \/>\n<strong>La qualificazione e la valutazione dei fornitori<\/strong><\/p>\n<p>Un processo completo mirato a selezionare, valutare e qualificare i fornitori \u00e8 in atto per consentire una validazione della padronanza delle competenze e dei mezzi di controllo, della solidit\u00e0 finanziaria, &#8230; Ogni anno, i fornitori vengono valutati e posizionati (classifica) in base a criteri di performance e servizio al fine di favorire il miglioramento continuo e adattare la nostra strategia di acquisto.<\/p>\n<\/div>    <\/div>\n    <div class=\"txtImg_content_image bg-gris\">\n        <img decoding=\"async\" src=\"https:\/\/cofidur-ems.com\/wp-content\/uploads\/2025\/04\/cofidur-achats.jpg\" alt=\"\" title=\"cofidur achats\">    <\/div>\n<\/section>\n\n\n<div class=\"inner\">\n    <\/div>\n<section id=\"\" class=\"txtImg_container  no-circle  ModelB  no-bg vert\">\n\n    <div class=\"txtImg_content_text\">\n        <h2 class=\"title-deco\">Catena di Approvvigionamento<\/h2><div class=\"text-container\"><p>Strutturata per attivit\u00e0, la nostra Supply Chain \u00e8 pensata in funzione del cliente per poterlo supportare nel modo pi\u00f9 specifico ed efficiente possibile. \u00c8 dinamica, flessibile, reattiva e focalizzata sul rispetto dei nostri impegni. Guida l\u2019intera catena logistica: evasione degli ordini, pianificazione e sequenziamento, approvvigionamenti da oltre 200 fornitori, gestione e ottimizzazione dello stock, nonch\u00e9 consegne dei nostri prodotti e servizi in Europa e extra-UE.<\/p>\n<p>Per questo, disponiamo di un sistema informativo riconosciuto, affidabile e adatto (SAP), di una metodologia collaudata e di un modo di comunicare i dati che garantisce la sicurezza degli scambi. La nostra organizzazione consente una gestione molto ravvicinata delle richieste dei nostri clienti, in modo collaborativo.<\/p>\n<\/div>    <\/div>\n    <div class=\"txtImg_content_image bg-vert\">\n        <img decoding=\"async\" src=\"https:\/\/cofidur-ems.com\/wp-content\/uploads\/2025\/04\/cofidur-supply.jpg\" alt=\"\" title=\"cofidur supply\">    <\/div>\n<\/section>\n\n\n<div class=\"inner\">\n    <\/div>\n<section id=\"\" class=\"txtImg_container  no-circle reverse_bloc ModelB  no-bg gris\">\n\n    <div class=\"txtImg_content_text\">\n        <h2 class=\"title-deco\">Produzione<\/h2><div class=\"text-container\"><p>Sempre pi\u00f9 performante, il nostro strumento industriale \u00e8 omogeneo e complementare.<\/p>\n<p>Siamo il partner Made in France per tutti i nostri clienti e ci\u00f2 in numerosi settori che richiedono precisione, adattabilit\u00e0 e performance. La nostra produzione \u00e8 gestita attraverso rituali di performance operativa. L&#8217;eccellenza operativa fa parte della nostra quotidianit\u00e0 con un programma strutturato Lean derivato dalle migliori pratiche industriali. Il management visivo consente di condividere e migliorare continuamente le nostre performance, gestito dal trio Controllo, Metodi e Qualit\u00e0.<\/p>\n<\/div>    <\/div>\n    <div class=\"txtImg_content_image bg-gris\">\n        <img decoding=\"async\" src=\"https:\/\/cofidur-ems.com\/wp-content\/uploads\/2025\/04\/cofidur-production.jpg\" alt=\"\" title=\"cofidur production\">    <\/div>\n<\/section>\n\n\n<div class=\"inner\">\n    <\/div>\n<section id=\"\" class=\"txtImg_container  no-circle  ModelB  no-bg bleu\">\n\n    <div class=\"txtImg_content_text\">\n        <h2 class=\"title-deco\">MCO \/ SAV<\/h2><div class=\"text-container\"><p><strong>La gestione del ciclo di vita dei prodotti (MCO) per i prodotti a cicli di vita lunghi (Industriale e Professionale)<\/strong><\/p>\n<p>&#8211; Da oltre 20 anni, il nostro dispositivo di mantenimento in condizioni operative ha lo scopo di attuare tutte le azioni necessarie per garantire la continuit\u00e0 dei prodotti e dei servizi nel tempo, in base al loro ciclo di vita. I processi di riparazione, rinnovamento e riutilizzo sono ottimizzati per garantire il miglior compromesso tra costo e longevit\u00e0 dei prodotti<\/p>\n<p><strong>Il servizio di assistenza post-vendita (SAV) per i prodotti a ciclo di vita breve (Telecomunicazioni e Dati)<\/strong><br \/>\nRinnoviamo prodotti in flusso con tempi rapidi e garantiamo la continuit\u00e0 dello stock disponibile (Industrializzazione dei processi, Test &#038; Diagnostica, Refurbishing, Retrofit &#038; Riparazione, Riutilizzo &#038; Riciclo).<\/p>\n<\/div>    <\/div>\n    <div class=\"txtImg_content_image bg-bleu\">\n        <img decoding=\"async\" src=\"https:\/\/cofidur-ems.com\/wp-content\/uploads\/2025\/04\/cofidur-sav.jpg\" alt=\"\" title=\"cofidur sav\">    <\/div>\n<\/section>\n\n\n\n\n\n\n\n\n\n\n\n\n","protected":false},"excerpt":{"rendered":"","protected":false},"author":2,"featured_media":0,"parent":0,"menu_order":0,"comment_status":"closed","ping_status":"closed","template":"","meta":{"_acf_changed":false,"footnotes":""},"class_list":["post-6508","page","type-page","status-publish","hentry"],"acf":[],"yoast_head":"<!-- This site is optimized with the Yoast SEO plugin v27.4 - https:\/\/yoast.com\/product\/yoast-seo-wordpress\/ -->\n<title>LA NOSTRA ESPERIENZA &#8212; Codifur EMS<\/title>\n<meta name=\"description\" content=\"Cofidur EMS, il vostro partner ideale, vi supporta in ogni fase del prodotto con gestione completa e soluzioni su misura.\" \/>\n<meta name=\"robots\" content=\"index, follow, max-snippet:-1, max-image-preview:large, max-video-preview:-1\" \/>\n<link rel=\"canonical\" href=\"https:\/\/cofidur-ems.com\/it\/la-nostra-esperienza\/\" \/>\n<meta property=\"og:locale\" content=\"it_IT\" \/>\n<meta property=\"og:type\" content=\"article\" \/>\n<meta property=\"og:title\" content=\"LA NOSTRA ESPERIENZA &#8212; Codifur EMS\" \/>\n<meta property=\"og:description\" content=\"Cofidur EMS, il vostro partner ideale, vi supporta in ogni fase del prodotto con gestione completa e soluzioni su misura.\" \/>\n<meta property=\"og:url\" content=\"https:\/\/cofidur-ems.com\/it\/la-nostra-esperienza\/\" \/>\n<meta property=\"og:site_name\" content=\"Codifur EMS\" \/>\n<meta property=\"article:modified_time\" content=\"2025-12-09T10:07:32+00:00\" \/>\n<meta name=\"twitter:card\" content=\"summary_large_image\" \/>\n<meta name=\"twitter:label1\" content=\"Tempo di lettura stimato\" \/>\n\t<meta name=\"twitter:data1\" content=\"6 minuti\" \/>\n<script type=\"application\/ld+json\" class=\"yoast-schema-graph\">{\"@context\":\"https:\\\/\\\/schema.org\",\"@graph\":[{\"@type\":\"WebPage\",\"@id\":\"https:\\\/\\\/cofidur-ems.com\\\/it\\\/la-nostra-esperienza\\\/\",\"url\":\"https:\\\/\\\/cofidur-ems.com\\\/it\\\/la-nostra-esperienza\\\/\",\"name\":\"LA NOSTRA ESPERIENZA &#8212; Codifur EMS\",\"isPartOf\":{\"@id\":\"https:\\\/\\\/cofidur-ems.com\\\/#website\"},\"datePublished\":\"2025-04-28T11:54:17+00:00\",\"dateModified\":\"2025-12-09T10:07:32+00:00\",\"description\":\"Cofidur EMS, il vostro partner ideale, vi supporta in ogni fase del prodotto con gestione completa e soluzioni su misura.\",\"breadcrumb\":{\"@id\":\"https:\\\/\\\/cofidur-ems.com\\\/it\\\/la-nostra-esperienza\\\/#breadcrumb\"},\"inLanguage\":\"it-IT\",\"potentialAction\":[{\"@type\":\"ReadAction\",\"target\":[\"https:\\\/\\\/cofidur-ems.com\\\/it\\\/la-nostra-esperienza\\\/\"]}]},{\"@type\":\"BreadcrumbList\",\"@id\":\"https:\\\/\\\/cofidur-ems.com\\\/it\\\/la-nostra-esperienza\\\/#breadcrumb\",\"itemListElement\":[{\"@type\":\"ListItem\",\"position\":1,\"name\":\"Cofidur EMS\",\"item\":\"https:\\\/\\\/cofidur-ems.com\\\/it\\\/\"},{\"@type\":\"ListItem\",\"position\":2,\"name\":\"LA NOSTRA ESPERIENZA\"}]},{\"@type\":\"WebSite\",\"@id\":\"https:\\\/\\\/cofidur-ems.com\\\/#website\",\"url\":\"https:\\\/\\\/cofidur-ems.com\\\/\",\"name\":\"Cofidur EMS\",\"description\":\"Votre sous-traitant \u00e9lectronique Fran\u00e7ais\",\"publisher\":{\"@id\":\"https:\\\/\\\/cofidur-ems.com\\\/#organization\"},\"potentialAction\":[{\"@type\":\"SearchAction\",\"target\":{\"@type\":\"EntryPoint\",\"urlTemplate\":\"https:\\\/\\\/cofidur-ems.com\\\/?s={search_term_string}\"},\"query-input\":{\"@type\":\"PropertyValueSpecification\",\"valueRequired\":true,\"valueName\":\"search_term_string\"}}],\"inLanguage\":\"it-IT\"},{\"@type\":\"Organization\",\"@id\":\"https:\\\/\\\/cofidur-ems.com\\\/#organization\",\"name\":\"Cofidur EMS\",\"url\":\"https:\\\/\\\/cofidur-ems.com\\\/\",\"logo\":{\"@type\":\"ImageObject\",\"inLanguage\":\"it-IT\",\"@id\":\"https:\\\/\\\/cofidur-ems.com\\\/#\\\/schema\\\/logo\\\/image\\\/\",\"url\":\"https:\\\/\\\/cofidur-ems.com\\\/wp-content\\\/uploads\\\/2025\\\/04\\\/logo.svg\",\"contentUrl\":\"https:\\\/\\\/cofidur-ems.com\\\/wp-content\\\/uploads\\\/2025\\\/04\\\/logo.svg\",\"width\":310,\"height\":89,\"caption\":\"Cofidur EMS\"},\"image\":{\"@id\":\"https:\\\/\\\/cofidur-ems.com\\\/#\\\/schema\\\/logo\\\/image\\\/\"},\"sameAs\":[\"https:\\\/\\\/www.linkedin.com\\\/company\\\/cofidur-ems\"]}]}<\/script>\n<!-- \/ Yoast SEO plugin. -->","yoast_head_json":{"title":"LA NOSTRA ESPERIENZA &#8212; Codifur EMS","description":"Cofidur EMS, il vostro partner ideale, vi supporta in ogni fase del prodotto con gestione completa e soluzioni su misura.","robots":{"index":"index","follow":"follow","max-snippet":"max-snippet:-1","max-image-preview":"max-image-preview:large","max-video-preview":"max-video-preview:-1"},"canonical":"https:\/\/cofidur-ems.com\/it\/la-nostra-esperienza\/","og_locale":"it_IT","og_type":"article","og_title":"LA NOSTRA ESPERIENZA &#8212; Codifur EMS","og_description":"Cofidur EMS, il vostro partner ideale, vi supporta in ogni fase del prodotto con gestione completa e soluzioni su misura.","og_url":"https:\/\/cofidur-ems.com\/it\/la-nostra-esperienza\/","og_site_name":"Codifur EMS","article_modified_time":"2025-12-09T10:07:32+00:00","twitter_card":"summary_large_image","twitter_misc":{"Tempo di lettura stimato":"6 minuti"},"schema":{"@context":"https:\/\/schema.org","@graph":[{"@type":"WebPage","@id":"https:\/\/cofidur-ems.com\/it\/la-nostra-esperienza\/","url":"https:\/\/cofidur-ems.com\/it\/la-nostra-esperienza\/","name":"LA NOSTRA ESPERIENZA &#8212; Codifur EMS","isPartOf":{"@id":"https:\/\/cofidur-ems.com\/#website"},"datePublished":"2025-04-28T11:54:17+00:00","dateModified":"2025-12-09T10:07:32+00:00","description":"Cofidur EMS, il vostro partner ideale, vi supporta in ogni fase del prodotto con gestione completa e soluzioni su misura.","breadcrumb":{"@id":"https:\/\/cofidur-ems.com\/it\/la-nostra-esperienza\/#breadcrumb"},"inLanguage":"it-IT","potentialAction":[{"@type":"ReadAction","target":["https:\/\/cofidur-ems.com\/it\/la-nostra-esperienza\/"]}]},{"@type":"BreadcrumbList","@id":"https:\/\/cofidur-ems.com\/it\/la-nostra-esperienza\/#breadcrumb","itemListElement":[{"@type":"ListItem","position":1,"name":"Cofidur EMS","item":"https:\/\/cofidur-ems.com\/it\/"},{"@type":"ListItem","position":2,"name":"LA NOSTRA ESPERIENZA"}]},{"@type":"WebSite","@id":"https:\/\/cofidur-ems.com\/#website","url":"https:\/\/cofidur-ems.com\/","name":"Cofidur EMS","description":"Votre sous-traitant \u00e9lectronique Fran\u00e7ais","publisher":{"@id":"https:\/\/cofidur-ems.com\/#organization"},"potentialAction":[{"@type":"SearchAction","target":{"@type":"EntryPoint","urlTemplate":"https:\/\/cofidur-ems.com\/?s={search_term_string}"},"query-input":{"@type":"PropertyValueSpecification","valueRequired":true,"valueName":"search_term_string"}}],"inLanguage":"it-IT"},{"@type":"Organization","@id":"https:\/\/cofidur-ems.com\/#organization","name":"Cofidur EMS","url":"https:\/\/cofidur-ems.com\/","logo":{"@type":"ImageObject","inLanguage":"it-IT","@id":"https:\/\/cofidur-ems.com\/#\/schema\/logo\/image\/","url":"https:\/\/cofidur-ems.com\/wp-content\/uploads\/2025\/04\/logo.svg","contentUrl":"https:\/\/cofidur-ems.com\/wp-content\/uploads\/2025\/04\/logo.svg","width":310,"height":89,"caption":"Cofidur EMS"},"image":{"@id":"https:\/\/cofidur-ems.com\/#\/schema\/logo\/image\/"},"sameAs":["https:\/\/www.linkedin.com\/company\/cofidur-ems"]}]}},"_links":{"self":[{"href":"https:\/\/cofidur-ems.com\/it\/wp-json\/wp\/v2\/pages\/6508","targetHints":{"allow":["GET"]}}],"collection":[{"href":"https:\/\/cofidur-ems.com\/it\/wp-json\/wp\/v2\/pages"}],"about":[{"href":"https:\/\/cofidur-ems.com\/it\/wp-json\/wp\/v2\/types\/page"}],"author":[{"embeddable":true,"href":"https:\/\/cofidur-ems.com\/it\/wp-json\/wp\/v2\/users\/2"}],"replies":[{"embeddable":true,"href":"https:\/\/cofidur-ems.com\/it\/wp-json\/wp\/v2\/comments?post=6508"}],"version-history":[{"count":3,"href":"https:\/\/cofidur-ems.com\/it\/wp-json\/wp\/v2\/pages\/6508\/revisions"}],"predecessor-version":[{"id":7647,"href":"https:\/\/cofidur-ems.com\/it\/wp-json\/wp\/v2\/pages\/6508\/revisions\/7647"}],"wp:attachment":[{"href":"https:\/\/cofidur-ems.com\/it\/wp-json\/wp\/v2\/media?parent=6508"}],"curies":[{"name":"wp","href":"https:\/\/api.w.org\/{rel}","templated":true}]}}