{"id":7704,"date":"2025-07-25T08:39:17","date_gmt":"2025-07-25T06:39:17","guid":{"rendered":"https:\/\/cofidur-ems.com\/nuestro-enfoque-de-rse\/"},"modified":"2026-01-21T15:22:28","modified_gmt":"2026-01-21T14:22:28","slug":"nuestro-enfoque-de-rse","status":"publish","type":"page","link":"https:\/\/cofidur-ems.com\/es\/nuestro-enfoque-de-rse\/","title":{"rendered":"NUESTRO ENFOQUE DE RSE"},"content":{"rendered":"<section class=\"banner_page section\"><div class=\"inner\"><div class=\"banner_page_container  \"><h2 class=\"title-deco\">NUESTRO ENFOQUE DE RSE<\/h2><p class=\"\">En Cofidur EMS somos plenamente conscientes de los retos ambientales, sociales y societales de nuestro tiempo. Sabemos que nuestro papel como actor industrial va mucho m\u00e1s all\u00e1 de la producci\u00f3n: tambi\u00e9n implica contribuir, a nuestra escala, a una econom\u00eda m\u00e1s responsable.<br \/>\r\n<br \/>\r\nNuestro enfoque de RSE es comprometido, pero tambi\u00e9n l\u00facido: apostamos por la transparencia, la mejora continua y la sinceridad en nuestros compromisos.<\/p><\/div><\/div><\/section>\n<section class=\"block block-ambitions  pb-15 pt-20\" style=\"background-image: url('https:\/\/cofidur-ems.com\/wp-content\/uploads\/2025\/06\/Design-sans-titre-49-e1752737751944.png');\">\n    <div class=\"overlay\"><\/div>\n    <div class=\"container-fluid inner\">\n        <div class=\"row\">\n            <div class=\"col-12\">\n                <span class=\"text-introduction pt-2 pb-4\">\n                                    <\/span>\n            <\/div>\n            <div class=\"col-12\">\n                <h2 class=\"pb-5\"><\/h2>\n                <blockquote>\n<h4 style=\"text-align: center;\"><span class=\"uppercase\"><em>\u00abNo se trata de presentar un balance perfecto, sino de compartir con total transparencia nuestras acciones, nuestros compromisos y los progresos que todav\u00eda debemos lograr\u00bb.<\/em><\/span><\/h4>\n<\/blockquote>\n            <\/div>\n        <\/div>\n        <div class=\"row ambitions pt-4 pb-4\">\n                    <\/div>\n<\/section>\n<div style=\"height:75px\" aria-hidden=\"true\" class=\"wp-block-spacer\"><\/div>\n\n<section class=\"block block-usp container-fluid\">\n    <div class=\"inner row\">\n            <div class=\"col-12\">\n                <h2 class=\"title-deco title-violet h2 pb-5\">\n                    CALIFICACI\u00d3N ECOVADIS &#8211; Junio 2025                <\/h2>\n            <\/div>\n        <div class=\"col-12 plr-0\">\n            <div class=\"usps d-flex flex-row pb-5 pt-5 row\">\n                                                <div class='usp-item col-lg-2 col-6'>\n                    <div class=\"image\">\n                        <img decoding=\"async\" src=\"https:\/\/cofidur-ems.com\/wp-content\/uploads\/2025\/07\/Design-sans-titre-60.png\" alt=\"\"\n                            title=\"Design sans titre (60)\">\n                    <\/div>\n                                        <div class=\"number bold\">\n                        <span class=\"text-uppercase\">67\/100<\/span>\n                    <\/div>\n                                        <div class=\"text text-introduction font-sm\">\n                        PUNTUACI\u00d3N GLOBAL                    <\/div>\n                <\/div>\n                                <div class='usp-item col-lg-2 col-6'>\n                    <div class=\"image\">\n                        <img decoding=\"async\" src=\"https:\/\/cofidur-ems.com\/wp-content\/uploads\/2025\/07\/Design-sans-titre-59.png\" alt=\"\"\n                            title=\"Design sans titre (59)\">\n                    <\/div>\n                                        <div class=\"number bold\">\n                        <span class=\"text-uppercase\">80.\u00ba <\/span>\n                    <\/div>\n                                        <div class=\"text text-introduction font-sm\">\n                        PERCENTIL*                    <\/div>\n                <\/div>\n                                <div class='usp-item col-lg-2 col-6'>\n                    <div class=\"image\">\n                        <img decoding=\"async\" src=\"https:\/\/cofidur-ems.com\/wp-content\/uploads\/2025\/07\/Design-sans-titre-55.png\" alt=\"\"\n                            title=\"Design sans titre (55)\">\n                    <\/div>\n                                        <div class=\"number bold\">\n                        <span class=\"text-uppercase\">64\/100<\/span>\n                    <\/div>\n                                        <div class=\"text text-introduction font-sm\">\n                        MEDIO AMBIENTE                    <\/div>\n                <\/div>\n                                <div class='usp-item col-lg-2 col-6'>\n                    <div class=\"image\">\n                        <img decoding=\"async\" src=\"https:\/\/cofidur-ems.com\/wp-content\/uploads\/2025\/07\/Design-sans-titre-56.png\" alt=\"\"\n                            title=\"Design sans titre (56)\">\n                    <\/div>\n                                        <div class=\"number bold\">\n                        <span class=\"text-uppercase\">65\/100<\/span>\n                    <\/div>\n                                        <div class=\"text text-introduction font-sm\">\n                        SOCIAL Y DERECHOS HUMANOS                    <\/div>\n                <\/div>\n                                <div class='usp-item col-lg-2 col-6'>\n                    <div class=\"image\">\n                        <img decoding=\"async\" src=\"https:\/\/cofidur-ems.com\/wp-content\/uploads\/2025\/07\/Design-sans-titre-57.png\" alt=\"\"\n                            title=\"Design sans titre (57)\">\n                    <\/div>\n                                        <div class=\"number bold\">\n                        <span class=\"text-uppercase\">71\/100<\/span>\n                    <\/div>\n                                        <div class=\"text text-introduction font-sm\">\n                        \u00c9TICA                    <\/div>\n                <\/div>\n                                <div class='usp-item col-lg-2 col-6'>\n                    <div class=\"image\">\n                        <img decoding=\"async\" src=\"https:\/\/cofidur-ems.com\/wp-content\/uploads\/2025\/07\/Design-sans-titre-58.png\" alt=\"\"\n                            title=\"Design sans titre (58)\">\n                    <\/div>\n                                        <div class=\"number bold\">\n                        <span class=\"text-uppercase\">76\/100<\/span>\n                    <\/div>\n                                        <div class=\"text text-introduction font-sm\">\n                        COMPRAS RESPONSABLES                    <\/div>\n                <\/div>\n                                            <\/div>\n        <\/div>\n        <div class=\"col-lg-6 col-md-6 col-sm-12 plr-0\">\n                    <\/div>\n    <\/div>\n<\/section>\n<pre class=\"wp-block-preformatted has-small-font-size\" style=\"border-style:none;border-width:0px;margin-right:var(--wp--preset--spacing--30);margin-left:var(--wp--preset--spacing--30);padding-right:var(--wp--preset--spacing--70);padding-left:var(--wp--preset--spacing--70)\">*Estar clasificados en el percentil 80 de EcoVadis significa que nuestro desempe\u00f1o en RSE es igual o superior al del 80 % de las empresas evaluadas en nuestro sector.<\/pre>\n\n<div style=\"height:150px\" aria-hidden=\"true\" class=\"wp-block-spacer\"><\/div>\n\n<div class=\"wp-block-columns is-layout-flex wp-container-core-columns-is-layout-28f84493 wp-block-columns-is-layout-flex\">\n<div class=\"wp-block-column is-layout-flow wp-block-column-is-layout-flow\"><section class=\"banner_page section\"><div class=\"inner\"><div class=\"banner_page_container  \"><h2 class=\"title-deco\">NUESTRO INFORME DE RSE 2024<\/h2><p class=\"\">En 2024, Cofidur EMS continu\u00f3 desarrollando su enfoque de RSE en torno a varios ejes estructurales: condiciones de trabajo, compras responsables, experiencia del cliente, \u00e9tica empresarial, implicaci\u00f3n territorial y pol\u00edtica ambiental. <br \/>\r\n<br \/>\r\nEste a\u00f1o ha permitido reforzar algunas pr\u00e1cticas, poner en marcha nuevas acciones y tambi\u00e9n identificar palancas de mejora. Si bien se han logrado avances significativos, somos conscientes de que a\u00fan es necesario continuar los esfuerzos para progresar de manera coherente y sostenible.<br \/>\r\n<br \/>\r\nEste informe refleja tanto nuestro compromiso como nuestra voluntad de transparencia y nuestro enfoque pragm\u00e1tico de la responsabilidad empresarial.<\/p><a href=\"https:\/\/cofidur-ems.com\/wp-content\/uploads\/2025\/07\/Rapport-RSE-Cofidur-EMS-2024.pdf\" title=\"Informe de RSE Cofidur EMS - 2024\" class=\"bouton primary\">Informe de RSE Cofidur EMS &#8211; 2024<\/a><\/div><\/div><\/section><\/div>\n\n\n\n<div class=\"wp-block-column is-layout-flow wp-block-column-is-layout-flow\"><section class=\"banner_page section\"><div class=\"inner\"><div class=\"banner_page_container  \"><h2 class=\"title-deco\">NUESTRA HUELLA DE CARBONO<\/h2><p class=\"\">En 2024, Cofidur EMS realiz\u00f3 su primer balance de huella de carbono, correspondiente al a\u00f1o 2023. Esta etapa marca el inicio de un proceso de an\u00e1lisis y mejora de nuestro impacto ambiental. <br \/>\r\nEl balance nos ha permitido entender mejor el origen de nuestras emisiones de gases de efecto invernadero, tanto directas como indirectas, e identificar los \u00e1mbitos en los que concentrar nuestros esfuerzos. <br \/>\r\n<br \/>\r\nSe trata de una primera fotograf\u00eda, esencial para el plan de transici\u00f3n, que sirve de base para avanzar de forma estructurada y cre\u00edble. Este trabajo nos compromete a largo plazo, con una visi\u00f3n clara y un sentido de responsabilidad.<br \/>\r\n<br \/>\r\n<br \/>\r\n<\/p><a href=\"https:\/\/cofidur-ems.com\/wp-content\/uploads\/2025\/07\/Bilan-Carbone-Diag-DecarbonAction-Rapport.pdf\" title=\"Balance de huella de carbono Cofidur EMS - 2024\" class=\"bouton primary\">Balance de huella de carbono Cofidur EMS &#8211; 2024<\/a><\/div><\/div><\/section><\/div>\n<\/div>\n\n<div style=\"height:100px\" aria-hidden=\"true\" class=\"wp-block-spacer\"><\/div>\n\n\n","protected":false},"excerpt":{"rendered":"<p>*Estar clasificados en el percentil 80 de EcoVadis significa que nuestro desempe\u00f1o en RSE es igual o superior al del 80 % de las empresas evaluadas en nuestro sector.<\/p>\n","protected":false},"author":3,"featured_media":0,"parent":0,"menu_order":0,"comment_status":"closed","ping_status":"closed","template":"","meta":{"_acf_changed":false,"footnotes":""},"class_list":["post-7704","page","type-page","status-publish","hentry"],"acf":[],"yoast_head":"<!-- This site is optimized with the Yoast SEO plugin v27.3 - https:\/\/yoast.com\/product\/yoast-seo-wordpress\/ -->\n<title>NUESTRO ENFOQUE DE RSE &#8212; Codifur EMS<\/title>\n<meta name=\"description\" content=\"Cofidur EMS comparte su enfoque de RSE: informe de RSE, balance de huella de carbono, calificaci\u00f3n EcoVadis, compromisos ambientales y sociales.\" \/>\n<meta name=\"robots\" content=\"index, follow, max-snippet:-1, max-image-preview:large, max-video-preview:-1\" \/>\n<link rel=\"canonical\" href=\"https:\/\/cofidur-ems.com\/es\/nuestro-enfoque-de-rse\/\" \/>\n<meta property=\"og:locale\" content=\"es_ES\" \/>\n<meta property=\"og:type\" content=\"article\" \/>\n<meta property=\"og:title\" content=\"NUESTRO ENFOQUE DE RSE &#8212; Codifur EMS\" \/>\n<meta property=\"og:description\" content=\"Cofidur EMS comparte su enfoque de RSE: informe de RSE, balance de huella de carbono, calificaci\u00f3n EcoVadis, compromisos ambientales y sociales.\" \/>\n<meta property=\"og:url\" content=\"https:\/\/cofidur-ems.com\/es\/nuestro-enfoque-de-rse\/\" \/>\n<meta property=\"og:site_name\" content=\"Codifur EMS\" \/>\n<meta property=\"article:modified_time\" content=\"2026-01-21T14:22:28+00:00\" \/>\n<meta name=\"twitter:card\" content=\"summary_large_image\" \/>\n<script type=\"application\/ld+json\" class=\"yoast-schema-graph\">{\"@context\":\"https:\\\/\\\/schema.org\",\"@graph\":[{\"@type\":\"WebPage\",\"@id\":\"https:\\\/\\\/cofidur-ems.com\\\/es\\\/nuestro-enfoque-de-rse\\\/\",\"url\":\"https:\\\/\\\/cofidur-ems.com\\\/es\\\/nuestro-enfoque-de-rse\\\/\",\"name\":\"NUESTRO ENFOQUE DE RSE &#8212; Codifur EMS\",\"isPartOf\":{\"@id\":\"https:\\\/\\\/cofidur-ems.com\\\/#website\"},\"datePublished\":\"2025-07-25T06:39:17+00:00\",\"dateModified\":\"2026-01-21T14:22:28+00:00\",\"description\":\"Cofidur EMS comparte su enfoque de RSE: informe de RSE, balance de huella de carbono, calificaci\u00f3n EcoVadis, compromisos ambientales y sociales.\",\"breadcrumb\":{\"@id\":\"https:\\\/\\\/cofidur-ems.com\\\/es\\\/nuestro-enfoque-de-rse\\\/#breadcrumb\"},\"inLanguage\":\"es\",\"potentialAction\":[{\"@type\":\"ReadAction\",\"target\":[\"https:\\\/\\\/cofidur-ems.com\\\/es\\\/nuestro-enfoque-de-rse\\\/\"]}]},{\"@type\":\"BreadcrumbList\",\"@id\":\"https:\\\/\\\/cofidur-ems.com\\\/es\\\/nuestro-enfoque-de-rse\\\/#breadcrumb\",\"itemListElement\":[{\"@type\":\"ListItem\",\"position\":1,\"name\":\"Cofidur EMS\",\"item\":\"https:\\\/\\\/cofidur-ems.com\\\/es\\\/\"},{\"@type\":\"ListItem\",\"position\":2,\"name\":\"NUESTRO ENFOQUE DE RSE\"}]},{\"@type\":\"WebSite\",\"@id\":\"https:\\\/\\\/cofidur-ems.com\\\/#website\",\"url\":\"https:\\\/\\\/cofidur-ems.com\\\/\",\"name\":\"Cofidur EMS\",\"description\":\"Votre sous-traitant \u00e9lectronique Fran\u00e7ais\",\"publisher\":{\"@id\":\"https:\\\/\\\/cofidur-ems.com\\\/#organization\"},\"potentialAction\":[{\"@type\":\"SearchAction\",\"target\":{\"@type\":\"EntryPoint\",\"urlTemplate\":\"https:\\\/\\\/cofidur-ems.com\\\/?s={search_term_string}\"},\"query-input\":{\"@type\":\"PropertyValueSpecification\",\"valueRequired\":true,\"valueName\":\"search_term_string\"}}],\"inLanguage\":\"es\"},{\"@type\":\"Organization\",\"@id\":\"https:\\\/\\\/cofidur-ems.com\\\/#organization\",\"name\":\"Cofidur EMS\",\"url\":\"https:\\\/\\\/cofidur-ems.com\\\/\",\"logo\":{\"@type\":\"ImageObject\",\"inLanguage\":\"es\",\"@id\":\"https:\\\/\\\/cofidur-ems.com\\\/#\\\/schema\\\/logo\\\/image\\\/\",\"url\":\"https:\\\/\\\/cofidur-ems.com\\\/wp-content\\\/uploads\\\/2025\\\/04\\\/logo.svg\",\"contentUrl\":\"https:\\\/\\\/cofidur-ems.com\\\/wp-content\\\/uploads\\\/2025\\\/04\\\/logo.svg\",\"width\":310,\"height\":89,\"caption\":\"Cofidur EMS\"},\"image\":{\"@id\":\"https:\\\/\\\/cofidur-ems.com\\\/#\\\/schema\\\/logo\\\/image\\\/\"},\"sameAs\":[\"https:\\\/\\\/www.linkedin.com\\\/company\\\/cofidur-ems\"]}]}<\/script>\n<!-- \/ Yoast SEO plugin. -->","yoast_head_json":{"title":"NUESTRO ENFOQUE DE RSE &#8212; Codifur EMS","description":"Cofidur EMS comparte su enfoque de RSE: informe de RSE, balance de huella de carbono, calificaci\u00f3n EcoVadis, compromisos ambientales y sociales.","robots":{"index":"index","follow":"follow","max-snippet":"max-snippet:-1","max-image-preview":"max-image-preview:large","max-video-preview":"max-video-preview:-1"},"canonical":"https:\/\/cofidur-ems.com\/es\/nuestro-enfoque-de-rse\/","og_locale":"es_ES","og_type":"article","og_title":"NUESTRO ENFOQUE DE RSE &#8212; Codifur EMS","og_description":"Cofidur EMS comparte su enfoque de RSE: informe de RSE, balance de huella de carbono, calificaci\u00f3n EcoVadis, compromisos ambientales y sociales.","og_url":"https:\/\/cofidur-ems.com\/es\/nuestro-enfoque-de-rse\/","og_site_name":"Codifur EMS","article_modified_time":"2026-01-21T14:22:28+00:00","twitter_card":"summary_large_image","schema":{"@context":"https:\/\/schema.org","@graph":[{"@type":"WebPage","@id":"https:\/\/cofidur-ems.com\/es\/nuestro-enfoque-de-rse\/","url":"https:\/\/cofidur-ems.com\/es\/nuestro-enfoque-de-rse\/","name":"NUESTRO ENFOQUE DE RSE &#8212; Codifur EMS","isPartOf":{"@id":"https:\/\/cofidur-ems.com\/#website"},"datePublished":"2025-07-25T06:39:17+00:00","dateModified":"2026-01-21T14:22:28+00:00","description":"Cofidur EMS comparte su enfoque de RSE: informe de RSE, balance de huella de carbono, calificaci\u00f3n EcoVadis, compromisos ambientales y sociales.","breadcrumb":{"@id":"https:\/\/cofidur-ems.com\/es\/nuestro-enfoque-de-rse\/#breadcrumb"},"inLanguage":"es","potentialAction":[{"@type":"ReadAction","target":["https:\/\/cofidur-ems.com\/es\/nuestro-enfoque-de-rse\/"]}]},{"@type":"BreadcrumbList","@id":"https:\/\/cofidur-ems.com\/es\/nuestro-enfoque-de-rse\/#breadcrumb","itemListElement":[{"@type":"ListItem","position":1,"name":"Cofidur EMS","item":"https:\/\/cofidur-ems.com\/es\/"},{"@type":"ListItem","position":2,"name":"NUESTRO ENFOQUE DE RSE"}]},{"@type":"WebSite","@id":"https:\/\/cofidur-ems.com\/#website","url":"https:\/\/cofidur-ems.com\/","name":"Cofidur EMS","description":"Votre sous-traitant \u00e9lectronique Fran\u00e7ais","publisher":{"@id":"https:\/\/cofidur-ems.com\/#organization"},"potentialAction":[{"@type":"SearchAction","target":{"@type":"EntryPoint","urlTemplate":"https:\/\/cofidur-ems.com\/?s={search_term_string}"},"query-input":{"@type":"PropertyValueSpecification","valueRequired":true,"valueName":"search_term_string"}}],"inLanguage":"es"},{"@type":"Organization","@id":"https:\/\/cofidur-ems.com\/#organization","name":"Cofidur EMS","url":"https:\/\/cofidur-ems.com\/","logo":{"@type":"ImageObject","inLanguage":"es","@id":"https:\/\/cofidur-ems.com\/#\/schema\/logo\/image\/","url":"https:\/\/cofidur-ems.com\/wp-content\/uploads\/2025\/04\/logo.svg","contentUrl":"https:\/\/cofidur-ems.com\/wp-content\/uploads\/2025\/04\/logo.svg","width":310,"height":89,"caption":"Cofidur EMS"},"image":{"@id":"https:\/\/cofidur-ems.com\/#\/schema\/logo\/image\/"},"sameAs":["https:\/\/www.linkedin.com\/company\/cofidur-ems"]}]}},"_links":{"self":[{"href":"https:\/\/cofidur-ems.com\/es\/wp-json\/wp\/v2\/pages\/7704","targetHints":{"allow":["GET"]}}],"collection":[{"href":"https:\/\/cofidur-ems.com\/es\/wp-json\/wp\/v2\/pages"}],"about":[{"href":"https:\/\/cofidur-ems.com\/es\/wp-json\/wp\/v2\/types\/page"}],"author":[{"embeddable":true,"href":"https:\/\/cofidur-ems.com\/es\/wp-json\/wp\/v2\/users\/3"}],"replies":[{"embeddable":true,"href":"https:\/\/cofidur-ems.com\/es\/wp-json\/wp\/v2\/comments?post=7704"}],"version-history":[{"count":3,"href":"https:\/\/cofidur-ems.com\/es\/wp-json\/wp\/v2\/pages\/7704\/revisions"}],"predecessor-version":[{"id":7713,"href":"https:\/\/cofidur-ems.com\/es\/wp-json\/wp\/v2\/pages\/7704\/revisions\/7713"}],"wp:attachment":[{"href":"https:\/\/cofidur-ems.com\/es\/wp-json\/wp\/v2\/media?parent=7704"}],"curies":[{"name":"wp","href":"https:\/\/api.w.org\/{rel}","templated":true}]}}