{"id":6587,"date":"2024-07-02T10:53:20","date_gmt":"2024-07-02T08:53:20","guid":{"rendered":"https:\/\/cofidur-ems.com\/politique-de-confidentialite\/"},"modified":"2025-05-22T09:47:24","modified_gmt":"2025-05-22T07:47:24","slug":"politica-de-confidencialidad","status":"publish","type":"page","link":"https:\/\/cofidur-ems.com\/es\/politica-de-confidencialidad\/","title":{"rendered":"Pol\u00edtica de confidencialidad"},"content":{"rendered":"<section class=\"banner_page \"><div class=\"inner\"><div class=\"banner_page_container banner_width \"><h1 class=\"title-deco\">POL\u00cdTICA DE CONFIDENCIALIDAD Y PROTECCI\u00d3N DE DATOS PERSONALES<\/h1><p class=\"\">COFIDUR EMS se compromete a garantizar el m\u00e1ximo nivel de protecci\u00f3n de sus datos personales.<\/p><\/div><\/div><\/section>\n\n\n<div style=\"height:50px\" aria-hidden=\"true\" class=\"wp-block-spacer\"><\/div>\n\n\n\n<div class=\"wp-block-group is-layout-constrained wp-block-group-is-layout-constrained\">\n<h2 class=\"wp-block-heading\"><strong>\u00bfQui\u00e9n recopila sus datos personales?<\/strong><\/h2>\n\n\n\n<p>El responsable del tratamiento efectuado en el sitio web www.COFIDUR EMS.fr es:<br>Gilles Delaunay<\/p>\n\n\n\n<p>Cofidur EMS<br>COFIDUR EMS<br>79 RUE SAINT MELAINE<br>53000 LAVAL<\/p>\n\n\n\n<p>COFIDUR EMS, como responsable del tratamiento, se compromete a respetar las disposiciones de la Ley n.\u00ba 78-17 de 6 de enero de 1978, modificada, relativa a la inform\u00e1tica, a los ficheros y a las libertades en lo que respecta al tratamiento automatizado de los datos de car\u00e1cter personal, as\u00ed como el Reglamento (UE) n.\u00ba 2016\/679 de 27 de abril de 2016 a partir de su aplicaci\u00f3n el 25 de mayo de 2018.<\/p>\n\n\n\n<h2 class=\"wp-block-heading\"><strong>\u00bfA qui\u00e9n se transmiten sus datos personales?<\/strong><\/h2>\n\n\n\n<p>Sus datos solo se transmitir\u00e1n a los empleados de COFIDUR EMS.<\/p>\n\n\n\n<h2 class=\"wp-block-heading\"><strong>\u00bfCu\u00e1les son los fines del tratamiento de sus datos personales?<\/strong><\/h2>\n\n\n\n<p>COFIDUR EMS recopila y registra los datos personales de sus usuarios de Internet (clientes, clientes potenciales y prescriptores) para los siguientes fines:<\/p>\n\n\n\n<ul class=\"wp-block-list\">\n<li>Crear y gestionar una cuenta de cliente.<\/li>\n\n\n\n<li>Informar sobre servicios nuevos o modificados.<\/li>\n\n\n\n<li>Responder a preguntas y enviar propuestas comerciales por correo electr\u00f3nico (tras su solicitud).<\/li>\n\n\n\n<li>Elaborar estad\u00edsticas de ventas.<\/li>\n<\/ul>\n\n\n\n<p>A excepci\u00f3n de las operaciones de prospecci\u00f3n comercial, COFIDUR EMS considera que todas las operaciones de tratamiento mencionadas son necesarias para la prestaci\u00f3n de estos servicios. Las operaciones de prospecci\u00f3n comercial se basan en el consentimiento del interesado al tratamiento de sus datos.<\/p>\n\n\n\n<h2 class=\"wp-block-heading\"><strong>\u00bfCu\u00e1nto tiempo se conservar\u00e1n sus datos?<\/strong><\/h2>\n\n\n\n<p>COFIDUR EMS conservar\u00e1 sus datos personales durante los siguientes periodos:<\/p>\n\n\n\n<p>Todos los datos personales recogidos de los \u00abclientes\u00bb de Internet se conservar\u00e1n durante toda la duraci\u00f3n de la relaci\u00f3n comercial y durante un periodo de 5 a\u00f1os a partir del final de dicha relaci\u00f3n comercial (por ejemplo, desde la fecha de su \u00faltima compra, etc.). Todos los datos personales recogidos de los \u00abclientes potenciales o prescriptores\u00bb de Internet se conservar\u00e1n durante 3 a\u00f1os a partir del \u00faltimo contacto del usuario de Internet (por ejemplo, una solicitud de informaci\u00f3n sobre un producto, un clic en un enlace de hipertexto, etc.).<\/p>\n\n\n\n<h2 class=\"wp-block-heading\"><strong>\u00bfCu\u00e1les son sus derechos de acceso a los datos personales y c\u00f3mo puede ejercerlos?<\/strong><\/h2>\n\n\n\n<p>Cualquier persona que utilice el servicio puede ejercer su derecho de acceso, rectificaci\u00f3n, oposici\u00f3n y supresi\u00f3n del tratamiento de sus datos de conformidad con los art\u00edculos 38 a 40 de la ley francesa de 6 de enero de 1978. De conformidad con el Reglamento 2016\/679 de 27 de abril de 2016, las personas f\u00edsicas podr\u00e1n ejercer su derecho a la limitaci\u00f3n del tratamiento, a la supresi\u00f3n de sus datos y a la portabilidad a partir del 25 de mayo de 2018. Estos derechos pueden ejercerse dirigi\u00e9ndose por escrito a COFIDUR EMS, la empresa que ha recogido los datos personales:<\/p>\n\n\n\n<p>Por correo postal:<\/p>\n\n\n\n<p><br>COFIDUR EMS<br>79 RUE SAINT MELAINE<br>53000 LAVAL<\/p>\n\n\n\n<p>COFIDUR EMS le enviar\u00e1 una respuesta en el plazo m\u00e1ximo de 1 mes desde el ejercicio de este derecho. Si la respuesta no es satisfactoria, el interesado puede recurrir a la <a href=\"https:\/\/www.cnil.fr\/\">CNIL<\/a>.<\/p>\n<\/div>\n\n\n\n<div style=\"height:100px\" aria-hidden=\"true\" class=\"wp-block-spacer\"><\/div>\n","protected":false},"excerpt":{"rendered":"<p>\u00bfQui\u00e9n recopila sus datos personales? El responsable del tratamiento efectuado en el sitio web www.COFIDUR EMS.fr es:Gilles Delaunay Cofidur EMSCOFIDUR EMS79 RUE SAINT MELAINE53000 LAVAL COFIDUR EMS, como responsable del tratamiento, se compromete a respetar las disposiciones de la Ley n.\u00ba 78-17 de 6 de enero de 1978, modificada, relativa a la inform\u00e1tica, a los [&hellip;]<\/p>\n","protected":false},"author":2,"featured_media":0,"parent":0,"menu_order":8,"comment_status":"closed","ping_status":"closed","template":"","meta":{"_acf_changed":false,"footnotes":""},"class_list":["post-6587","page","type-page","status-publish","hentry"],"acf":[],"yoast_head":"<!-- This site is optimized with the Yoast SEO plugin v27.4 - https:\/\/yoast.com\/product\/yoast-seo-wordpress\/ -->\n<title>Pol\u00edtica de confidencialidad &#8212; Codifur EMS<\/title>\n<meta name=\"description\" content=\"Consulte la Pol\u00edtica de privacidad de Cofidur EMS: recopilaci\u00f3n, uso, protecci\u00f3n de datos y derechos del usuario.\" \/>\n<meta name=\"robots\" content=\"index, follow, max-snippet:-1, max-image-preview:large, max-video-preview:-1\" \/>\n<link rel=\"canonical\" href=\"https:\/\/cofidur-ems.com\/es\/politica-de-confidencialidad\/\" \/>\n<meta property=\"og:locale\" content=\"es_ES\" \/>\n<meta property=\"og:type\" content=\"article\" \/>\n<meta property=\"og:title\" content=\"Pol\u00edtica de confidencialidad &#8212; Codifur EMS\" \/>\n<meta property=\"og:description\" content=\"Consulte la Pol\u00edtica de privacidad de Cofidur EMS: recopilaci\u00f3n, uso, protecci\u00f3n de datos y derechos del usuario.\" \/>\n<meta property=\"og:url\" content=\"https:\/\/cofidur-ems.com\/es\/politica-de-confidencialidad\/\" \/>\n<meta property=\"og:site_name\" content=\"Codifur EMS\" \/>\n<meta property=\"article:modified_time\" content=\"2025-05-22T07:47:24+00:00\" \/>\n<meta name=\"twitter:card\" content=\"summary_large_image\" \/>\n<meta name=\"twitter:label1\" content=\"Tiempo de lectura\" \/>\n\t<meta name=\"twitter:data1\" content=\"3 minutos\" \/>\n<script type=\"application\/ld+json\" class=\"yoast-schema-graph\">{\"@context\":\"https:\\\/\\\/schema.org\",\"@graph\":[{\"@type\":\"WebPage\",\"@id\":\"https:\\\/\\\/cofidur-ems.com\\\/es\\\/politica-de-confidencialidad\\\/\",\"url\":\"https:\\\/\\\/cofidur-ems.com\\\/es\\\/politica-de-confidencialidad\\\/\",\"name\":\"Pol\u00edtica de confidencialidad &#8212; Codifur EMS\",\"isPartOf\":{\"@id\":\"https:\\\/\\\/cofidur-ems.com\\\/#website\"},\"datePublished\":\"2024-07-02T08:53:20+00:00\",\"dateModified\":\"2025-05-22T07:47:24+00:00\",\"description\":\"Consulte la Pol\u00edtica de privacidad de Cofidur EMS: recopilaci\u00f3n, uso, protecci\u00f3n de datos y derechos del usuario.\",\"breadcrumb\":{\"@id\":\"https:\\\/\\\/cofidur-ems.com\\\/es\\\/politica-de-confidencialidad\\\/#breadcrumb\"},\"inLanguage\":\"es\",\"potentialAction\":[{\"@type\":\"ReadAction\",\"target\":[\"https:\\\/\\\/cofidur-ems.com\\\/es\\\/politica-de-confidencialidad\\\/\"]}]},{\"@type\":\"BreadcrumbList\",\"@id\":\"https:\\\/\\\/cofidur-ems.com\\\/es\\\/politica-de-confidencialidad\\\/#breadcrumb\",\"itemListElement\":[{\"@type\":\"ListItem\",\"position\":1,\"name\":\"Cofidur EMS\",\"item\":\"https:\\\/\\\/cofidur-ems.com\\\/es\\\/\"},{\"@type\":\"ListItem\",\"position\":2,\"name\":\"Pol\u00edtica de confidencialidad\"}]},{\"@type\":\"WebSite\",\"@id\":\"https:\\\/\\\/cofidur-ems.com\\\/#website\",\"url\":\"https:\\\/\\\/cofidur-ems.com\\\/\",\"name\":\"Cofidur EMS\",\"description\":\"Votre sous-traitant \u00e9lectronique Fran\u00e7ais\",\"publisher\":{\"@id\":\"https:\\\/\\\/cofidur-ems.com\\\/#organization\"},\"potentialAction\":[{\"@type\":\"SearchAction\",\"target\":{\"@type\":\"EntryPoint\",\"urlTemplate\":\"https:\\\/\\\/cofidur-ems.com\\\/?s={search_term_string}\"},\"query-input\":{\"@type\":\"PropertyValueSpecification\",\"valueRequired\":true,\"valueName\":\"search_term_string\"}}],\"inLanguage\":\"es\"},{\"@type\":\"Organization\",\"@id\":\"https:\\\/\\\/cofidur-ems.com\\\/#organization\",\"name\":\"Cofidur EMS\",\"url\":\"https:\\\/\\\/cofidur-ems.com\\\/\",\"logo\":{\"@type\":\"ImageObject\",\"inLanguage\":\"es\",\"@id\":\"https:\\\/\\\/cofidur-ems.com\\\/#\\\/schema\\\/logo\\\/image\\\/\",\"url\":\"https:\\\/\\\/cofidur-ems.com\\\/wp-content\\\/uploads\\\/2025\\\/04\\\/logo.svg\",\"contentUrl\":\"https:\\\/\\\/cofidur-ems.com\\\/wp-content\\\/uploads\\\/2025\\\/04\\\/logo.svg\",\"width\":310,\"height\":89,\"caption\":\"Cofidur EMS\"},\"image\":{\"@id\":\"https:\\\/\\\/cofidur-ems.com\\\/#\\\/schema\\\/logo\\\/image\\\/\"},\"sameAs\":[\"https:\\\/\\\/www.linkedin.com\\\/company\\\/cofidur-ems\"]}]}<\/script>\n<!-- \/ Yoast SEO plugin. -->","yoast_head_json":{"title":"Pol\u00edtica de confidencialidad &#8212; Codifur EMS","description":"Consulte la Pol\u00edtica de privacidad de Cofidur EMS: recopilaci\u00f3n, uso, protecci\u00f3n de datos y derechos del usuario.","robots":{"index":"index","follow":"follow","max-snippet":"max-snippet:-1","max-image-preview":"max-image-preview:large","max-video-preview":"max-video-preview:-1"},"canonical":"https:\/\/cofidur-ems.com\/es\/politica-de-confidencialidad\/","og_locale":"es_ES","og_type":"article","og_title":"Pol\u00edtica de confidencialidad &#8212; Codifur EMS","og_description":"Consulte la Pol\u00edtica de privacidad de Cofidur EMS: recopilaci\u00f3n, uso, protecci\u00f3n de datos y derechos del usuario.","og_url":"https:\/\/cofidur-ems.com\/es\/politica-de-confidencialidad\/","og_site_name":"Codifur EMS","article_modified_time":"2025-05-22T07:47:24+00:00","twitter_card":"summary_large_image","twitter_misc":{"Tiempo de lectura":"3 minutos"},"schema":{"@context":"https:\/\/schema.org","@graph":[{"@type":"WebPage","@id":"https:\/\/cofidur-ems.com\/es\/politica-de-confidencialidad\/","url":"https:\/\/cofidur-ems.com\/es\/politica-de-confidencialidad\/","name":"Pol\u00edtica de confidencialidad &#8212; Codifur EMS","isPartOf":{"@id":"https:\/\/cofidur-ems.com\/#website"},"datePublished":"2024-07-02T08:53:20+00:00","dateModified":"2025-05-22T07:47:24+00:00","description":"Consulte la Pol\u00edtica de privacidad de Cofidur EMS: recopilaci\u00f3n, uso, protecci\u00f3n de datos y derechos del usuario.","breadcrumb":{"@id":"https:\/\/cofidur-ems.com\/es\/politica-de-confidencialidad\/#breadcrumb"},"inLanguage":"es","potentialAction":[{"@type":"ReadAction","target":["https:\/\/cofidur-ems.com\/es\/politica-de-confidencialidad\/"]}]},{"@type":"BreadcrumbList","@id":"https:\/\/cofidur-ems.com\/es\/politica-de-confidencialidad\/#breadcrumb","itemListElement":[{"@type":"ListItem","position":1,"name":"Cofidur EMS","item":"https:\/\/cofidur-ems.com\/es\/"},{"@type":"ListItem","position":2,"name":"Pol\u00edtica de confidencialidad"}]},{"@type":"WebSite","@id":"https:\/\/cofidur-ems.com\/#website","url":"https:\/\/cofidur-ems.com\/","name":"Cofidur EMS","description":"Votre sous-traitant \u00e9lectronique Fran\u00e7ais","publisher":{"@id":"https:\/\/cofidur-ems.com\/#organization"},"potentialAction":[{"@type":"SearchAction","target":{"@type":"EntryPoint","urlTemplate":"https:\/\/cofidur-ems.com\/?s={search_term_string}"},"query-input":{"@type":"PropertyValueSpecification","valueRequired":true,"valueName":"search_term_string"}}],"inLanguage":"es"},{"@type":"Organization","@id":"https:\/\/cofidur-ems.com\/#organization","name":"Cofidur EMS","url":"https:\/\/cofidur-ems.com\/","logo":{"@type":"ImageObject","inLanguage":"es","@id":"https:\/\/cofidur-ems.com\/#\/schema\/logo\/image\/","url":"https:\/\/cofidur-ems.com\/wp-content\/uploads\/2025\/04\/logo.svg","contentUrl":"https:\/\/cofidur-ems.com\/wp-content\/uploads\/2025\/04\/logo.svg","width":310,"height":89,"caption":"Cofidur EMS"},"image":{"@id":"https:\/\/cofidur-ems.com\/#\/schema\/logo\/image\/"},"sameAs":["https:\/\/www.linkedin.com\/company\/cofidur-ems"]}]}},"_links":{"self":[{"href":"https:\/\/cofidur-ems.com\/es\/wp-json\/wp\/v2\/pages\/6587","targetHints":{"allow":["GET"]}}],"collection":[{"href":"https:\/\/cofidur-ems.com\/es\/wp-json\/wp\/v2\/pages"}],"about":[{"href":"https:\/\/cofidur-ems.com\/es\/wp-json\/wp\/v2\/types\/page"}],"author":[{"embeddable":true,"href":"https:\/\/cofidur-ems.com\/es\/wp-json\/wp\/v2\/users\/2"}],"replies":[{"embeddable":true,"href":"https:\/\/cofidur-ems.com\/es\/wp-json\/wp\/v2\/comments?post=6587"}],"version-history":[{"count":3,"href":"https:\/\/cofidur-ems.com\/es\/wp-json\/wp\/v2\/pages\/6587\/revisions"}],"predecessor-version":[{"id":6810,"href":"https:\/\/cofidur-ems.com\/es\/wp-json\/wp\/v2\/pages\/6587\/revisions\/6810"}],"wp:attachment":[{"href":"https:\/\/cofidur-ems.com\/es\/wp-json\/wp\/v2\/media?parent=6587"}],"curies":[{"name":"wp","href":"https:\/\/api.w.org\/{rel}","templated":true}]}}