{"id":6581,"date":"2024-07-02T15:00:02","date_gmt":"2024-07-02T13:00:02","guid":{"rendered":"https:\/\/cofidur-ems.com\/mentions-legales\/"},"modified":"2025-05-22T09:47:23","modified_gmt":"2025-05-22T07:47:23","slug":"aviso-legal","status":"publish","type":"page","link":"https:\/\/cofidur-ems.com\/es\/aviso-legal\/","title":{"rendered":"Aviso legal"},"content":{"rendered":"<section class=\"banner_page \"><div class=\"inner\"><div class=\"banner_page_container banner_width \"><h1 class=\"title-deco\">Aviso legal<\/h1><p class=\"\">Cofidur EMS ha abierto este sitio web para la informaci\u00f3n personal de sus usuarios. Su uso del sitio web est\u00e1 sujeto al cumplimiento de las condiciones generales de acceso y uso que se detallan a continuaci\u00f3n y de todas las leyes aplicables (Condiciones Generales). Al conectarse al sitio web, navegar por \u00e9l y utilizarlo, acepta sin reservas las presentes Condiciones Generales.<\/p><\/div><\/div><\/section>\n\n\n<div style=\"height:5rem\" aria-hidden=\"true\" class=\"wp-block-spacer\"><\/div>\n\n\n\n<div class=\"wp-block-group is-layout-constrained wp-block-group-is-layout-constrained\">\n<h2 class=\"wp-block-heading\">INFORMACI\u00d3N GENERAL<\/h2>\n\n\n\n<h3 class=\"wp-block-heading\">Propietario del sitio web<\/h3>\n\n\n\n<p>Cofidur EMS<br>Direcci\u00f3n de su domicilio social:<br>COFIDUR EMS<br>79 RUE SAINT MELAINE<br>53000 LAVAL<\/p>\n\n\n\n<p>Tel.: 0243674000<\/p>\n\n\n\n<p>Director de la publicaci\u00f3n: Gilles Delaunay<\/p>\n\n\n\n<h3 class=\"wp-block-heading\">Host<\/h3>\n\n\n\n<p>Raz\u00f3n social: Doyousoft<br>Direcci\u00f3n: 17 Place Pierre S\u00e9mard, 34500 B\u00e9ziers<br>N\u00famero de tel\u00e9fono: 04 67 36 41 53<\/p>\n\n\n\n<h2 class=\"wp-block-heading\">DERECHOS DE PROPIEDAD INTELECTUAL<\/h2>\n\n\n\n<h3 class=\"wp-block-heading\">Derechos de autor<\/h3>\n\n\n\n<p>Este sitio web constituye una obra de la que Cofidur EMS es autor en el sentido de los art\u00edculos L. 111.1 y siguientes del C\u00f3digo de la Propiedad Intelectual franc\u00e9s.<\/p>\n\n\n\n<p>La estructura general, as\u00ed como los programas inform\u00e1ticos, textos, im\u00e1genes animadas o fijas, sonidos, conocimientos, dibujos, gr\u00e1ficos y cualquier otro elemento que componga el sitio web son propiedad exclusiva de Cofidur EMS, o de terceros que hayan autorizado a Cofidur EMS a utilizarlos.<br>Las reproducciones, en papel o electr\u00f3nicas, de dicho sitio web est\u00e1n autorizadas siempre que se reserven estrictamente al uso personal, excluyendo cualquier uso con fines publicitarios, comerciales o informativos.<br>A excepci\u00f3n de las disposiciones anteriores, toda reproducci\u00f3n o representaci\u00f3n total o parcial de este sitio web por cualquier procedimiento, sin nuestra autorizaci\u00f3n expresa, est\u00e1 prohibida y constituye una infracci\u00f3n sancionada por los art\u00edculos L. 355-2 y siguientes del C\u00f3digo de la Propiedad Intelectual franc\u00e9s, castigada con dos a\u00f1os de prisi\u00f3n y una multa de 150&nbsp;000 euros.<\/p>\n\n\n\n<h3 class=\"wp-block-heading\">Respeto de su privacidad<\/h3>\n\n\n\n<p>Cofidur EMS se preocupa por respetar la privacidad y proteger la informaci\u00f3n, identificable o no, de todos los usuarios de Internet que deseen acceder a este sitio web.<br>Puede consultar este sitio web sin revelar su identidad ni dar ninguna informaci\u00f3n sobre usted.<br>La informaci\u00f3n que nos facilite est\u00e1 destinada a Cofidur EMS y solo se utilizar\u00e1 para los fines para los que fue recopilada.<\/p>\n\n\n\n<h3 class=\"wp-block-heading\">Datos personales<\/h3>\n\n\n\n<p>En aras de la transparencia y la protecci\u00f3n de sus derechos, Cofidur EMS no obtendr\u00e1 ninguna informaci\u00f3n que pueda identificarle personalmente a menos que usted nos la proporcione envi\u00e1ndonos un correo electr\u00f3nico.<\/p>\n\n\n\n<h3 class=\"wp-block-heading\">Derecho de acceso<\/h3>\n\n\n\n<p>Se recuerda a las personas que son objeto de informaci\u00f3n identificable que tienen derecho a acceder, modificar, rectificar y suprimir los datos que les conciernen (art\u00edculo 34 de la ley francesa &nbsp;\u00abInformatique et libert\u00e9s\u00bb&nbsp; de 6 de enero de 1978). Para ejercer este derecho, escr\u00edbanos haciendo clic&nbsp;<a href=\"https:\/\/www.cofidur-ems.com\/es\/contacto\/\">aqu\u00ed<\/a>.<\/p>\n\n\n\n<p>Datos no personales Podemos obtener informaci\u00f3n que se obtiene autom\u00e1ticamente pero que, en ning\u00fan caso, puede asociarse a una persona. Esta informaci\u00f3n se refiere al tipo de navegador de Internet que utiliza, su sistema inform\u00e1tico y el nombre del dominio desde el que accedi\u00f3 a nuestro sitio web.<\/p>\n\n\n\n<h3 class=\"wp-block-heading\">Cookies<\/h3>\n\n\n\n<p>Cuando visite este sitio web, podemos colocar cookies en su ordenador. Las cookies no nos permiten identificarle. En general, registran informaci\u00f3n relativa a la navegaci\u00f3n de su ordenador en nuestro sitio web (las p\u00e1ginas web que ha visitado, la fecha y la hora de la visita, etc.) que podremos leer en sus visitas posteriores. Contienen la informaci\u00f3n que acaba de proporcionar.<br>Por supuesto, puede negarse a aceptar las cookies configurando su navegador en consecuencia. Tambi\u00e9n puede eliminar las cookies individualmente en cualquier momento consultando el manual de usuario de su sistema operativo.<\/p>\n\n\n\n<h3 class=\"wp-block-heading\">Enlaces de hipertexto<\/h3>\n\n\n\n<p>Se informa formalmente a los usuarios de que los sitios web a los que pueden acceder a trav\u00e9s de enlaces de hipertexto no nos pertenecen. Cofidur EMS no se hace responsable del contenido de la informaci\u00f3n proporcionada en estos sitios web cuando se activa el enlace.<br>La creaci\u00f3n de un enlace de hipertexto por parte de un tercero a una de las p\u00e1ginas o marcos de este sitio web requiere nuestro acuerdo previo.<\/p>\n\n\n\n<h3 class=\"wp-block-heading\">Legislaci\u00f3n aplicable<\/h3>\n\n\n\n<p>Este sitio web se rige exclusivamente por la legislaci\u00f3n nacional francesa y los convenios internacionales aplicables en Francia. El idioma de las Condiciones Generales es el franc\u00e9s. En caso de litigio, los tribunales franceses ser\u00e1n los \u00fanicos competentes.<\/p>\n\n\n\n<h3 class=\"wp-block-heading\">Actualizaci\u00f3n de las Condiciones Generales<\/h3>\n\n\n\n<p>Este aviso legal ha sido redactado en un momento determinado y es vinculante para el usuario desde el momento en que se conecta al sitio web. Cofidur EMS se reserva el derecho a modificar el presente aviso legal con el objeto de actualizarlo, mejorarlo o adaptarlo. Estas modificaciones y actualizaciones son vinculantes para el usuario de Internet, que deber\u00e1, por tanto, consultar regularmente esta secci\u00f3n para comprobar las Condiciones Generales en vigor.<\/p>\n\n\n\n<p>Fecha de la versi\u00f3n: 15\/01\/2016<\/p>\n<\/div>\n\n\n\n<div style=\"height:10rem\" aria-hidden=\"true\" class=\"wp-block-spacer\"><\/div>\n","protected":false},"excerpt":{"rendered":"<p>INFORMACI\u00d3N GENERAL Propietario del sitio web Cofidur EMSDirecci\u00f3n de su domicilio social:COFIDUR EMS79 RUE SAINT MELAINE53000 LAVAL Tel.: 0243674000 Director de la publicaci\u00f3n: Gilles Delaunay Host Raz\u00f3n social: DoyousoftDirecci\u00f3n: 17 Place Pierre S\u00e9mard, 34500 B\u00e9ziersN\u00famero de tel\u00e9fono: 04 67 36 41 53 DERECHOS DE PROPIEDAD INTELECTUAL Derechos de autor Este sitio web constituye una obra [&hellip;]<\/p>\n","protected":false},"author":2,"featured_media":0,"parent":0,"menu_order":7,"comment_status":"closed","ping_status":"closed","template":"","meta":{"_acf_changed":false,"footnotes":""},"class_list":["post-6581","page","type-page","status-publish","hentry"],"acf":[],"yoast_head":"<!-- This site is optimized with the Yoast SEO plugin v27.4 - https:\/\/yoast.com\/product\/yoast-seo-wordpress\/ -->\n<title>Aviso legal &#8212; Codifur EMS<\/title>\n<meta name=\"description\" content=\"Consulte las condiciones de uso del sitio web de Cofidur EMS. El acceso y uso implican la aceptaci\u00f3n de estas condiciones.\" \/>\n<meta name=\"robots\" content=\"index, follow, max-snippet:-1, max-image-preview:large, max-video-preview:-1\" \/>\n<link rel=\"canonical\" href=\"https:\/\/cofidur-ems.com\/es\/aviso-legal\/\" \/>\n<meta property=\"og:locale\" content=\"es_ES\" \/>\n<meta property=\"og:type\" content=\"article\" \/>\n<meta property=\"og:title\" content=\"Aviso legal &#8212; Codifur EMS\" \/>\n<meta property=\"og:description\" content=\"Consulte las condiciones de uso del sitio web de Cofidur EMS. El acceso y uso implican la aceptaci\u00f3n de estas condiciones.\" \/>\n<meta property=\"og:url\" content=\"https:\/\/cofidur-ems.com\/es\/aviso-legal\/\" \/>\n<meta property=\"og:site_name\" content=\"Codifur EMS\" \/>\n<meta property=\"article:modified_time\" content=\"2025-05-22T07:47:23+00:00\" \/>\n<meta name=\"twitter:card\" content=\"summary_large_image\" \/>\n<meta name=\"twitter:label1\" content=\"Tiempo de lectura\" \/>\n\t<meta name=\"twitter:data1\" content=\"4 minutos\" \/>\n<script type=\"application\/ld+json\" class=\"yoast-schema-graph\">{\"@context\":\"https:\\\/\\\/schema.org\",\"@graph\":[{\"@type\":\"WebPage\",\"@id\":\"https:\\\/\\\/cofidur-ems.com\\\/es\\\/aviso-legal\\\/\",\"url\":\"https:\\\/\\\/cofidur-ems.com\\\/es\\\/aviso-legal\\\/\",\"name\":\"Aviso legal &#8212; Codifur EMS\",\"isPartOf\":{\"@id\":\"https:\\\/\\\/cofidur-ems.com\\\/#website\"},\"datePublished\":\"2024-07-02T13:00:02+00:00\",\"dateModified\":\"2025-05-22T07:47:23+00:00\",\"description\":\"Consulte las condiciones de uso del sitio web de Cofidur EMS. El acceso y uso implican la aceptaci\u00f3n de estas condiciones.\",\"breadcrumb\":{\"@id\":\"https:\\\/\\\/cofidur-ems.com\\\/es\\\/aviso-legal\\\/#breadcrumb\"},\"inLanguage\":\"es\",\"potentialAction\":[{\"@type\":\"ReadAction\",\"target\":[\"https:\\\/\\\/cofidur-ems.com\\\/es\\\/aviso-legal\\\/\"]}]},{\"@type\":\"BreadcrumbList\",\"@id\":\"https:\\\/\\\/cofidur-ems.com\\\/es\\\/aviso-legal\\\/#breadcrumb\",\"itemListElement\":[{\"@type\":\"ListItem\",\"position\":1,\"name\":\"Cofidur EMS\",\"item\":\"https:\\\/\\\/cofidur-ems.com\\\/es\\\/\"},{\"@type\":\"ListItem\",\"position\":2,\"name\":\"Aviso legal\"}]},{\"@type\":\"WebSite\",\"@id\":\"https:\\\/\\\/cofidur-ems.com\\\/#website\",\"url\":\"https:\\\/\\\/cofidur-ems.com\\\/\",\"name\":\"Cofidur EMS\",\"description\":\"Votre sous-traitant \u00e9lectronique Fran\u00e7ais\",\"publisher\":{\"@id\":\"https:\\\/\\\/cofidur-ems.com\\\/#organization\"},\"potentialAction\":[{\"@type\":\"SearchAction\",\"target\":{\"@type\":\"EntryPoint\",\"urlTemplate\":\"https:\\\/\\\/cofidur-ems.com\\\/?s={search_term_string}\"},\"query-input\":{\"@type\":\"PropertyValueSpecification\",\"valueRequired\":true,\"valueName\":\"search_term_string\"}}],\"inLanguage\":\"es\"},{\"@type\":\"Organization\",\"@id\":\"https:\\\/\\\/cofidur-ems.com\\\/#organization\",\"name\":\"Cofidur EMS\",\"url\":\"https:\\\/\\\/cofidur-ems.com\\\/\",\"logo\":{\"@type\":\"ImageObject\",\"inLanguage\":\"es\",\"@id\":\"https:\\\/\\\/cofidur-ems.com\\\/#\\\/schema\\\/logo\\\/image\\\/\",\"url\":\"https:\\\/\\\/cofidur-ems.com\\\/wp-content\\\/uploads\\\/2025\\\/04\\\/logo.svg\",\"contentUrl\":\"https:\\\/\\\/cofidur-ems.com\\\/wp-content\\\/uploads\\\/2025\\\/04\\\/logo.svg\",\"width\":310,\"height\":89,\"caption\":\"Cofidur EMS\"},\"image\":{\"@id\":\"https:\\\/\\\/cofidur-ems.com\\\/#\\\/schema\\\/logo\\\/image\\\/\"},\"sameAs\":[\"https:\\\/\\\/www.linkedin.com\\\/company\\\/cofidur-ems\"]}]}<\/script>\n<!-- \/ Yoast SEO plugin. -->","yoast_head_json":{"title":"Aviso legal &#8212; Codifur EMS","description":"Consulte las condiciones de uso del sitio web de Cofidur EMS. El acceso y uso implican la aceptaci\u00f3n de estas condiciones.","robots":{"index":"index","follow":"follow","max-snippet":"max-snippet:-1","max-image-preview":"max-image-preview:large","max-video-preview":"max-video-preview:-1"},"canonical":"https:\/\/cofidur-ems.com\/es\/aviso-legal\/","og_locale":"es_ES","og_type":"article","og_title":"Aviso legal &#8212; Codifur EMS","og_description":"Consulte las condiciones de uso del sitio web de Cofidur EMS. El acceso y uso implican la aceptaci\u00f3n de estas condiciones.","og_url":"https:\/\/cofidur-ems.com\/es\/aviso-legal\/","og_site_name":"Codifur EMS","article_modified_time":"2025-05-22T07:47:23+00:00","twitter_card":"summary_large_image","twitter_misc":{"Tiempo de lectura":"4 minutos"},"schema":{"@context":"https:\/\/schema.org","@graph":[{"@type":"WebPage","@id":"https:\/\/cofidur-ems.com\/es\/aviso-legal\/","url":"https:\/\/cofidur-ems.com\/es\/aviso-legal\/","name":"Aviso legal &#8212; Codifur EMS","isPartOf":{"@id":"https:\/\/cofidur-ems.com\/#website"},"datePublished":"2024-07-02T13:00:02+00:00","dateModified":"2025-05-22T07:47:23+00:00","description":"Consulte las condiciones de uso del sitio web de Cofidur EMS. El acceso y uso implican la aceptaci\u00f3n de estas condiciones.","breadcrumb":{"@id":"https:\/\/cofidur-ems.com\/es\/aviso-legal\/#breadcrumb"},"inLanguage":"es","potentialAction":[{"@type":"ReadAction","target":["https:\/\/cofidur-ems.com\/es\/aviso-legal\/"]}]},{"@type":"BreadcrumbList","@id":"https:\/\/cofidur-ems.com\/es\/aviso-legal\/#breadcrumb","itemListElement":[{"@type":"ListItem","position":1,"name":"Cofidur EMS","item":"https:\/\/cofidur-ems.com\/es\/"},{"@type":"ListItem","position":2,"name":"Aviso legal"}]},{"@type":"WebSite","@id":"https:\/\/cofidur-ems.com\/#website","url":"https:\/\/cofidur-ems.com\/","name":"Cofidur EMS","description":"Votre sous-traitant \u00e9lectronique Fran\u00e7ais","publisher":{"@id":"https:\/\/cofidur-ems.com\/#organization"},"potentialAction":[{"@type":"SearchAction","target":{"@type":"EntryPoint","urlTemplate":"https:\/\/cofidur-ems.com\/?s={search_term_string}"},"query-input":{"@type":"PropertyValueSpecification","valueRequired":true,"valueName":"search_term_string"}}],"inLanguage":"es"},{"@type":"Organization","@id":"https:\/\/cofidur-ems.com\/#organization","name":"Cofidur EMS","url":"https:\/\/cofidur-ems.com\/","logo":{"@type":"ImageObject","inLanguage":"es","@id":"https:\/\/cofidur-ems.com\/#\/schema\/logo\/image\/","url":"https:\/\/cofidur-ems.com\/wp-content\/uploads\/2025\/04\/logo.svg","contentUrl":"https:\/\/cofidur-ems.com\/wp-content\/uploads\/2025\/04\/logo.svg","width":310,"height":89,"caption":"Cofidur EMS"},"image":{"@id":"https:\/\/cofidur-ems.com\/#\/schema\/logo\/image\/"},"sameAs":["https:\/\/www.linkedin.com\/company\/cofidur-ems"]}]}},"_links":{"self":[{"href":"https:\/\/cofidur-ems.com\/es\/wp-json\/wp\/v2\/pages\/6581","targetHints":{"allow":["GET"]}}],"collection":[{"href":"https:\/\/cofidur-ems.com\/es\/wp-json\/wp\/v2\/pages"}],"about":[{"href":"https:\/\/cofidur-ems.com\/es\/wp-json\/wp\/v2\/types\/page"}],"author":[{"embeddable":true,"href":"https:\/\/cofidur-ems.com\/es\/wp-json\/wp\/v2\/users\/2"}],"replies":[{"embeddable":true,"href":"https:\/\/cofidur-ems.com\/es\/wp-json\/wp\/v2\/comments?post=6581"}],"version-history":[{"count":2,"href":"https:\/\/cofidur-ems.com\/es\/wp-json\/wp\/v2\/pages\/6581\/revisions"}],"predecessor-version":[{"id":6808,"href":"https:\/\/cofidur-ems.com\/es\/wp-json\/wp\/v2\/pages\/6581\/revisions\/6808"}],"wp:attachment":[{"href":"https:\/\/cofidur-ems.com\/es\/wp-json\/wp\/v2\/media?parent=6581"}],"curies":[{"name":"wp","href":"https:\/\/api.w.org\/{rel}","templated":true}]}}