{"id":6573,"date":"2024-12-04T15:23:22","date_gmt":"2024-12-04T14:23:22","guid":{"rendered":"https:\/\/cofidur-ems.com\/contact\/"},"modified":"2025-05-22T09:47:20","modified_gmt":"2025-05-22T07:47:20","slug":"contacto","status":"publish","type":"page","link":"https:\/\/cofidur-ems.com\/es\/contacto\/","title":{"rendered":"Contacto"},"content":{"rendered":"\n<div style=\"height:50px\" aria-hidden=\"true\" class=\"wp-block-spacer\"><\/div>\n\n\n<section class=\"banner_page \"><div class=\"inner\"><div class=\"banner_page_container banner_width \"><h1 class=\"title-deco\">Contacto<\/h1><\/div><\/div><\/section>\n\n\n<div style=\"height:50px\" aria-hidden=\"true\" class=\"wp-block-spacer\"><\/div>\n\n\n\n<section\n    class=\"block block-contact  container-fluid background-violet  main\">\n    \n    <div class=\"row\">\n        <div class=\"col-lg-4 col-sm-12 col-md-4 p-0\">\n                        <div class=\"image\">\n                <img decoding=\"async\" src=\"https:\/\/cofidur-ems.com\/wp-content\/uploads\/2024\/12\/cofidur-scientist-1.jpg\" alt=\"\"\n                    title=\"cofidur scientist\">\n            <\/div>\n                    <\/div>\n        <div class=\"col-lg-6 col-sm-12 col-md-6 mr-auto pb-6 pt-6 pl-1 pr-2\">\n            \n<div class=\"wpcf7 no-js\" id=\"wpcf7-f6867-o1\" lang=\"es-ES\" dir=\"ltr\" data-wpcf7-id=\"6867\">\n<div class=\"screen-reader-response\"><p role=\"status\" aria-live=\"polite\" aria-atomic=\"true\"><\/p> <ul><\/ul><\/div>\n<form action=\"\/es\/wp-json\/wp\/v2\/pages\/6573#wpcf7-f6867-o1\" method=\"post\" class=\"wpcf7-form init\" aria-label=\"Formulario de contacto\" novalidate=\"novalidate\" data-status=\"init\">\n<fieldset class=\"hidden-fields-container\"><input type=\"hidden\" name=\"_wpcf7\" value=\"6867\" \/><input type=\"hidden\" name=\"_wpcf7_version\" value=\"6.1.5\" \/><input type=\"hidden\" name=\"_wpcf7_locale\" value=\"es_ES\" \/><input type=\"hidden\" name=\"_wpcf7_unit_tag\" value=\"wpcf7-f6867-o1\" \/><input type=\"hidden\" name=\"_wpcf7_container_post\" value=\"0\" \/><input type=\"hidden\" name=\"_wpcf7_posted_data_hash\" value=\"\" \/>\n<\/fieldset>\n<label>Apellido*<span class=\"wpcf7-form-control-wrap\" data-name=\"nom\"><input size=\"40\" maxlength=\"400\" class=\"wpcf7-form-control wpcf7-text wpcf7-validates-as-required\" aria-required=\"true\" aria-invalid=\"false\" placeholder=\"Introduce tu apellido...\" value=\"\" type=\"text\" name=\"nom\" \/><\/span><\/label>\n<label>Nombre*<span class=\"wpcf7-form-control-wrap\" data-name=\"prenom\"><input size=\"40\" maxlength=\"400\" class=\"wpcf7-form-control wpcf7-text wpcf7-validates-as-required\" aria-required=\"true\" aria-invalid=\"false\" placeholder=\"Introduce tu nombre...\" value=\"\" type=\"text\" name=\"prenom\" \/><\/span><\/label>\n<label>Correo electr\u00f3nico*<span class=\"wpcf7-form-control-wrap\" data-name=\"email\"><input size=\"40\" maxlength=\"400\" class=\"wpcf7-form-control wpcf7-email wpcf7-validates-as-required wpcf7-text wpcf7-validates-as-email\" aria-required=\"true\" aria-invalid=\"false\" placeholder=\"Introduce tu correo electr\u00f3nico...\" value=\"\" type=\"email\" name=\"email\" \/><\/span><\/label>\n<label>Tel\u00e9fono*<span class=\"wpcf7-form-control-wrap\" data-name=\"telephone\"><input size=\"40\" maxlength=\"400\" class=\"wpcf7-form-control wpcf7-tel wpcf7-validates-as-required wpcf7-text wpcf7-validates-as-tel\" aria-required=\"true\" aria-invalid=\"false\" placeholder=\"Introduce tu n\u00famero de tel\u00e9fono...\" value=\"\" type=\"tel\" name=\"telephone\" \/><\/span><\/label>\n<label>C\u00f3digo postal*<span class=\"wpcf7-form-control-wrap\" data-name=\"codepostal\"><input size=\"40\" maxlength=\"400\" class=\"wpcf7-form-control wpcf7-text wpcf7-validates-as-required\" aria-required=\"true\" aria-invalid=\"false\" placeholder=\"Introduce tu c\u00f3digo postal...\" value=\"\" type=\"text\" name=\"codepostal\" \/><\/span><\/label>\n<label class=\"mt-2 mb-2\">Tu solicitud se refiere a<span class=\"wpcf7-form-control-wrap\" data-name=\"objet\"><select class=\"wpcf7-form-control wpcf7-select\" aria-invalid=\"false\" name=\"objet\"><option value=\"Deseo ser contactado\/a por un comercial\">Deseo ser contactado\/a por un comercial<\/option><option value=\"Deseo informaci\u00f3n para iniciar un nuevo proyecto\">Deseo informaci\u00f3n para iniciar un nuevo proyecto<\/option><option value=\"Busco asesoramiento y acompa\u00f1amiento para el desarrollo de un nuevo producto\">Busco asesoramiento y acompa\u00f1amiento para el desarrollo de un nuevo producto<\/option><option value=\"\u00bfOtro tema?\">\u00bfOtro tema?<\/option><\/select><\/span><\/label>\n<label class=\"mt-2 mb-2\">Mensaje*<span class=\"wpcf7-form-control-wrap\" data-name=\"message\"><textarea cols=\"40\" rows=\"10\" maxlength=\"2000\" class=\"wpcf7-form-control wpcf7-textarea wpcf7-validates-as-required\" aria-required=\"true\" aria-invalid=\"false\" name=\"message\">Hola,<\/textarea><\/span><\/label>\n<span class=\"wpcf7-form-control-wrap\" data-name=\"acceptance\"><span class=\"wpcf7-form-control wpcf7-acceptance\"><span class=\"wpcf7-list-item\"><label><input type=\"checkbox\" name=\"acceptance\" value=\"1\" aria-invalid=\"false\" \/><span class=\"wpcf7-list-item-label\">Al marcar esta casilla, aceptas el uso de tus datos personales por parte de Cofidur para el tratamiento de tu solicitud. Tienes derecho a acceder, rectificar o eliminar estos datos. Para m\u00e1s informaci\u00f3n, haz clic <a href=\"\/politique-de-confidentialite\/\">aqu\u00ed<\/a>.<\/span><\/label><\/span><\/span><\/span>\n<span class=\"wpcf7-form-control-wrap\" data-name=\"hcap-cf7\">\t\t<input\n\t\t\t\ttype=\"hidden\"\n\t\t\t\tclass=\"hcaptcha-widget-id\"\n\t\t\t\tname=\"hcaptcha-widget-id\"\n\t\t\t\tvalue=\"eyJzb3VyY2UiOlsiY29udGFjdC1mb3JtLTdcL3dwLWNvbnRhY3QtZm9ybS03LnBocCJdLCJmb3JtX2lkIjowfQ==-3be2a01b56427e4d17111f69396dd23c\">\n\t\t\t\t<span id=\"hcap_cf7-69e669433ef817.05030124\" class=\"wpcf7-form-control h-captcha \"\n\t\t\tdata-sitekey=\"7c72acd4-286c-4226-b5f2-6a7479b2ebf6\"\n\t\t\tdata-theme=\"light\"\n\t\t\tdata-size=\"normal\"\n\t\t\tdata-auto=\"false\"\n\t\t\tdata-ajax=\"false\"\n\t\t\tdata-force=\"false\">\n\t\t<\/span>\n\t\t<input type=\"hidden\" id=\"_wpnonce\" name=\"_wpnonce\" value=\"30e2ab8462\" \/><input type=\"hidden\" name=\"_wp_http_referer\" value=\"\/es\/wp-json\/wp\/v2\/pages\/6573\" \/><\/span><input class=\"wpcf7-form-control wpcf7-submit has-spinner btn_send_mail btn\" type=\"submit\" value=\"Enviar\" \/><div class=\"wpcf7-response-output\" aria-hidden=\"true\"><\/div>\n<\/form>\n<\/div>\n        <\/div>\n    <\/div>\n<\/section>\n\n<section class=\"carte_container bg-gris\"><div class=\"inner\"><span class=\"h2 bold title-carte\">\u00bfD\u00f3nde encontrarnos?<\/span><h2 class=\"title-carte\">2 sitios en Francia y una soluci\u00f3n de mejor costo<\/h2><div class=\"map-container flexRow flexColTablet\"><div id=\"map_69e6694341a24\" class=\"map\"><\/div><div class=\"implantations-menu\"><div class=\"implantation-item p-2 bg-blanc\"><h3 class=\"h5 text-bleu\">Cofidur EMS<\/h3><div class=\"flexRow full\"><p class=\"pr-3 demi\" style=\"font-weight:500\">79 Rue Saint-M\u00e9laine<br \/>\r\n53000 Laval, Francia<br \/>\r\n<br \/>\r\n<\/p><p class=\"demi light\">De lunes a viernes: <br \/>\r\n08:00 \u2013 16:30<br \/>\r\n<br \/>\r\n<\/p><\/div><a href=\"\/contact\/\" class=\"bouton secondary\" title=\"Contacter Cofidur EMS\">Cont\u00e1ctenos<\/a><\/div><div class=\"implantation-item p-2 bg-blanc\"><h3 class=\"h5 text-bleu\">Cofidur EMS<\/h3><div class=\"flexRow full\"><p class=\"pr-3 demi\" style=\"font-weight:500\">Avenida Firmin Bouvier 15<br \/>\r\n24750 Boulazac Isle Manoire, Francia<\/p><p class=\"demi light\">De lunes a viernes: <br \/>\r\n08:00 \u2013 16:30<br \/>\r\n<br \/>\r\n<\/p><\/div><a href=\"\/contact\/\" class=\"bouton secondary\" title=\"Contacter Cofidur EMS\">Cont\u00e1ctenos<\/a><\/div><div class=\"implantation-item p-2 bg-blanc\"><h3 class=\"h5 text-bleu\">COFITEL<\/h3><div class=\"flexRow full\"><p class=\"pr-3 demi\" style=\"font-weight:500\">20 rue de la Chimie<br \/>\r\n2033 M\u00e9grine, T\u00fanez<\/p><p class=\"demi light\">De lunes a viernes: <br \/>\r\n08:00 \u2013 16:30<\/p><\/div><a href=\"\/contact\/\" class=\"bouton secondary\" title=\"Contacter COFITEL\">Cont\u00e1ctenos<\/a><\/div><\/div><\/div><\/div><div class=\"website-link-container\"><div class=\"website-link p-5\"><figure> <img decoding=\"async\" src=\"https:\/\/cofidur-ems.com\/wp-content\/uploads\/2024\/12\/logo_cofidur.svg\" alt=\"\" title=\"Logo Cofidur EMS\"><\/figure><p class=\"text-uppercase\">Nuestro sitio web<\/p><a href=\"https:\/\/www.cofidur-groupe.com\/\" title=\"Venga a descubrir el Grupo COFIDUR\" target=\"_blank\" class=\"bouton secondary\">Venga a descubrir el Grupo COFIDUR<\/a><\/div><\/div><\/section><link rel=\"stylesheet\" href=\"https:\/\/unpkg.com\/leaflet@1.7.1\/dist\/leaflet.css\" \/><script src=\"https:\/\/unpkg.com\/leaflet@1.7.1\/dist\/leaflet.js\"><\/script><script>\ndocument.addEventListener(\"DOMContentLoaded\", function() {\n    const mapId = 'map_69e6694341a24';\n    const map = L.map(mapId).setView([43.717, -0.5], 5); \/\/ Coordonn\u00e9es et zoom par d\u00e9faut\n\n    L.tileLayer('https:\/\/{s}.tile.openstreetmap.org\/{z}\/{x}\/{y}.png', {\n        attribution: '&copy; <a href=\"https:\/\/www.openstreetmap.org\/copyright\">OpenStreetMap<\/a> contributors'\n    }).addTo(map);\n\n    \/\/ D\u00e9finir l'ic\u00f4ne personnalis\u00e9e\n    const customIcon = L.icon({\n        iconUrl: 'https:\/\/cofidur-ems.com\/wp-content\/themes\/chronos\/images\/picto-implantations.svg',\n        iconSize: [38, 38], \/\/ Taille de l'ic\u00f4ne\n        iconAnchor: [19, 38], \/\/ Point de l'ic\u00f4ne qui correspondra \u00e0 la position du marqueur\n        popupAnchor: [0, -38] \/\/ Point depuis lequel la popup doit s'ouvrir par rapport \u00e0 l'ic\u00f4ne\n    });\n\n    \/\/ Ajoutez des marqueurs pour chaque implantation\n        L.marker([48.074496954022166, -0.7449424681105354], {\n            icon: customIcon\n        }).addTo(map)\n        .bindPopup(\"Cofidur EMS<br>79 Rue Saint-M\\u00e9laine<br \\\/>\\r\\n53000 Laval, Francia<br \\\/>\\r\\n<br \\\/>\\r\\n\");\n        L.marker([45.17802743040757, 0.7693818115550491], {\n            icon: customIcon\n        }).addTo(map)\n        .bindPopup(\"Cofidur EMS<br>Avenida Firmin Bouvier 15<br \\\/>\\r\\n24750 Boulazac Isle Manoire, Francia\");\n        L.marker([36.763627107140465, 10.238072568875888], {\n            icon: customIcon\n        }).addTo(map)\n        .bindPopup(\"COFITEL<br>20 rue de la Chimie<br \\\/>\\r\\n2033 M\\u00e9grine, T\\u00fanez\");\n    \n    \/\/ Ajuster la hauteur de la carte en fonction de la hauteur de .implantations-menu\n    function adjustMapHeight() {\n        if (window.innerWidth > 1023) {\n            const implantationsMenu = document.querySelector('.implantations-menu');\n            const mapElement = document.getElementById(mapId);\n            if (implantationsMenu && mapElement) {\n                mapElement.style.height = implantationsMenu.offsetHeight + 'px';\n                map.invalidateSize();\n            }\n        } else {\n            const mapElement = document.getElementById(mapId);\n            if (mapElement) {\n                mapElement.style.height = '100%';\n                map.invalidateSize();\n            }\n        }\n    }\n\n    \/\/ Ajuster la hauteur de la carte au chargement et au redimensionnement de la fen\u00eatre\n    adjustMapHeight();\n    window.addEventListener('resize', adjustMapHeight);\n});\n<\/script>","protected":false},"excerpt":{"rendered":"","protected":false},"author":2,"featured_media":0,"parent":0,"menu_order":5,"comment_status":"closed","ping_status":"closed","template":"","meta":{"_acf_changed":false,"footnotes":""},"class_list":["post-6573","page","type-page","status-publish","hentry"],"acf":[],"yoast_head":"<!-- This site is optimized with the Yoast SEO plugin v27.4 - https:\/\/yoast.com\/product\/yoast-seo-wordpress\/ -->\n<title>Contacto &#8212; Codifur EMS<\/title>\n<meta name=\"description\" content=\"Contacte con Cofidur EMS para presupuestos, informaci\u00f3n, soporte de proyectos o empleo. Nuestro equipo est\u00e1 para ayudarle.\" \/>\n<meta name=\"robots\" content=\"index, follow, max-snippet:-1, max-image-preview:large, max-video-preview:-1\" \/>\n<link rel=\"canonical\" href=\"https:\/\/cofidur-ems.com\/es\/contacto\/\" \/>\n<meta property=\"og:locale\" content=\"es_ES\" \/>\n<meta property=\"og:type\" content=\"article\" \/>\n<meta property=\"og:title\" content=\"Contacto &#8212; Codifur EMS\" \/>\n<meta property=\"og:description\" content=\"Contacte con Cofidur EMS para presupuestos, informaci\u00f3n, soporte de proyectos o empleo. Nuestro equipo est\u00e1 para ayudarle.\" \/>\n<meta property=\"og:url\" content=\"https:\/\/cofidur-ems.com\/es\/contacto\/\" \/>\n<meta property=\"og:site_name\" content=\"Codifur EMS\" \/>\n<meta property=\"article:modified_time\" content=\"2025-05-22T07:47:20+00:00\" \/>\n<meta name=\"twitter:card\" content=\"summary_large_image\" \/>\n<meta name=\"twitter:label1\" content=\"Tiempo de lectura\" \/>\n\t<meta name=\"twitter:data1\" content=\"1 minuto\" \/>\n<script type=\"application\/ld+json\" class=\"yoast-schema-graph\">{\"@context\":\"https:\\\/\\\/schema.org\",\"@graph\":[{\"@type\":\"WebPage\",\"@id\":\"https:\\\/\\\/cofidur-ems.com\\\/es\\\/contacto\\\/\",\"url\":\"https:\\\/\\\/cofidur-ems.com\\\/es\\\/contacto\\\/\",\"name\":\"Contacto &#8212; Codifur EMS\",\"isPartOf\":{\"@id\":\"https:\\\/\\\/cofidur-ems.com\\\/#website\"},\"datePublished\":\"2024-12-04T14:23:22+00:00\",\"dateModified\":\"2025-05-22T07:47:20+00:00\",\"description\":\"Contacte con Cofidur EMS para presupuestos, informaci\u00f3n, soporte de proyectos o empleo. Nuestro equipo est\u00e1 para ayudarle.\",\"breadcrumb\":{\"@id\":\"https:\\\/\\\/cofidur-ems.com\\\/es\\\/contacto\\\/#breadcrumb\"},\"inLanguage\":\"es\",\"potentialAction\":[{\"@type\":\"ReadAction\",\"target\":[\"https:\\\/\\\/cofidur-ems.com\\\/es\\\/contacto\\\/\"]}]},{\"@type\":\"BreadcrumbList\",\"@id\":\"https:\\\/\\\/cofidur-ems.com\\\/es\\\/contacto\\\/#breadcrumb\",\"itemListElement\":[{\"@type\":\"ListItem\",\"position\":1,\"name\":\"Cofidur EMS\",\"item\":\"https:\\\/\\\/cofidur-ems.com\\\/es\\\/\"},{\"@type\":\"ListItem\",\"position\":2,\"name\":\"Contacto\"}]},{\"@type\":\"WebSite\",\"@id\":\"https:\\\/\\\/cofidur-ems.com\\\/#website\",\"url\":\"https:\\\/\\\/cofidur-ems.com\\\/\",\"name\":\"Cofidur EMS\",\"description\":\"Votre sous-traitant \u00e9lectronique Fran\u00e7ais\",\"publisher\":{\"@id\":\"https:\\\/\\\/cofidur-ems.com\\\/#organization\"},\"potentialAction\":[{\"@type\":\"SearchAction\",\"target\":{\"@type\":\"EntryPoint\",\"urlTemplate\":\"https:\\\/\\\/cofidur-ems.com\\\/?s={search_term_string}\"},\"query-input\":{\"@type\":\"PropertyValueSpecification\",\"valueRequired\":true,\"valueName\":\"search_term_string\"}}],\"inLanguage\":\"es\"},{\"@type\":\"Organization\",\"@id\":\"https:\\\/\\\/cofidur-ems.com\\\/#organization\",\"name\":\"Cofidur EMS\",\"url\":\"https:\\\/\\\/cofidur-ems.com\\\/\",\"logo\":{\"@type\":\"ImageObject\",\"inLanguage\":\"es\",\"@id\":\"https:\\\/\\\/cofidur-ems.com\\\/#\\\/schema\\\/logo\\\/image\\\/\",\"url\":\"https:\\\/\\\/cofidur-ems.com\\\/wp-content\\\/uploads\\\/2025\\\/04\\\/logo.svg\",\"contentUrl\":\"https:\\\/\\\/cofidur-ems.com\\\/wp-content\\\/uploads\\\/2025\\\/04\\\/logo.svg\",\"width\":310,\"height\":89,\"caption\":\"Cofidur EMS\"},\"image\":{\"@id\":\"https:\\\/\\\/cofidur-ems.com\\\/#\\\/schema\\\/logo\\\/image\\\/\"},\"sameAs\":[\"https:\\\/\\\/www.linkedin.com\\\/company\\\/cofidur-ems\"]}]}<\/script>\n<!-- \/ Yoast SEO plugin. -->","yoast_head_json":{"title":"Contacto &#8212; Codifur EMS","description":"Contacte con Cofidur EMS para presupuestos, informaci\u00f3n, soporte de proyectos o empleo. Nuestro equipo est\u00e1 para ayudarle.","robots":{"index":"index","follow":"follow","max-snippet":"max-snippet:-1","max-image-preview":"max-image-preview:large","max-video-preview":"max-video-preview:-1"},"canonical":"https:\/\/cofidur-ems.com\/es\/contacto\/","og_locale":"es_ES","og_type":"article","og_title":"Contacto &#8212; Codifur EMS","og_description":"Contacte con Cofidur EMS para presupuestos, informaci\u00f3n, soporte de proyectos o empleo. Nuestro equipo est\u00e1 para ayudarle.","og_url":"https:\/\/cofidur-ems.com\/es\/contacto\/","og_site_name":"Codifur EMS","article_modified_time":"2025-05-22T07:47:20+00:00","twitter_card":"summary_large_image","twitter_misc":{"Tiempo de lectura":"1 minuto"},"schema":{"@context":"https:\/\/schema.org","@graph":[{"@type":"WebPage","@id":"https:\/\/cofidur-ems.com\/es\/contacto\/","url":"https:\/\/cofidur-ems.com\/es\/contacto\/","name":"Contacto &#8212; Codifur EMS","isPartOf":{"@id":"https:\/\/cofidur-ems.com\/#website"},"datePublished":"2024-12-04T14:23:22+00:00","dateModified":"2025-05-22T07:47:20+00:00","description":"Contacte con Cofidur EMS para presupuestos, informaci\u00f3n, soporte de proyectos o empleo. Nuestro equipo est\u00e1 para ayudarle.","breadcrumb":{"@id":"https:\/\/cofidur-ems.com\/es\/contacto\/#breadcrumb"},"inLanguage":"es","potentialAction":[{"@type":"ReadAction","target":["https:\/\/cofidur-ems.com\/es\/contacto\/"]}]},{"@type":"BreadcrumbList","@id":"https:\/\/cofidur-ems.com\/es\/contacto\/#breadcrumb","itemListElement":[{"@type":"ListItem","position":1,"name":"Cofidur EMS","item":"https:\/\/cofidur-ems.com\/es\/"},{"@type":"ListItem","position":2,"name":"Contacto"}]},{"@type":"WebSite","@id":"https:\/\/cofidur-ems.com\/#website","url":"https:\/\/cofidur-ems.com\/","name":"Cofidur EMS","description":"Votre sous-traitant \u00e9lectronique Fran\u00e7ais","publisher":{"@id":"https:\/\/cofidur-ems.com\/#organization"},"potentialAction":[{"@type":"SearchAction","target":{"@type":"EntryPoint","urlTemplate":"https:\/\/cofidur-ems.com\/?s={search_term_string}"},"query-input":{"@type":"PropertyValueSpecification","valueRequired":true,"valueName":"search_term_string"}}],"inLanguage":"es"},{"@type":"Organization","@id":"https:\/\/cofidur-ems.com\/#organization","name":"Cofidur EMS","url":"https:\/\/cofidur-ems.com\/","logo":{"@type":"ImageObject","inLanguage":"es","@id":"https:\/\/cofidur-ems.com\/#\/schema\/logo\/image\/","url":"https:\/\/cofidur-ems.com\/wp-content\/uploads\/2025\/04\/logo.svg","contentUrl":"https:\/\/cofidur-ems.com\/wp-content\/uploads\/2025\/04\/logo.svg","width":310,"height":89,"caption":"Cofidur EMS"},"image":{"@id":"https:\/\/cofidur-ems.com\/#\/schema\/logo\/image\/"},"sameAs":["https:\/\/www.linkedin.com\/company\/cofidur-ems"]}]}},"_links":{"self":[{"href":"https:\/\/cofidur-ems.com\/es\/wp-json\/wp\/v2\/pages\/6573","targetHints":{"allow":["GET"]}}],"collection":[{"href":"https:\/\/cofidur-ems.com\/es\/wp-json\/wp\/v2\/pages"}],"about":[{"href":"https:\/\/cofidur-ems.com\/es\/wp-json\/wp\/v2\/types\/page"}],"author":[{"embeddable":true,"href":"https:\/\/cofidur-ems.com\/es\/wp-json\/wp\/v2\/users\/2"}],"replies":[{"embeddable":true,"href":"https:\/\/cofidur-ems.com\/es\/wp-json\/wp\/v2\/comments?post=6573"}],"version-history":[{"count":2,"href":"https:\/\/cofidur-ems.com\/es\/wp-json\/wp\/v2\/pages\/6573\/revisions"}],"predecessor-version":[{"id":6860,"href":"https:\/\/cofidur-ems.com\/es\/wp-json\/wp\/v2\/pages\/6573\/revisions\/6860"}],"wp:attachment":[{"href":"https:\/\/cofidur-ems.com\/es\/wp-json\/wp\/v2\/media?parent=6573"}],"curies":[{"name":"wp","href":"https:\/\/api.w.org\/{rel}","templated":true}]}}