{"id":6569,"date":"2024-12-05T11:38:21","date_gmt":"2024-12-05T10:38:21","guid":{"rendered":"https:\/\/cofidur-ems.com\/plan-du-site\/"},"modified":"2025-05-22T09:47:20","modified_gmt":"2025-05-22T07:47:20","slug":"mapa-del-sitio","status":"publish","type":"page","link":"https:\/\/cofidur-ems.com\/es\/mapa-del-sitio\/","title":{"rendered":"Mapa del sitio"},"content":{"rendered":"<section class=\"banner_page \"><div class=\"inner\"><div class=\"banner_page_container banner_width \"><h1 class=\"title-deco\">Mapa del sitio<\/h1><p class=\"\">Bienvenido a la p\u00e1gina del Mapa del sitio de COFIDUR. Esta secci\u00f3n le ofrece una visi\u00f3n general estructurada de todas las p\u00e1ginas y secciones disponibles en nuestro sitio web.<\/p><\/div><\/div><\/section>\n\n\n<div style=\"height:5rem\" aria-hidden=\"true\" class=\"wp-block-spacer\"><\/div>\n\n\n\n<div class=\"wp-block-group plan_du_site is-layout-constrained wp-block-group-is-layout-constrained\"><ul class=\"wp-block-page-list\"><li class=\"wp-block-pages-list__item menu-item-home\"><a class=\"wp-block-pages-list__item__link\" href=\"https:\/\/cofidur-ems.com\/es\/\">Inicio<\/a><\/li><li class=\"wp-block-pages-list__item\"><a class=\"wp-block-pages-list__item__link\" href=\"https:\/\/cofidur-ems.com\/es\/noticias\/\">Noticias<\/a><\/li><li class=\"wp-block-pages-list__item\"><a class=\"wp-block-pages-list__item__link\" href=\"https:\/\/cofidur-ems.com\/es\/nuestra-experiencia\/\">Nuestra experiencia<\/a><\/li><li class=\"wp-block-pages-list__item has-child\"><a class=\"wp-block-pages-list__item__link\" href=\"https:\/\/cofidur-ems.com\/es\/nuestras-soluciones\/\">Nuestras soluciones<\/a><ul class=\"wp-block-navigation__submenu-container\"><li class=\"wp-block-pages-list__item \"><a class=\"wp-block-pages-list__item__link\" href=\"https:\/\/cofidur-ems.com\/es\/nuestras-soluciones\/aeronautica-civil\/\">Aeron\u00e1utica civil<\/a><\/li><li class=\"wp-block-pages-list__item \"><a class=\"wp-block-pages-list__item__link\" href=\"https:\/\/cofidur-ems.com\/es\/nuestras-soluciones\/ciudades-inteligentes\/\">Ciudades inteligentes<\/a><\/li><li class=\"wp-block-pages-list__item \"><a class=\"wp-block-pages-list__item__link\" href=\"https:\/\/cofidur-ems.com\/es\/nuestras-soluciones\/datos-y-telecomunicaciones\/\">Datos y telecomunicaciones<\/a><\/li><li class=\"wp-block-pages-list__item \"><a class=\"wp-block-pages-list__item__link\" href=\"https:\/\/cofidur-ems.com\/es\/nuestras-soluciones\/ferroviaria\/\">Ferroviaria<\/a><\/li><li class=\"wp-block-pages-list__item \"><a class=\"wp-block-pages-list__item__link\" href=\"https:\/\/cofidur-ems.com\/es\/nuestras-soluciones\/iluminacion\/\">Iluminaci\u00f3n<\/a><\/li><li class=\"wp-block-pages-list__item \"><a class=\"wp-block-pages-list__item__link\" href=\"https:\/\/cofidur-ems.com\/es\/nuestras-soluciones\/medicina\/\">Medicina<\/a><\/li><li class=\"wp-block-pages-list__item \"><a class=\"wp-block-pages-list__item__link\" href=\"https:\/\/cofidur-ems.com\/es\/nuestras-soluciones\/militar-y-municion\/\">Militar y munici\u00f3n<\/a><\/li><\/ul><\/li><li class=\"wp-block-pages-list__item\"><a class=\"wp-block-pages-list__item__link\" href=\"https:\/\/cofidur-ems.com\/es\/nuestro-enfoque-de-rse\/\">NUESTRO ENFOQUE DE RSE<\/a><\/li><li class=\"wp-block-pages-list__item\"><a class=\"wp-block-pages-list__item__link\" href=\"https:\/\/cofidur-ems.com\/es\/nos-sites-de-production\/\">Nuestros centros de producci\u00f3n<\/a><\/li><li class=\"wp-block-pages-list__item\"><a class=\"wp-block-pages-list__item__link\" href=\"https:\/\/cofidur-ems.com\/es\/sobre-nosotros\/\">Sobre nosotros<\/a><\/li><li class=\"wp-block-pages-list__item\"><a class=\"wp-block-pages-list__item__link\" href=\"https:\/\/cofidur-ems.com\/es\/contacto\/\">Contacto<\/a><\/li><li class=\"wp-block-pages-list__item\"><a class=\"wp-block-pages-list__item__link\" href=\"https:\/\/cofidur-ems.com\/es\/aviso-legal\/\">Aviso legal<\/a><\/li><li class=\"wp-block-pages-list__item\"><a class=\"wp-block-pages-list__item__link\" href=\"https:\/\/cofidur-ems.com\/es\/politica-de-confidencialidad\/\">Pol\u00edtica de confidencialidad<\/a><\/li><li class=\"wp-block-pages-list__item\"><a class=\"wp-block-pages-list__item__link\" href=\"https:\/\/cofidur-ems.com\/es\/politique-de-cookies\/\">Politique de cookies<\/a><\/li><li class=\"wp-block-pages-list__item\"><a class=\"wp-block-pages-list__item__link\" href=\"https:\/\/cofidur-ems.com\/es\/mapa-del-sitio\/\">Mapa del sitio<\/a><\/li><\/ul><\/div>\n\n\n\n<div style=\"height:10rem\" aria-hidden=\"true\" class=\"wp-block-spacer\"><\/div>\n","protected":false},"excerpt":{"rendered":"","protected":false},"author":2,"featured_media":0,"parent":0,"menu_order":10,"comment_status":"closed","ping_status":"closed","template":"","meta":{"_acf_changed":false,"footnotes":""},"class_list":["post-6569","page","type-page","status-publish","hentry"],"acf":[],"yoast_head":"<!-- This site is optimized with the Yoast SEO plugin v27.4 - https:\/\/yoast.com\/product\/yoast-seo-wordpress\/ -->\n<title>Mapa del sitio &#8212; Codifur EMS<\/title>\n<meta name=\"description\" content=\"Acceda f\u00e1cilmente a todas las p\u00e1ginas del sitio web de Cofidur EMS con nuestro mapa del sitio: servicios, noticias, contacto y m\u00e1s.\" \/>\n<meta name=\"robots\" content=\"index, follow, max-snippet:-1, max-image-preview:large, max-video-preview:-1\" \/>\n<link rel=\"canonical\" href=\"https:\/\/cofidur-ems.com\/es\/mapa-del-sitio\/\" \/>\n<meta property=\"og:locale\" content=\"es_ES\" \/>\n<meta property=\"og:type\" content=\"article\" \/>\n<meta property=\"og:title\" content=\"Mapa del sitio &#8212; Codifur EMS\" \/>\n<meta property=\"og:description\" content=\"Acceda f\u00e1cilmente a todas las p\u00e1ginas del sitio web de Cofidur EMS con nuestro mapa del sitio: servicios, noticias, contacto y m\u00e1s.\" \/>\n<meta property=\"og:url\" content=\"https:\/\/cofidur-ems.com\/es\/mapa-del-sitio\/\" \/>\n<meta property=\"og:site_name\" content=\"Codifur EMS\" \/>\n<meta property=\"article:modified_time\" content=\"2025-05-22T07:47:20+00:00\" \/>\n<meta name=\"twitter:card\" content=\"summary_large_image\" \/>\n<meta name=\"twitter:label1\" content=\"Tiempo de lectura\" \/>\n\t<meta name=\"twitter:data1\" content=\"1 minuto\" \/>\n<script type=\"application\/ld+json\" class=\"yoast-schema-graph\">{\"@context\":\"https:\\\/\\\/schema.org\",\"@graph\":[{\"@type\":\"WebPage\",\"@id\":\"https:\\\/\\\/cofidur-ems.com\\\/es\\\/mapa-del-sitio\\\/\",\"url\":\"https:\\\/\\\/cofidur-ems.com\\\/es\\\/mapa-del-sitio\\\/\",\"name\":\"Mapa del sitio &#8212; Codifur EMS\",\"isPartOf\":{\"@id\":\"https:\\\/\\\/cofidur-ems.com\\\/#website\"},\"datePublished\":\"2024-12-05T10:38:21+00:00\",\"dateModified\":\"2025-05-22T07:47:20+00:00\",\"description\":\"Acceda f\u00e1cilmente a todas las p\u00e1ginas del sitio web de Cofidur EMS con nuestro mapa del sitio: servicios, noticias, contacto y m\u00e1s.\",\"breadcrumb\":{\"@id\":\"https:\\\/\\\/cofidur-ems.com\\\/es\\\/mapa-del-sitio\\\/#breadcrumb\"},\"inLanguage\":\"es\",\"potentialAction\":[{\"@type\":\"ReadAction\",\"target\":[\"https:\\\/\\\/cofidur-ems.com\\\/es\\\/mapa-del-sitio\\\/\"]}]},{\"@type\":\"BreadcrumbList\",\"@id\":\"https:\\\/\\\/cofidur-ems.com\\\/es\\\/mapa-del-sitio\\\/#breadcrumb\",\"itemListElement\":[{\"@type\":\"ListItem\",\"position\":1,\"name\":\"Cofidur EMS\",\"item\":\"https:\\\/\\\/cofidur-ems.com\\\/es\\\/\"},{\"@type\":\"ListItem\",\"position\":2,\"name\":\"Mapa del sitio\"}]},{\"@type\":\"WebSite\",\"@id\":\"https:\\\/\\\/cofidur-ems.com\\\/#website\",\"url\":\"https:\\\/\\\/cofidur-ems.com\\\/\",\"name\":\"Cofidur EMS\",\"description\":\"Votre sous-traitant \u00e9lectronique Fran\u00e7ais\",\"publisher\":{\"@id\":\"https:\\\/\\\/cofidur-ems.com\\\/#organization\"},\"potentialAction\":[{\"@type\":\"SearchAction\",\"target\":{\"@type\":\"EntryPoint\",\"urlTemplate\":\"https:\\\/\\\/cofidur-ems.com\\\/?s={search_term_string}\"},\"query-input\":{\"@type\":\"PropertyValueSpecification\",\"valueRequired\":true,\"valueName\":\"search_term_string\"}}],\"inLanguage\":\"es\"},{\"@type\":\"Organization\",\"@id\":\"https:\\\/\\\/cofidur-ems.com\\\/#organization\",\"name\":\"Cofidur EMS\",\"url\":\"https:\\\/\\\/cofidur-ems.com\\\/\",\"logo\":{\"@type\":\"ImageObject\",\"inLanguage\":\"es\",\"@id\":\"https:\\\/\\\/cofidur-ems.com\\\/#\\\/schema\\\/logo\\\/image\\\/\",\"url\":\"https:\\\/\\\/cofidur-ems.com\\\/wp-content\\\/uploads\\\/2025\\\/04\\\/logo.svg\",\"contentUrl\":\"https:\\\/\\\/cofidur-ems.com\\\/wp-content\\\/uploads\\\/2025\\\/04\\\/logo.svg\",\"width\":310,\"height\":89,\"caption\":\"Cofidur EMS\"},\"image\":{\"@id\":\"https:\\\/\\\/cofidur-ems.com\\\/#\\\/schema\\\/logo\\\/image\\\/\"},\"sameAs\":[\"https:\\\/\\\/www.linkedin.com\\\/company\\\/cofidur-ems\"]}]}<\/script>\n<!-- \/ Yoast SEO plugin. -->","yoast_head_json":{"title":"Mapa del sitio &#8212; Codifur EMS","description":"Acceda f\u00e1cilmente a todas las p\u00e1ginas del sitio web de Cofidur EMS con nuestro mapa del sitio: servicios, noticias, contacto y m\u00e1s.","robots":{"index":"index","follow":"follow","max-snippet":"max-snippet:-1","max-image-preview":"max-image-preview:large","max-video-preview":"max-video-preview:-1"},"canonical":"https:\/\/cofidur-ems.com\/es\/mapa-del-sitio\/","og_locale":"es_ES","og_type":"article","og_title":"Mapa del sitio &#8212; Codifur EMS","og_description":"Acceda f\u00e1cilmente a todas las p\u00e1ginas del sitio web de Cofidur EMS con nuestro mapa del sitio: servicios, noticias, contacto y m\u00e1s.","og_url":"https:\/\/cofidur-ems.com\/es\/mapa-del-sitio\/","og_site_name":"Codifur EMS","article_modified_time":"2025-05-22T07:47:20+00:00","twitter_card":"summary_large_image","twitter_misc":{"Tiempo de lectura":"1 minuto"},"schema":{"@context":"https:\/\/schema.org","@graph":[{"@type":"WebPage","@id":"https:\/\/cofidur-ems.com\/es\/mapa-del-sitio\/","url":"https:\/\/cofidur-ems.com\/es\/mapa-del-sitio\/","name":"Mapa del sitio &#8212; Codifur EMS","isPartOf":{"@id":"https:\/\/cofidur-ems.com\/#website"},"datePublished":"2024-12-05T10:38:21+00:00","dateModified":"2025-05-22T07:47:20+00:00","description":"Acceda f\u00e1cilmente a todas las p\u00e1ginas del sitio web de Cofidur EMS con nuestro mapa del sitio: servicios, noticias, contacto y m\u00e1s.","breadcrumb":{"@id":"https:\/\/cofidur-ems.com\/es\/mapa-del-sitio\/#breadcrumb"},"inLanguage":"es","potentialAction":[{"@type":"ReadAction","target":["https:\/\/cofidur-ems.com\/es\/mapa-del-sitio\/"]}]},{"@type":"BreadcrumbList","@id":"https:\/\/cofidur-ems.com\/es\/mapa-del-sitio\/#breadcrumb","itemListElement":[{"@type":"ListItem","position":1,"name":"Cofidur EMS","item":"https:\/\/cofidur-ems.com\/es\/"},{"@type":"ListItem","position":2,"name":"Mapa del sitio"}]},{"@type":"WebSite","@id":"https:\/\/cofidur-ems.com\/#website","url":"https:\/\/cofidur-ems.com\/","name":"Cofidur EMS","description":"Votre sous-traitant \u00e9lectronique Fran\u00e7ais","publisher":{"@id":"https:\/\/cofidur-ems.com\/#organization"},"potentialAction":[{"@type":"SearchAction","target":{"@type":"EntryPoint","urlTemplate":"https:\/\/cofidur-ems.com\/?s={search_term_string}"},"query-input":{"@type":"PropertyValueSpecification","valueRequired":true,"valueName":"search_term_string"}}],"inLanguage":"es"},{"@type":"Organization","@id":"https:\/\/cofidur-ems.com\/#organization","name":"Cofidur EMS","url":"https:\/\/cofidur-ems.com\/","logo":{"@type":"ImageObject","inLanguage":"es","@id":"https:\/\/cofidur-ems.com\/#\/schema\/logo\/image\/","url":"https:\/\/cofidur-ems.com\/wp-content\/uploads\/2025\/04\/logo.svg","contentUrl":"https:\/\/cofidur-ems.com\/wp-content\/uploads\/2025\/04\/logo.svg","width":310,"height":89,"caption":"Cofidur EMS"},"image":{"@id":"https:\/\/cofidur-ems.com\/#\/schema\/logo\/image\/"},"sameAs":["https:\/\/www.linkedin.com\/company\/cofidur-ems"]}]}},"_links":{"self":[{"href":"https:\/\/cofidur-ems.com\/es\/wp-json\/wp\/v2\/pages\/6569","targetHints":{"allow":["GET"]}}],"collection":[{"href":"https:\/\/cofidur-ems.com\/es\/wp-json\/wp\/v2\/pages"}],"about":[{"href":"https:\/\/cofidur-ems.com\/es\/wp-json\/wp\/v2\/types\/page"}],"author":[{"embeddable":true,"href":"https:\/\/cofidur-ems.com\/es\/wp-json\/wp\/v2\/users\/2"}],"replies":[{"embeddable":true,"href":"https:\/\/cofidur-ems.com\/es\/wp-json\/wp\/v2\/comments?post=6569"}],"version-history":[{"count":2,"href":"https:\/\/cofidur-ems.com\/es\/wp-json\/wp\/v2\/pages\/6569\/revisions"}],"predecessor-version":[{"id":6817,"href":"https:\/\/cofidur-ems.com\/es\/wp-json\/wp\/v2\/pages\/6569\/revisions\/6817"}],"wp:attachment":[{"href":"https:\/\/cofidur-ems.com\/es\/wp-json\/wp\/v2\/media?parent=6569"}],"curies":[{"name":"wp","href":"https:\/\/api.w.org\/{rel}","templated":true}]}}