{"id":6557,"date":"2025-04-25T16:52:21","date_gmt":"2025-04-25T14:52:21","guid":{"rendered":"https:\/\/cofidur-ems.com\/nos-solutions\/"},"modified":"2025-05-22T09:47:19","modified_gmt":"2025-05-22T07:47:19","slug":"nuestras-soluciones","status":"publish","type":"page","link":"https:\/\/cofidur-ems.com\/es\/nuestras-soluciones\/","title":{"rendered":"Nuestras soluciones"},"content":{"rendered":"<section class=\"banner_page section\"><div class=\"inner\"><div class=\"banner_page_container  \"><h2 class=\"title-deco\">Nuestras soluciones<\/h2><p class=\"\">Estamos a su lado para dar vida a sus proyectos en nuestras \u00e1reas de especializaci\u00f3n.<br \/>\r\n<br \/>\r\n<\/p><div class=\"sommaire\"><ul class=\"row\"><li class=\"col-lg-6 col-xl-4 col-md-6 col-sm-12\"><a class=\"button outline\" href=\"#medical\">Medicina<\/a><\/li><li class=\"col-lg-6 col-xl-4 col-md-6 col-sm-12\"><a class=\"button outline\" href=\"#ferroviaire\">Ferroviara<\/a><\/li><li class=\"col-lg-6 col-xl-4 col-md-6 col-sm-12\"><a class=\"button outline\" href=\"#data\">Datos y telecomunicaciones<\/a><\/li><li class=\"col-lg-6 col-xl-4 col-md-6 col-sm-12\"><a class=\"button outline\" href=\"#aeronautique\">Aeron\u00e1utica civil<\/a><\/li><li class=\"col-lg-6 col-xl-4 col-md-6 col-sm-12\"><a class=\"button outline\" href=\"#defense\">Militar y munici\u00f3n<\/a><\/li><li class=\"col-lg-6 col-xl-4 col-md-6 col-sm-12\"><a class=\"button outline\" href=\"#smart-city\">Ciudades inteligentes<\/a><\/li><li class=\"col-lg-6 col-xl-4 col-md-6 col-sm-12\"><a class=\"button outline\" href=\"#lightning\">Iluminaci\u00f3n<\/a><\/li><\/ul><\/div><\/div><\/div><\/section>\n\n<div class=\"inner\">\n    <\/div>\n<section id=\"medical\" class=\"txtImg_container  no-circle reverse_bloc ModelB  no-bg cyan\">\n\n    <div class=\"txtImg_content_text\">\n        <h2 class=\"title-deco\">Medicina<\/h2><div class=\"text-container\"><p><b>La electr\u00f3nica comprometida con la salud y la innovaci\u00f3n m\u00e9dica.<\/b><\/p>\n<p>Hoy m\u00e1s que nunca, el IoT en el sector de la salud est\u00e1 en plena expansi\u00f3n. En los pr\u00f3ximos cinco a\u00f1os, se destinar\u00e1n 6.000 millones de euros a infraestructuras m\u00e9dicas y 20.000 millones a la investigaci\u00f3n e innovaci\u00f3n en salud, gracias al plan France Relance.<br \/>\nLa digitalizaci\u00f3n y los dispositivos m\u00e9dicos conectados son hoy elementos esenciales e imprescindibles para la modernizaci\u00f3n del sistema sanitario y m\u00e9dico-social.<br \/>\nLa inteligencia artificial, la realidad aumentada, la realidad virtual, la e-salud y la medicina personalizada ser\u00e1n los modelos de uso del ma\u00f1ana, y estamos aqu\u00ed para acompa\u00f1arle en esta revoluci\u00f3n.<\/p>\n<\/div><a href=\"https:\/\/cofidur-ems.com\/es\/nuestras-soluciones\/medicina\/\" class=\"bouton primary\">Saber m\u00e1s<\/a>    <\/div>\n    <div class=\"txtImg_content_image bg-cyan\">\n        <img decoding=\"async\" src=\"https:\/\/cofidur-ems.com\/wp-content\/uploads\/2025\/04\/cofidur-liste-medical.jpg\" alt=\"\" title=\"cofidur liste medical\">    <\/div>\n<\/section>\n\n\n<div class=\"inner\">\n    <\/div>\n<section id=\"ferroviaire\" class=\"txtImg_container  no-circle  ModelB  no-bg bleu\">\n\n    <div class=\"txtImg_content_text\">\n        <h2 class=\"title-deco\">Ferroviaria<\/h2><div class=\"text-container\"><p><strong>La electr\u00f3nica comprometida con la movilidad y el futuro<\/strong><\/p>\n<p>El sector del transporte y la movilidad es una de las prioridades identificadas para responder a la ambici\u00f3n global de Francia 2030: vivir mejor, producir mejor y comprender mejor.<br \/>\nM\u00e1s ecol\u00f3gico, m\u00e1s seguro, m\u00e1s econ\u00f3mico y siempre m\u00e1s r\u00e1pido, el ferrocarril tiene un futuro prometedor.<br \/>\nA esto se a\u00f1ade una creciente conciencia colectiva: reducir nuestro impacto ambiental, y en este \u00e1mbito el ferrocarril no deja oportunidad a otros medios de transporte, con solo 6.1 g de CO\u2082e\/km.<br \/>\nLos trenes aut\u00f3nomos, a hidr\u00f3geno o conectados para promover el mantenimiento predictivo son las grandes tendencias que se est\u00e1n perfilando, y estamos a su lado para acompa\u00f1arlo en esta revoluci\u00f3n tecnol\u00f3gica.<\/p>\n<\/div><a href=\"https:\/\/cofidur-ems.com\/es\/nuestras-soluciones\/ferroviaria\/\" class=\"bouton primary\">Saber m\u00e1s<\/a>    <\/div>\n    <div class=\"txtImg_content_image bg-bleu\">\n        <img decoding=\"async\" src=\"https:\/\/cofidur-ems.com\/wp-content\/uploads\/2025\/04\/cofidur-solution-ferroviaire.jpg\" alt=\"\" title=\"cofidur solution ferroviaire\">    <\/div>\n<\/section>\n\n\n<div class=\"inner\">\n    <\/div>\n<section id=\"data\" class=\"txtImg_container  no-circle reverse_bloc ModelB  no-bg vert\">\n\n    <div class=\"txtImg_content_text\">\n        <h2 class=\"title-deco\">Datos y telecomunicaciones<\/h2><div class=\"text-container\"><p><strong>La electr\u00f3nica comprometida con las telecomunicaciones<\/strong><\/p>\n<p>La adopci\u00f3n masiva de los servicios de telecomunicaciones durante la pandemia ha generado un crecimiento sin precedentes en el mercado mundial de las telecomunicaciones.<br \/>\nLa creciente demanda de conectividad de alta velocidad y protocolos r\u00e1pidos de transferencia de datos est\u00e1 generando nuevas oportunidades.<br \/>\nEsta capacidad aparentemente ilimitada de comunicaci\u00f3n entre las personas a trav\u00e9s de m\u00faltiples terminales, y ma\u00f1ana entre decenas de miles de millones de objetos, sensores, robots, etc., solo ha sido posible gracias a la extraordinaria capacidad de procesamiento y almacenamiento de informaci\u00f3n que poseen las herramientas digitales, reducidas a diminutos procesadores compuestos de elementos nanom\u00e9tricos, y todo esto en un tiempo muy corto, el de una generaci\u00f3n.<br \/>\nCofidur EMS est\u00e1 a su lado para llevar esta din\u00e1mica a\u00fan m\u00e1s lejos.<\/p>\n<\/div><a href=\"https:\/\/cofidur-ems.com\/es\/nuestras-soluciones\/datos-y-telecomunicaciones\/\" class=\"bouton primary\">Saber m\u00e1s<\/a>    <\/div>\n    <div class=\"txtImg_content_image bg-vert\">\n        <img decoding=\"async\" src=\"https:\/\/cofidur-ems.com\/wp-content\/uploads\/2025\/04\/cofidur-solutions-data.jpg\" alt=\"\" title=\"cofidur solutions data\">    <\/div>\n<\/section>\n\n\n<div class=\"inner\">\n    <\/div>\n<section id=\"aeronautique\" class=\"txtImg_container  no-circle  ModelB  no-bg bleu\">\n\n    <div class=\"txtImg_content_text\">\n        <h2 class=\"title-deco\">Aeron\u00e1utica civil<\/h2><div class=\"text-container\"><p><strong>La electr\u00f3nica comprometida con la aeron\u00e1utica<\/strong><\/p>\n<p>La industria aeron\u00e1utica francesa y europea es un sector de excelencia, que combina la innovaci\u00f3n con el rendimiento social y ambiental.<br \/>\nLa reducci\u00f3n del impacto clim\u00e1tico es hoy una prioridad, por lo que el transporte a\u00e9reo debe reducir sus emisiones globales de CO\u2082 para alcanzar la \u00abemisi\u00f3n neta cero\u00bb en 2050.<br \/>\nLos avances en digitalizaci\u00f3n y conectividad, combinados con la modernizaci\u00f3n de la gesti\u00f3n del tr\u00e1fico a\u00e9reo, son palancas de transformaci\u00f3n:<br \/>\npara un salto significativo en la seguridad de los vuelos, con las funciones de asistencia a las tripulaciones, para una fuerte reducci\u00f3n de la huella ambiental del transporte a\u00e9reo y para una mayor productividad y puntualidad de las operaciones a\u00e9reas.<br \/>\nCofidur EMS es su socio ideal para acompa\u00f1arlo en la creaci\u00f3n del avi\u00f3n del ma\u00f1ana: descarbonizado, digital y conectado.<\/p>\n<\/div><a href=\"https:\/\/cofidur-ems.com\/es\/nuestras-soluciones\/aeronautica-civil\/\" class=\"bouton primary\">Saber m\u00e1s<\/a>    <\/div>\n    <div class=\"txtImg_content_image bg-bleu\">\n        <img decoding=\"async\" src=\"https:\/\/cofidur-ems.com\/wp-content\/uploads\/2025\/04\/cofidur-solution-aeronautique.jpg\" alt=\"\" title=\"cofidur solution aeronautique\">    <\/div>\n<\/section>\n\n\n<div class=\"inner\">\n    <\/div>\n<section id=\"defense\" class=\"txtImg_container  no-circle reverse_bloc ModelB  no-bg bleu\">\n\n    <div class=\"txtImg_content_text\">\n        <h2 class=\"title-deco\">Militar y munici\u00f3n<\/h2><div class=\"text-container\"><p><strong>La electr\u00f3nica comprometida con la defensa<\/strong><\/p>\n<p>Para 2022, el presupuesto de las fuerzas armadas se eleva a 41 mil millones de euros, lo que supone un aumento de 1.7 mil millones de euros en comparaci\u00f3n con 2021 y 9 mil millones m\u00e1s que en 2017.<br \/>\nLa Ley de Programaci\u00f3n Militar (LPM) 2019-2025 se enmarca dentro de la Ambici\u00f3n 2030 para construir un modelo de ej\u00e9rcito \u00ab completo y equilibrado \u00bb que est\u00e9 a la altura de los desaf\u00edos estrat\u00e9gicos.<br \/>\nLos fondos liberados aseguran el refuerzo de los equipos clave y permiten inversiones importantes en \u00e1reas como el reclutamiento, la innovaci\u00f3n y sectores estrat\u00e9gicos como el ciberespacio y el \u00e1mbito espacial.<br \/>\nCofidur EMS pone a su disposici\u00f3n su experiencia en los nuevos sectores de la defensa: rob\u00f3tica, inteligencia artificial y simulaci\u00f3n.<\/p>\n<\/div><a href=\"https:\/\/cofidur-ems.com\/es\/nuestras-soluciones\/militar-y-municion\/\" class=\"bouton primary\">Saber m\u00e1s<\/a>    <\/div>\n    <div class=\"txtImg_content_image bg-bleu\">\n        <img decoding=\"async\" src=\"https:\/\/cofidur-ems.com\/wp-content\/uploads\/2025\/04\/cofidur-solutions-defense.jpg\" alt=\"\" title=\"cofidur solutions defense\">    <\/div>\n<\/section>\n\n\n<div class=\"inner\">\n    <\/div>\n<section id=\"smart-city\" class=\"txtImg_container  no-circle  ModelB  no-bg cyan\">\n\n    <div class=\"txtImg_content_text\">\n        <h2 class=\"title-deco\">Ciudades inteligentes<\/h2><div class=\"text-container\"><p><strong>La electr\u00f3nica comprometida con el IoT y la ecolog\u00eda<\/strong><\/p>\n<p>Una ciudad inteligente es una ciudad en la que la innovaci\u00f3n tecnol\u00f3gica est\u00e1 al servicio de sus habitantes, pero tambi\u00e9n de la ecolog\u00eda.<br \/>\nLa movilidad, la atenci\u00f3n sanitaria, la seguridad, la gesti\u00f3n del agua y la energ\u00eda, el compromiso de la comunidad, la vivienda y la gesti\u00f3n de los residuos son los pilares de una ciudad moderna, impulsada por la tecnolog\u00eda, que representan el futuro de nuestras ciudades.<br \/>\nEl concepto de Smart City se ha desarrollado en Francia y en todo el mundo en los \u00faltimos a\u00f1os en grandes metr\u00f3polis y \u00e1reas urbanas.<br \/>\nHoy, la Smart City ya no es solo un concepto; ya ha nacido y su inteligencia sigue creciendo.<br \/>\nEstamos a su lado para acompa\u00f1arle en la realizaci\u00f3n de sus proyectos, respondiendo a los desaf\u00edos medioambientales, sociales y econ\u00f3micos de nuestro siglo.<\/p>\n<\/div><a href=\"https:\/\/cofidur-ems.com\/es\/nuestras-soluciones\/ciudades-inteligentes\/\" class=\"bouton primary\">Saber m\u00e1s<\/a>    <\/div>\n    <div class=\"txtImg_content_image bg-cyan\">\n        <img decoding=\"async\" src=\"https:\/\/cofidur-ems.com\/wp-content\/uploads\/2025\/04\/cofidur-solutions-smartcity.jpg\" alt=\"\" title=\"cofidur solutions smartcity\">    <\/div>\n<\/section>\n\n\n<div class=\"inner\">\n    <\/div>\n<section id=\"lightning\" class=\"txtImg_container  no-circle reverse_bloc ModelB  no-bg jaune\">\n\n    <div class=\"txtImg_content_text\">\n        <h2 class=\"title-deco\">Iluminaci\u00f3n<\/h2><div class=\"text-container\"><p><strong>La electr\u00f3nica comprometida con el lighting<\/strong><\/p>\n<p>El mercado de los LEDs ha experimentado un gran dinamismo en los \u00faltimos a\u00f1os, con una multiplicaci\u00f3n de innovaciones y nuevas soluciones.<br \/>\nEl \u00e1mbito de aplicaci\u00f3n de la tecnolog\u00eda LED cubre ahora una gran variedad, desde la iluminaci\u00f3n para particulares hasta la industria automotriz, pasando por la salud, la medicina, los objetos conectados, los televisores, los smartphones, etc.<br \/>\nPara 2025, se prev\u00e9 que el tama\u00f1o del mercado global de la iluminaci\u00f3n LED alcance m\u00e1s de 100 mil millones de d\u00f3lares.<br \/>\nExisten varias razones que justifican la buena salud del sector, como el creciente desarrollo de la iluminaci\u00f3n inteligente y conectada.<br \/>\nEstamos a su lado para responder a las necesidades de un mercado en constante evoluci\u00f3n.<\/p>\n<\/div><a href=\"https:\/\/cofidur-ems.com\/es\/nuestras-soluciones\/iluminacion\/\" class=\"bouton primary\">Saber m\u00e1s<\/a>    <\/div>\n    <div class=\"txtImg_content_image bg-jaune\">\n        <img decoding=\"async\" src=\"https:\/\/cofidur-ems.com\/wp-content\/uploads\/2025\/04\/cofidur-solution-lightning.jpg\" alt=\"\" title=\"cofidur solution lightning\">    <\/div>\n<\/section>\n","protected":false},"excerpt":{"rendered":"","protected":false},"author":2,"featured_media":0,"parent":0,"menu_order":0,"comment_status":"closed","ping_status":"closed","template":"","meta":{"_acf_changed":false,"footnotes":""},"class_list":["post-6557","page","type-page","status-publish","hentry"],"acf":[],"yoast_head":"<!-- This site is optimized with the Yoast SEO plugin v27.4 - https:\/\/yoast.com\/product\/yoast-seo-wordpress\/ -->\n<title>Nuestras soluciones &#8212; Codifur EMS<\/title>\n<meta name=\"description\" content=\"Descubra las soluciones de Cofidur EMS: apoyo experto para hacer realidad sus proyectos electr\u00f3nicos en nuestras \u00e1reas clave.\" \/>\n<meta name=\"robots\" content=\"index, follow, max-snippet:-1, max-image-preview:large, max-video-preview:-1\" \/>\n<link rel=\"canonical\" href=\"https:\/\/cofidur-ems.com\/es\/nuestras-soluciones\/\" \/>\n<meta property=\"og:locale\" content=\"es_ES\" \/>\n<meta property=\"og:type\" content=\"article\" \/>\n<meta property=\"og:title\" content=\"Nuestras soluciones &#8212; Codifur EMS\" \/>\n<meta property=\"og:description\" content=\"Descubra las soluciones de Cofidur EMS: apoyo experto para hacer realidad sus proyectos electr\u00f3nicos en nuestras \u00e1reas clave.\" \/>\n<meta property=\"og:url\" content=\"https:\/\/cofidur-ems.com\/es\/nuestras-soluciones\/\" \/>\n<meta property=\"og:site_name\" content=\"Codifur EMS\" \/>\n<meta property=\"article:modified_time\" content=\"2025-05-22T07:47:19+00:00\" \/>\n<meta name=\"twitter:card\" content=\"summary_large_image\" \/>\n<meta name=\"twitter:label1\" content=\"Tiempo de lectura\" \/>\n\t<meta name=\"twitter:data1\" content=\"7 minutos\" \/>\n<script type=\"application\/ld+json\" class=\"yoast-schema-graph\">{\"@context\":\"https:\\\/\\\/schema.org\",\"@graph\":[{\"@type\":\"WebPage\",\"@id\":\"https:\\\/\\\/cofidur-ems.com\\\/es\\\/nuestras-soluciones\\\/\",\"url\":\"https:\\\/\\\/cofidur-ems.com\\\/es\\\/nuestras-soluciones\\\/\",\"name\":\"Nuestras soluciones &#8212; Codifur EMS\",\"isPartOf\":{\"@id\":\"https:\\\/\\\/cofidur-ems.com\\\/#website\"},\"datePublished\":\"2025-04-25T14:52:21+00:00\",\"dateModified\":\"2025-05-22T07:47:19+00:00\",\"description\":\"Descubra las soluciones de Cofidur EMS: apoyo experto para hacer realidad sus proyectos electr\u00f3nicos en nuestras \u00e1reas clave.\",\"breadcrumb\":{\"@id\":\"https:\\\/\\\/cofidur-ems.com\\\/es\\\/nuestras-soluciones\\\/#breadcrumb\"},\"inLanguage\":\"es\",\"potentialAction\":[{\"@type\":\"ReadAction\",\"target\":[\"https:\\\/\\\/cofidur-ems.com\\\/es\\\/nuestras-soluciones\\\/\"]}]},{\"@type\":\"BreadcrumbList\",\"@id\":\"https:\\\/\\\/cofidur-ems.com\\\/es\\\/nuestras-soluciones\\\/#breadcrumb\",\"itemListElement\":[{\"@type\":\"ListItem\",\"position\":1,\"name\":\"Cofidur EMS\",\"item\":\"https:\\\/\\\/cofidur-ems.com\\\/es\\\/\"},{\"@type\":\"ListItem\",\"position\":2,\"name\":\"Nuestras soluciones\"}]},{\"@type\":\"WebSite\",\"@id\":\"https:\\\/\\\/cofidur-ems.com\\\/#website\",\"url\":\"https:\\\/\\\/cofidur-ems.com\\\/\",\"name\":\"Cofidur EMS\",\"description\":\"Votre sous-traitant \u00e9lectronique Fran\u00e7ais\",\"publisher\":{\"@id\":\"https:\\\/\\\/cofidur-ems.com\\\/#organization\"},\"potentialAction\":[{\"@type\":\"SearchAction\",\"target\":{\"@type\":\"EntryPoint\",\"urlTemplate\":\"https:\\\/\\\/cofidur-ems.com\\\/?s={search_term_string}\"},\"query-input\":{\"@type\":\"PropertyValueSpecification\",\"valueRequired\":true,\"valueName\":\"search_term_string\"}}],\"inLanguage\":\"es\"},{\"@type\":\"Organization\",\"@id\":\"https:\\\/\\\/cofidur-ems.com\\\/#organization\",\"name\":\"Cofidur EMS\",\"url\":\"https:\\\/\\\/cofidur-ems.com\\\/\",\"logo\":{\"@type\":\"ImageObject\",\"inLanguage\":\"es\",\"@id\":\"https:\\\/\\\/cofidur-ems.com\\\/#\\\/schema\\\/logo\\\/image\\\/\",\"url\":\"https:\\\/\\\/cofidur-ems.com\\\/wp-content\\\/uploads\\\/2025\\\/04\\\/logo.svg\",\"contentUrl\":\"https:\\\/\\\/cofidur-ems.com\\\/wp-content\\\/uploads\\\/2025\\\/04\\\/logo.svg\",\"width\":310,\"height\":89,\"caption\":\"Cofidur EMS\"},\"image\":{\"@id\":\"https:\\\/\\\/cofidur-ems.com\\\/#\\\/schema\\\/logo\\\/image\\\/\"},\"sameAs\":[\"https:\\\/\\\/www.linkedin.com\\\/company\\\/cofidur-ems\"]}]}<\/script>\n<!-- \/ Yoast SEO plugin. -->","yoast_head_json":{"title":"Nuestras soluciones &#8212; Codifur EMS","description":"Descubra las soluciones de Cofidur EMS: apoyo experto para hacer realidad sus proyectos electr\u00f3nicos en nuestras \u00e1reas clave.","robots":{"index":"index","follow":"follow","max-snippet":"max-snippet:-1","max-image-preview":"max-image-preview:large","max-video-preview":"max-video-preview:-1"},"canonical":"https:\/\/cofidur-ems.com\/es\/nuestras-soluciones\/","og_locale":"es_ES","og_type":"article","og_title":"Nuestras soluciones &#8212; Codifur EMS","og_description":"Descubra las soluciones de Cofidur EMS: apoyo experto para hacer realidad sus proyectos electr\u00f3nicos en nuestras \u00e1reas clave.","og_url":"https:\/\/cofidur-ems.com\/es\/nuestras-soluciones\/","og_site_name":"Codifur EMS","article_modified_time":"2025-05-22T07:47:19+00:00","twitter_card":"summary_large_image","twitter_misc":{"Tiempo de lectura":"7 minutos"},"schema":{"@context":"https:\/\/schema.org","@graph":[{"@type":"WebPage","@id":"https:\/\/cofidur-ems.com\/es\/nuestras-soluciones\/","url":"https:\/\/cofidur-ems.com\/es\/nuestras-soluciones\/","name":"Nuestras soluciones &#8212; Codifur EMS","isPartOf":{"@id":"https:\/\/cofidur-ems.com\/#website"},"datePublished":"2025-04-25T14:52:21+00:00","dateModified":"2025-05-22T07:47:19+00:00","description":"Descubra las soluciones de Cofidur EMS: apoyo experto para hacer realidad sus proyectos electr\u00f3nicos en nuestras \u00e1reas clave.","breadcrumb":{"@id":"https:\/\/cofidur-ems.com\/es\/nuestras-soluciones\/#breadcrumb"},"inLanguage":"es","potentialAction":[{"@type":"ReadAction","target":["https:\/\/cofidur-ems.com\/es\/nuestras-soluciones\/"]}]},{"@type":"BreadcrumbList","@id":"https:\/\/cofidur-ems.com\/es\/nuestras-soluciones\/#breadcrumb","itemListElement":[{"@type":"ListItem","position":1,"name":"Cofidur EMS","item":"https:\/\/cofidur-ems.com\/es\/"},{"@type":"ListItem","position":2,"name":"Nuestras soluciones"}]},{"@type":"WebSite","@id":"https:\/\/cofidur-ems.com\/#website","url":"https:\/\/cofidur-ems.com\/","name":"Cofidur EMS","description":"Votre sous-traitant \u00e9lectronique Fran\u00e7ais","publisher":{"@id":"https:\/\/cofidur-ems.com\/#organization"},"potentialAction":[{"@type":"SearchAction","target":{"@type":"EntryPoint","urlTemplate":"https:\/\/cofidur-ems.com\/?s={search_term_string}"},"query-input":{"@type":"PropertyValueSpecification","valueRequired":true,"valueName":"search_term_string"}}],"inLanguage":"es"},{"@type":"Organization","@id":"https:\/\/cofidur-ems.com\/#organization","name":"Cofidur EMS","url":"https:\/\/cofidur-ems.com\/","logo":{"@type":"ImageObject","inLanguage":"es","@id":"https:\/\/cofidur-ems.com\/#\/schema\/logo\/image\/","url":"https:\/\/cofidur-ems.com\/wp-content\/uploads\/2025\/04\/logo.svg","contentUrl":"https:\/\/cofidur-ems.com\/wp-content\/uploads\/2025\/04\/logo.svg","width":310,"height":89,"caption":"Cofidur EMS"},"image":{"@id":"https:\/\/cofidur-ems.com\/#\/schema\/logo\/image\/"},"sameAs":["https:\/\/www.linkedin.com\/company\/cofidur-ems"]}]}},"_links":{"self":[{"href":"https:\/\/cofidur-ems.com\/es\/wp-json\/wp\/v2\/pages\/6557","targetHints":{"allow":["GET"]}}],"collection":[{"href":"https:\/\/cofidur-ems.com\/es\/wp-json\/wp\/v2\/pages"}],"about":[{"href":"https:\/\/cofidur-ems.com\/es\/wp-json\/wp\/v2\/types\/page"}],"author":[{"embeddable":true,"href":"https:\/\/cofidur-ems.com\/es\/wp-json\/wp\/v2\/users\/2"}],"replies":[{"embeddable":true,"href":"https:\/\/cofidur-ems.com\/es\/wp-json\/wp\/v2\/comments?post=6557"}],"version-history":[{"count":2,"href":"https:\/\/cofidur-ems.com\/es\/wp-json\/wp\/v2\/pages\/6557\/revisions"}],"predecessor-version":[{"id":6688,"href":"https:\/\/cofidur-ems.com\/es\/wp-json\/wp\/v2\/pages\/6557\/revisions\/6688"}],"wp:attachment":[{"href":"https:\/\/cofidur-ems.com\/es\/wp-json\/wp\/v2\/media?parent=6557"}],"curies":[{"name":"wp","href":"https:\/\/api.w.org\/{rel}","templated":true}]}}