{"id":6521,"date":"2025-04-28T16:55:41","date_gmt":"2025-04-28T14:55:41","guid":{"rendered":"https:\/\/cofidur-ems.com\/nos-sites-de-production\/"},"modified":"2025-05-22T09:47:12","modified_gmt":"2025-05-22T07:47:12","slug":"nos-sites-de-production","status":"publish","type":"page","link":"https:\/\/cofidur-ems.com\/es\/nos-sites-de-production\/","title":{"rendered":"Nuestros centros de producci\u00f3n"},"content":{"rendered":"<section class=\"banner_page section\"><div class=\"inner\"><div class=\"banner_page_container  \"><h2 class=\"title-deco\">Nuestros centros de producci\u00f3n<\/h2><p class=\"\">Todos nuestros empleados est\u00e1n a su disposici\u00f3n en nuestros dos centros de producci\u00f3n en Francia.<br \/>\r\nPonemos nuestra experiencia y nuestros conocimientos a su servicio y al de sus productos.<br \/>\r\nNuestros equipos est\u00e1n a su disposici\u00f3n para ofrecerle soluciones, innovaciones y asesoramiento.<\/p><\/div><\/div><\/section>\n\n<div class=\"inner\">\n    <\/div>\n<section id=\"\" class=\"txtImg_container  no-circle reverse_bloc ModelB  no-bg bleu\">\n\n    <div class=\"txtImg_content_text\">\n        <h2 class=\"title-deco\">Laval &#8211; 53000<\/h2><div class=\"text-container\"><p>30 000 m\u00b2 &#8211; 250 empleados<\/p>\n<\/div><div class=\"documents\"><span class=\"bold uppercase pt-4 d-block\">\n\t\t\t\t\t\t\t\t\t\t\t\t\t\t\tCertificaciones\n\t\t\t\t\t\t\t\t\t \n\t\t\t\t\t\t\t\t\t<\/span><div class=\"row\"><div class=\"col-md-6\"><a href=\"https:\/\/cofidur-ems.com\/wp-content\/uploads\/2025\/04\/iris.pdf\" class=\"button outline pdf\" target=\"_blank\">Iris<\/a><\/div><div class=\"col-md-6\"><a href=\"https:\/\/cofidur-ems.com\/wp-content\/uploads\/2025\/04\/2110.pdf\" class=\"button outline pdf\" target=\"_blank\">2110<\/a><\/div><div class=\"col-md-6\"><a href=\"https:\/\/cofidur-ems.com\/wp-content\/uploads\/2025\/04\/9001.pdf\" class=\"button outline pdf\" target=\"_blank\">9001<\/a><\/div><div class=\"col-md-6\"><a href=\"https:\/\/cofidur-ems.com\/wp-content\/uploads\/2025\/04\/9100.pdf\" class=\"button outline pdf\" target=\"_blank\">9100<\/a><\/div><div class=\"col-md-6\"><a href=\"https:\/\/cofidur-ems.com\/wp-content\/uploads\/2025\/04\/13485.pdf\" class=\"button outline pdf\" target=\"_blank\">13485<\/a><\/div><div class=\"col-md-6\"><a href=\"https:\/\/cofidur-ems.com\/wp-content\/uploads\/2025\/04\/14001.pdf\" class=\"button outline pdf\" target=\"_blank\">14001<\/a><\/div><div class=\"col-md-6\"><a href=\"https:\/\/cofidur-ems.com\/wp-content\/uploads\/2025\/04\/45001.pdf\" class=\"button outline pdf\" target=\"_blank\">45001<\/a><\/div><div class=\"col-md-6\"><a href=\"https:\/\/cofidur-ems.com\/wp-content\/uploads\/2025\/04\/nadcap.pdf\" class=\"button outline pdf\" target=\"_blank\">NADCAP<\/a><\/div><\/div><\/div>    <\/div>\n    <div class=\"txtImg_content_image bg-bleu\">\n        <img decoding=\"async\" src=\"https:\/\/cofidur-ems.com\/wp-content\/uploads\/2025\/04\/cofidur-site-laval.jpg\" alt=\"\" title=\"cofidur site laval\">    <\/div>\n<\/section>\n\n\n<div class=\"inner\">\n    <\/div>\n<section id=\"\" class=\"txtImg_container  no-circle  ModelB  no-bg bleu\">\n\n    <div class=\"txtImg_content_text\">\n        <h2 class=\"title-deco\">P\u00e9rigueux &#8211; 24000<\/h2><div class=\"text-container\"><p>8000 m\u00b2 &#8211; 150 empleados<\/p>\n<\/div><div class=\"documents\"><span class=\"bold uppercase pt-4 d-block\">\n\t\t\t\t\t\t\t\t\t\t\t\t\t\t\tCertificaciones\n\t\t\t\t\t\t\t\t\t \n\t\t\t\t\t\t\t\t\t<\/span><div class=\"row\"><div class=\"col-md-6\"><a href=\"https:\/\/cofidur-ems.com\/wp-content\/uploads\/2025\/04\/iris-1.pdf\" class=\"button outline pdf\" target=\"_blank\">Iris<\/a><\/div><div class=\"col-md-6\"><a href=\"https:\/\/cofidur-ems.com\/wp-content\/uploads\/2025\/04\/2110-1.pdf\" class=\"button outline pdf\" target=\"_blank\">2110<\/a><\/div><div class=\"col-md-6\"><a href=\"https:\/\/cofidur-ems.com\/wp-content\/uploads\/2025\/04\/9001-2.pdf\" class=\"button outline pdf\" target=\"_blank\">9001<\/a><\/div><div class=\"col-md-6\"><a href=\"https:\/\/cofidur-ems.com\/wp-content\/uploads\/2025\/04\/9100-2.pdf\" class=\"button outline pdf\" target=\"_blank\">9100<\/a><\/div><div class=\"col-md-6\"><a href=\"https:\/\/cofidur-ems.com\/wp-content\/uploads\/2025\/04\/13485-1.pdf\" class=\"button outline pdf\" target=\"_blank\">13485<\/a><\/div><div class=\"col-md-6\"><a href=\"https:\/\/cofidur-ems.com\/wp-content\/uploads\/2025\/04\/14001-1.pdf\" class=\"button outline pdf\" target=\"_blank\">14001<\/a><\/div><div class=\"col-md-6\"><a href=\"https:\/\/cofidur-ems.com\/wp-content\/uploads\/2025\/04\/45001-1.pdf\" class=\"button outline pdf\" target=\"_blank\">45001<\/a><\/div><\/div><\/div>    <\/div>\n    <div class=\"txtImg_content_image bg-bleu\">\n        <img decoding=\"async\" src=\"https:\/\/cofidur-ems.com\/wp-content\/uploads\/2025\/04\/cofidur-site-perigueux.jpg\" alt=\"\" title=\"cofidur site perigueux\">    <\/div>\n<\/section>\n\n\n<div class=\"inner\">\n    <\/div>\n<section id=\"\" class=\"txtImg_container  no-circle reverse_bloc ModelB  no-bg bleu\">\n\n    <div class=\"txtImg_content_text\">\n        <h2 class=\"title-deco\">T\u00fanez &#8211; 1000<\/h2><div class=\"text-container\"><p>Soluci\u00f3n de subcontrataci\u00f3n electr\u00f3nica en el extranjero<\/p>\n<p>5000 m\u00b2 &#8211; 85 empleados<\/p>\n<\/div><div class=\"documents\"><span class=\"bold uppercase pt-4 d-block\">\n\t\t\t\t\t\t\t\t\t\t\t\t\t\t\tCertificaciones\n\t\t\t\t\t\t\t\t\t \n\t\t\t\t\t\t\t\t\t<\/span><div class=\"row\"><div class=\"col-md-6\"><a href=\"https:\/\/cofidur-ems.com\/wp-content\/uploads\/2025\/04\/9001-1.pdf\" class=\"button outline pdf\" target=\"_blank\">9001<\/a><\/div><div class=\"col-md-6\"><a href=\"https:\/\/cofidur-ems.com\/wp-content\/uploads\/2025\/04\/9100-1.pdf\" class=\"button outline pdf\" target=\"_blank\">9100<\/a><\/div><\/div><\/div>    <\/div>\n    <div class=\"txtImg_content_image bg-bleu\">\n        <img decoding=\"async\" src=\"https:\/\/cofidur-ems.com\/wp-content\/uploads\/2025\/04\/cofidur-site-tunis.jpg\" alt=\"\" title=\"cofidur site tunis\">    <\/div>\n<\/section>\n","protected":false},"excerpt":{"rendered":"","protected":false},"author":2,"featured_media":0,"parent":0,"menu_order":0,"comment_status":"closed","ping_status":"closed","template":"","meta":{"_acf_changed":false,"footnotes":""},"class_list":["post-6521","page","type-page","status-publish","hentry"],"acf":[],"yoast_head":"<!-- This site is optimized with the Yoast SEO plugin v27.4 - https:\/\/yoast.com\/product\/yoast-seo-wordpress\/ -->\n<title>Nuestros centros de producci\u00f3n &#8212; Codifur EMS<\/title>\n<meta name=\"description\" content=\"Cofidur EMS pone su experiencia a su servicio en dos centros en Francia para dise\u00f1ar y fabricar sus conjuntos electr\u00f3nicos.\" \/>\n<meta name=\"robots\" content=\"index, follow, max-snippet:-1, max-image-preview:large, max-video-preview:-1\" \/>\n<link rel=\"canonical\" href=\"https:\/\/cofidur-ems.com\/es\/nos-sites-de-production\/\" \/>\n<meta property=\"og:locale\" content=\"es_ES\" \/>\n<meta property=\"og:type\" content=\"article\" \/>\n<meta property=\"og:title\" content=\"Nuestros centros de producci\u00f3n &#8212; Codifur EMS\" \/>\n<meta property=\"og:description\" content=\"Cofidur EMS pone su experiencia a su servicio en dos centros en Francia para dise\u00f1ar y fabricar sus conjuntos electr\u00f3nicos.\" \/>\n<meta property=\"og:url\" content=\"https:\/\/cofidur-ems.com\/es\/nos-sites-de-production\/\" \/>\n<meta property=\"og:site_name\" content=\"Codifur EMS\" \/>\n<meta property=\"article:modified_time\" content=\"2025-05-22T07:47:12+00:00\" \/>\n<meta name=\"twitter:card\" content=\"summary_large_image\" \/>\n<meta name=\"twitter:label1\" content=\"Tiempo de lectura\" \/>\n\t<meta name=\"twitter:data1\" content=\"2 minutos\" \/>\n<script type=\"application\/ld+json\" class=\"yoast-schema-graph\">{\"@context\":\"https:\\\/\\\/schema.org\",\"@graph\":[{\"@type\":\"WebPage\",\"@id\":\"https:\\\/\\\/cofidur-ems.com\\\/es\\\/nos-sites-de-production\\\/\",\"url\":\"https:\\\/\\\/cofidur-ems.com\\\/es\\\/nos-sites-de-production\\\/\",\"name\":\"Nuestros centros de producci\u00f3n &#8212; Codifur EMS\",\"isPartOf\":{\"@id\":\"https:\\\/\\\/cofidur-ems.com\\\/#website\"},\"datePublished\":\"2025-04-28T14:55:41+00:00\",\"dateModified\":\"2025-05-22T07:47:12+00:00\",\"description\":\"Cofidur EMS pone su experiencia a su servicio en dos centros en Francia para dise\u00f1ar y fabricar sus conjuntos electr\u00f3nicos.\",\"breadcrumb\":{\"@id\":\"https:\\\/\\\/cofidur-ems.com\\\/es\\\/nos-sites-de-production\\\/#breadcrumb\"},\"inLanguage\":\"es\",\"potentialAction\":[{\"@type\":\"ReadAction\",\"target\":[\"https:\\\/\\\/cofidur-ems.com\\\/es\\\/nos-sites-de-production\\\/\"]}]},{\"@type\":\"BreadcrumbList\",\"@id\":\"https:\\\/\\\/cofidur-ems.com\\\/es\\\/nos-sites-de-production\\\/#breadcrumb\",\"itemListElement\":[{\"@type\":\"ListItem\",\"position\":1,\"name\":\"Cofidur EMS\",\"item\":\"https:\\\/\\\/cofidur-ems.com\\\/es\\\/\"},{\"@type\":\"ListItem\",\"position\":2,\"name\":\"Nuestros centros de producci\u00f3n\"}]},{\"@type\":\"WebSite\",\"@id\":\"https:\\\/\\\/cofidur-ems.com\\\/#website\",\"url\":\"https:\\\/\\\/cofidur-ems.com\\\/\",\"name\":\"Cofidur EMS\",\"description\":\"Votre sous-traitant \u00e9lectronique Fran\u00e7ais\",\"publisher\":{\"@id\":\"https:\\\/\\\/cofidur-ems.com\\\/#organization\"},\"potentialAction\":[{\"@type\":\"SearchAction\",\"target\":{\"@type\":\"EntryPoint\",\"urlTemplate\":\"https:\\\/\\\/cofidur-ems.com\\\/?s={search_term_string}\"},\"query-input\":{\"@type\":\"PropertyValueSpecification\",\"valueRequired\":true,\"valueName\":\"search_term_string\"}}],\"inLanguage\":\"es\"},{\"@type\":\"Organization\",\"@id\":\"https:\\\/\\\/cofidur-ems.com\\\/#organization\",\"name\":\"Cofidur EMS\",\"url\":\"https:\\\/\\\/cofidur-ems.com\\\/\",\"logo\":{\"@type\":\"ImageObject\",\"inLanguage\":\"es\",\"@id\":\"https:\\\/\\\/cofidur-ems.com\\\/#\\\/schema\\\/logo\\\/image\\\/\",\"url\":\"https:\\\/\\\/cofidur-ems.com\\\/wp-content\\\/uploads\\\/2025\\\/04\\\/logo.svg\",\"contentUrl\":\"https:\\\/\\\/cofidur-ems.com\\\/wp-content\\\/uploads\\\/2025\\\/04\\\/logo.svg\",\"width\":310,\"height\":89,\"caption\":\"Cofidur EMS\"},\"image\":{\"@id\":\"https:\\\/\\\/cofidur-ems.com\\\/#\\\/schema\\\/logo\\\/image\\\/\"},\"sameAs\":[\"https:\\\/\\\/www.linkedin.com\\\/company\\\/cofidur-ems\"]}]}<\/script>\n<!-- \/ Yoast SEO plugin. -->","yoast_head_json":{"title":"Nuestros centros de producci\u00f3n &#8212; Codifur EMS","description":"Cofidur EMS pone su experiencia a su servicio en dos centros en Francia para dise\u00f1ar y fabricar sus conjuntos electr\u00f3nicos.","robots":{"index":"index","follow":"follow","max-snippet":"max-snippet:-1","max-image-preview":"max-image-preview:large","max-video-preview":"max-video-preview:-1"},"canonical":"https:\/\/cofidur-ems.com\/es\/nos-sites-de-production\/","og_locale":"es_ES","og_type":"article","og_title":"Nuestros centros de producci\u00f3n &#8212; Codifur EMS","og_description":"Cofidur EMS pone su experiencia a su servicio en dos centros en Francia para dise\u00f1ar y fabricar sus conjuntos electr\u00f3nicos.","og_url":"https:\/\/cofidur-ems.com\/es\/nos-sites-de-production\/","og_site_name":"Codifur EMS","article_modified_time":"2025-05-22T07:47:12+00:00","twitter_card":"summary_large_image","twitter_misc":{"Tiempo de lectura":"2 minutos"},"schema":{"@context":"https:\/\/schema.org","@graph":[{"@type":"WebPage","@id":"https:\/\/cofidur-ems.com\/es\/nos-sites-de-production\/","url":"https:\/\/cofidur-ems.com\/es\/nos-sites-de-production\/","name":"Nuestros centros de producci\u00f3n &#8212; Codifur EMS","isPartOf":{"@id":"https:\/\/cofidur-ems.com\/#website"},"datePublished":"2025-04-28T14:55:41+00:00","dateModified":"2025-05-22T07:47:12+00:00","description":"Cofidur EMS pone su experiencia a su servicio en dos centros en Francia para dise\u00f1ar y fabricar sus conjuntos electr\u00f3nicos.","breadcrumb":{"@id":"https:\/\/cofidur-ems.com\/es\/nos-sites-de-production\/#breadcrumb"},"inLanguage":"es","potentialAction":[{"@type":"ReadAction","target":["https:\/\/cofidur-ems.com\/es\/nos-sites-de-production\/"]}]},{"@type":"BreadcrumbList","@id":"https:\/\/cofidur-ems.com\/es\/nos-sites-de-production\/#breadcrumb","itemListElement":[{"@type":"ListItem","position":1,"name":"Cofidur EMS","item":"https:\/\/cofidur-ems.com\/es\/"},{"@type":"ListItem","position":2,"name":"Nuestros centros de producci\u00f3n"}]},{"@type":"WebSite","@id":"https:\/\/cofidur-ems.com\/#website","url":"https:\/\/cofidur-ems.com\/","name":"Cofidur EMS","description":"Votre sous-traitant \u00e9lectronique Fran\u00e7ais","publisher":{"@id":"https:\/\/cofidur-ems.com\/#organization"},"potentialAction":[{"@type":"SearchAction","target":{"@type":"EntryPoint","urlTemplate":"https:\/\/cofidur-ems.com\/?s={search_term_string}"},"query-input":{"@type":"PropertyValueSpecification","valueRequired":true,"valueName":"search_term_string"}}],"inLanguage":"es"},{"@type":"Organization","@id":"https:\/\/cofidur-ems.com\/#organization","name":"Cofidur EMS","url":"https:\/\/cofidur-ems.com\/","logo":{"@type":"ImageObject","inLanguage":"es","@id":"https:\/\/cofidur-ems.com\/#\/schema\/logo\/image\/","url":"https:\/\/cofidur-ems.com\/wp-content\/uploads\/2025\/04\/logo.svg","contentUrl":"https:\/\/cofidur-ems.com\/wp-content\/uploads\/2025\/04\/logo.svg","width":310,"height":89,"caption":"Cofidur EMS"},"image":{"@id":"https:\/\/cofidur-ems.com\/#\/schema\/logo\/image\/"},"sameAs":["https:\/\/www.linkedin.com\/company\/cofidur-ems"]}]}},"_links":{"self":[{"href":"https:\/\/cofidur-ems.com\/es\/wp-json\/wp\/v2\/pages\/6521","targetHints":{"allow":["GET"]}}],"collection":[{"href":"https:\/\/cofidur-ems.com\/es\/wp-json\/wp\/v2\/pages"}],"about":[{"href":"https:\/\/cofidur-ems.com\/es\/wp-json\/wp\/v2\/types\/page"}],"author":[{"embeddable":true,"href":"https:\/\/cofidur-ems.com\/es\/wp-json\/wp\/v2\/users\/2"}],"replies":[{"embeddable":true,"href":"https:\/\/cofidur-ems.com\/es\/wp-json\/wp\/v2\/comments?post=6521"}],"version-history":[{"count":1,"href":"https:\/\/cofidur-ems.com\/es\/wp-json\/wp\/v2\/pages\/6521\/revisions"}],"predecessor-version":[{"id":6678,"href":"https:\/\/cofidur-ems.com\/es\/wp-json\/wp\/v2\/pages\/6521\/revisions\/6678"}],"wp:attachment":[{"href":"https:\/\/cofidur-ems.com\/es\/wp-json\/wp\/v2\/media?parent=6521"}],"curies":[{"name":"wp","href":"https:\/\/api.w.org\/{rel}","templated":true}]}}