{"id":6509,"date":"2025-04-28T13:54:17","date_gmt":"2025-04-28T11:54:17","guid":{"rendered":"https:\/\/cofidur-ems.com\/notre-expertise\/"},"modified":"2025-12-09T11:05:11","modified_gmt":"2025-12-09T10:05:11","slug":"nuestra-experiencia","status":"publish","type":"page","link":"https:\/\/cofidur-ems.com\/es\/nuestra-experiencia\/","title":{"rendered":"Nuestra experiencia"},"content":{"rendered":"<section class=\"banner_page section\"><div class=\"inner\"><div class=\"banner_page_container  \"><h2 class=\"title-deco\">Nuestra experiencia<\/h2><p class=\"\">Cofidur EMS es su socio de confianza, que le apoyar\u00e1 en todas las etapas de la vida \u00fatil de sus productos. Y esto lo hacemos aplicando una gesti\u00f3n de proyectos de principio a fin. Le ofrecemos un paquete de ofertas coherente adaptado a cada etapa de sus proyectos.<\/p><\/div><\/div><\/section>\n\n<div class=\"inner\">\n    <h2 class=\"title-deco title-violet\">Nuestros conocimientos<\/h2><\/div>\n<section id=\"gestion-projet\" class=\"txtImg_container  reverse_bloc ModelB  no-bg bleu\">\n\n    <div class=\"txtImg_content_text\">\n        <h2 class=\"title-deco\">Gesti\u00f3n de proyectos<\/h2><div class=\"text-container\"><p>En el n\u00facleo de nuestra direcci\u00f3n y gesti\u00f3n, hemos desarrollado una organizaci\u00f3n de proyectos que abarca todas las actividades, desde la fase inicial hasta las fases posteriores y el final de la vida \u00fatil de los productos. Le ofrecemos una organizaci\u00f3n basada en la responsabilizaci\u00f3n de la actividad, una metodolog\u00eda precisa y adaptada a los retos de nuestros clientes, con intercambios e informes regulares (proceso NPI, etc.).<\/p>\n<p><span style=\"color: #3d559a;\"><strong>01 &#8211; SEGUIMIENTO DEL PROYECTO<\/strong><\/span><br \/>\nImplementaci\u00f3n de una herramienta espec\u00edfica, an\u00e1lisis de riesgos, seguimiento semanal de las acciones.\t<\/p>\n<p><span style=\"color: #46c1db;\"><strong>02- INVERSI\u00d3N<\/strong><\/span><br \/>\nPuesta en marcha de un plan de inversi\u00f3n espec\u00edfico incluido en el seguimiento del proyecto.<\/p>\n<p><span style=\"color: #a7bb38;\"><strong>03 &#8211; CALIFICACI\u00d3N DE MEDIOS<\/strong><\/span><br \/>\nPlan de calificaci\u00f3n de procesos y producto-proceso.<\/p>\n<p><span style=\"color: #ffb237;\"><strong>04 &#8211; CALIFICACI\u00d3N DE RECURSOS<\/strong><\/span><br \/>\nDefinici\u00f3n del esquema de introducci\u00f3n y validaci\u00f3n de recursos directos.\t<\/p>\n<\/div>    <\/div>\n    <div class=\"txtImg_content_image bg-bleu\">\n        <img decoding=\"async\" src=\"https:\/\/cofidur-ems.com\/wp-content\/uploads\/2025\/12\/cofidur-gestion-projet-es.jpg\" alt=\"cofidur gestion projet es\" title=\"cofidur gestion projet es\">    <\/div>\n<\/section>\n\n\n<div class=\"inner\">\n    <\/div>\n<section id=\"\" class=\"txtImg_container  no-circle  ModelB  no-bg jaune\">\n\n    <div class=\"txtImg_content_text\">\n        <h2 class=\"title-deco\">Creaci\u00f3n de prototipos <br>e industrializaci\u00f3n<\/h2><div class=\"text-container\"><p>Cofidur EMS le apoya desde la fase inicial, en el dise\u00f1o, el desarrollo y la industrializaci\u00f3n de sus productos.<\/p>\n<p>Ofrecemos asesoramiento sobre la viabilidad t\u00e9cnica y medioambiental, recomendaciones e informaci\u00f3n sobre la normativa de construcci\u00f3n para limitar los riesgos del proceso. Tambi\u00e9n podemos proporcionarle asistencia durante las fases de establecimiento\/encaminamiento, o encargarnos del encaminamiento de los circuitos impresos.<\/p>\n<p>Adem\u00e1s, ponemos a su disposici\u00f3n nuestros conocimientos para la industrializaci\u00f3n de sus productos (placas electr\u00f3nicas, cableado, sistemas).<\/p>\n<p>Desde el encaminamiento de las placas de circuito impreso hasta la realizaci\u00f3n de prototipos, nuestros equipos utilizan m\u00e9todos y herramientas que les permiten controlar la calidad y los plazos de desarrollo de sus productos y, en \u00faltima instancia, sus costes de producci\u00f3n.<\/p>\n<\/div>    <\/div>\n    <div class=\"txtImg_content_image bg-jaune\">\n        <img decoding=\"async\" src=\"https:\/\/cofidur-ems.com\/wp-content\/uploads\/2025\/04\/cofidur-prototypages.jpg\" alt=\"\" title=\"cofidur prototypages\">    <\/div>\n<\/section>\n\n\n<div class=\"inner\">\n    <\/div>\n<section id=\"\" class=\"txtImg_container  no-circle reverse_bloc ModelB  no-bg gris\">\n\n    <div class=\"txtImg_content_text\">\n        <h2 class=\"title-deco\">Compras<\/h2><div class=\"text-container\"><p>Nuestro departamento de compras est\u00e1 organizado en modo \u00e1gil para poder apoyar el desarrollo de nuestros clientes (responsabilidades por actividad) y proporcionar especialistas en cada \u00e1mbito de compra (PEMCO, semiconductores, mec\u00e1nica, circuitos impresos, etc.) al mismo tiempo, lo que nos permite responder a problemas espec\u00edficos y a negociaciones detalladas desde la fase de prospecci\u00f3n hasta la fase de producci\u00f3n de las distintas actividades.<\/p>\n<p>Se han identificado una serie de \u00e1reas estrat\u00e9gicas para la gesti\u00f3n de las compras con el fin de apoyar a nuestros equipos de la cadena de suministro y a nuestros clientes:<\/p>\n<p><strong>01<\/strong><br \/>\n<strong>Gesti\u00f3n de riesgos y carteras<\/strong><\/p>\n<p>El objetivo es anticiparse y, en la medida de lo posible, hacer frente a los riesgos y puntos d\u00e9biles de suministro en los mercados de compra de componentes y de provisi\u00f3n de piezas, con el fin de proponer y aplicar las medidas adecuadas :<br \/>\n&#8211; Asegurar los componentes y los proveedores cruciales (en las actividades actuales y futuras).<br \/>\n&#8211; Proponer soluciones alternativas y gestionar la obsolescencia (PCN, EOL, gesti\u00f3n, etc.).<br \/>\n&#8211; Estrategia de cartera para EMEA \/ Asia (evaluaci\u00f3n comparativa, vigilancia y hoja de ruta tecnol\u00f3gica, doble abastecimiento, fabricaci\u00f3n o compra, seguridad, etc.).<br \/>\n&#8211; Comunicaci\u00f3n y previsiones de las tensiones del mercado basadas en nuestra visibilidad (bar\u00f3metro de compras, etc.).<\/p>\n<p><strong>02<\/strong><br \/>\n<strong>Negociaci\u00f3n y gesti\u00f3n de las condiciones de compra<\/strong><\/p>\n<p>Nuestros equipos re\u00fanen los requisitos para controlar las condiciones de compra (calidad, coste y plazos de entrega) y asegurarse de que nuestros proveedores y socios cumplen sus compromisos a trav\u00e9s de negociaciones anuales o caso por caso. <\/p>\n<p>El seguimiento de los resultados y los compromisos son puntos clave en la gesti\u00f3n de nuestros proveedores. Utilizando herramientas de intercambio y control de los KPI, discutimos regularmente los resultados, las dificultades y las acciones de mejora que deben emprenderse (8D, PDCA, auditor\u00edas, revisi\u00f3n del rendimiento, etc.).<br \/>\n<strong>03<\/strong><br \/>\n<strong>Calificaci\u00f3n y evaluaci\u00f3n de proveedores<\/strong><\/p>\n<p>Se ha puesto en marcha un proceso exhaustivo de selecci\u00f3n, evaluaci\u00f3n y cualificaci\u00f3n de proveedores para validar su dominio de los conocimientos y los medios de control, su salud financiera, etc. Cada a\u00f1o, los proveedores se eval\u00faan y clasifican seg\u00fan criterios de rendimiento y servicio con el fin de favorecer la mejora continua y adaptar nuestra estrategia de compras.<\/p>\n<\/div>    <\/div>\n    <div class=\"txtImg_content_image bg-gris\">\n        <img decoding=\"async\" src=\"https:\/\/cofidur-ems.com\/wp-content\/uploads\/2025\/04\/cofidur-achats.jpg\" alt=\"\" title=\"cofidur achats\">    <\/div>\n<\/section>\n\n\n<div class=\"inner\">\n    <\/div>\n<section id=\"\" class=\"txtImg_container  no-circle  ModelB  no-bg vert\">\n\n    <div class=\"txtImg_content_text\">\n        <h2 class=\"title-deco\">Cadena de suministro<\/h2><div class=\"text-container\"><p>Estructurada por actividades, nuestra cadena de suministro se dedica a apoyar a cada cliente de la forma m\u00e1s espec\u00edfica y eficaz posible. Es din\u00e1mica, flexible, reactiva y est\u00e1 centrada en el cumplimiento de nuestros compromisos. Gestiona toda la cadena log\u00edstica: recepci\u00f3n de pedidos, planificaci\u00f3n y programaci\u00f3n, abastecimiento de m\u00e1s de 200 proveedores, gesti\u00f3n y optimizaci\u00f3n de existencias y entrega de nuestros productos y servicios en toda Europa y fuera de ella.<\/p>\n<p>Para lograrlo, contamos con un sistema de informaci\u00f3n reconocido, fiable y adecuado (SAP), una metodolog\u00eda probada y un sistema de comunicaci\u00f3n de datos que garantiza la seguridad de los intercambios. Nuestra organizaci\u00f3n nos permite gestionar las necesidades de nuestros clientes de la forma m\u00e1s cercana posible y de forma colaborativa.<\/p>\n<\/div>    <\/div>\n    <div class=\"txtImg_content_image bg-vert\">\n        <img decoding=\"async\" src=\"https:\/\/cofidur-ems.com\/wp-content\/uploads\/2025\/04\/cofidur-supply.jpg\" alt=\"\" title=\"cofidur supply\">    <\/div>\n<\/section>\n\n\n<div class=\"inner\">\n    <\/div>\n<section id=\"\" class=\"txtImg_container  no-circle reverse_bloc ModelB  no-bg gris\">\n\n    <div class=\"txtImg_content_text\">\n        <h2 class=\"title-deco\">Producci\u00f3n<\/h2><div class=\"text-container\"><p>Cada vez m\u00e1s eficaz, nuestra herramienta industrial es homog\u00e9nea y complementaria.<br \/>\nSomos el socio Made in France de todos nuestros clientes en una amplia gama de sectores que exigen precisi\u00f3n, adaptabilidad y rendimiento. Nuestra producci\u00f3n se rige por rituales de rendimiento operativo. La excelencia operativa forma parte de nuestra rutina diaria, con un programa Lean estructurado basado en las buenas pr\u00e1cticas industriales. La gesti\u00f3n visual nos permite compartir y mejorar nuestro rendimiento de forma continua, gestionado por el tr\u00edo de Dominio, M\u00e9todos y Calidad.<\/p>\n<\/div>    <\/div>\n    <div class=\"txtImg_content_image bg-gris\">\n        <img decoding=\"async\" src=\"https:\/\/cofidur-ems.com\/wp-content\/uploads\/2025\/04\/cofidur-production.jpg\" alt=\"\" title=\"cofidur production\">    <\/div>\n<\/section>\n\n\n<div class=\"inner\">\n    <\/div>\n<section id=\"\" class=\"txtImg_container  no-circle  ModelB  no-bg bleu\">\n\n    <div class=\"txtImg_content_text\">\n        <h2 class=\"title-deco\">MANTENIMIENTO OPERATIVO \/ SERVICIO POSVENTA<\/h2><div class=\"text-container\"><p><strong>MANTENIMIENTO OPERATIVO PARA PRODUCTOS DE LARGA VIDA \u00daTIL (industrial y profesional)<\/strong><\/p>\n<p>&#8211; Desde hace m\u00e1s de 20 a\u00f1os, nuestro sistema de mantenimiento operativo lleva a cabo todas las acciones necesarias para garantizar la continuidad de los productos y servicios a lo largo del tiempo, de acuerdo con su vida \u00fatil. Los procesos de reparaci\u00f3n, renovaci\u00f3n y reutilizaci\u00f3n se optimizan para garantizar el mejor compromiso entre coste y durabilidad del producto.<\/p>\n<p><strong>SERVICIO POSVENTA PARA PRODUCTOS DE CORTA VIDA \u00daTIL (telecomunicaciones y datos)<\/strong><br \/>\nRenovamos productos en flujo con plazos de entrega cortos y garantizamos la continuidad de las existencias disponibles (industrializaci\u00f3n del proceso, prueba y diagn\u00f3stico, reacondicionamiento, modernizaci\u00f3n y reparaci\u00f3n, reutilizaci\u00f3n y reciclaje).<\/p>\n<\/div>    <\/div>\n    <div class=\"txtImg_content_image bg-bleu\">\n        <img decoding=\"async\" src=\"https:\/\/cofidur-ems.com\/wp-content\/uploads\/2025\/04\/cofidur-sav.jpg\" alt=\"\" title=\"cofidur sav\">    <\/div>\n<\/section>\n\n\n\n\n\n\n\n\n\n\n\n\n","protected":false},"excerpt":{"rendered":"","protected":false},"author":2,"featured_media":0,"parent":0,"menu_order":0,"comment_status":"closed","ping_status":"closed","template":"","meta":{"_acf_changed":false,"footnotes":""},"class_list":["post-6509","page","type-page","status-publish","hentry"],"acf":[],"yoast_head":"<!-- This site is optimized with the Yoast SEO plugin v27.4 - https:\/\/yoast.com\/product\/yoast-seo-wordpress\/ -->\n<title>Nuestra experiencia &#8212; Codifur EMS<\/title>\n<meta name=\"description\" content=\"Cofidur EMS, su socio ideal, le acompa\u00f1a en cada fase del producto con gesti\u00f3n integral de proyectos y soluciones a medida.\" \/>\n<meta name=\"robots\" content=\"index, follow, max-snippet:-1, max-image-preview:large, max-video-preview:-1\" \/>\n<link rel=\"canonical\" href=\"https:\/\/cofidur-ems.com\/es\/nuestra-experiencia\/\" \/>\n<meta property=\"og:locale\" content=\"es_ES\" \/>\n<meta property=\"og:type\" content=\"article\" \/>\n<meta property=\"og:title\" content=\"Nuestra experiencia &#8212; Codifur EMS\" \/>\n<meta property=\"og:description\" content=\"Cofidur EMS, su socio ideal, le acompa\u00f1a en cada fase del producto con gesti\u00f3n integral de proyectos y soluciones a medida.\" \/>\n<meta property=\"og:url\" content=\"https:\/\/cofidur-ems.com\/es\/nuestra-experiencia\/\" \/>\n<meta property=\"og:site_name\" content=\"Codifur EMS\" \/>\n<meta property=\"article:modified_time\" content=\"2025-12-09T10:05:11+00:00\" \/>\n<meta name=\"twitter:card\" content=\"summary_large_image\" \/>\n<meta name=\"twitter:label1\" content=\"Tiempo de lectura\" \/>\n\t<meta name=\"twitter:data1\" content=\"7 minutos\" \/>\n<script type=\"application\/ld+json\" class=\"yoast-schema-graph\">{\"@context\":\"https:\\\/\\\/schema.org\",\"@graph\":[{\"@type\":\"WebPage\",\"@id\":\"https:\\\/\\\/cofidur-ems.com\\\/es\\\/nuestra-experiencia\\\/\",\"url\":\"https:\\\/\\\/cofidur-ems.com\\\/es\\\/nuestra-experiencia\\\/\",\"name\":\"Nuestra experiencia &#8212; Codifur EMS\",\"isPartOf\":{\"@id\":\"https:\\\/\\\/cofidur-ems.com\\\/#website\"},\"datePublished\":\"2025-04-28T11:54:17+00:00\",\"dateModified\":\"2025-12-09T10:05:11+00:00\",\"description\":\"Cofidur EMS, su socio ideal, le acompa\u00f1a en cada fase del producto con gesti\u00f3n integral de proyectos y soluciones a medida.\",\"breadcrumb\":{\"@id\":\"https:\\\/\\\/cofidur-ems.com\\\/es\\\/nuestra-experiencia\\\/#breadcrumb\"},\"inLanguage\":\"es\",\"potentialAction\":[{\"@type\":\"ReadAction\",\"target\":[\"https:\\\/\\\/cofidur-ems.com\\\/es\\\/nuestra-experiencia\\\/\"]}]},{\"@type\":\"BreadcrumbList\",\"@id\":\"https:\\\/\\\/cofidur-ems.com\\\/es\\\/nuestra-experiencia\\\/#breadcrumb\",\"itemListElement\":[{\"@type\":\"ListItem\",\"position\":1,\"name\":\"Cofidur EMS\",\"item\":\"https:\\\/\\\/cofidur-ems.com\\\/es\\\/\"},{\"@type\":\"ListItem\",\"position\":2,\"name\":\"Nuestra experiencia\"}]},{\"@type\":\"WebSite\",\"@id\":\"https:\\\/\\\/cofidur-ems.com\\\/#website\",\"url\":\"https:\\\/\\\/cofidur-ems.com\\\/\",\"name\":\"Cofidur EMS\",\"description\":\"Votre sous-traitant \u00e9lectronique Fran\u00e7ais\",\"publisher\":{\"@id\":\"https:\\\/\\\/cofidur-ems.com\\\/#organization\"},\"potentialAction\":[{\"@type\":\"SearchAction\",\"target\":{\"@type\":\"EntryPoint\",\"urlTemplate\":\"https:\\\/\\\/cofidur-ems.com\\\/?s={search_term_string}\"},\"query-input\":{\"@type\":\"PropertyValueSpecification\",\"valueRequired\":true,\"valueName\":\"search_term_string\"}}],\"inLanguage\":\"es\"},{\"@type\":\"Organization\",\"@id\":\"https:\\\/\\\/cofidur-ems.com\\\/#organization\",\"name\":\"Cofidur EMS\",\"url\":\"https:\\\/\\\/cofidur-ems.com\\\/\",\"logo\":{\"@type\":\"ImageObject\",\"inLanguage\":\"es\",\"@id\":\"https:\\\/\\\/cofidur-ems.com\\\/#\\\/schema\\\/logo\\\/image\\\/\",\"url\":\"https:\\\/\\\/cofidur-ems.com\\\/wp-content\\\/uploads\\\/2025\\\/04\\\/logo.svg\",\"contentUrl\":\"https:\\\/\\\/cofidur-ems.com\\\/wp-content\\\/uploads\\\/2025\\\/04\\\/logo.svg\",\"width\":310,\"height\":89,\"caption\":\"Cofidur EMS\"},\"image\":{\"@id\":\"https:\\\/\\\/cofidur-ems.com\\\/#\\\/schema\\\/logo\\\/image\\\/\"},\"sameAs\":[\"https:\\\/\\\/www.linkedin.com\\\/company\\\/cofidur-ems\"]}]}<\/script>\n<!-- \/ Yoast SEO plugin. -->","yoast_head_json":{"title":"Nuestra experiencia &#8212; Codifur EMS","description":"Cofidur EMS, su socio ideal, le acompa\u00f1a en cada fase del producto con gesti\u00f3n integral de proyectos y soluciones a medida.","robots":{"index":"index","follow":"follow","max-snippet":"max-snippet:-1","max-image-preview":"max-image-preview:large","max-video-preview":"max-video-preview:-1"},"canonical":"https:\/\/cofidur-ems.com\/es\/nuestra-experiencia\/","og_locale":"es_ES","og_type":"article","og_title":"Nuestra experiencia &#8212; Codifur EMS","og_description":"Cofidur EMS, su socio ideal, le acompa\u00f1a en cada fase del producto con gesti\u00f3n integral de proyectos y soluciones a medida.","og_url":"https:\/\/cofidur-ems.com\/es\/nuestra-experiencia\/","og_site_name":"Codifur EMS","article_modified_time":"2025-12-09T10:05:11+00:00","twitter_card":"summary_large_image","twitter_misc":{"Tiempo de lectura":"7 minutos"},"schema":{"@context":"https:\/\/schema.org","@graph":[{"@type":"WebPage","@id":"https:\/\/cofidur-ems.com\/es\/nuestra-experiencia\/","url":"https:\/\/cofidur-ems.com\/es\/nuestra-experiencia\/","name":"Nuestra experiencia &#8212; Codifur EMS","isPartOf":{"@id":"https:\/\/cofidur-ems.com\/#website"},"datePublished":"2025-04-28T11:54:17+00:00","dateModified":"2025-12-09T10:05:11+00:00","description":"Cofidur EMS, su socio ideal, le acompa\u00f1a en cada fase del producto con gesti\u00f3n integral de proyectos y soluciones a medida.","breadcrumb":{"@id":"https:\/\/cofidur-ems.com\/es\/nuestra-experiencia\/#breadcrumb"},"inLanguage":"es","potentialAction":[{"@type":"ReadAction","target":["https:\/\/cofidur-ems.com\/es\/nuestra-experiencia\/"]}]},{"@type":"BreadcrumbList","@id":"https:\/\/cofidur-ems.com\/es\/nuestra-experiencia\/#breadcrumb","itemListElement":[{"@type":"ListItem","position":1,"name":"Cofidur EMS","item":"https:\/\/cofidur-ems.com\/es\/"},{"@type":"ListItem","position":2,"name":"Nuestra experiencia"}]},{"@type":"WebSite","@id":"https:\/\/cofidur-ems.com\/#website","url":"https:\/\/cofidur-ems.com\/","name":"Cofidur EMS","description":"Votre sous-traitant \u00e9lectronique Fran\u00e7ais","publisher":{"@id":"https:\/\/cofidur-ems.com\/#organization"},"potentialAction":[{"@type":"SearchAction","target":{"@type":"EntryPoint","urlTemplate":"https:\/\/cofidur-ems.com\/?s={search_term_string}"},"query-input":{"@type":"PropertyValueSpecification","valueRequired":true,"valueName":"search_term_string"}}],"inLanguage":"es"},{"@type":"Organization","@id":"https:\/\/cofidur-ems.com\/#organization","name":"Cofidur EMS","url":"https:\/\/cofidur-ems.com\/","logo":{"@type":"ImageObject","inLanguage":"es","@id":"https:\/\/cofidur-ems.com\/#\/schema\/logo\/image\/","url":"https:\/\/cofidur-ems.com\/wp-content\/uploads\/2025\/04\/logo.svg","contentUrl":"https:\/\/cofidur-ems.com\/wp-content\/uploads\/2025\/04\/logo.svg","width":310,"height":89,"caption":"Cofidur EMS"},"image":{"@id":"https:\/\/cofidur-ems.com\/#\/schema\/logo\/image\/"},"sameAs":["https:\/\/www.linkedin.com\/company\/cofidur-ems"]}]}},"_links":{"self":[{"href":"https:\/\/cofidur-ems.com\/es\/wp-json\/wp\/v2\/pages\/6509","targetHints":{"allow":["GET"]}}],"collection":[{"href":"https:\/\/cofidur-ems.com\/es\/wp-json\/wp\/v2\/pages"}],"about":[{"href":"https:\/\/cofidur-ems.com\/es\/wp-json\/wp\/v2\/types\/page"}],"author":[{"embeddable":true,"href":"https:\/\/cofidur-ems.com\/es\/wp-json\/wp\/v2\/users\/2"}],"replies":[{"embeddable":true,"href":"https:\/\/cofidur-ems.com\/es\/wp-json\/wp\/v2\/comments?post=6509"}],"version-history":[{"count":3,"href":"https:\/\/cofidur-ems.com\/es\/wp-json\/wp\/v2\/pages\/6509\/revisions"}],"predecessor-version":[{"id":7644,"href":"https:\/\/cofidur-ems.com\/es\/wp-json\/wp\/v2\/pages\/6509\/revisions\/7644"}],"wp:attachment":[{"href":"https:\/\/cofidur-ems.com\/es\/wp-json\/wp\/v2\/media?parent=6509"}],"curies":[{"name":"wp","href":"https:\/\/api.w.org\/{rel}","templated":true}]}}