{"id":6574,"date":"2024-07-02T15:01:55","date_gmt":"2024-07-02T13:01:55","guid":{"rendered":"https:\/\/cofidur-ems.com\/politique-de-cookies\/"},"modified":"2025-05-22T09:47:20","modified_gmt":"2025-05-22T07:47:20","slug":"politique-de-cookies","status":"publish","type":"page","link":"https:\/\/cofidur-ems.com\/en\/politique-de-cookies\/","title":{"rendered":"Politique de cookies"},"content":{"rendered":"<section class=\"banner_page \"><div class=\"inner\"><div class=\"banner_page_container banner_width \"><h1 class=\"title-deco\">Politique de cookies<\/h1><p class=\"\">Lors de la consultation du site internet nomdusite.fr, des informations relatives \u00e0 la navigation de votre terminal (ordinateur, tablette, smartphone, etc.), sont susceptibles d\u2019\u00eatre enregistr\u00e9es dans des fichiers \u00ab Cookies install\u00e9s sur votre terminal, conform\u00e9ment aux choix que vous avez exprim\u00e9s et que vous pouvez modifier \u00e0 tout moment.<\/p><\/div><\/div><\/section>\n\n\n<div style=\"height:5rem\" aria-hidden=\"true\" class=\"wp-block-spacer\"><\/div>\n\n\n\n<div class=\"wp-block-group is-layout-constrained wp-block-group-is-layout-constrained\">\n<h2 class=\"wp-block-heading\"><strong>1. D\u00e9finition des Cookies&nbsp;<\/strong><\/h2>\n\n\n\n<p>Un Cookie est un fichier texte susceptible d\u2019\u00eatre enregistr\u00e9, sous r\u00e9serve de vos choix, dans un espace d\u00e9di\u00e9 de l\u2019espace de stockage de votre terminal, \u00e0 l\u2019occasion de la consultation d\u2019un service en ligne gr\u00e2ce \u00e0 votre logiciel de navigation. Un fichier Cookie permet \u00e0 son \u00e9metteur d\u2019identifier le terminal dans lequel il est enregistr\u00e9, pendant la dur\u00e9e de validit\u00e9 ou d\u2019enregistrement du Cookie.<\/p>\n\n\n\n<h2 class=\"wp-block-heading\"><strong>2. Quels sont les Cookies utilis\u00e9s et pour quelles finalit\u00e9s ?&nbsp;<\/strong><\/h2>\n\n\n\n<p>Dans le cadre de l\u2019exploitation du Site, vous \u00eates inform\u00e9s que nous mettons en place, directement ou indirectement, les cookies list\u00e9s ci-dessous.<\/p>\n\n\n\n<h3 class=\"wp-block-heading\"><strong>2.1. Les Cookies de performance pour mesurer l\u2019audience sur le Site<\/strong><\/h3>\n\n\n\n<p>Ces Cookies permettent de recueillir des informations sur la fa\u00e7on dont vous utilisez le Site (par exemple : les pages du Site le plus souvent consult\u00e9es). Ces Cookies permettent d\u2019\u00e9tablir des statistiques et volumes de fr\u00e9quentation et d\u2019utilisation des divers \u00e9l\u00e9ments composant notre Site (rubriques et contenus visit\u00e9s, parcours), nous aidant \u00e0 am\u00e9liorer l\u2019int\u00e9r\u00eat et l\u2019ergonomie de nos services.<\/p>\n\n\n\n<figure class=\"wp-block-table\"><table class=\"has-fixed-layout\"><tbody><tr><td>Nom du Cookie<\/td><td>Finalit\u00e9(s)<\/td><td>Expiration&nbsp;<\/td><\/tr><tr><td>Google Analytics<\/td><td>Analyse de trafic<\/td><td>13 mois<\/td><\/tr><tr><td>Google Recaptcha<\/td><td>V\u00e9rifier que l\u2019utilisateur n\u2019est pas un robot<\/td><td>Dur\u00e9e de la connexion<\/td><\/tr><\/tbody><\/table><\/figure>\n\n\n\n<h2 class=\"wp-block-heading\"><strong>3. Combien de temps sont conserv\u00e9s les Cookies ?&nbsp;<\/strong><\/h2>\n\n\n\n<p>Nous vous informons que l\u2019usage des Cookies peut \u00eatre limit\u00e9 \u00e0 la dur\u00e9e de votre navigation sur le Site avec une suppression automatique lorsque vous quittez le Site (Cookies de session) ou bien \u00eatre conserv\u00e9 pendant un laps de temps d\u00e9fini apr\u00e8s votre passage sur le site (Cookies persistants). En tout \u00e9tat de cause, la dur\u00e9e de conservation des Cookies ne saurait d\u00e9passer treize (13) mois.&nbsp;<\/p>\n\n\n\n<h2 class=\"wp-block-heading\"><strong>4. Comment exprimer vos choix concernant le d\u00e9p\u00f4t de Cookies ?&nbsp;<\/strong><\/h2>\n\n\n\n<h3 class=\"wp-block-heading\"><strong>4.1. Le consentement au d\u00e9p\u00f4t des Cookies du Site internet<\/strong><\/h3>\n\n\n\n<p>Le d\u00e9p\u00f4t des Cookies est subordonn\u00e9 \u00e0 la volont\u00e9 expresse de l\u2019Utilisateur, que celui-ci peut exprimer et modifier \u00e0 tout moment, \u00e0 travers les choix qui lui sont offerts par son logiciel de navigation. Le d\u00e9p\u00f4t et la lecture de Cookies ne seront pas effectu\u00e9s :<\/p>\n\n\n\n<ul class=\"wp-block-list\">\n<li>Si l\u2019Utilisateur se rend sur le Site (page d\u2019accueil ou directement sur une autre page du Site) et ne poursuit pas sa navigation ; ou<\/li>\n\n\n\n<li>Si l\u2019Utilisateur clique sur le lien pr\u00e9sent dans le bandeau lui permettant de param\u00e9trer les Cookies et, le cas \u00e9ch\u00e9ant, refuse le d\u00e9p\u00f4t de Cookies.<\/li>\n<\/ul>\n\n\n\n<h3 class=\"wp-block-heading\"><strong>4.2. Le consentement g\u00e9n\u00e9ral au d\u00e9p\u00f4t des Cookies<\/strong><\/h3>\n\n\n\n<p>Vous pouvez \u00e0 tout moment refuser le d\u00e9p\u00f4t de Cookies en configurant votre navigateur.&nbsp;<\/p>\n\n\n\n<p>Nous vous indiquons que le fait de d\u00e9sinstaller un Cookie ou de vous opposer \u00e0 l\u2019installation de Cookies sur vos appareils peut modifier votre exp\u00e9rience de navigation et vous emp\u00eacher de b\u00e9n\u00e9ficier de certains services du Site.<\/p>\n\n\n\n<p>Pour la gestion des Cookies et de vos choix, la configuration de chaque navigateur est diff\u00e9rente.&nbsp;<\/p>\n\n\n\n<p>Pour vous accompagner, vous trouverez ci-apr\u00e8s les instructions en mati\u00e8re de gestion des Cookies sur les navigateurs les plus couramment utilis\u00e9s :<\/p>\n\n\n\n<p>Windows Internet Explorer\u00ae :<\/p>\n\n\n\n<figure class=\"wp-block-embed\"><div class=\"wp-block-embed__wrapper\">\nhttps:\/\/support.microsoft.com\/fr-fr\/help\/17442\/windows-internet-explorer-delete-manage-cookies\n<\/div><\/figure>\n\n\n\n<p>Mozilla Firefox :&nbsp;<\/p>\n\n\n\n<figure class=\"wp-block-embed\"><div class=\"wp-block-embed__wrapper\">\nhttps:\/\/support.mozilla.org\/fr\/kb\/activer-desactiver-cookies\n<\/div><\/figure>\n\n\n\n<p>Google Chrome:&nbsp;<\/p>\n\n\n\n<figure class=\"wp-block-embed\"><div class=\"wp-block-embed__wrapper\">\nhttps:\/\/support.google.com\/chrome\/answer\/95647?hl=fr\n<\/div><\/figure>\n\n\n\n<p>Apple :&nbsp;<\/p>\n\n\n\n<p><a href=\"http:\/\/support.apple.com\/kb\/HT1677?viewlocale=fr_FR&amp;locale=fr_FR\">http:\/\/support.apple.com\/kb\/HT1677?viewlocale=fr_FR&amp;locale=fr_FR<\/a><\/p>\n\n\n\n<p>Si vous souhaitez de plus amples informations sur les outils de maitrise des Cookies, nous vous invitons \u00e0 consulter le site internet de la Commission Nationale de l\u2019Informatique et des Libert\u00e9s (CNIL) en cliquant sur le lien suivant : <a href=\"https:\/\/www.cnil.fr\/fr\/cookies-et-autres-traceurs\/comment-se-proteger\/maitriser-votre-navigateur\">https:\/\/www.cnil.fr\/fr\/cookies-et-autres-traceurs\/comment-se-proteger\/maitriser-votre-navigateur<\/a><\/p>\n<\/div>\n\n\n\n<div style=\"height:10rem\" aria-hidden=\"true\" class=\"wp-block-spacer\"><\/div>\n","protected":false},"excerpt":{"rendered":"<p>1. D\u00e9finition des Cookies&nbsp; Un Cookie est un fichier texte susceptible d\u2019\u00eatre enregistr\u00e9, sous r\u00e9serve de vos choix, dans un espace d\u00e9di\u00e9 de l\u2019espace de stockage de votre terminal, \u00e0 l\u2019occasion de la consultation d\u2019un service en ligne gr\u00e2ce \u00e0 votre logiciel de navigation. Un fichier Cookie permet \u00e0 son \u00e9metteur d\u2019identifier le terminal dans [&hellip;]<\/p>\n","protected":false},"author":2,"featured_media":0,"parent":0,"menu_order":9,"comment_status":"closed","ping_status":"closed","template":"","meta":{"_acf_changed":false,"footnotes":""},"class_list":["post-6574","page","type-page","status-publish","hentry"],"acf":[],"yoast_head":"<!-- This site is optimized with the Yoast SEO plugin v27.4 - https:\/\/yoast.com\/product\/yoast-seo-wordpress\/ -->\n<title>Politique de cookies &#8212; Codifur EMS<\/title>\n<meta name=\"description\" content=\"Learn how Cofidur EMS uses cookies to enhance your experience and personalize browsing. View full policy and manage your preferences.\" \/>\n<meta name=\"robots\" content=\"index, follow, max-snippet:-1, max-image-preview:large, max-video-preview:-1\" \/>\n<link rel=\"canonical\" href=\"https:\/\/cofidur-ems.com\/en\/politique-de-cookies\/\" \/>\n<meta property=\"og:locale\" content=\"en_US\" \/>\n<meta property=\"og:type\" content=\"article\" \/>\n<meta property=\"og:title\" content=\"Politique de cookies &#8212; Codifur EMS\" \/>\n<meta property=\"og:description\" content=\"Learn how Cofidur EMS uses cookies to enhance your experience and personalize browsing. View full policy and manage your preferences.\" \/>\n<meta property=\"og:url\" content=\"https:\/\/cofidur-ems.com\/en\/politique-de-cookies\/\" \/>\n<meta property=\"og:site_name\" content=\"Codifur EMS\" \/>\n<meta property=\"article:modified_time\" content=\"2025-05-22T07:47:20+00:00\" \/>\n<meta name=\"twitter:card\" content=\"summary_large_image\" \/>\n<meta name=\"twitter:label1\" content=\"Est. reading time\" \/>\n\t<meta name=\"twitter:data1\" content=\"3 minutes\" \/>\n<script type=\"application\/ld+json\" class=\"yoast-schema-graph\">{\"@context\":\"https:\\\/\\\/schema.org\",\"@graph\":[{\"@type\":\"WebPage\",\"@id\":\"https:\\\/\\\/cofidur-ems.com\\\/en\\\/politique-de-cookies\\\/\",\"url\":\"https:\\\/\\\/cofidur-ems.com\\\/en\\\/politique-de-cookies\\\/\",\"name\":\"Politique de cookies &#8212; Codifur EMS\",\"isPartOf\":{\"@id\":\"https:\\\/\\\/cofidur-ems.com\\\/#website\"},\"datePublished\":\"2024-07-02T13:01:55+00:00\",\"dateModified\":\"2025-05-22T07:47:20+00:00\",\"description\":\"Learn how Cofidur EMS uses cookies to enhance your experience and personalize browsing. View full policy and manage your preferences.\",\"breadcrumb\":{\"@id\":\"https:\\\/\\\/cofidur-ems.com\\\/en\\\/politique-de-cookies\\\/#breadcrumb\"},\"inLanguage\":\"en-US\",\"potentialAction\":[{\"@type\":\"ReadAction\",\"target\":[\"https:\\\/\\\/cofidur-ems.com\\\/en\\\/politique-de-cookies\\\/\"]}]},{\"@type\":\"BreadcrumbList\",\"@id\":\"https:\\\/\\\/cofidur-ems.com\\\/en\\\/politique-de-cookies\\\/#breadcrumb\",\"itemListElement\":[{\"@type\":\"ListItem\",\"position\":1,\"name\":\"Cofidur EMS\",\"item\":\"https:\\\/\\\/cofidur-ems.com\\\/en\\\/\"},{\"@type\":\"ListItem\",\"position\":2,\"name\":\"Politique de cookies\"}]},{\"@type\":\"WebSite\",\"@id\":\"https:\\\/\\\/cofidur-ems.com\\\/#website\",\"url\":\"https:\\\/\\\/cofidur-ems.com\\\/\",\"name\":\"Cofidur EMS\",\"description\":\"Votre sous-traitant \u00e9lectronique Fran\u00e7ais\",\"publisher\":{\"@id\":\"https:\\\/\\\/cofidur-ems.com\\\/#organization\"},\"potentialAction\":[{\"@type\":\"SearchAction\",\"target\":{\"@type\":\"EntryPoint\",\"urlTemplate\":\"https:\\\/\\\/cofidur-ems.com\\\/?s={search_term_string}\"},\"query-input\":{\"@type\":\"PropertyValueSpecification\",\"valueRequired\":true,\"valueName\":\"search_term_string\"}}],\"inLanguage\":\"en-US\"},{\"@type\":\"Organization\",\"@id\":\"https:\\\/\\\/cofidur-ems.com\\\/#organization\",\"name\":\"Cofidur EMS\",\"url\":\"https:\\\/\\\/cofidur-ems.com\\\/\",\"logo\":{\"@type\":\"ImageObject\",\"inLanguage\":\"en-US\",\"@id\":\"https:\\\/\\\/cofidur-ems.com\\\/#\\\/schema\\\/logo\\\/image\\\/\",\"url\":\"https:\\\/\\\/cofidur-ems.com\\\/wp-content\\\/uploads\\\/2025\\\/04\\\/logo.svg\",\"contentUrl\":\"https:\\\/\\\/cofidur-ems.com\\\/wp-content\\\/uploads\\\/2025\\\/04\\\/logo.svg\",\"width\":310,\"height\":89,\"caption\":\"Cofidur EMS\"},\"image\":{\"@id\":\"https:\\\/\\\/cofidur-ems.com\\\/#\\\/schema\\\/logo\\\/image\\\/\"},\"sameAs\":[\"https:\\\/\\\/www.linkedin.com\\\/company\\\/cofidur-ems\"]}]}<\/script>\n<!-- \/ Yoast SEO plugin. -->","yoast_head_json":{"title":"Politique de cookies &#8212; Codifur EMS","description":"Learn how Cofidur EMS uses cookies to enhance your experience and personalize browsing. View full policy and manage your preferences.","robots":{"index":"index","follow":"follow","max-snippet":"max-snippet:-1","max-image-preview":"max-image-preview:large","max-video-preview":"max-video-preview:-1"},"canonical":"https:\/\/cofidur-ems.com\/en\/politique-de-cookies\/","og_locale":"en_US","og_type":"article","og_title":"Politique de cookies &#8212; Codifur EMS","og_description":"Learn how Cofidur EMS uses cookies to enhance your experience and personalize browsing. View full policy and manage your preferences.","og_url":"https:\/\/cofidur-ems.com\/en\/politique-de-cookies\/","og_site_name":"Codifur EMS","article_modified_time":"2025-05-22T07:47:20+00:00","twitter_card":"summary_large_image","twitter_misc":{"Est. reading time":"3 minutes"},"schema":{"@context":"https:\/\/schema.org","@graph":[{"@type":"WebPage","@id":"https:\/\/cofidur-ems.com\/en\/politique-de-cookies\/","url":"https:\/\/cofidur-ems.com\/en\/politique-de-cookies\/","name":"Politique de cookies &#8212; Codifur EMS","isPartOf":{"@id":"https:\/\/cofidur-ems.com\/#website"},"datePublished":"2024-07-02T13:01:55+00:00","dateModified":"2025-05-22T07:47:20+00:00","description":"Learn how Cofidur EMS uses cookies to enhance your experience and personalize browsing. View full policy and manage your preferences.","breadcrumb":{"@id":"https:\/\/cofidur-ems.com\/en\/politique-de-cookies\/#breadcrumb"},"inLanguage":"en-US","potentialAction":[{"@type":"ReadAction","target":["https:\/\/cofidur-ems.com\/en\/politique-de-cookies\/"]}]},{"@type":"BreadcrumbList","@id":"https:\/\/cofidur-ems.com\/en\/politique-de-cookies\/#breadcrumb","itemListElement":[{"@type":"ListItem","position":1,"name":"Cofidur EMS","item":"https:\/\/cofidur-ems.com\/en\/"},{"@type":"ListItem","position":2,"name":"Politique de cookies"}]},{"@type":"WebSite","@id":"https:\/\/cofidur-ems.com\/#website","url":"https:\/\/cofidur-ems.com\/","name":"Cofidur EMS","description":"Votre sous-traitant \u00e9lectronique Fran\u00e7ais","publisher":{"@id":"https:\/\/cofidur-ems.com\/#organization"},"potentialAction":[{"@type":"SearchAction","target":{"@type":"EntryPoint","urlTemplate":"https:\/\/cofidur-ems.com\/?s={search_term_string}"},"query-input":{"@type":"PropertyValueSpecification","valueRequired":true,"valueName":"search_term_string"}}],"inLanguage":"en-US"},{"@type":"Organization","@id":"https:\/\/cofidur-ems.com\/#organization","name":"Cofidur EMS","url":"https:\/\/cofidur-ems.com\/","logo":{"@type":"ImageObject","inLanguage":"en-US","@id":"https:\/\/cofidur-ems.com\/#\/schema\/logo\/image\/","url":"https:\/\/cofidur-ems.com\/wp-content\/uploads\/2025\/04\/logo.svg","contentUrl":"https:\/\/cofidur-ems.com\/wp-content\/uploads\/2025\/04\/logo.svg","width":310,"height":89,"caption":"Cofidur EMS"},"image":{"@id":"https:\/\/cofidur-ems.com\/#\/schema\/logo\/image\/"},"sameAs":["https:\/\/www.linkedin.com\/company\/cofidur-ems"]}]}},"_links":{"self":[{"href":"https:\/\/cofidur-ems.com\/en\/wp-json\/wp\/v2\/pages\/6574","targetHints":{"allow":["GET"]}}],"collection":[{"href":"https:\/\/cofidur-ems.com\/en\/wp-json\/wp\/v2\/pages"}],"about":[{"href":"https:\/\/cofidur-ems.com\/en\/wp-json\/wp\/v2\/types\/page"}],"author":[{"embeddable":true,"href":"https:\/\/cofidur-ems.com\/en\/wp-json\/wp\/v2\/users\/2"}],"replies":[{"embeddable":true,"href":"https:\/\/cofidur-ems.com\/en\/wp-json\/wp\/v2\/comments?post=6574"}],"version-history":[{"count":2,"href":"https:\/\/cofidur-ems.com\/en\/wp-json\/wp\/v2\/pages\/6574\/revisions"}],"predecessor-version":[{"id":7138,"href":"https:\/\/cofidur-ems.com\/en\/wp-json\/wp\/v2\/pages\/6574\/revisions\/7138"}],"wp:attachment":[{"href":"https:\/\/cofidur-ems.com\/en\/wp-json\/wp\/v2\/media?parent=6574"}],"curies":[{"name":"wp","href":"https:\/\/api.w.org\/{rel}","templated":true}]}}