{"id":6570,"date":"2024-12-04T15:23:22","date_gmt":"2024-12-04T14:23:22","guid":{"rendered":"https:\/\/cofidur-ems.com\/contact\/"},"modified":"2025-05-22T09:47:20","modified_gmt":"2025-05-22T07:47:20","slug":"contacts","status":"publish","type":"page","link":"https:\/\/cofidur-ems.com\/en\/contacts\/","title":{"rendered":"Contacts"},"content":{"rendered":"\n<div style=\"height:50px\" aria-hidden=\"true\" class=\"wp-block-spacer\"><\/div>\n\n\n<section class=\"banner_page \"><div class=\"inner\"><div class=\"banner_page_container banner_width \"><h1 class=\"title-deco\">Contacts<\/h1><\/div><\/div><\/section>\n\n\n<div style=\"height:50px\" aria-hidden=\"true\" class=\"wp-block-spacer\"><\/div>\n\n\n\n<section\n    class=\"block block-contact  container-fluid background-violet  main\">\n    \n    <div class=\"row\">\n        <div class=\"col-lg-4 col-sm-12 col-md-4 p-0\">\n                        <div class=\"image\">\n                <img decoding=\"async\" src=\"https:\/\/cofidur-ems.com\/wp-content\/uploads\/2024\/12\/cofidur-scientist-1.jpg\" alt=\"\"\n                    title=\"cofidur scientist\">\n            <\/div>\n                    <\/div>\n        <div class=\"col-lg-6 col-sm-12 col-md-6 mr-auto pb-6 pt-6 pl-1 pr-2\">\n            \n<div class=\"wpcf7 no-js\" id=\"wpcf7-f6864-o1\" lang=\"en-US\" dir=\"ltr\" data-wpcf7-id=\"6864\">\n<div class=\"screen-reader-response\"><p role=\"status\" aria-live=\"polite\" aria-atomic=\"true\"><\/p> <ul><\/ul><\/div>\n<form action=\"\/en\/wp-json\/wp\/v2\/pages\/6570#wpcf7-f6864-o1\" method=\"post\" class=\"wpcf7-form init\" aria-label=\"Contact form\" novalidate=\"novalidate\" data-status=\"init\">\n<fieldset class=\"hidden-fields-container\"><input type=\"hidden\" name=\"_wpcf7\" value=\"6864\" \/><input type=\"hidden\" name=\"_wpcf7_version\" value=\"6.1.5\" \/><input type=\"hidden\" name=\"_wpcf7_locale\" value=\"en_US\" \/><input type=\"hidden\" name=\"_wpcf7_unit_tag\" value=\"wpcf7-f6864-o1\" \/><input type=\"hidden\" name=\"_wpcf7_container_post\" value=\"0\" \/><input type=\"hidden\" name=\"_wpcf7_posted_data_hash\" value=\"\" \/>\n<\/fieldset>\n<label>Last Name*<span class=\"wpcf7-form-control-wrap\" data-name=\"nom\"><input size=\"40\" maxlength=\"400\" class=\"wpcf7-form-control wpcf7-text wpcf7-validates-as-required\" aria-required=\"true\" aria-invalid=\"false\" placeholder=\"Enter your last name...\" value=\"\" type=\"text\" name=\"nom\" \/><\/span><\/label>\n<label>First Name*<span class=\"wpcf7-form-control-wrap\" data-name=\"prenom\"><input size=\"40\" maxlength=\"400\" class=\"wpcf7-form-control wpcf7-text wpcf7-validates-as-required\" aria-required=\"true\" aria-invalid=\"false\" placeholder=\"Enter your first name...\" value=\"\" type=\"text\" name=\"prenom\" \/><\/span><\/label>\n<label>Email*<span class=\"wpcf7-form-control-wrap\" data-name=\"email\"><input size=\"40\" maxlength=\"400\" class=\"wpcf7-form-control wpcf7-email wpcf7-validates-as-required wpcf7-text wpcf7-validates-as-email\" aria-required=\"true\" aria-invalid=\"false\" placeholder=\"Enter your email...\" value=\"\" type=\"email\" name=\"email\" \/><\/span><\/label>\n<label>Phone Number*<span class=\"wpcf7-form-control-wrap\" data-name=\"telephone\"><input size=\"40\" maxlength=\"400\" class=\"wpcf7-form-control wpcf7-tel wpcf7-validates-as-required wpcf7-text wpcf7-validates-as-tel\" aria-required=\"true\" aria-invalid=\"false\" placeholder=\"Enter your phone number...\" value=\"\" type=\"tel\" name=\"telephone\" \/><\/span><\/label>\n<label>Postal Code*<span class=\"wpcf7-form-control-wrap\" data-name=\"codepostal\"><input size=\"40\" maxlength=\"400\" class=\"wpcf7-form-control wpcf7-text wpcf7-validates-as-required\" aria-required=\"true\" aria-invalid=\"false\" placeholder=\"Enter your postal code...\" value=\"\" type=\"text\" name=\"codepostal\" \/><\/span><\/label>\n<label class=\"mt-2 mb-2\">Your request concerns<span class=\"wpcf7-form-control-wrap\" data-name=\"objet\"><select class=\"wpcf7-form-control wpcf7-select\" aria-invalid=\"false\" name=\"objet\"><option value=\"I would like to be contacted by a sales representative\">I would like to be contacted by a sales representative<\/option><option value=\"I would like information to start a new project\">I would like information to start a new project<\/option><option value=\"I am looking for advice and support for developing a new product\">I am looking for advice and support for developing a new product<\/option><option value=\"Other topic?\">Other topic?<\/option><\/select><\/span><\/label>\n<label class=\"mt-2 mb-2\">Message*<span class=\"wpcf7-form-control-wrap\" data-name=\"message\"><textarea cols=\"40\" rows=\"10\" maxlength=\"2000\" class=\"wpcf7-form-control wpcf7-textarea wpcf7-validates-as-required\" aria-required=\"true\" aria-invalid=\"false\" name=\"message\">Hello,<\/textarea><\/span><\/label>\n<span class=\"wpcf7-form-control-wrap\" data-name=\"acceptance\"><span class=\"wpcf7-form-control wpcf7-acceptance\"><span class=\"wpcf7-list-item\"><label><input type=\"checkbox\" name=\"acceptance\" value=\"1\" aria-invalid=\"false\" \/><span class=\"wpcf7-list-item-label\">By checking this box, you consent to the use of your personal data by Cofidur for processing your request. You have the right to access, rectify, or delete this data. To learn more, click <a href=\"\/politique-de-confidentialite\/\">here<\/a><\/span><\/label><\/span><\/span><\/span>\n<span class=\"wpcf7-form-control-wrap\" data-name=\"hcap-cf7\">\t\t<input\n\t\t\t\ttype=\"hidden\"\n\t\t\t\tclass=\"hcaptcha-widget-id\"\n\t\t\t\tname=\"hcaptcha-widget-id\"\n\t\t\t\tvalue=\"eyJzb3VyY2UiOlsiY29udGFjdC1mb3JtLTdcL3dwLWNvbnRhY3QtZm9ybS03LnBocCJdLCJmb3JtX2lkIjowfQ==-3be2a01b56427e4d17111f69396dd23c\">\n\t\t\t\t<span id=\"hcap_cf7-69e667ada89701.25817654\" class=\"wpcf7-form-control h-captcha \"\n\t\t\tdata-sitekey=\"7c72acd4-286c-4226-b5f2-6a7479b2ebf6\"\n\t\t\tdata-theme=\"light\"\n\t\t\tdata-size=\"normal\"\n\t\t\tdata-auto=\"false\"\n\t\t\tdata-ajax=\"false\"\n\t\t\tdata-force=\"false\">\n\t\t<\/span>\n\t\t<input type=\"hidden\" id=\"_wpnonce\" name=\"_wpnonce\" value=\"30e2ab8462\" \/><input type=\"hidden\" name=\"_wp_http_referer\" value=\"\/en\/wp-json\/wp\/v2\/pages\/6570\" \/><\/span><input class=\"wpcf7-form-control wpcf7-submit has-spinner btn_send_mail btn\" type=\"submit\" value=\"Send\" \/><div class=\"wpcf7-response-output\" aria-hidden=\"true\"><\/div>\n<\/form>\n<\/div>\n        <\/div>\n    <\/div>\n<\/section>\n\n<section class=\"carte_container bg-gris\"><div class=\"inner\"><span class=\"h2 bold title-carte\">Where to find us?<\/span><h2 class=\"title-carte\">2 sites in France and a best cost solution<\/h2><div class=\"map-container flexRow flexColTablet\"><div id=\"map_69e667adab0ac\" class=\"map\"><\/div><div class=\"implantations-menu\"><div class=\"implantation-item p-2 bg-blanc\"><h3 class=\"h5 text-bleu\">Cofidur EMS<\/h3><div class=\"flexRow full\"><p class=\"pr-3 demi\" style=\"font-weight:500\">79 Rue Saint-M\u00e9laine<br \/>\r\n53000 Laval, France<\/p><p class=\"demi light\">Monday to Friday: <br \/>\r\n8:00 AM \u2013 4:30 PM<br \/>\r\n<br \/>\r\n<\/p><\/div><a href=\"\/contact\/\" class=\"bouton secondary\" title=\"Contacter Cofidur EMS\">Contact us<\/a><\/div><div class=\"implantation-item p-2 bg-blanc\"><h3 class=\"h5 text-bleu\">Cofidur EMS<\/h3><div class=\"flexRow full\"><p class=\"pr-3 demi\" style=\"font-weight:500\">15 Avenue Firmin Bouvier<br \/>\r\n24750 Boulazac Isle Manoire, France<\/p><p class=\"demi light\">Monday to Friday: <br \/>\r\n8:00 AM \u2013 4:30 PM<br \/>\r\n<br \/>\r\n<\/p><\/div><a href=\"\/contact\/\" class=\"bouton secondary\" title=\"Contacter Cofidur EMS\">Contact us<\/a><\/div><div class=\"implantation-item p-2 bg-blanc\"><h3 class=\"h5 text-bleu\">COFITEL<\/h3><div class=\"flexRow full\"><p class=\"pr-3 demi\" style=\"font-weight:500\">20 rue de la chimie<br \/>\r\n2033 M\u00e9grine TUNIS<br \/>\r\n<br \/>\r\n<\/p><p class=\"demi light\">Monday to Friday:<br \/>\r\n8:00 AM \u2013 4:30 PM<\/p><\/div><a href=\"\/contact\/\" class=\"bouton secondary\" title=\"Contacter COFITEL\">Contact us<\/a><\/div><\/div><\/div><\/div><div class=\"website-link-container\"><div class=\"website-link p-5\"><figure> <img decoding=\"async\" src=\"https:\/\/cofidur-ems.com\/wp-content\/uploads\/2024\/12\/logo_cofidur.svg\" alt=\"\" title=\"Logo Cofidur EMS\"><\/figure><p class=\"text-uppercase\">Our website<\/p><a href=\"https:\/\/www.cofidur-groupe.com\/\" title=\"Come and discover the COFIDUR Group\" target=\"_blank\" class=\"bouton secondary\">Come and discover the COFIDUR Group<\/a><\/div><\/div><\/section><link rel=\"stylesheet\" href=\"https:\/\/unpkg.com\/leaflet@1.7.1\/dist\/leaflet.css\" \/><script src=\"https:\/\/unpkg.com\/leaflet@1.7.1\/dist\/leaflet.js\"><\/script><script>\ndocument.addEventListener(\"DOMContentLoaded\", function() {\n    const mapId = 'map_69e667adab0ac';\n    const map = L.map(mapId).setView([43.717, -0.5], 5); \/\/ Coordonn\u00e9es et zoom par d\u00e9faut\n\n    L.tileLayer('https:\/\/{s}.tile.openstreetmap.org\/{z}\/{x}\/{y}.png', {\n        attribution: '&copy; <a href=\"https:\/\/www.openstreetmap.org\/copyright\">OpenStreetMap<\/a> contributors'\n    }).addTo(map);\n\n    \/\/ D\u00e9finir l'ic\u00f4ne personnalis\u00e9e\n    const customIcon = L.icon({\n        iconUrl: 'https:\/\/cofidur-ems.com\/wp-content\/themes\/chronos\/images\/picto-implantations.svg',\n        iconSize: [38, 38], \/\/ Taille de l'ic\u00f4ne\n        iconAnchor: [19, 38], \/\/ Point de l'ic\u00f4ne qui correspondra \u00e0 la position du marqueur\n        popupAnchor: [0, -38] \/\/ Point depuis lequel la popup doit s'ouvrir par rapport \u00e0 l'ic\u00f4ne\n    });\n\n    \/\/ Ajoutez des marqueurs pour chaque implantation\n        L.marker([48.074496954022166, -0.7449424681105354], {\n            icon: customIcon\n        }).addTo(map)\n        .bindPopup(\"Cofidur EMS<br>79 Rue Saint-M\\u00e9laine<br \\\/>\\r\\n53000 Laval, France\");\n        L.marker([45.17802743040757, 0.7693818115550491], {\n            icon: customIcon\n        }).addTo(map)\n        .bindPopup(\"Cofidur EMS<br>15 Avenue Firmin Bouvier<br \\\/>\\r\\n24750 Boulazac Isle Manoire, France\");\n        L.marker([36.763627107140465, 10.238072568875888], {\n            icon: customIcon\n        }).addTo(map)\n        .bindPopup(\"COFITEL<br>20 rue de la chimie<br \\\/>\\r\\n2033 M\\u00e9grine TUNIS<br \\\/>\\r\\n<br \\\/>\\r\\n\");\n    \n    \/\/ Ajuster la hauteur de la carte en fonction de la hauteur de .implantations-menu\n    function adjustMapHeight() {\n        if (window.innerWidth > 1023) {\n            const implantationsMenu = document.querySelector('.implantations-menu');\n            const mapElement = document.getElementById(mapId);\n            if (implantationsMenu && mapElement) {\n                mapElement.style.height = implantationsMenu.offsetHeight + 'px';\n                map.invalidateSize();\n            }\n        } else {\n            const mapElement = document.getElementById(mapId);\n            if (mapElement) {\n                mapElement.style.height = '100%';\n                map.invalidateSize();\n            }\n        }\n    }\n\n    \/\/ Ajuster la hauteur de la carte au chargement et au redimensionnement de la fen\u00eatre\n    adjustMapHeight();\n    window.addEventListener('resize', adjustMapHeight);\n});\n<\/script>","protected":false},"excerpt":{"rendered":"","protected":false},"author":2,"featured_media":0,"parent":0,"menu_order":5,"comment_status":"closed","ping_status":"closed","template":"","meta":{"_acf_changed":false,"footnotes":""},"class_list":["post-6570","page","type-page","status-publish","hentry"],"acf":[],"yoast_head":"<!-- This site is optimized with the Yoast SEO plugin v27.4 - https:\/\/yoast.com\/product\/yoast-seo-wordpress\/ -->\n<title>Contacts &#8212; Codifur EMS<\/title>\n<meta name=\"description\" content=\"Kontaktieren Sie Cofidur EMS f\u00fcr Angebote, Informationen, Projektunterst\u00fctzung oder Karrierefragen. Wir sind f\u00fcr Sie da.\" \/>\n<meta name=\"robots\" content=\"index, follow, max-snippet:-1, max-image-preview:large, max-video-preview:-1\" \/>\n<link rel=\"canonical\" href=\"https:\/\/cofidur-ems.com\/en\/contacts\/\" \/>\n<meta property=\"og:locale\" content=\"en_US\" \/>\n<meta property=\"og:type\" content=\"article\" \/>\n<meta property=\"og:title\" content=\"Contacts &#8212; Codifur EMS\" \/>\n<meta property=\"og:description\" content=\"Kontaktieren Sie Cofidur EMS f\u00fcr Angebote, Informationen, Projektunterst\u00fctzung oder Karrierefragen. Wir sind f\u00fcr Sie da.\" \/>\n<meta property=\"og:url\" content=\"https:\/\/cofidur-ems.com\/en\/contacts\/\" \/>\n<meta property=\"og:site_name\" content=\"Codifur EMS\" \/>\n<meta property=\"article:modified_time\" content=\"2025-05-22T07:47:20+00:00\" \/>\n<meta name=\"twitter:card\" content=\"summary_large_image\" \/>\n<meta name=\"twitter:label1\" content=\"Est. reading time\" \/>\n\t<meta name=\"twitter:data1\" content=\"1 minute\" \/>\n<script type=\"application\/ld+json\" class=\"yoast-schema-graph\">{\"@context\":\"https:\\\/\\\/schema.org\",\"@graph\":[{\"@type\":\"WebPage\",\"@id\":\"https:\\\/\\\/cofidur-ems.com\\\/en\\\/contacts\\\/\",\"url\":\"https:\\\/\\\/cofidur-ems.com\\\/en\\\/contacts\\\/\",\"name\":\"Contacts &#8212; Codifur EMS\",\"isPartOf\":{\"@id\":\"https:\\\/\\\/cofidur-ems.com\\\/#website\"},\"datePublished\":\"2024-12-04T14:23:22+00:00\",\"dateModified\":\"2025-05-22T07:47:20+00:00\",\"description\":\"Kontaktieren Sie Cofidur EMS f\u00fcr Angebote, Informationen, Projektunterst\u00fctzung oder Karrierefragen. Wir sind f\u00fcr Sie da.\",\"breadcrumb\":{\"@id\":\"https:\\\/\\\/cofidur-ems.com\\\/en\\\/contacts\\\/#breadcrumb\"},\"inLanguage\":\"en-US\",\"potentialAction\":[{\"@type\":\"ReadAction\",\"target\":[\"https:\\\/\\\/cofidur-ems.com\\\/en\\\/contacts\\\/\"]}]},{\"@type\":\"BreadcrumbList\",\"@id\":\"https:\\\/\\\/cofidur-ems.com\\\/en\\\/contacts\\\/#breadcrumb\",\"itemListElement\":[{\"@type\":\"ListItem\",\"position\":1,\"name\":\"Cofidur EMS\",\"item\":\"https:\\\/\\\/cofidur-ems.com\\\/en\\\/\"},{\"@type\":\"ListItem\",\"position\":2,\"name\":\"Contacts\"}]},{\"@type\":\"WebSite\",\"@id\":\"https:\\\/\\\/cofidur-ems.com\\\/#website\",\"url\":\"https:\\\/\\\/cofidur-ems.com\\\/\",\"name\":\"Cofidur EMS\",\"description\":\"Votre sous-traitant \u00e9lectronique Fran\u00e7ais\",\"publisher\":{\"@id\":\"https:\\\/\\\/cofidur-ems.com\\\/#organization\"},\"potentialAction\":[{\"@type\":\"SearchAction\",\"target\":{\"@type\":\"EntryPoint\",\"urlTemplate\":\"https:\\\/\\\/cofidur-ems.com\\\/?s={search_term_string}\"},\"query-input\":{\"@type\":\"PropertyValueSpecification\",\"valueRequired\":true,\"valueName\":\"search_term_string\"}}],\"inLanguage\":\"en-US\"},{\"@type\":\"Organization\",\"@id\":\"https:\\\/\\\/cofidur-ems.com\\\/#organization\",\"name\":\"Cofidur EMS\",\"url\":\"https:\\\/\\\/cofidur-ems.com\\\/\",\"logo\":{\"@type\":\"ImageObject\",\"inLanguage\":\"en-US\",\"@id\":\"https:\\\/\\\/cofidur-ems.com\\\/#\\\/schema\\\/logo\\\/image\\\/\",\"url\":\"https:\\\/\\\/cofidur-ems.com\\\/wp-content\\\/uploads\\\/2025\\\/04\\\/logo.svg\",\"contentUrl\":\"https:\\\/\\\/cofidur-ems.com\\\/wp-content\\\/uploads\\\/2025\\\/04\\\/logo.svg\",\"width\":310,\"height\":89,\"caption\":\"Cofidur EMS\"},\"image\":{\"@id\":\"https:\\\/\\\/cofidur-ems.com\\\/#\\\/schema\\\/logo\\\/image\\\/\"},\"sameAs\":[\"https:\\\/\\\/www.linkedin.com\\\/company\\\/cofidur-ems\"]}]}<\/script>\n<!-- \/ Yoast SEO plugin. -->","yoast_head_json":{"title":"Contacts &#8212; Codifur EMS","description":"Kontaktieren Sie Cofidur EMS f\u00fcr Angebote, Informationen, Projektunterst\u00fctzung oder Karrierefragen. Wir sind f\u00fcr Sie da.","robots":{"index":"index","follow":"follow","max-snippet":"max-snippet:-1","max-image-preview":"max-image-preview:large","max-video-preview":"max-video-preview:-1"},"canonical":"https:\/\/cofidur-ems.com\/en\/contacts\/","og_locale":"en_US","og_type":"article","og_title":"Contacts &#8212; Codifur EMS","og_description":"Kontaktieren Sie Cofidur EMS f\u00fcr Angebote, Informationen, Projektunterst\u00fctzung oder Karrierefragen. Wir sind f\u00fcr Sie da.","og_url":"https:\/\/cofidur-ems.com\/en\/contacts\/","og_site_name":"Codifur EMS","article_modified_time":"2025-05-22T07:47:20+00:00","twitter_card":"summary_large_image","twitter_misc":{"Est. reading time":"1 minute"},"schema":{"@context":"https:\/\/schema.org","@graph":[{"@type":"WebPage","@id":"https:\/\/cofidur-ems.com\/en\/contacts\/","url":"https:\/\/cofidur-ems.com\/en\/contacts\/","name":"Contacts &#8212; Codifur EMS","isPartOf":{"@id":"https:\/\/cofidur-ems.com\/#website"},"datePublished":"2024-12-04T14:23:22+00:00","dateModified":"2025-05-22T07:47:20+00:00","description":"Kontaktieren Sie Cofidur EMS f\u00fcr Angebote, Informationen, Projektunterst\u00fctzung oder Karrierefragen. Wir sind f\u00fcr Sie da.","breadcrumb":{"@id":"https:\/\/cofidur-ems.com\/en\/contacts\/#breadcrumb"},"inLanguage":"en-US","potentialAction":[{"@type":"ReadAction","target":["https:\/\/cofidur-ems.com\/en\/contacts\/"]}]},{"@type":"BreadcrumbList","@id":"https:\/\/cofidur-ems.com\/en\/contacts\/#breadcrumb","itemListElement":[{"@type":"ListItem","position":1,"name":"Cofidur EMS","item":"https:\/\/cofidur-ems.com\/en\/"},{"@type":"ListItem","position":2,"name":"Contacts"}]},{"@type":"WebSite","@id":"https:\/\/cofidur-ems.com\/#website","url":"https:\/\/cofidur-ems.com\/","name":"Cofidur EMS","description":"Votre sous-traitant \u00e9lectronique Fran\u00e7ais","publisher":{"@id":"https:\/\/cofidur-ems.com\/#organization"},"potentialAction":[{"@type":"SearchAction","target":{"@type":"EntryPoint","urlTemplate":"https:\/\/cofidur-ems.com\/?s={search_term_string}"},"query-input":{"@type":"PropertyValueSpecification","valueRequired":true,"valueName":"search_term_string"}}],"inLanguage":"en-US"},{"@type":"Organization","@id":"https:\/\/cofidur-ems.com\/#organization","name":"Cofidur EMS","url":"https:\/\/cofidur-ems.com\/","logo":{"@type":"ImageObject","inLanguage":"en-US","@id":"https:\/\/cofidur-ems.com\/#\/schema\/logo\/image\/","url":"https:\/\/cofidur-ems.com\/wp-content\/uploads\/2025\/04\/logo.svg","contentUrl":"https:\/\/cofidur-ems.com\/wp-content\/uploads\/2025\/04\/logo.svg","width":310,"height":89,"caption":"Cofidur EMS"},"image":{"@id":"https:\/\/cofidur-ems.com\/#\/schema\/logo\/image\/"},"sameAs":["https:\/\/www.linkedin.com\/company\/cofidur-ems"]}]}},"_links":{"self":[{"href":"https:\/\/cofidur-ems.com\/en\/wp-json\/wp\/v2\/pages\/6570","targetHints":{"allow":["GET"]}}],"collection":[{"href":"https:\/\/cofidur-ems.com\/en\/wp-json\/wp\/v2\/pages"}],"about":[{"href":"https:\/\/cofidur-ems.com\/en\/wp-json\/wp\/v2\/types\/page"}],"author":[{"embeddable":true,"href":"https:\/\/cofidur-ems.com\/en\/wp-json\/wp\/v2\/users\/2"}],"replies":[{"embeddable":true,"href":"https:\/\/cofidur-ems.com\/en\/wp-json\/wp\/v2\/comments?post=6570"}],"version-history":[{"count":3,"href":"https:\/\/cofidur-ems.com\/en\/wp-json\/wp\/v2\/pages\/6570\/revisions"}],"predecessor-version":[{"id":6857,"href":"https:\/\/cofidur-ems.com\/en\/wp-json\/wp\/v2\/pages\/6570\/revisions\/6857"}],"wp:attachment":[{"href":"https:\/\/cofidur-ems.com\/en\/wp-json\/wp\/v2\/media?parent=6570"}],"curies":[{"name":"wp","href":"https:\/\/api.w.org\/{rel}","templated":true}]}}