{"id":7702,"date":"2025-07-25T08:39:17","date_gmt":"2025-07-25T06:39:17","guid":{"rendered":"https:\/\/cofidur-ems.com\/unser-csr-ansatz\/"},"modified":"2026-01-22T12:35:20","modified_gmt":"2026-01-22T11:35:20","slug":"unser-csr-ansatz","status":"publish","type":"page","link":"https:\/\/cofidur-ems.com\/de\/unser-csr-ansatz\/","title":{"rendered":"UNSER CSR-ANSATZ"},"content":{"rendered":"<section class=\"banner_page section\"><div class=\"inner\"><div class=\"banner_page_container  \"><h2 class=\"title-deco\">UNSER CSR-ANSATZ<\/h2><p class=\"\">Bei Cofidur EMS sind wir uns der \u00f6kologischen, sozialen und gesellschaftlichen Herausforderungen unserer Zeit bewusst. Wir wissen, dass unsere Rolle als industrieller Akteur weit \u00fcber die Produktion hinausgeht: Es geht auch darum, in unserem Ma\u00dfstab zu einer verantwortungsvolleren Wirtschaft beizutragen.<br \/>\r\n<br \/>\r\nUnser CSR-Ansatz ist engagiert und doch \u00fcbersichtlich: Wir entscheiden uns f\u00fcr Transparenz, kontinuierliche Verbesserung und Ehrlichkeit bei unseren Zusagen.<\/p><\/div><\/div><\/section>\n<section class=\"block block-ambitions  pb-15 pt-20\" style=\"background-image: url('https:\/\/cofidur-ems.com\/wp-content\/uploads\/2025\/06\/Design-sans-titre-49-e1752737751944.png');\">\n    <div class=\"overlay\"><\/div>\n    <div class=\"container-fluid inner\">\n        <div class=\"row\">\n            <div class=\"col-12\">\n                <span class=\"text-introduction pt-2 pb-4\">\n                                    <\/span>\n            <\/div>\n            <div class=\"col-12\">\n                <h2 class=\"pb-5\"><\/h2>\n                <blockquote>\n<h4 style=\"text-align: center;\"><span class=\"uppercase\"><em>\u201eEs geht nicht darum, eine perfekte Bilanz zu ziehen, sondern unsere Handlungen, Verpflichtungen und Fortschritte, die wir noch zu erreichen haben, transparent zu teilen.\u201c<\/em><\/span><\/h4>\n<\/blockquote>\n            <\/div>\n        <\/div>\n        <div class=\"row ambitions pt-4 pb-4\">\n                    <\/div>\n<\/section>\n<div style=\"height:75px\" aria-hidden=\"true\" class=\"wp-block-spacer\"><\/div>\n\n<section class=\"block block-usp container-fluid\">\n    <div class=\"inner row\">\n            <div class=\"col-12\">\n                <h2 class=\"title-deco title-violet h2 pb-5\">\n                    ECOVADIS RATING &#8211; Juni 2025                <\/h2>\n            <\/div>\n        <div class=\"col-12 plr-0\">\n            <div class=\"usps d-flex flex-row pb-5 pt-5 row\">\n                                                <div class='usp-item col-lg-2 col-6'>\n                    <div class=\"image\">\n                        <img decoding=\"async\" src=\"https:\/\/cofidur-ems.com\/wp-content\/uploads\/2025\/07\/Design-sans-titre-60.png\" alt=\"\"\n                            title=\"Design sans titre (60)\">\n                    <\/div>\n                                        <div class=\"number bold\">\n                        <span class=\"text-uppercase\">67\/100<\/span>\n                    <\/div>\n                                        <div class=\"text text-introduction font-sm\">\n                        GESAMTBEWERTUNG                    <\/div>\n                <\/div>\n                                <div class='usp-item col-lg-2 col-6'>\n                    <div class=\"image\">\n                        <img decoding=\"async\" src=\"https:\/\/cofidur-ems.com\/wp-content\/uploads\/2025\/07\/Design-sans-titre-59.png\" alt=\"\"\n                            title=\"Design sans titre (59)\">\n                    <\/div>\n                                        <div class=\"number bold\">\n                        <span class=\"text-uppercase\">80. <\/span>\n                    <\/div>\n                                        <div class=\"text text-introduction font-sm\">\n                        Perzentil*                    <\/div>\n                <\/div>\n                                <div class='usp-item col-lg-2 col-6'>\n                    <div class=\"image\">\n                        <img decoding=\"async\" src=\"https:\/\/cofidur-ems.com\/wp-content\/uploads\/2025\/07\/Design-sans-titre-55.png\" alt=\"\"\n                            title=\"Design sans titre (55)\">\n                    <\/div>\n                                        <div class=\"number bold\">\n                        <span class=\"text-uppercase\">64\/100<\/span>\n                    <\/div>\n                                        <div class=\"text text-introduction font-sm\">\n                        Umwelt                    <\/div>\n                <\/div>\n                                <div class='usp-item col-lg-2 col-6'>\n                    <div class=\"image\">\n                        <img decoding=\"async\" src=\"https:\/\/cofidur-ems.com\/wp-content\/uploads\/2025\/07\/Design-sans-titre-56.png\" alt=\"\"\n                            title=\"Design sans titre (56)\">\n                    <\/div>\n                                        <div class=\"number bold\">\n                        <span class=\"text-uppercase\">65\/100<\/span>\n                    <\/div>\n                                        <div class=\"text text-introduction font-sm\">\n                        Soziales und Menschenrechte                    <\/div>\n                <\/div>\n                                <div class='usp-item col-lg-2 col-6'>\n                    <div class=\"image\">\n                        <img decoding=\"async\" src=\"https:\/\/cofidur-ems.com\/wp-content\/uploads\/2025\/07\/Design-sans-titre-57.png\" alt=\"\"\n                            title=\"Design sans titre (57)\">\n                    <\/div>\n                                        <div class=\"number bold\">\n                        <span class=\"text-uppercase\">71\/100<\/span>\n                    <\/div>\n                                        <div class=\"text text-introduction font-sm\">\n                        Ethik                    <\/div>\n                <\/div>\n                                <div class='usp-item col-lg-2 col-6'>\n                    <div class=\"image\">\n                        <img decoding=\"async\" src=\"https:\/\/cofidur-ems.com\/wp-content\/uploads\/2025\/07\/Design-sans-titre-58.png\" alt=\"\"\n                            title=\"Design sans titre (58)\">\n                    <\/div>\n                                        <div class=\"number bold\">\n                        <span class=\"text-uppercase\">76\/100<\/span>\n                    <\/div>\n                                        <div class=\"text text-introduction font-sm\">\n                        Verantwortlicher Einkauf                    <\/div>\n                <\/div>\n                                            <\/div>\n        <\/div>\n        <div class=\"col-lg-6 col-md-6 col-sm-12 plr-0\">\n                    <\/div>\n    <\/div>\n<\/section>\n<pre class=\"wp-block-preformatted has-small-font-size\" style=\"border-style:none;border-width:0px;margin-right:var(--wp--preset--spacing--30);margin-left:var(--wp--preset--spacing--30);padding-right:var(--wp--preset--spacing--70);padding-left:var(--wp--preset--spacing--70)\">*Eine Einstufung im 80. Perzentil von EcoVadis bedeutet, dass unsere CSR-Leistung besser oder gleich der von 80\u00a0% der in unserer Branche bewerteten Unternehmen ist.<\/pre>\n\n<div style=\"height:150px\" aria-hidden=\"true\" class=\"wp-block-spacer\"><\/div>\n\n<div class=\"wp-block-columns is-layout-flex wp-container-core-columns-is-layout-28f84493 wp-block-columns-is-layout-flex\">\n<div class=\"wp-block-column is-layout-flow wp-block-column-is-layout-flow\"><section class=\"banner_page section\"><div class=\"inner\"><div class=\"banner_page_container  \"><h2 class=\"title-deco\">UNSER CSR-BERICHT 2024<\/h2><p class=\"\">Im Jahr 2024 setzte Cofidur EMS seinen CSR-Ansatz in mehreren strukturierenden Bereichen fort: Arbeitsbedingungen, verantwortlicher Einkauf, Kundenerfahrung, Gesch\u00e4ftsethik, regionales Engagement und Umweltpolitik. <br \/>\r\n<br \/>\r\nDieses Jahr hat es erm\u00f6glicht, bestimmte Praktiken zu st\u00e4rken, neue Ma\u00dfnahmen zu ergreifen, aber auch Verbesserungsm\u00f6glichkeiten zu identifizieren. Auch wenn wir gute Ergebnisse verzeichnen k\u00f6nnen, sind wir uns der Anstrengungen bewusst, die unternommen werden m\u00fcssen, um koh\u00e4rente und nachhaltige Fortschritte zu erzielen.<br \/>\r\n<br \/>\r\nDieser Bericht spiegelt sowohl unser Engagement als auch unseren Wunsch nach Transparenz und unseren pragmatischen Ansatz in Bezug auf die unternehmerische Verantwortung wider.<\/p><a href=\"https:\/\/cofidur-ems.com\/wp-content\/uploads\/2025\/07\/Rapport-RSE-Cofidur-EMS-2024.pdf\" title=\"CSR-Bilanz Cofidur EMS - 2024\" class=\"bouton primary\">CSR-Bilanz Cofidur EMS &#8211; 2024<\/a><\/div><\/div><\/section><\/div>\n\n\n\n<div class=\"wp-block-column is-layout-flow wp-block-column-is-layout-flow\"><section class=\"banner_page section\"><div class=\"inner\"><div class=\"banner_page_container  \"><h2 class=\"title-deco\">UNSERE CO2-BILANZ<\/h2><p class=\"\">2024 hat Cofidur EMS seine erste CO2-Bilanz f\u00fcr das Jahr 2023 erstellt. Dieser Schritt markiert den Beginn eines Ansatzes der Analyse und des Fortschritts in Bezug auf unsere Umweltauswirkungen. <br \/>\r\nDie Bilanz hat uns ein besseres Verst\u00e4ndnis daf\u00fcr verschafft, woher unsere direkten und indirekten Treibhausgasemissionen stammen und auf welche Bereiche wir unsere Anstrengungen konzentrieren m\u00fcssen. <br \/>\r\n<br \/>\r\nEs handelt sich um eine erste Bestandsaufnahme, die f\u00fcr den \u00dcbergangsplan unerl\u00e4sslich ist, um strukturiert und glaubw\u00fcrdig voranzukommen Diese Arbeit verpflichtet uns langfristig, mit Weitblick und Verantwortung.<br \/>\r\n<br \/>\r\n<br \/>\r\n<\/p><a href=\"https:\/\/cofidur-ems.com\/wp-content\/uploads\/2025\/07\/Bilan-Carbone-Diag-DecarbonAction-Rapport.pdf\" title=\"CO2-Bilanz Cofidur EMS - 2024\" class=\"bouton primary\">CO2-Bilanz Cofidur EMS &#8211; 2024<\/a><\/div><\/div><\/section><\/div>\n<\/div>\n\n<div style=\"height:100px\" aria-hidden=\"true\" class=\"wp-block-spacer\"><\/div>\n\n\n","protected":false},"excerpt":{"rendered":"<p>*Eine Einstufung im 80. Perzentil von EcoVadis bedeutet, dass unsere CSR-Leistung besser oder gleich der von 80\u00a0% der in unserer Branche bewerteten Unternehmen ist.<\/p>\n","protected":false},"author":3,"featured_media":0,"parent":0,"menu_order":0,"comment_status":"closed","ping_status":"closed","template":"","meta":{"_acf_changed":false,"footnotes":""},"class_list":["post-7702","page","type-page","status-publish","hentry"],"acf":[],"yoast_head":"<!-- This site is optimized with the Yoast SEO plugin v27.3 - https:\/\/yoast.com\/product\/yoast-seo-wordpress\/ -->\n<title>UNSER CSR-ANSATZ &#8212; Codifur EMS<\/title>\n<meta name=\"description\" content=\"Cofidur EMS teilt seinen CSR-Ansatz: CSR-Bericht, CO2-Bilanz, EcoVadis-Rating, \u00f6kologische und gesellschaftliche Verpflichtungen.\" \/>\n<meta name=\"robots\" content=\"index, follow, max-snippet:-1, max-image-preview:large, max-video-preview:-1\" \/>\n<link rel=\"canonical\" href=\"https:\/\/cofidur-ems.com\/de\/unser-csr-ansatz\/\" \/>\n<meta property=\"og:locale\" content=\"de_DE\" \/>\n<meta property=\"og:type\" content=\"article\" \/>\n<meta property=\"og:title\" content=\"UNSER CSR-ANSATZ &#8212; Codifur EMS\" \/>\n<meta property=\"og:description\" content=\"Cofidur EMS teilt seinen CSR-Ansatz: CSR-Bericht, CO2-Bilanz, EcoVadis-Rating, \u00f6kologische und gesellschaftliche Verpflichtungen.\" \/>\n<meta property=\"og:url\" content=\"https:\/\/cofidur-ems.com\/de\/unser-csr-ansatz\/\" \/>\n<meta property=\"og:site_name\" content=\"Codifur EMS\" \/>\n<meta property=\"article:modified_time\" content=\"2026-01-22T11:35:20+00:00\" \/>\n<meta name=\"twitter:card\" content=\"summary_large_image\" \/>\n<script type=\"application\/ld+json\" class=\"yoast-schema-graph\">{\"@context\":\"https:\\\/\\\/schema.org\",\"@graph\":[{\"@type\":\"WebPage\",\"@id\":\"https:\\\/\\\/cofidur-ems.com\\\/de\\\/unser-csr-ansatz\\\/\",\"url\":\"https:\\\/\\\/cofidur-ems.com\\\/de\\\/unser-csr-ansatz\\\/\",\"name\":\"UNSER CSR-ANSATZ &#8212; Codifur EMS\",\"isPartOf\":{\"@id\":\"https:\\\/\\\/cofidur-ems.com\\\/#website\"},\"datePublished\":\"2025-07-25T06:39:17+00:00\",\"dateModified\":\"2026-01-22T11:35:20+00:00\",\"description\":\"Cofidur EMS teilt seinen CSR-Ansatz: CSR-Bericht, CO2-Bilanz, EcoVadis-Rating, \u00f6kologische und gesellschaftliche Verpflichtungen.\",\"breadcrumb\":{\"@id\":\"https:\\\/\\\/cofidur-ems.com\\\/de\\\/unser-csr-ansatz\\\/#breadcrumb\"},\"inLanguage\":\"de\",\"potentialAction\":[{\"@type\":\"ReadAction\",\"target\":[\"https:\\\/\\\/cofidur-ems.com\\\/de\\\/unser-csr-ansatz\\\/\"]}]},{\"@type\":\"BreadcrumbList\",\"@id\":\"https:\\\/\\\/cofidur-ems.com\\\/de\\\/unser-csr-ansatz\\\/#breadcrumb\",\"itemListElement\":[{\"@type\":\"ListItem\",\"position\":1,\"name\":\"Cofidur EMS\",\"item\":\"https:\\\/\\\/cofidur-ems.com\\\/de\\\/\"},{\"@type\":\"ListItem\",\"position\":2,\"name\":\"UNSER CSR-ANSATZ\"}]},{\"@type\":\"WebSite\",\"@id\":\"https:\\\/\\\/cofidur-ems.com\\\/#website\",\"url\":\"https:\\\/\\\/cofidur-ems.com\\\/\",\"name\":\"Cofidur EMS\",\"description\":\"Votre sous-traitant \u00e9lectronique Fran\u00e7ais\",\"publisher\":{\"@id\":\"https:\\\/\\\/cofidur-ems.com\\\/#organization\"},\"potentialAction\":[{\"@type\":\"SearchAction\",\"target\":{\"@type\":\"EntryPoint\",\"urlTemplate\":\"https:\\\/\\\/cofidur-ems.com\\\/?s={search_term_string}\"},\"query-input\":{\"@type\":\"PropertyValueSpecification\",\"valueRequired\":true,\"valueName\":\"search_term_string\"}}],\"inLanguage\":\"de\"},{\"@type\":\"Organization\",\"@id\":\"https:\\\/\\\/cofidur-ems.com\\\/#organization\",\"name\":\"Cofidur EMS\",\"url\":\"https:\\\/\\\/cofidur-ems.com\\\/\",\"logo\":{\"@type\":\"ImageObject\",\"inLanguage\":\"de\",\"@id\":\"https:\\\/\\\/cofidur-ems.com\\\/#\\\/schema\\\/logo\\\/image\\\/\",\"url\":\"https:\\\/\\\/cofidur-ems.com\\\/wp-content\\\/uploads\\\/2025\\\/04\\\/logo.svg\",\"contentUrl\":\"https:\\\/\\\/cofidur-ems.com\\\/wp-content\\\/uploads\\\/2025\\\/04\\\/logo.svg\",\"width\":310,\"height\":89,\"caption\":\"Cofidur EMS\"},\"image\":{\"@id\":\"https:\\\/\\\/cofidur-ems.com\\\/#\\\/schema\\\/logo\\\/image\\\/\"},\"sameAs\":[\"https:\\\/\\\/www.linkedin.com\\\/company\\\/cofidur-ems\"]}]}<\/script>\n<!-- \/ Yoast SEO plugin. -->","yoast_head_json":{"title":"UNSER CSR-ANSATZ &#8212; Codifur EMS","description":"Cofidur EMS teilt seinen CSR-Ansatz: CSR-Bericht, CO2-Bilanz, EcoVadis-Rating, \u00f6kologische und gesellschaftliche Verpflichtungen.","robots":{"index":"index","follow":"follow","max-snippet":"max-snippet:-1","max-image-preview":"max-image-preview:large","max-video-preview":"max-video-preview:-1"},"canonical":"https:\/\/cofidur-ems.com\/de\/unser-csr-ansatz\/","og_locale":"de_DE","og_type":"article","og_title":"UNSER CSR-ANSATZ &#8212; Codifur EMS","og_description":"Cofidur EMS teilt seinen CSR-Ansatz: CSR-Bericht, CO2-Bilanz, EcoVadis-Rating, \u00f6kologische und gesellschaftliche Verpflichtungen.","og_url":"https:\/\/cofidur-ems.com\/de\/unser-csr-ansatz\/","og_site_name":"Codifur EMS","article_modified_time":"2026-01-22T11:35:20+00:00","twitter_card":"summary_large_image","schema":{"@context":"https:\/\/schema.org","@graph":[{"@type":"WebPage","@id":"https:\/\/cofidur-ems.com\/de\/unser-csr-ansatz\/","url":"https:\/\/cofidur-ems.com\/de\/unser-csr-ansatz\/","name":"UNSER CSR-ANSATZ &#8212; Codifur EMS","isPartOf":{"@id":"https:\/\/cofidur-ems.com\/#website"},"datePublished":"2025-07-25T06:39:17+00:00","dateModified":"2026-01-22T11:35:20+00:00","description":"Cofidur EMS teilt seinen CSR-Ansatz: CSR-Bericht, CO2-Bilanz, EcoVadis-Rating, \u00f6kologische und gesellschaftliche Verpflichtungen.","breadcrumb":{"@id":"https:\/\/cofidur-ems.com\/de\/unser-csr-ansatz\/#breadcrumb"},"inLanguage":"de","potentialAction":[{"@type":"ReadAction","target":["https:\/\/cofidur-ems.com\/de\/unser-csr-ansatz\/"]}]},{"@type":"BreadcrumbList","@id":"https:\/\/cofidur-ems.com\/de\/unser-csr-ansatz\/#breadcrumb","itemListElement":[{"@type":"ListItem","position":1,"name":"Cofidur EMS","item":"https:\/\/cofidur-ems.com\/de\/"},{"@type":"ListItem","position":2,"name":"UNSER CSR-ANSATZ"}]},{"@type":"WebSite","@id":"https:\/\/cofidur-ems.com\/#website","url":"https:\/\/cofidur-ems.com\/","name":"Cofidur EMS","description":"Votre sous-traitant \u00e9lectronique Fran\u00e7ais","publisher":{"@id":"https:\/\/cofidur-ems.com\/#organization"},"potentialAction":[{"@type":"SearchAction","target":{"@type":"EntryPoint","urlTemplate":"https:\/\/cofidur-ems.com\/?s={search_term_string}"},"query-input":{"@type":"PropertyValueSpecification","valueRequired":true,"valueName":"search_term_string"}}],"inLanguage":"de"},{"@type":"Organization","@id":"https:\/\/cofidur-ems.com\/#organization","name":"Cofidur EMS","url":"https:\/\/cofidur-ems.com\/","logo":{"@type":"ImageObject","inLanguage":"de","@id":"https:\/\/cofidur-ems.com\/#\/schema\/logo\/image\/","url":"https:\/\/cofidur-ems.com\/wp-content\/uploads\/2025\/04\/logo.svg","contentUrl":"https:\/\/cofidur-ems.com\/wp-content\/uploads\/2025\/04\/logo.svg","width":310,"height":89,"caption":"Cofidur EMS"},"image":{"@id":"https:\/\/cofidur-ems.com\/#\/schema\/logo\/image\/"},"sameAs":["https:\/\/www.linkedin.com\/company\/cofidur-ems"]}]}},"_links":{"self":[{"href":"https:\/\/cofidur-ems.com\/de\/wp-json\/wp\/v2\/pages\/7702","targetHints":{"allow":["GET"]}}],"collection":[{"href":"https:\/\/cofidur-ems.com\/de\/wp-json\/wp\/v2\/pages"}],"about":[{"href":"https:\/\/cofidur-ems.com\/de\/wp-json\/wp\/v2\/types\/page"}],"author":[{"embeddable":true,"href":"https:\/\/cofidur-ems.com\/de\/wp-json\/wp\/v2\/users\/3"}],"replies":[{"embeddable":true,"href":"https:\/\/cofidur-ems.com\/de\/wp-json\/wp\/v2\/comments?post=7702"}],"version-history":[{"count":3,"href":"https:\/\/cofidur-ems.com\/de\/wp-json\/wp\/v2\/pages\/7702\/revisions"}],"predecessor-version":[{"id":7719,"href":"https:\/\/cofidur-ems.com\/de\/wp-json\/wp\/v2\/pages\/7702\/revisions\/7719"}],"wp:attachment":[{"href":"https:\/\/cofidur-ems.com\/de\/wp-json\/wp\/v2\/media?parent=7702"}],"curies":[{"name":"wp","href":"https:\/\/api.w.org\/{rel}","templated":true}]}}