{"id":6585,"date":"2024-07-02T10:53:20","date_gmt":"2024-07-02T08:53:20","guid":{"rendered":"https:\/\/cofidur-ems.com\/politique-de-confidentialite\/"},"modified":"2025-05-22T09:47:23","modified_gmt":"2025-05-22T07:47:23","slug":"datenschutzrichtlinie","status":"publish","type":"page","link":"https:\/\/cofidur-ems.com\/de\/datenschutzrichtlinie\/","title":{"rendered":"Datenschutzrichtlinie"},"content":{"rendered":"<section class=\"banner_page \"><div class=\"inner\"><div class=\"banner_page_container banner_width \"><h1 class=\"title-deco\">DATENSCHUTZRICHTLINIE UND SCHUTZ PERSONENBEZOGENER DATEN<\/h1><p class=\"\">Das Unternehmen COFIDUR EMS verpflichtet sich, f\u00fcr Ihre personenbezogenen Daten das bestm\u00f6gliche Schutzniveau zu gew\u00e4hrleisten.<\/p><\/div><\/div><\/section>\n\n\n<div style=\"height:50px\" aria-hidden=\"true\" class=\"wp-block-spacer\"><\/div>\n\n\n\n<div class=\"wp-block-group is-layout-constrained wp-block-group-is-layout-constrained\">\n<h2 class=\"wp-block-heading\"><\/h2>\n\n\n\n<p>Der Verantwortliche f\u00fcr die Verarbeitung von Daten auf der Website www.COFIDUR EMS.fr ist:<br>Gilles Delaunay<\/p>\n\n\n\n<p>Cofidur EMS<br>COFIDUR EMS<br>79 RUE SAINT MELAINE<br>53000 LAVAL, FRANKREICH<\/p>\n\n\n\n<p>Als Verantwortlicher verpflichtet sich COFIDUR EMS, f\u00fcr die automatisierte Verarbeitung personenbezogener Daten die Vorschriften der ge\u00e4nderten Fassung des franz\u00f6sischen Datenschutzgesetzes Nr. 78-17 vom 6. Januar 1978 sowie, ab ihrem Inkrafttreten am 25. Mai 2018, die EU-Verordnung Nr. 2016\/679 vom 27. April 2016 (Datenschutz-Grundverordnung) einzuhalten.<\/p>\n\n\n\n<h2 class=\"wp-block-heading\"><strong>An wen werden Ihre personenbezogenen Daten \u00fcbermittelt?<\/strong><\/h2>\n\n\n\n<p>Ihre Daten werden ausschlie\u00dflich an Mitarbeitende des Unternehmens COFIDUR EMS \u00fcbermittelt.<\/p>\n\n\n\n<h2 class=\"wp-block-heading\"><strong>Zu welchen Zwecken sollen die erhobenen personenbezogenen Daten, die Sie betreffen, verarbeitet werden?<\/strong><\/h2>\n\n\n\n<p>Das Unternehmen COFIDUR EMS erhebt und speichert personenbezogene Daten der Internetnutzer (Kunden, potenzielle Kunden und Entscheider), um die folgenden Verarbeitungen durchzuf\u00fchren:<\/p>\n\n\n\n<ul class=\"wp-block-list\">\n<li>Erstellung und Verwaltung des Kundenkontos,<\/li>\n\n\n\n<li>Information in Bezug auf neue oder ge\u00e4nderte Dienste,<\/li>\n\n\n\n<li>Beantwortung von Fragen und Versand kommerzieller Angebote per E-Mail (auf Ihre Anfrage),<\/li>\n\n\n\n<li>Erstellung von Gesch\u00e4ftsstatistiken.<\/li>\n<\/ul>\n\n\n\n<p>Mit Ausnahme von Ma\u00dfnahmen zum Zwecke der Direktwerbung sieht COFIDUR EMS s\u00e4mtliche oben aufgef\u00fchrten Verarbeitungen als notwendig f\u00fcr die Erbringung dieser Leistungen an. Die Direktwerbungsma\u00dfnahmen erfolgen auf der Grundlage der Einwilligung der betreffenden Person zur Verarbeitung dieser Daten.<\/p>\n\n\n\n<h2 class=\"wp-block-heading\"><strong>Wie lange werden Ihre Daten aufbewahrt?<\/strong><\/h2>\n\n\n\n<p>Die Dauer der Aufbewahrung Ihrer personenbezogenen Daten durch das Unternehmen COFIDUR EMS gestaltet sich wie folgt:<\/p>\n\n\n\n<p>Alle erhobenen personenbezogenen Daten von Internetnutzern, bei denen es sich um Kunden handelt, werden f\u00fcr die gesamte Dauer der Gesch\u00e4ftsbeziehung und nach dem Ende dieser Gesch\u00e4ftsbeziehung (zum Beispiel ab dem Datum Ihres letzten Einkaufs) f\u00fcnf Jahre lang aufbewahrt. S\u00e4mtliche personenbezogenen Daten von Internetnutzern, die potentielle Kunden oder Entscheider sind, werden ab dem letzten vom Internetnutzer ausgehenden Kontakt (zum Beispiel in Form einer Bitte um Produktinformationen, eines Klicks auf einen Hyperlink usw.) drei Jahre lang aufbewahrt.<\/p>\n\n\n\n<h2 class=\"wp-block-heading\"><strong>Welches Recht auf Auskunft haben Sie in Bezug auf personenbezogene Daten und wie k\u00f6nnen Sie es aus\u00fcben?<\/strong><\/h2>\n\n\n\n<p>Gem\u00e4\u00df Artikel 38 bis 40 des franz\u00f6sischen Gesetzes vom 6. Januar 1978 kann jede nat\u00fcrliche Person, die den Dienst nutzt, in Bezug auf die Verarbeitung ihrer Daten ihre Rechte auf Auskunft, Berichtigung, Widerspruch und L\u00f6schung wahrnehmen.  Im Einklang mit der europ\u00e4ischen Datenschutz-Grundverordnung 2016\/679 vom 27. April 2016 kann eine nat\u00fcrliche Person ab dem Inkrafttreten der Verordnung am 25. Mai 2018 ihr Recht auf Einschr\u00e4nkung der Verarbeitung, L\u00f6schung ihrer Daten und Daten\u00fcbertragbarkeit wahrnehmen. Diese Rechte k\u00f6nnen gegen\u00fcber dem Unternehmen COFIDUR EMS, das die personenbezogenen Daten erhoben hat, auf folgende Weise schriftlich ausge\u00fcbt werden:<\/p>\n\n\n\n<p>Auf dem Postweg:<\/p>\n\n\n\n<p><br>COFIDUR EMS<br>79 RUE SAINT MELAINE<br>53000 LAVAL, FRANKREICH<\/p>\n\n\n\n<p>Das Unternehmen COFIDUR EMS wird bei Aus\u00fcbung eines Rechts innerhalb von maximal einem Monat antworten. Sollte die Antwort nicht befriedigend sein, kann die betroffene Person die franz\u00f6sische Datenschutzbeh\u00f6rde <a href=\"https:\/\/www.cnil.fr\/\">CNIL<\/a> einschalten.<\/p>\n<\/div>\n\n\n\n<div style=\"height:100px\" aria-hidden=\"true\" class=\"wp-block-spacer\"><\/div>\n","protected":false},"excerpt":{"rendered":"<p>Der Verantwortliche f\u00fcr die Verarbeitung von Daten auf der Website www.COFIDUR EMS.fr ist:Gilles Delaunay Cofidur EMSCOFIDUR EMS79 RUE SAINT MELAINE53000 LAVAL, FRANKREICH Als Verantwortlicher verpflichtet sich COFIDUR EMS, f\u00fcr die automatisierte Verarbeitung personenbezogener Daten die Vorschriften der ge\u00e4nderten Fassung des franz\u00f6sischen Datenschutzgesetzes Nr. 78-17 vom 6. Januar 1978 sowie, ab ihrem Inkrafttreten am 25. Mai [&hellip;]<\/p>\n","protected":false},"author":2,"featured_media":0,"parent":0,"menu_order":8,"comment_status":"closed","ping_status":"closed","template":"","meta":{"_acf_changed":false,"footnotes":""},"class_list":["post-6585","page","type-page","status-publish","hentry"],"acf":[],"yoast_head":"<!-- This site is optimized with the Yoast SEO plugin v27.4 - https:\/\/yoast.com\/product\/yoast-seo-wordpress\/ -->\n<title>Datenschutzrichtlinie &#8212; Codifur EMS<\/title>\n<meta name=\"description\" content=\"Lesen Sie die Datenschutzrichtlinie von Cofidur EMS: Erfassung, Nutzung und Schutz Ihrer Daten sowie Ihre Rechte.\" \/>\n<meta name=\"robots\" content=\"index, follow, max-snippet:-1, max-image-preview:large, max-video-preview:-1\" \/>\n<link rel=\"canonical\" href=\"https:\/\/cofidur-ems.com\/de\/datenschutzrichtlinie\/\" \/>\n<meta property=\"og:locale\" content=\"de_DE\" \/>\n<meta property=\"og:type\" content=\"article\" \/>\n<meta property=\"og:title\" content=\"Datenschutzrichtlinie &#8212; Codifur EMS\" \/>\n<meta property=\"og:description\" content=\"Lesen Sie die Datenschutzrichtlinie von Cofidur EMS: Erfassung, Nutzung und Schutz Ihrer Daten sowie Ihre Rechte.\" \/>\n<meta property=\"og:url\" content=\"https:\/\/cofidur-ems.com\/de\/datenschutzrichtlinie\/\" \/>\n<meta property=\"og:site_name\" content=\"Codifur EMS\" \/>\n<meta property=\"article:modified_time\" content=\"2025-05-22T07:47:23+00:00\" \/>\n<meta name=\"twitter:card\" content=\"summary_large_image\" \/>\n<meta name=\"twitter:label1\" content=\"Gesch\u00e4tzte Lesezeit\" \/>\n\t<meta name=\"twitter:data1\" content=\"3\u00a0Minuten\" \/>\n<script type=\"application\/ld+json\" class=\"yoast-schema-graph\">{\"@context\":\"https:\\\/\\\/schema.org\",\"@graph\":[{\"@type\":\"WebPage\",\"@id\":\"https:\\\/\\\/cofidur-ems.com\\\/de\\\/datenschutzrichtlinie\\\/\",\"url\":\"https:\\\/\\\/cofidur-ems.com\\\/de\\\/datenschutzrichtlinie\\\/\",\"name\":\"Datenschutzrichtlinie &#8212; Codifur EMS\",\"isPartOf\":{\"@id\":\"https:\\\/\\\/cofidur-ems.com\\\/#website\"},\"datePublished\":\"2024-07-02T08:53:20+00:00\",\"dateModified\":\"2025-05-22T07:47:23+00:00\",\"description\":\"Lesen Sie die Datenschutzrichtlinie von Cofidur EMS: Erfassung, Nutzung und Schutz Ihrer Daten sowie Ihre Rechte.\",\"breadcrumb\":{\"@id\":\"https:\\\/\\\/cofidur-ems.com\\\/de\\\/datenschutzrichtlinie\\\/#breadcrumb\"},\"inLanguage\":\"de\",\"potentialAction\":[{\"@type\":\"ReadAction\",\"target\":[\"https:\\\/\\\/cofidur-ems.com\\\/de\\\/datenschutzrichtlinie\\\/\"]}]},{\"@type\":\"BreadcrumbList\",\"@id\":\"https:\\\/\\\/cofidur-ems.com\\\/de\\\/datenschutzrichtlinie\\\/#breadcrumb\",\"itemListElement\":[{\"@type\":\"ListItem\",\"position\":1,\"name\":\"Cofidur EMS\",\"item\":\"https:\\\/\\\/cofidur-ems.com\\\/de\\\/\"},{\"@type\":\"ListItem\",\"position\":2,\"name\":\"Datenschutzrichtlinie\"}]},{\"@type\":\"WebSite\",\"@id\":\"https:\\\/\\\/cofidur-ems.com\\\/#website\",\"url\":\"https:\\\/\\\/cofidur-ems.com\\\/\",\"name\":\"Cofidur EMS\",\"description\":\"Votre sous-traitant \u00e9lectronique Fran\u00e7ais\",\"publisher\":{\"@id\":\"https:\\\/\\\/cofidur-ems.com\\\/#organization\"},\"potentialAction\":[{\"@type\":\"SearchAction\",\"target\":{\"@type\":\"EntryPoint\",\"urlTemplate\":\"https:\\\/\\\/cofidur-ems.com\\\/?s={search_term_string}\"},\"query-input\":{\"@type\":\"PropertyValueSpecification\",\"valueRequired\":true,\"valueName\":\"search_term_string\"}}],\"inLanguage\":\"de\"},{\"@type\":\"Organization\",\"@id\":\"https:\\\/\\\/cofidur-ems.com\\\/#organization\",\"name\":\"Cofidur EMS\",\"url\":\"https:\\\/\\\/cofidur-ems.com\\\/\",\"logo\":{\"@type\":\"ImageObject\",\"inLanguage\":\"de\",\"@id\":\"https:\\\/\\\/cofidur-ems.com\\\/#\\\/schema\\\/logo\\\/image\\\/\",\"url\":\"https:\\\/\\\/cofidur-ems.com\\\/wp-content\\\/uploads\\\/2025\\\/04\\\/logo.svg\",\"contentUrl\":\"https:\\\/\\\/cofidur-ems.com\\\/wp-content\\\/uploads\\\/2025\\\/04\\\/logo.svg\",\"width\":310,\"height\":89,\"caption\":\"Cofidur EMS\"},\"image\":{\"@id\":\"https:\\\/\\\/cofidur-ems.com\\\/#\\\/schema\\\/logo\\\/image\\\/\"},\"sameAs\":[\"https:\\\/\\\/www.linkedin.com\\\/company\\\/cofidur-ems\"]}]}<\/script>\n<!-- \/ Yoast SEO plugin. -->","yoast_head_json":{"title":"Datenschutzrichtlinie &#8212; Codifur EMS","description":"Lesen Sie die Datenschutzrichtlinie von Cofidur EMS: Erfassung, Nutzung und Schutz Ihrer Daten sowie Ihre Rechte.","robots":{"index":"index","follow":"follow","max-snippet":"max-snippet:-1","max-image-preview":"max-image-preview:large","max-video-preview":"max-video-preview:-1"},"canonical":"https:\/\/cofidur-ems.com\/de\/datenschutzrichtlinie\/","og_locale":"de_DE","og_type":"article","og_title":"Datenschutzrichtlinie &#8212; Codifur EMS","og_description":"Lesen Sie die Datenschutzrichtlinie von Cofidur EMS: Erfassung, Nutzung und Schutz Ihrer Daten sowie Ihre Rechte.","og_url":"https:\/\/cofidur-ems.com\/de\/datenschutzrichtlinie\/","og_site_name":"Codifur EMS","article_modified_time":"2025-05-22T07:47:23+00:00","twitter_card":"summary_large_image","twitter_misc":{"Gesch\u00e4tzte Lesezeit":"3\u00a0Minuten"},"schema":{"@context":"https:\/\/schema.org","@graph":[{"@type":"WebPage","@id":"https:\/\/cofidur-ems.com\/de\/datenschutzrichtlinie\/","url":"https:\/\/cofidur-ems.com\/de\/datenschutzrichtlinie\/","name":"Datenschutzrichtlinie &#8212; Codifur EMS","isPartOf":{"@id":"https:\/\/cofidur-ems.com\/#website"},"datePublished":"2024-07-02T08:53:20+00:00","dateModified":"2025-05-22T07:47:23+00:00","description":"Lesen Sie die Datenschutzrichtlinie von Cofidur EMS: Erfassung, Nutzung und Schutz Ihrer Daten sowie Ihre Rechte.","breadcrumb":{"@id":"https:\/\/cofidur-ems.com\/de\/datenschutzrichtlinie\/#breadcrumb"},"inLanguage":"de","potentialAction":[{"@type":"ReadAction","target":["https:\/\/cofidur-ems.com\/de\/datenschutzrichtlinie\/"]}]},{"@type":"BreadcrumbList","@id":"https:\/\/cofidur-ems.com\/de\/datenschutzrichtlinie\/#breadcrumb","itemListElement":[{"@type":"ListItem","position":1,"name":"Cofidur EMS","item":"https:\/\/cofidur-ems.com\/de\/"},{"@type":"ListItem","position":2,"name":"Datenschutzrichtlinie"}]},{"@type":"WebSite","@id":"https:\/\/cofidur-ems.com\/#website","url":"https:\/\/cofidur-ems.com\/","name":"Cofidur EMS","description":"Votre sous-traitant \u00e9lectronique Fran\u00e7ais","publisher":{"@id":"https:\/\/cofidur-ems.com\/#organization"},"potentialAction":[{"@type":"SearchAction","target":{"@type":"EntryPoint","urlTemplate":"https:\/\/cofidur-ems.com\/?s={search_term_string}"},"query-input":{"@type":"PropertyValueSpecification","valueRequired":true,"valueName":"search_term_string"}}],"inLanguage":"de"},{"@type":"Organization","@id":"https:\/\/cofidur-ems.com\/#organization","name":"Cofidur EMS","url":"https:\/\/cofidur-ems.com\/","logo":{"@type":"ImageObject","inLanguage":"de","@id":"https:\/\/cofidur-ems.com\/#\/schema\/logo\/image\/","url":"https:\/\/cofidur-ems.com\/wp-content\/uploads\/2025\/04\/logo.svg","contentUrl":"https:\/\/cofidur-ems.com\/wp-content\/uploads\/2025\/04\/logo.svg","width":310,"height":89,"caption":"Cofidur EMS"},"image":{"@id":"https:\/\/cofidur-ems.com\/#\/schema\/logo\/image\/"},"sameAs":["https:\/\/www.linkedin.com\/company\/cofidur-ems"]}]}},"_links":{"self":[{"href":"https:\/\/cofidur-ems.com\/de\/wp-json\/wp\/v2\/pages\/6585","targetHints":{"allow":["GET"]}}],"collection":[{"href":"https:\/\/cofidur-ems.com\/de\/wp-json\/wp\/v2\/pages"}],"about":[{"href":"https:\/\/cofidur-ems.com\/de\/wp-json\/wp\/v2\/types\/page"}],"author":[{"embeddable":true,"href":"https:\/\/cofidur-ems.com\/de\/wp-json\/wp\/v2\/users\/2"}],"replies":[{"embeddable":true,"href":"https:\/\/cofidur-ems.com\/de\/wp-json\/wp\/v2\/comments?post=6585"}],"version-history":[{"count":2,"href":"https:\/\/cofidur-ems.com\/de\/wp-json\/wp\/v2\/pages\/6585\/revisions"}],"predecessor-version":[{"id":6812,"href":"https:\/\/cofidur-ems.com\/de\/wp-json\/wp\/v2\/pages\/6585\/revisions\/6812"}],"wp:attachment":[{"href":"https:\/\/cofidur-ems.com\/de\/wp-json\/wp\/v2\/media?parent=6585"}],"curies":[{"name":"wp","href":"https:\/\/api.w.org\/{rel}","templated":true}]}}