{"id":6579,"date":"2024-07-02T15:00:02","date_gmt":"2024-07-02T13:00:02","guid":{"rendered":"https:\/\/cofidur-ems.com\/mentions-legales\/"},"modified":"2025-05-22T09:47:23","modified_gmt":"2025-05-22T07:47:23","slug":"impressum-und-rechtliche-hinweise","status":"publish","type":"page","link":"https:\/\/cofidur-ems.com\/de\/impressum-und-rechtliche-hinweise\/","title":{"rendered":"Impressum und rechtliche Hinweise"},"content":{"rendered":"<section class=\"banner_page \"><div class=\"inner\"><div class=\"banner_page_container banner_width \"><h1 class=\"title-deco\">Impressum und rechtliche Hinweise<\/h1><p class=\"\">Cofidur EMS stellt diese Website f\u00fcr die pers\u00f6nliche Information ihrer Benutzer und Benutzerinnen bereit. Ihr Gebrauch dieser Website unterliegt der Einhaltung der allgemeinen Bedingungen f\u00fcr den Zugriff und die Verwendung, wie sie unten aufgef\u00fchrt werden, sowie s\u00e4mtlichen anwendbaren Rechtsvorschriften (allgemeine Gesch\u00e4ftsbedingungen). Indem Sie die Website aufrufen, ihre verschiedenen Bereiche besuchen und verwenden, erkl\u00e4ren Sie sich ohne Vorbehalt mit den allgemeinen Gesch\u00e4ftsbedingungen einverstanden.<\/p><\/div><\/div><\/section>\n\n\n<div style=\"height:5rem\" aria-hidden=\"true\" class=\"wp-block-spacer\"><\/div>\n\n\n\n<div class=\"wp-block-group is-layout-constrained wp-block-group-is-layout-constrained\">\n<h2 class=\"wp-block-heading\">ALLGEMEINE INFORMATIONEN<\/h2>\n\n\n\n<h3 class=\"wp-block-heading\">Eigent\u00fcmer der Website<\/h3>\n\n\n\n<p>Cofidur EMS<br>Adresse des Gesch\u00e4ftssitzes:<br>COFIDUR EMS<br>79 RUE SAINT MELAINE<br>53000 LAVAL, FRANKREICH<\/p>\n\n\n\n<p>Tel.: +33 2 43 67 40 00<\/p>\n\n\n\n<p>Verantwortlich f\u00fcr die Ver\u00f6ffentlichung: Gilles Delaunay<\/p>\n\n\n\n<h3 class=\"wp-block-heading\">Hosting<\/h3>\n\n\n\n<p>Firmenname: Doyousoft<br>Adresse: 17 Place Pierre S\u00e9mard, 34500 B\u00e9ziers, Frankreich<br>Telefonnummer: +33 4 67 36 41 53<\/p>\n\n\n\n<h2 class=\"wp-block-heading\">RECHTE AM GEISTIGEN EIGENTUM<\/h2>\n\n\n\n<h3 class=\"wp-block-heading\">Urheberrecht<\/h3>\n\n\n\n<p>Diese Website stellt eine geistige Sch\u00f6pfung dar, deren Urheber im Sinne der Artikel L. 111.1 ff. des franz\u00f6sischen Gesetzbuches \u00fcber das geistige Eigentum Cofidur EMS ist.<\/p>\n\n\n\n<p>Der allgemeine Aufbau sowie Software, Texte, bewegte Bilder oder Standbilder, T\u00f6ne, Know-how, Zeichnungen, Graphiken und andere Bestandteile dieser Website sind das ausschlie\u00dfliche Eigentum von Cofidur EMS bzw. von Dritten, die Cofidur EMS zu ihrer Verwendung berechtigt haben.<br>Die Vervielf\u00e4ltigung der Website auf einen Papiertr\u00e4ger oder computerlesbaren Tr\u00e4ger ist unter dem Vorbehalt gestattet, dass sie zu rein pers\u00f6nlichen Zwecken erfolgt und jegliche Nutzung zu Werbezwecken, Handelszwecken und Informationszwecken ausgeschlossen ist.<br>Mit Ausnahme der obigen Bestimmungen ist die Vervielf\u00e4ltigung oder Darstellung dieser Website oder eines Teils von ihr, unabh\u00e4ngig von dem verwendeten Verfahren, ohne ausdr\u00fcckliche Einwilligung verboten und w\u00fcrde eine F\u00e4lschung darstellen, die nach Artikel L. 355-2 ff. des franz\u00f6sischen Gesetzbuches \u00fcber das geistige Eigentum mit zwei Jahren Gef\u00e4ngnis und einer Geldstrafe in H\u00f6he von 150&nbsp;000&nbsp;Euro geahndet werden kann.<\/p>\n\n\n\n<h3 class=\"wp-block-heading\">Schutz Ihrer Privatsph\u00e4re<\/h3>\n\n\n\n<p>Cofidur EMS legt Wert auf den Schutz der Privatsph\u00e4re und der personenbezogenen oder nicht personenbezogenen Informationen zu den Benutzerinnen und Benutzern, die auf diese Website zugreifen m\u00f6chten.<br>Sie k\u00f6nnen sich diese Website ansehen, ohne Ihre Identit\u00e4t zu offenbaren oder auch nur die geringsten Sie betreffenden Informationen preiszugeben.<br>Die von Ihnen mitgeteilten Informationen sind f\u00fcr Cofidur EMS bestimmt und werden nur f\u00fcr den Zweck der Erhebung dieser Daten verwendet.<\/p>\n\n\n\n<h3 class=\"wp-block-heading\">Personenbezogene Daten<\/h3>\n\n\n\n<p>Um f\u00fcr Transparenz und den Schutz Ihrer Rechte zu sorgen, erhebt Cofidur EMS keine Daten, durch die Sie pers\u00f6nlich identifiziert werden k\u00f6nnen, mit Ausnahme derjenigen Daten, die Sie uns mitteilen, wenn Sie uns eine E-Mail senden.<\/p>\n\n\n\n<h3 class=\"wp-block-heading\">Recht auf Auskunft<\/h3>\n\n\n\n<p>Wir erinnern Sie daran, dass Sie in Bezug auf die Sie betreffenden personenbezogenen Daten \u00fcber ein Recht auf Auskunft, \u00c4nderung, Berichtigung und L\u00f6schung verf\u00fcgen (Artikel 34 des franz\u00f6sischen Datenschutzgesetzes &nbsp;\u201eInformatique et libert\u00e9s\u201c&nbsp;vom 6. Januar 1978). Wenn Sie dieses Recht aus\u00fcben m\u00f6chten, schreiben Sie uns bitte, indem Sie&nbsp;<a href=\"https:\/\/www.cofidur-ems.com\/de\/kontakt\/\">hier klicken<\/a>.<\/p>\n\n\n\n<p>Daten ohne Personenbezug: Es ist m\u00f6glich, dass wir auf automatische Weise Ausk\u00fcnfte erhalten, die jedoch keinesfalls mit einer bestimmten Person in Verbindung gebracht werden k\u00f6nnen. Diese Ausk\u00fcnfte betreffen den von Ihnen verwendeten Browser, das Betriebssystem Ihres Computers und den Domainnamen, \u00fcber den Sie auf unsere Website zugreifen.<\/p>\n\n\n\n<h3 class=\"wp-block-heading\">Cookies<\/h3>\n\n\n\n<p>Bei Ihrem Besuch dieser Website kann es vorkommen, dass wir Cookies auf Ihrem Computer speichern. Ein Cookie erm\u00f6glicht uns nicht, Sie zu identifizieren. Im Allgemeinen werden von einem Cookie Informationen zum Navigationsverhalten Ihres Computers auf unserer Website (die von Ihnen aufgerufenen Seiten, das Datum und die Uhrzeit des Aufrufs usw.) gespeichert, die wir dann bei Ihren sp\u00e4teren Besuchen abrufen k\u00f6nnen. Es enth\u00e4lt die Informationen, die Sie uns gerade gegeben haben.<br>Sie k\u00f6nnen selbstverst\u00e4ndlich dem Speichern von Cookies widersprechen, indem Sie die entsprechenden Einstellungen in Ihrem Browser vornehmen. Dar\u00fcber hinaus haben Sie jederzeit die M\u00f6glichkeit, Cookies einzeln zu l\u00f6schen. Hierf\u00fcr sehen Sie bitte in der Benutzeranleitung Ihres Betriebssystems nach.<\/p>\n\n\n\n<h3 class=\"wp-block-heading\">Hyperlinks<\/h3>\n\n\n\n<p>Die Benutzer und Benutzerinnen werden ausdr\u00fccklich darauf hingewiesen, dass die Websites, auf die sie \u00fcber Hyperlinks zugreifen k\u00f6nnen, nicht uns geh\u00f6ren. Cofidur EMS lehnt bei der Nutzung eines solchen Hyperlinks jede Verantwortung f\u00fcr die auf diesen Websites bereitgestellten Informationen ab.<br>F\u00fcr jede durch einen Dritten erfolgte Erstellung eines Hyperlinks, der zu einer der Seiten oder Frames dieser Website f\u00fchrt, ist unsere vorherige Zustimmung erforderlich.<\/p>\n\n\n\n<h3 class=\"wp-block-heading\">Anwendbares Recht<\/h3>\n\n\n\n<p>Diese Website unterliegt ausschlie\u00dflich dem franz\u00f6sischen Recht sowie den in Frankreich geltenden internationalen Abkommen. Die verbindliche Sprache f\u00fcr die allgemeinen Gesch\u00e4ftsbedingungen ist Franz\u00f6sisch. Bei Streitf\u00e4llen liegt die Zust\u00e4ndigkeit ausschlie\u00dflich bei den franz\u00f6sischen Gerichten.<\/p>\n\n\n\n<h3 class=\"wp-block-heading\">Aktualisierung der allgemeinen Gesch\u00e4ftsbedingungen<\/h3>\n\n\n\n<p>Diese rechtlichen Hinweise wurden zu einem bestimmten Zeitpunkt erstellt und gelten gegen\u00fcber den Benutzer(innen) zu dem Moment, zu dem sie die Website besuchen. Cofidur EMS beh\u00e4lt sich das Recht vor, diese rechtlichen Hinweise zu \u00e4ndern, um sie zu aktualisieren, zu verbessern oder anzupassen. Diese \u00c4nderungen und Aktualisierungen sind f\u00fcr die Benutzer(innen) verbindlich, die sich daher in dieser Rubrik regelm\u00e4\u00dfig \u00fcber den aktuellen Stand der allgemeinen Gesch\u00e4ftsbedingungen informieren m\u00fcssen.<\/p>\n\n\n\n<p>Version vom 15.01.2016<\/p>\n<\/div>\n\n\n\n<div style=\"height:10rem\" aria-hidden=\"true\" class=\"wp-block-spacer\"><\/div>\n","protected":false},"excerpt":{"rendered":"<p>ALLGEMEINE INFORMATIONEN Eigent\u00fcmer der Website Cofidur EMSAdresse des Gesch\u00e4ftssitzes:COFIDUR EMS79 RUE SAINT MELAINE53000 LAVAL, FRANKREICH Tel.: +33 2 43 67 40 00 Verantwortlich f\u00fcr die Ver\u00f6ffentlichung: Gilles Delaunay Hosting Firmenname: DoyousoftAdresse: 17 Place Pierre S\u00e9mard, 34500 B\u00e9ziers, FrankreichTelefonnummer: +33 4 67 36 41 53 RECHTE AM GEISTIGEN EIGENTUM Urheberrecht Diese Website stellt eine geistige Sch\u00f6pfung [&hellip;]<\/p>\n","protected":false},"author":2,"featured_media":0,"parent":0,"menu_order":7,"comment_status":"closed","ping_status":"closed","template":"","meta":{"_acf_changed":false,"footnotes":""},"class_list":["post-6579","page","type-page","status-publish","hentry"],"acf":[],"yoast_head":"<!-- This site is optimized with the Yoast SEO plugin v27.4 - https:\/\/yoast.com\/product\/yoast-seo-wordpress\/ -->\n<title>Impressum und rechtliche Hinweise &#8212; Codifur EMS<\/title>\n<meta name=\"description\" content=\"Lesen Sie die Nutzungsbedingungen der Cofidur EMS-Website. Die Nutzung setzt die Zustimmung zu den allgemeinen Bedingungen voraus.\" \/>\n<meta name=\"robots\" content=\"index, follow, max-snippet:-1, max-image-preview:large, max-video-preview:-1\" \/>\n<link rel=\"canonical\" href=\"https:\/\/cofidur-ems.com\/de\/impressum-und-rechtliche-hinweise\/\" \/>\n<meta property=\"og:locale\" content=\"de_DE\" \/>\n<meta property=\"og:type\" content=\"article\" \/>\n<meta property=\"og:title\" content=\"Impressum und rechtliche Hinweise &#8212; Codifur EMS\" \/>\n<meta property=\"og:description\" content=\"Lesen Sie die Nutzungsbedingungen der Cofidur EMS-Website. Die Nutzung setzt die Zustimmung zu den allgemeinen Bedingungen voraus.\" \/>\n<meta property=\"og:url\" content=\"https:\/\/cofidur-ems.com\/de\/impressum-und-rechtliche-hinweise\/\" \/>\n<meta property=\"og:site_name\" content=\"Codifur EMS\" \/>\n<meta property=\"article:modified_time\" content=\"2025-05-22T07:47:23+00:00\" \/>\n<meta name=\"twitter:card\" content=\"summary_large_image\" \/>\n<meta name=\"twitter:label1\" content=\"Gesch\u00e4tzte Lesezeit\" \/>\n\t<meta name=\"twitter:data1\" content=\"4\u00a0Minuten\" \/>\n<script type=\"application\/ld+json\" class=\"yoast-schema-graph\">{\"@context\":\"https:\\\/\\\/schema.org\",\"@graph\":[{\"@type\":\"WebPage\",\"@id\":\"https:\\\/\\\/cofidur-ems.com\\\/de\\\/impressum-und-rechtliche-hinweise\\\/\",\"url\":\"https:\\\/\\\/cofidur-ems.com\\\/de\\\/impressum-und-rechtliche-hinweise\\\/\",\"name\":\"Impressum und rechtliche Hinweise &#8212; Codifur EMS\",\"isPartOf\":{\"@id\":\"https:\\\/\\\/cofidur-ems.com\\\/#website\"},\"datePublished\":\"2024-07-02T13:00:02+00:00\",\"dateModified\":\"2025-05-22T07:47:23+00:00\",\"description\":\"Lesen Sie die Nutzungsbedingungen der Cofidur EMS-Website. Die Nutzung setzt die Zustimmung zu den allgemeinen Bedingungen voraus.\",\"breadcrumb\":{\"@id\":\"https:\\\/\\\/cofidur-ems.com\\\/de\\\/impressum-und-rechtliche-hinweise\\\/#breadcrumb\"},\"inLanguage\":\"de\",\"potentialAction\":[{\"@type\":\"ReadAction\",\"target\":[\"https:\\\/\\\/cofidur-ems.com\\\/de\\\/impressum-und-rechtliche-hinweise\\\/\"]}]},{\"@type\":\"BreadcrumbList\",\"@id\":\"https:\\\/\\\/cofidur-ems.com\\\/de\\\/impressum-und-rechtliche-hinweise\\\/#breadcrumb\",\"itemListElement\":[{\"@type\":\"ListItem\",\"position\":1,\"name\":\"Cofidur EMS\",\"item\":\"https:\\\/\\\/cofidur-ems.com\\\/de\\\/\"},{\"@type\":\"ListItem\",\"position\":2,\"name\":\"Impressum und rechtliche Hinweise\"}]},{\"@type\":\"WebSite\",\"@id\":\"https:\\\/\\\/cofidur-ems.com\\\/#website\",\"url\":\"https:\\\/\\\/cofidur-ems.com\\\/\",\"name\":\"Cofidur EMS\",\"description\":\"Votre sous-traitant \u00e9lectronique Fran\u00e7ais\",\"publisher\":{\"@id\":\"https:\\\/\\\/cofidur-ems.com\\\/#organization\"},\"potentialAction\":[{\"@type\":\"SearchAction\",\"target\":{\"@type\":\"EntryPoint\",\"urlTemplate\":\"https:\\\/\\\/cofidur-ems.com\\\/?s={search_term_string}\"},\"query-input\":{\"@type\":\"PropertyValueSpecification\",\"valueRequired\":true,\"valueName\":\"search_term_string\"}}],\"inLanguage\":\"de\"},{\"@type\":\"Organization\",\"@id\":\"https:\\\/\\\/cofidur-ems.com\\\/#organization\",\"name\":\"Cofidur EMS\",\"url\":\"https:\\\/\\\/cofidur-ems.com\\\/\",\"logo\":{\"@type\":\"ImageObject\",\"inLanguage\":\"de\",\"@id\":\"https:\\\/\\\/cofidur-ems.com\\\/#\\\/schema\\\/logo\\\/image\\\/\",\"url\":\"https:\\\/\\\/cofidur-ems.com\\\/wp-content\\\/uploads\\\/2025\\\/04\\\/logo.svg\",\"contentUrl\":\"https:\\\/\\\/cofidur-ems.com\\\/wp-content\\\/uploads\\\/2025\\\/04\\\/logo.svg\",\"width\":310,\"height\":89,\"caption\":\"Cofidur EMS\"},\"image\":{\"@id\":\"https:\\\/\\\/cofidur-ems.com\\\/#\\\/schema\\\/logo\\\/image\\\/\"},\"sameAs\":[\"https:\\\/\\\/www.linkedin.com\\\/company\\\/cofidur-ems\"]}]}<\/script>\n<!-- \/ Yoast SEO plugin. -->","yoast_head_json":{"title":"Impressum und rechtliche Hinweise &#8212; Codifur EMS","description":"Lesen Sie die Nutzungsbedingungen der Cofidur EMS-Website. Die Nutzung setzt die Zustimmung zu den allgemeinen Bedingungen voraus.","robots":{"index":"index","follow":"follow","max-snippet":"max-snippet:-1","max-image-preview":"max-image-preview:large","max-video-preview":"max-video-preview:-1"},"canonical":"https:\/\/cofidur-ems.com\/de\/impressum-und-rechtliche-hinweise\/","og_locale":"de_DE","og_type":"article","og_title":"Impressum und rechtliche Hinweise &#8212; Codifur EMS","og_description":"Lesen Sie die Nutzungsbedingungen der Cofidur EMS-Website. Die Nutzung setzt die Zustimmung zu den allgemeinen Bedingungen voraus.","og_url":"https:\/\/cofidur-ems.com\/de\/impressum-und-rechtliche-hinweise\/","og_site_name":"Codifur EMS","article_modified_time":"2025-05-22T07:47:23+00:00","twitter_card":"summary_large_image","twitter_misc":{"Gesch\u00e4tzte Lesezeit":"4\u00a0Minuten"},"schema":{"@context":"https:\/\/schema.org","@graph":[{"@type":"WebPage","@id":"https:\/\/cofidur-ems.com\/de\/impressum-und-rechtliche-hinweise\/","url":"https:\/\/cofidur-ems.com\/de\/impressum-und-rechtliche-hinweise\/","name":"Impressum und rechtliche Hinweise &#8212; Codifur EMS","isPartOf":{"@id":"https:\/\/cofidur-ems.com\/#website"},"datePublished":"2024-07-02T13:00:02+00:00","dateModified":"2025-05-22T07:47:23+00:00","description":"Lesen Sie die Nutzungsbedingungen der Cofidur EMS-Website. Die Nutzung setzt die Zustimmung zu den allgemeinen Bedingungen voraus.","breadcrumb":{"@id":"https:\/\/cofidur-ems.com\/de\/impressum-und-rechtliche-hinweise\/#breadcrumb"},"inLanguage":"de","potentialAction":[{"@type":"ReadAction","target":["https:\/\/cofidur-ems.com\/de\/impressum-und-rechtliche-hinweise\/"]}]},{"@type":"BreadcrumbList","@id":"https:\/\/cofidur-ems.com\/de\/impressum-und-rechtliche-hinweise\/#breadcrumb","itemListElement":[{"@type":"ListItem","position":1,"name":"Cofidur EMS","item":"https:\/\/cofidur-ems.com\/de\/"},{"@type":"ListItem","position":2,"name":"Impressum und rechtliche Hinweise"}]},{"@type":"WebSite","@id":"https:\/\/cofidur-ems.com\/#website","url":"https:\/\/cofidur-ems.com\/","name":"Cofidur EMS","description":"Votre sous-traitant \u00e9lectronique Fran\u00e7ais","publisher":{"@id":"https:\/\/cofidur-ems.com\/#organization"},"potentialAction":[{"@type":"SearchAction","target":{"@type":"EntryPoint","urlTemplate":"https:\/\/cofidur-ems.com\/?s={search_term_string}"},"query-input":{"@type":"PropertyValueSpecification","valueRequired":true,"valueName":"search_term_string"}}],"inLanguage":"de"},{"@type":"Organization","@id":"https:\/\/cofidur-ems.com\/#organization","name":"Cofidur EMS","url":"https:\/\/cofidur-ems.com\/","logo":{"@type":"ImageObject","inLanguage":"de","@id":"https:\/\/cofidur-ems.com\/#\/schema\/logo\/image\/","url":"https:\/\/cofidur-ems.com\/wp-content\/uploads\/2025\/04\/logo.svg","contentUrl":"https:\/\/cofidur-ems.com\/wp-content\/uploads\/2025\/04\/logo.svg","width":310,"height":89,"caption":"Cofidur EMS"},"image":{"@id":"https:\/\/cofidur-ems.com\/#\/schema\/logo\/image\/"},"sameAs":["https:\/\/www.linkedin.com\/company\/cofidur-ems"]}]}},"_links":{"self":[{"href":"https:\/\/cofidur-ems.com\/de\/wp-json\/wp\/v2\/pages\/6579","targetHints":{"allow":["GET"]}}],"collection":[{"href":"https:\/\/cofidur-ems.com\/de\/wp-json\/wp\/v2\/pages"}],"about":[{"href":"https:\/\/cofidur-ems.com\/de\/wp-json\/wp\/v2\/types\/page"}],"author":[{"embeddable":true,"href":"https:\/\/cofidur-ems.com\/de\/wp-json\/wp\/v2\/users\/2"}],"replies":[{"embeddable":true,"href":"https:\/\/cofidur-ems.com\/de\/wp-json\/wp\/v2\/comments?post=6579"}],"version-history":[{"count":2,"href":"https:\/\/cofidur-ems.com\/de\/wp-json\/wp\/v2\/pages\/6579\/revisions"}],"predecessor-version":[{"id":6807,"href":"https:\/\/cofidur-ems.com\/de\/wp-json\/wp\/v2\/pages\/6579\/revisions\/6807"}],"wp:attachment":[{"href":"https:\/\/cofidur-ems.com\/de\/wp-json\/wp\/v2\/media?parent=6579"}],"curies":[{"name":"wp","href":"https:\/\/api.w.org\/{rel}","templated":true}]}}