{"id":6555,"date":"2025-04-25T16:52:21","date_gmt":"2025-04-25T14:52:21","guid":{"rendered":"https:\/\/cofidur-ems.com\/nos-solutions\/"},"modified":"2025-05-22T09:47:19","modified_gmt":"2025-05-22T07:47:19","slug":"unsere-loesungen","status":"publish","type":"page","link":"https:\/\/cofidur-ems.com\/de\/unsere-loesungen\/","title":{"rendered":"Unsere L\u00f6sungen"},"content":{"rendered":"<section class=\"banner_page section\"><div class=\"inner\"><div class=\"banner_page_container  \"><h2 class=\"title-deco\">Unsere L\u00f6sungen<\/h2><p class=\"\">Wir stehen Ihnen zur Seite, um Ihre Projekte in unseren Fachgebieten mit Leben zu erf\u00fcllen.<\/p><div class=\"sommaire\"><ul class=\"row\"><li class=\"col-lg-6 col-xl-4 col-md-6 col-sm-12\"><a class=\"button outline\" href=\"#medical\">Medizin<\/a><\/li><li class=\"col-lg-6 col-xl-4 col-md-6 col-sm-12\"><a class=\"button outline\" href=\"#ferroviaire\">Bahnwesen<\/a><\/li><li class=\"col-lg-6 col-xl-4 col-md-6 col-sm-12\"><a class=\"button outline\" href=\"#data\">Daten und Telekommunikation<\/a><\/li><li class=\"col-lg-6 col-xl-4 col-md-6 col-sm-12\"><a class=\"button outline\" href=\"#aeronautique\">Zivile Luftfahrt<\/a><\/li><li class=\"col-lg-6 col-xl-4 col-md-6 col-sm-12\"><a class=\"button outline\" href=\"#defense\">Militaer und Munition<\/a><\/li><li class=\"col-lg-6 col-xl-4 col-md-6 col-sm-12\"><a class=\"button outline\" href=\"#smart-city\">Smart city<\/a><\/li><li class=\"col-lg-6 col-xl-4 col-md-6 col-sm-12\"><a class=\"button outline\" href=\"#lightning\">Beleuchtung<\/a><\/li><\/ul><\/div><\/div><\/div><\/section>\n\n<div class=\"inner\">\n    <\/div>\n<section id=\"medical\" class=\"txtImg_container  no-circle reverse_bloc ModelB  no-bg cyan\">\n\n    <div class=\"txtImg_content_text\">\n        <h2 class=\"title-deco\">Medizin<\/h2><div class=\"text-container\"><p><b>Elektronik im Dienst der Gesundheit &#038; medizinischen Innovation.<\/b><\/p>\n<p>Heute mehr denn je erlebt das IoT im Gesundheitssektor einen starken Aufschwung. In den kommenden f\u00fcnf Jahren werden 6 Milliarden Euro in medizinische Infrastrukturen und 20 Milliarden Euro in Forschung und Innovation im Gesundheitswesen investiert \u2013 unterst\u00fctzt durch den Plan \u201eFrance Relance\u201c. Digitale Technologien und vernetzte medizinische Ger\u00e4te sind heute unverzichtbare Bausteine f\u00fcr die Modernisierung des Gesundheits- und Sozialwesens. K\u00fcnstliche Intelligenz, Augmented Reality, Virtual Reality, E-Health und Self-Medizin werden die Nutzungsm\u00f6glichkeiten von morgen pr\u00e4gen \u2013 und wir begleiten Sie in dieser Revolution.<\/p>\n<\/div><a href=\"https:\/\/cofidur-ems.com\/de\/unsere-loesungen\/medizin\/\" class=\"bouton primary\">Mehr erfahren<\/a>    <\/div>\n    <div class=\"txtImg_content_image bg-cyan\">\n        <img decoding=\"async\" src=\"https:\/\/cofidur-ems.com\/wp-content\/uploads\/2025\/04\/cofidur-liste-medical.jpg\" alt=\"\" title=\"cofidur liste medical\">    <\/div>\n<\/section>\n\n\n<div class=\"inner\">\n    <\/div>\n<section id=\"ferroviaire\" class=\"txtImg_container  no-circle  ModelB  no-bg bleu\">\n\n    <div class=\"txtImg_content_text\">\n        <h2 class=\"title-deco\">Bahnwesen<\/h2><div class=\"text-container\"><p><strong>Elektronik im Dienst der Mobilit\u00e4t &#038; der Zukunft<\/strong><\/p>\n<p>Der Verkehrs- und Mobilit\u00e4tssektor z\u00e4hlt zu den vorrangigen Bereichen im Rahmen der \u00fcbergeordneten Zielsetzung von France 2030: besser leben, besser produzieren, besser verstehen.<br \/>\nUmweltfreundlicher, sicherer, wirtschaftlicher und immer schneller \u2013 der Schienenverkehr hat eine vielversprechende Zukunft vor sich.<br \/>\nHinzu kommt ein wachsendes kollektives Bewusstsein: Wir m\u00fcssen unseren \u00f6kologischen Fu\u00dfabdruck reduzieren \u2013 und in diesem Bereich ist der Bahnverkehr f\u00fchrend, mit nur 6,1 g CO\u2082e pro Kilometer.<br \/>\nAutonome Z\u00fcge, wasserstoffbetriebene Fahrzeuge oder vernetzte Systeme zur F\u00f6rderung der vorausschauenden Wartung sind die gro\u00dfen Trends von morgen.<br \/>\nWir stehen an Ihrer Seite, um Sie bei dieser technologischen Revolution zu begleiten.<\/p>\n<\/div><a href=\"https:\/\/cofidur-ems.com\/de\/unsere-loesungen\/bahnwesen\/\" class=\"bouton primary\">Mehr erfahren<\/a>    <\/div>\n    <div class=\"txtImg_content_image bg-bleu\">\n        <img decoding=\"async\" src=\"https:\/\/cofidur-ems.com\/wp-content\/uploads\/2025\/04\/cofidur-solution-ferroviaire.jpg\" alt=\"\" title=\"cofidur solution ferroviaire\">    <\/div>\n<\/section>\n\n\n<div class=\"inner\">\n    <\/div>\n<section id=\"data\" class=\"txtImg_container  no-circle reverse_bloc ModelB  no-bg vert\">\n\n    <div class=\"txtImg_content_text\">\n        <h2 class=\"title-deco\">Daten und Telekommunikation<\/h2><div class=\"text-container\"><p><strong>Elektronik im Dienst der Telekommunikation<\/strong><\/p>\n<p>Die intensive Nutzung von Telekommunikationsdiensten w\u00e4hrend der Pandemie hat zu einem beispiellosen Wachstum des globalen Telekommunikationsmarktes gef\u00fchrt.<br \/>\nDer steigende Bedarf an Hochgeschwindigkeitsverbindungen und schnellen Daten\u00fcbertragungsprotokollen er\u00f6ffnet zus\u00e4tzliche Chancen.<br \/>\nDiese scheinbar unbegrenzte F\u00e4higkeit zur Kommunikation \u2013 heute zwischen Menschen \u00fcber zahlreiche Endger\u00e4te und morgen zwischen Milliarden von Objekten, Sensoren, Robotern usw. \u2013 ist nur m\u00f6glich geworden durch die enorme Leistungsf\u00e4higkeit digitaler Werkzeuge zur Informationsverarbeitung und -speicherung, verdichtet in winzige Prozessoren aus nanometergro\u00dfen Bauelementen \u2013 und das in nur einer Generation.<br \/>\nCofidur EMS steht Ihnen zur Seite, um gemeinsam noch weiter in dieser dynamischen Entwicklung voranzuschreiten.<\/p>\n<\/div><a href=\"https:\/\/cofidur-ems.com\/de\/unsere-loesungen\/daten-und-telekommunikation\/\" class=\"bouton primary\">Mehr erfahren<\/a>    <\/div>\n    <div class=\"txtImg_content_image bg-vert\">\n        <img decoding=\"async\" src=\"https:\/\/cofidur-ems.com\/wp-content\/uploads\/2025\/04\/cofidur-solutions-data.jpg\" alt=\"\" title=\"cofidur solutions data\">    <\/div>\n<\/section>\n\n\n<div class=\"inner\">\n    <\/div>\n<section id=\"aeronautique\" class=\"txtImg_container  no-circle  ModelB  no-bg bleu\">\n\n    <div class=\"txtImg_content_text\">\n        <h2 class=\"title-deco\">Zivile Luftfahrt<\/h2><div class=\"text-container\"><p><strong>Elektronik im Dienst der Luftfahrt<\/strong><\/p>\n<p>Die franz\u00f6sische und europ\u00e4ische Luftfahrtindustrie ist eine Spitzenbranche, die Innovation mit gesellschaftlicher und \u00f6kologischer Leistung vereint.<br \/>\nDie Verringerung des Klimafu\u00dfabdrucks hat heute h\u00f6chste Priorit\u00e4t. Der Luftverkehr muss daher seine weltweiten CO\u2082-Emissionen senken, um bis 2050 das Ziel der \u201eNetto-Null-Emissionen\u201c zu erreichen.<br \/>\nDer Fortschritt in der Digitalisierung und Konnektivit\u00e4t sowie die Modernisierung des Luftverkehrsmanagements sind entscheidende Hebel f\u00fcr diesen Wandel:<br \/>\nf\u00fcr einen neuen Sprung in der Flugsicherheit durch Assistenzsysteme f\u00fcr Besatzungen, f\u00fcr eine deutliche Reduzierung der Umweltbelastung des Luftverkehrs sowie f\u00fcr eine h\u00f6here Effizienz und P\u00fcnktlichkeit der Luftfahrtoperationen.<br \/>\nCofidur EMS ist Ihr verl\u00e4sslicher Partner bei der Entwicklung des Flugzeugs von morgen \u2013 CO\u2082-arm, digital und vernetzt.<\/p>\n<\/div><a href=\"https:\/\/cofidur-ems.com\/de\/unsere-loesungen\/zivile-luftfahrt\/\" class=\"bouton primary\">Mehr erfahren<\/a>    <\/div>\n    <div class=\"txtImg_content_image bg-bleu\">\n        <img decoding=\"async\" src=\"https:\/\/cofidur-ems.com\/wp-content\/uploads\/2025\/04\/cofidur-solution-aeronautique.jpg\" alt=\"\" title=\"cofidur solution aeronautique\">    <\/div>\n<\/section>\n\n\n<div class=\"inner\">\n    <\/div>\n<section id=\"defense\" class=\"txtImg_container  no-circle reverse_bloc ModelB  no-bg bleu\">\n\n    <div class=\"txtImg_content_text\">\n        <h2 class=\"title-deco\">Militaer und Munition<\/h2><div class=\"text-container\"><p><strong>Elektronik im Dienst der Verteidigung<\/strong><\/p>\n<p>F\u00fcr das Jahr 2022 wurde das Verteidigungsbudget auf 41 Milliarden Euro erh\u00f6ht \u2013 ein Anstieg um 1,7 Milliarden Euro im Vergleich zu 2021 und 9 Milliarden Euro mehr als 2017.<br \/>\nDas Gesetz zur Milit\u00e4rischen Programmplanung (Loi de Programmation Militaire, LPM) 2019\u20132025 ist Teil der Ambition 2030 und zielt darauf ab, ein \u201evollst\u00e4ndiges und ausgewogenes\u201c Streitkr\u00e4ftemodell aufzubauen, das den strategischen Herausforderungen gerecht wird.<br \/>\nDie bereitgestellten Mittel sichern den Ausbau wichtiger Ausr\u00fcstungen und erm\u00f6glichen erhebliche Investitionen in Personal, Innovation sowie in strategische Bereiche wie den Cyberraum und den Weltraum.<br \/>\nCofidur EMS stellt Ihnen sein Fachwissen in neuen Verteidigungsfeldern wie Robotik, K\u00fcnstlicher Intelligenz und Simulation zur Verf\u00fcgung.<\/p>\n<\/div><a href=\"https:\/\/cofidur-ems.com\/de\/unsere-loesungen\/militaer-und-munition\/\" class=\"bouton primary\">Mehr erfahren<\/a>    <\/div>\n    <div class=\"txtImg_content_image bg-bleu\">\n        <img decoding=\"async\" src=\"https:\/\/cofidur-ems.com\/wp-content\/uploads\/2025\/04\/cofidur-solutions-defense.jpg\" alt=\"\" title=\"cofidur solutions defense\">    <\/div>\n<\/section>\n\n\n<div class=\"inner\">\n    <\/div>\n<section id=\"smart-city\" class=\"txtImg_container  no-circle  ModelB  no-bg cyan\">\n\n    <div class=\"txtImg_content_text\">\n        <h2 class=\"title-deco\">Smart city<\/h2><div class=\"text-container\"><p><strong>Elektronik im Dienst von IoT &#038; \u00d6kologie<\/strong><\/p>\n<p>Eine intelligente Stadt ist eine Stadt, in der technologische Innovationen nicht nur den B\u00fcrgerinnen und B\u00fcrgern dienen, sondern auch der Umwelt zugutekommen.<br \/>\nMobilit\u00e4t, Gesundheitsversorgung, Sicherheit, Wasser- und Energiemanagement, B\u00fcrgerbeteiligung, Wohnen und Abfallwirtschaft \u2013 all diese S\u00e4ulen einer modernen, technologiegest\u00fctzten Stadt bilden die Grundlage f\u00fcr die Zukunft unserer urbanen R\u00e4ume.<br \/>\nDas Konzept der \u201eSmart City\u201c hat sich in Frankreich und weltweit in den letzten Jahren in gro\u00dfen Metropolen und Ballungsr\u00e4umen stark entwickelt.<br \/>\nHeute ist die Smart City l\u00e4ngst keine Vision mehr \u2013 sie ist Realit\u00e4t geworden, und ihre Intelligenz w\u00e4chst kontinuierlich.<br \/>\nWir stehen an Ihrer Seite, um Sie bei der Umsetzung Ihrer Projekte zu unterst\u00fctzen und gemeinsam den \u00f6kologischen, sozialen und wirtschaftlichen Herausforderungen unserer Zeit zu begegnen.<\/p>\n<\/div><a href=\"https:\/\/cofidur-ems.com\/de\/unsere-loesungen\/smart-city\/\" class=\"bouton primary\">Mehr erfahren<\/a>    <\/div>\n    <div class=\"txtImg_content_image bg-cyan\">\n        <img decoding=\"async\" src=\"https:\/\/cofidur-ems.com\/wp-content\/uploads\/2025\/04\/cofidur-solutions-smartcity.jpg\" alt=\"\" title=\"cofidur solutions smartcity\">    <\/div>\n<\/section>\n\n\n<div class=\"inner\">\n    <\/div>\n<section id=\"lightning\" class=\"txtImg_container  no-circle reverse_bloc ModelB  no-bg jaune\">\n\n    <div class=\"txtImg_content_text\">\n        <h2 class=\"title-deco\">Beleuchtung<\/h2><div class=\"text-container\"><p><strong>Elektronik im Dienst der Beleuchtung<\/strong><\/p>\n<p>Der LED-Markt verzeichnet seit mehreren Jahren eine starke Dynamik, begleitet von zahlreichen Innovationen und neuen L\u00f6sungen.<br \/>\nDas Anwendungsspektrum der LED-Technologie ist heute sehr breit gef\u00e4chert \u2013 von der Beleuchtung im privaten Bereich \u00fcber die Automobilindustrie bis hin zu Gesundheit, Medizin, vernetzten Objekten, Fernsehern und Smartphones.<br \/>\nBis zum Jahr 2025 wird erwartet, dass der weltweite LED-Beleuchtungsmarkt ein Volumen von \u00fcber 100 Milliarden US-Dollar erreicht.<br \/>\nMehrere Faktoren tragen zur positiven Entwicklung des Sektors bei \u2013 insbesondere das Wachstum intelligenter und vernetzter Beleuchtungsl\u00f6sungen.<br \/>\nWir stehen an Ihrer Seite, um die Anforderungen eines sich st\u00e4ndig wandelnden Marktes zu erf\u00fcllen.<\/p>\n<\/div><a href=\"https:\/\/cofidur-ems.com\/de\/unsere-loesungen\/beleuchtung\/\" class=\"bouton primary\">Mehr erfahren<\/a>    <\/div>\n    <div class=\"txtImg_content_image bg-jaune\">\n        <img decoding=\"async\" src=\"https:\/\/cofidur-ems.com\/wp-content\/uploads\/2025\/04\/cofidur-solution-lightning.jpg\" alt=\"\" title=\"cofidur solution lightning\">    <\/div>\n<\/section>\n","protected":false},"excerpt":{"rendered":"","protected":false},"author":2,"featured_media":0,"parent":0,"menu_order":0,"comment_status":"closed","ping_status":"closed","template":"","meta":{"_acf_changed":false,"footnotes":""},"class_list":["post-6555","page","type-page","status-publish","hentry"],"acf":[],"yoast_head":"<!-- This site is optimized with the Yoast SEO plugin v27.4 - https:\/\/yoast.com\/product\/yoast-seo-wordpress\/ -->\n<title>Unsere L\u00f6sungen &#8212; Codifur EMS<\/title>\n<meta name=\"description\" content=\"Entdecken Sie die L\u00f6sungen von Cofidur EMS: Fachkundige Begleitung zur Realisierung Ihrer Elektronikprojekte in unseren Kompetenzbereichen.\" \/>\n<meta name=\"robots\" content=\"index, follow, max-snippet:-1, max-image-preview:large, max-video-preview:-1\" \/>\n<link rel=\"canonical\" href=\"https:\/\/cofidur-ems.com\/de\/unsere-loesungen\/\" \/>\n<meta property=\"og:locale\" content=\"de_DE\" \/>\n<meta property=\"og:type\" content=\"article\" \/>\n<meta property=\"og:title\" content=\"Unsere L\u00f6sungen &#8212; Codifur EMS\" \/>\n<meta property=\"og:description\" content=\"Entdecken Sie die L\u00f6sungen von Cofidur EMS: Fachkundige Begleitung zur Realisierung Ihrer Elektronikprojekte in unseren Kompetenzbereichen.\" \/>\n<meta property=\"og:url\" content=\"https:\/\/cofidur-ems.com\/de\/unsere-loesungen\/\" \/>\n<meta property=\"og:site_name\" content=\"Codifur EMS\" \/>\n<meta property=\"article:modified_time\" content=\"2025-05-22T07:47:19+00:00\" \/>\n<meta name=\"twitter:card\" content=\"summary_large_image\" \/>\n<meta name=\"twitter:label1\" content=\"Gesch\u00e4tzte Lesezeit\" \/>\n\t<meta name=\"twitter:data1\" content=\"6\u00a0Minuten\" \/>\n<script type=\"application\/ld+json\" class=\"yoast-schema-graph\">{\"@context\":\"https:\\\/\\\/schema.org\",\"@graph\":[{\"@type\":\"WebPage\",\"@id\":\"https:\\\/\\\/cofidur-ems.com\\\/de\\\/unsere-loesungen\\\/\",\"url\":\"https:\\\/\\\/cofidur-ems.com\\\/de\\\/unsere-loesungen\\\/\",\"name\":\"Unsere L\u00f6sungen &#8212; Codifur EMS\",\"isPartOf\":{\"@id\":\"https:\\\/\\\/cofidur-ems.com\\\/#website\"},\"datePublished\":\"2025-04-25T14:52:21+00:00\",\"dateModified\":\"2025-05-22T07:47:19+00:00\",\"description\":\"Entdecken Sie die L\u00f6sungen von Cofidur EMS: Fachkundige Begleitung zur Realisierung Ihrer Elektronikprojekte in unseren Kompetenzbereichen.\",\"breadcrumb\":{\"@id\":\"https:\\\/\\\/cofidur-ems.com\\\/de\\\/unsere-loesungen\\\/#breadcrumb\"},\"inLanguage\":\"de\",\"potentialAction\":[{\"@type\":\"ReadAction\",\"target\":[\"https:\\\/\\\/cofidur-ems.com\\\/de\\\/unsere-loesungen\\\/\"]}]},{\"@type\":\"BreadcrumbList\",\"@id\":\"https:\\\/\\\/cofidur-ems.com\\\/de\\\/unsere-loesungen\\\/#breadcrumb\",\"itemListElement\":[{\"@type\":\"ListItem\",\"position\":1,\"name\":\"Cofidur EMS\",\"item\":\"https:\\\/\\\/cofidur-ems.com\\\/de\\\/\"},{\"@type\":\"ListItem\",\"position\":2,\"name\":\"Unsere L\u00f6sungen\"}]},{\"@type\":\"WebSite\",\"@id\":\"https:\\\/\\\/cofidur-ems.com\\\/#website\",\"url\":\"https:\\\/\\\/cofidur-ems.com\\\/\",\"name\":\"Cofidur EMS\",\"description\":\"Votre sous-traitant \u00e9lectronique Fran\u00e7ais\",\"publisher\":{\"@id\":\"https:\\\/\\\/cofidur-ems.com\\\/#organization\"},\"potentialAction\":[{\"@type\":\"SearchAction\",\"target\":{\"@type\":\"EntryPoint\",\"urlTemplate\":\"https:\\\/\\\/cofidur-ems.com\\\/?s={search_term_string}\"},\"query-input\":{\"@type\":\"PropertyValueSpecification\",\"valueRequired\":true,\"valueName\":\"search_term_string\"}}],\"inLanguage\":\"de\"},{\"@type\":\"Organization\",\"@id\":\"https:\\\/\\\/cofidur-ems.com\\\/#organization\",\"name\":\"Cofidur EMS\",\"url\":\"https:\\\/\\\/cofidur-ems.com\\\/\",\"logo\":{\"@type\":\"ImageObject\",\"inLanguage\":\"de\",\"@id\":\"https:\\\/\\\/cofidur-ems.com\\\/#\\\/schema\\\/logo\\\/image\\\/\",\"url\":\"https:\\\/\\\/cofidur-ems.com\\\/wp-content\\\/uploads\\\/2025\\\/04\\\/logo.svg\",\"contentUrl\":\"https:\\\/\\\/cofidur-ems.com\\\/wp-content\\\/uploads\\\/2025\\\/04\\\/logo.svg\",\"width\":310,\"height\":89,\"caption\":\"Cofidur EMS\"},\"image\":{\"@id\":\"https:\\\/\\\/cofidur-ems.com\\\/#\\\/schema\\\/logo\\\/image\\\/\"},\"sameAs\":[\"https:\\\/\\\/www.linkedin.com\\\/company\\\/cofidur-ems\"]}]}<\/script>\n<!-- \/ Yoast SEO plugin. -->","yoast_head_json":{"title":"Unsere L\u00f6sungen &#8212; Codifur EMS","description":"Entdecken Sie die L\u00f6sungen von Cofidur EMS: Fachkundige Begleitung zur Realisierung Ihrer Elektronikprojekte in unseren Kompetenzbereichen.","robots":{"index":"index","follow":"follow","max-snippet":"max-snippet:-1","max-image-preview":"max-image-preview:large","max-video-preview":"max-video-preview:-1"},"canonical":"https:\/\/cofidur-ems.com\/de\/unsere-loesungen\/","og_locale":"de_DE","og_type":"article","og_title":"Unsere L\u00f6sungen &#8212; Codifur EMS","og_description":"Entdecken Sie die L\u00f6sungen von Cofidur EMS: Fachkundige Begleitung zur Realisierung Ihrer Elektronikprojekte in unseren Kompetenzbereichen.","og_url":"https:\/\/cofidur-ems.com\/de\/unsere-loesungen\/","og_site_name":"Codifur EMS","article_modified_time":"2025-05-22T07:47:19+00:00","twitter_card":"summary_large_image","twitter_misc":{"Gesch\u00e4tzte Lesezeit":"6\u00a0Minuten"},"schema":{"@context":"https:\/\/schema.org","@graph":[{"@type":"WebPage","@id":"https:\/\/cofidur-ems.com\/de\/unsere-loesungen\/","url":"https:\/\/cofidur-ems.com\/de\/unsere-loesungen\/","name":"Unsere L\u00f6sungen &#8212; Codifur EMS","isPartOf":{"@id":"https:\/\/cofidur-ems.com\/#website"},"datePublished":"2025-04-25T14:52:21+00:00","dateModified":"2025-05-22T07:47:19+00:00","description":"Entdecken Sie die L\u00f6sungen von Cofidur EMS: Fachkundige Begleitung zur Realisierung Ihrer Elektronikprojekte in unseren Kompetenzbereichen.","breadcrumb":{"@id":"https:\/\/cofidur-ems.com\/de\/unsere-loesungen\/#breadcrumb"},"inLanguage":"de","potentialAction":[{"@type":"ReadAction","target":["https:\/\/cofidur-ems.com\/de\/unsere-loesungen\/"]}]},{"@type":"BreadcrumbList","@id":"https:\/\/cofidur-ems.com\/de\/unsere-loesungen\/#breadcrumb","itemListElement":[{"@type":"ListItem","position":1,"name":"Cofidur EMS","item":"https:\/\/cofidur-ems.com\/de\/"},{"@type":"ListItem","position":2,"name":"Unsere L\u00f6sungen"}]},{"@type":"WebSite","@id":"https:\/\/cofidur-ems.com\/#website","url":"https:\/\/cofidur-ems.com\/","name":"Cofidur EMS","description":"Votre sous-traitant \u00e9lectronique Fran\u00e7ais","publisher":{"@id":"https:\/\/cofidur-ems.com\/#organization"},"potentialAction":[{"@type":"SearchAction","target":{"@type":"EntryPoint","urlTemplate":"https:\/\/cofidur-ems.com\/?s={search_term_string}"},"query-input":{"@type":"PropertyValueSpecification","valueRequired":true,"valueName":"search_term_string"}}],"inLanguage":"de"},{"@type":"Organization","@id":"https:\/\/cofidur-ems.com\/#organization","name":"Cofidur EMS","url":"https:\/\/cofidur-ems.com\/","logo":{"@type":"ImageObject","inLanguage":"de","@id":"https:\/\/cofidur-ems.com\/#\/schema\/logo\/image\/","url":"https:\/\/cofidur-ems.com\/wp-content\/uploads\/2025\/04\/logo.svg","contentUrl":"https:\/\/cofidur-ems.com\/wp-content\/uploads\/2025\/04\/logo.svg","width":310,"height":89,"caption":"Cofidur EMS"},"image":{"@id":"https:\/\/cofidur-ems.com\/#\/schema\/logo\/image\/"},"sameAs":["https:\/\/www.linkedin.com\/company\/cofidur-ems"]}]}},"_links":{"self":[{"href":"https:\/\/cofidur-ems.com\/de\/wp-json\/wp\/v2\/pages\/6555","targetHints":{"allow":["GET"]}}],"collection":[{"href":"https:\/\/cofidur-ems.com\/de\/wp-json\/wp\/v2\/pages"}],"about":[{"href":"https:\/\/cofidur-ems.com\/de\/wp-json\/wp\/v2\/types\/page"}],"author":[{"embeddable":true,"href":"https:\/\/cofidur-ems.com\/de\/wp-json\/wp\/v2\/users\/2"}],"replies":[{"embeddable":true,"href":"https:\/\/cofidur-ems.com\/de\/wp-json\/wp\/v2\/comments?post=6555"}],"version-history":[{"count":3,"href":"https:\/\/cofidur-ems.com\/de\/wp-json\/wp\/v2\/pages\/6555\/revisions"}],"predecessor-version":[{"id":6684,"href":"https:\/\/cofidur-ems.com\/de\/wp-json\/wp\/v2\/pages\/6555\/revisions\/6684"}],"wp:attachment":[{"href":"https:\/\/cofidur-ems.com\/de\/wp-json\/wp\/v2\/media?parent=6555"}],"curies":[{"name":"wp","href":"https:\/\/api.w.org\/{rel}","templated":true}]}}