{"id":6551,"date":"2025-04-25T16:59:01","date_gmt":"2025-04-25T14:59:01","guid":{"rendered":"https:\/\/cofidur-ems.com\/ferroviaire\/"},"modified":"2025-05-22T16:32:19","modified_gmt":"2025-05-22T14:32:19","slug":"bahnwesen","status":"publish","type":"page","link":"https:\/\/cofidur-ems.com\/de\/unsere-loesungen\/bahnwesen\/","title":{"rendered":"Bahnwesen"},"content":{"rendered":"<section class=\"banner_page \"><div class=\"inner\"><div class=\"banner_page_container banner_width \"><h1 class=\"title-deco\">Die Elektronik im Einsatz f\u00fcr Mobilit\u00e4t und Zukunft<\/h1><\/div><\/div><\/section>\n\n\n<section class=\"block block-banniere  alignfull\">\n    <div class=\"inner\">\n                                <div class=\"video\">\n                <video autoplay muted loop>\n                    <source src=\"https:\/\/cofidur-ems.com\/wp-content\/uploads\/2025\/04\/CAPSULES_SECTEUR_FERROVIAIRE.mp4\" type=\"video\/mp4\">\n                <\/video>\n            <\/div>\n                      \n    <\/div>\n<\/section>\n\n\n<section class=\"block block-imtx alignfull\">\n    <div class=\"inner container\">\n        <div class=\"row\">\n            <div class=\"col-md-6 col-sm-12 d-flex x-y-center\">\n                <div class=\"image\">\n                                            <img decoding=\"async\" src=\"https:\/\/cofidur-ems.com\/wp-content\/uploads\/2025\/04\/cofidur-iris.jpg\" alt=\"\" title=\"cofidur iris\">\n                                    <\/div>\n            <\/div>\n            <div class=\"col-md-6 col-sm-12\">\n                <div class=\"text\">\n                    <h2 class=\"title regular pt-2 pb-4\">\n                        Unsere Merkmale                    <\/h2>\n                        <ul>\n<li>Produktion von Kleinserien bis zur Gro\u00dfserie<\/li>\n<li>R\u00fcckverfolgbarkeit nach Charge \/ auf Anforderung<\/li>\n<li>Vollst\u00e4ndige Integration von Fertig- oder Halbfertigprodukten<\/li>\n<li>Komplexe Integration mit Funktionstests<\/li>\n<li>Tropentauglichkeit<\/li>\n<li>Isolationstest \/ Entst\u00f6rung \/ Temperaturschocktest<\/li>\n<li>Verdrahtung (Wickeltechnik \/ Crimpen)<\/li>\n<li>Low-Cost-L\u00f6sung<\/li>\n<\/ul>\n                                            <a href=\"https:\/\/cofidur-ems.com\/wp-content\/uploads\/2025\/05\/25_C152_010_FICHE_FERROVIAIRE_-_COFIDUR.pdf\" class=\"button outline pdf d-inline-block pt-2\" target=\"_blank\">\n                            Bahnl\u00f6sungsblatt                        <\/a>\n                                    <\/div>\n            <\/div>\n        <\/div>\n    <\/div>\n<\/section>\n\n\n<section class=\"block block-equipe \">\n    <div class=\"container-fluid inner\">\n        <div class=\"row\">\n            <div class=\"col-12\">\n                <h2 class=\"text-introduction pt-2 pb-4\">\n                                    <\/h2>\n            <\/div>\n        <\/div>\n        <div class=\"row d-flex x-y-center\">\n                                    <!-- <div class=\"member col-lg-3 col-sm-6 col-md-4\" style=\"margin-top: px\"> -->\n            <div class=\"member col-lg-3 col-sm-6 col-md-4 mb-3\">\n                <div class=\"image\">\n                                        <img decoding=\"async\" src=\"https:\/\/cofidur-ems.com\/wp-content\/uploads\/2025\/04\/cofidur-philippe-beyaert.png\"\n                        alt=\"\"\n                        title=\"cofidur philippe beyaert\">\n                                    <\/div>\n                <div class=\"details pt-2\">\n                    <span class=\"text-uppercase font-md\">Philippe BEYAERT<\/span>\n                    <p class=\"text-uppercase text-jaune\">Handelsblatt <br \/>\r\n+33 6 07 18 32 95<br \/>\r\nphilippe.beyaert@cofidur.fr<\/p>\n                <\/div>\n            <\/div>\n                        <!-- <div class=\"member col-lg-3 col-sm-6 col-md-4\" style=\"margin-top: px\"> -->\n            <div class=\"member col-lg-3 col-sm-6 col-md-4 mb-3\">\n                <div class=\"image\">\n                                        <img decoding=\"async\" src=\"https:\/\/cofidur-ems.com\/wp-content\/uploads\/2025\/04\/cofidur-didier-rocton.png\"\n                        alt=\"\"\n                        title=\"cofidur didier rocton\">\n                                    <\/div>\n                <div class=\"details pt-2\">\n                    <span class=\"text-uppercase font-md\">Didier ROCTON<\/span>\n                    <p class=\"text-uppercase text-jaune\">Handelsblatt<br \/>\r\n+33 6 85 30 13 48<br \/>\r\ndidier.rocton@cofidur.fr<\/p>\n                <\/div>\n            <\/div>\n                                <\/div>\n    <\/div>\n<\/section>\n\n\n<section class=\"block block-ressources-humaines block-politique background-grey  pt-10 container-fluid\">\n    <div class=\"inner\">\n        <div class=\"row\">\n            <div class=\"col-12\">\n                <h2 class=\"title-deco title-violet h1 pb-5\">\n                    Unsere L\u00f6sungen                <\/h2>\n            <\/div>\n        <\/div>\n        <div class=\"row\">\n                                                <div class=\"job col-md-6 col-lg-3  even\"\n                style=\"background-image: url('https:\/\/cofidur-ems.com\/wp-content\/uploads\/2025\/04\/cofidur-munitions.jpg')\">\n                <a href=\"https:\/\/cofidur-ems.com\/de\/unsere-loesungen\/militaer-und-munition\/\" class=\"overlay\" style=\"background-color:#3d559a\"><\/a>\n                <div class=\"overlay overlay-anim\"><\/div>\n\n                <div class=\"col-12 title\">\n                    <h3>Milit\u00e4r und Munition<\/h3>\n                <\/div>\n                <div class=\"overlay-text\">\n                    \n                    <a href=\"https:\/\/cofidur-ems.com\/de\/unsere-loesungen\/militaer-und-munition\/\" class=\"bold uppercase\">\n                        Erfahren Sie mehr                    <\/a>                \n                <\/div>\n            <\/div>\n                                    <div class=\"job col-md-6 col-lg-3  odd\"\n                style=\"background-image: url('https:\/\/cofidur-ems.com\/wp-content\/uploads\/2025\/04\/cofidur-smart-city.jpg')\">\n                <a href=\"https:\/\/cofidur-ems.com\/de\/unsere-loesungen\/smart-city\/\" class=\"overlay\" style=\"background-color:#46c1db\"><\/a>\n                <div class=\"overlay overlay-anim\"><\/div>\n\n                <div class=\"col-12 title\">\n                    <h3>Smart city<\/h3>\n                <\/div>\n                <div class=\"overlay-text\">\n                    \n                    <a href=\"https:\/\/cofidur-ems.com\/de\/unsere-loesungen\/smart-city\/\" class=\"bold uppercase\">\n                        Erfahren Sie mehr                    <\/a>                \n                <\/div>\n            <\/div>\n                                    <div class=\"job col-md-6 col-lg-3  even\"\n                style=\"background-image: url('https:\/\/cofidur-ems.com\/wp-content\/uploads\/2025\/04\/cofidur-telecom.jpg')\">\n                <a href=\"https:\/\/cofidur-ems.com\/de\/unsere-loesungen\/daten-und-telekommunikation\/\" class=\"overlay\" style=\"background-color:#a7bb38\"><\/a>\n                <div class=\"overlay overlay-anim\"><\/div>\n\n                <div class=\"col-12 title\">\n                    <h3>Daten und Telekommunikation<\/h3>\n                <\/div>\n                <div class=\"overlay-text\">\n                    \n                    <a href=\"https:\/\/cofidur-ems.com\/de\/unsere-loesungen\/daten-und-telekommunikation\/\" class=\"bold uppercase\">\n                        Erfahren Sie mehr                    <\/a>                \n                <\/div>\n            <\/div>\n                                    <div class=\"job col-md-6 col-lg-3  odd\"\n                style=\"background-image: url('https:\/\/cofidur-ems.com\/wp-content\/uploads\/2025\/04\/cofidur-medical.jpg')\">\n                <a href=\"https:\/\/cofidur-ems.com\/de\/unsere-loesungen\/medizin\/\" class=\"overlay\" style=\"background-color:#46c1db\"><\/a>\n                <div class=\"overlay overlay-anim\"><\/div>\n\n                <div class=\"col-12 title\">\n                    <h3>Medizin<\/h3>\n                <\/div>\n                <div class=\"overlay-text\">\n                    \n                    <a href=\"https:\/\/cofidur-ems.com\/de\/unsere-loesungen\/medizin\/\" class=\"bold uppercase\">\n                        Erfahren Sie mehr                    <\/a>                \n                <\/div>\n            <\/div>\n                                            <\/div>\n    <\/div>\n\n<\/section>","protected":false},"excerpt":{"rendered":"","protected":false},"author":2,"featured_media":0,"parent":6555,"menu_order":0,"comment_status":"closed","ping_status":"closed","template":"","meta":{"_acf_changed":false,"footnotes":""},"class_list":["post-6551","page","type-page","status-publish","hentry"],"acf":[],"yoast_head":"<!-- This site is optimized with the Yoast SEO plugin v27.4 - https:\/\/yoast.com\/product\/yoast-seo-wordpress\/ -->\n<title>Bahnwesen &#8212; Codifur EMS<\/title>\n<meta name=\"description\" content=\"Cofidur EMS setzt auf nachhaltige Mobilit\u00e4t mit Elektronikl\u00f6sungen f\u00fcr den Bahnverkehr von morgen: autonom, vernetzt und umweltfreundlich.\" \/>\n<meta name=\"robots\" content=\"index, follow, max-snippet:-1, max-image-preview:large, max-video-preview:-1\" \/>\n<link rel=\"canonical\" href=\"https:\/\/cofidur-ems.com\/de\/unsere-loesungen\/bahnwesen\/\" \/>\n<meta property=\"og:locale\" content=\"de_DE\" \/>\n<meta property=\"og:type\" content=\"article\" \/>\n<meta property=\"og:title\" content=\"Bahnwesen &#8212; Codifur EMS\" \/>\n<meta property=\"og:description\" content=\"Cofidur EMS setzt auf nachhaltige Mobilit\u00e4t mit Elektronikl\u00f6sungen f\u00fcr den Bahnverkehr von morgen: autonom, vernetzt und umweltfreundlich.\" \/>\n<meta property=\"og:url\" content=\"https:\/\/cofidur-ems.com\/de\/unsere-loesungen\/bahnwesen\/\" \/>\n<meta property=\"og:site_name\" content=\"Codifur EMS\" \/>\n<meta property=\"article:modified_time\" content=\"2025-05-22T14:32:19+00:00\" \/>\n<meta name=\"twitter:card\" content=\"summary_large_image\" \/>\n<meta name=\"twitter:label1\" content=\"Gesch\u00e4tzte Lesezeit\" \/>\n\t<meta name=\"twitter:data1\" content=\"2\u00a0Minuten\" \/>\n<script type=\"application\/ld+json\" class=\"yoast-schema-graph\">{\"@context\":\"https:\\\/\\\/schema.org\",\"@graph\":[{\"@type\":\"WebPage\",\"@id\":\"https:\\\/\\\/cofidur-ems.com\\\/de\\\/unsere-loesungen\\\/bahnwesen\\\/\",\"url\":\"https:\\\/\\\/cofidur-ems.com\\\/de\\\/unsere-loesungen\\\/bahnwesen\\\/\",\"name\":\"Bahnwesen &#8212; Codifur EMS\",\"isPartOf\":{\"@id\":\"https:\\\/\\\/cofidur-ems.com\\\/#website\"},\"datePublished\":\"2025-04-25T14:59:01+00:00\",\"dateModified\":\"2025-05-22T14:32:19+00:00\",\"description\":\"Cofidur EMS setzt auf nachhaltige Mobilit\u00e4t mit Elektronikl\u00f6sungen f\u00fcr den Bahnverkehr von morgen: autonom, vernetzt und umweltfreundlich.\",\"breadcrumb\":{\"@id\":\"https:\\\/\\\/cofidur-ems.com\\\/de\\\/unsere-loesungen\\\/bahnwesen\\\/#breadcrumb\"},\"inLanguage\":\"de\",\"potentialAction\":[{\"@type\":\"ReadAction\",\"target\":[\"https:\\\/\\\/cofidur-ems.com\\\/de\\\/unsere-loesungen\\\/bahnwesen\\\/\"]}]},{\"@type\":\"BreadcrumbList\",\"@id\":\"https:\\\/\\\/cofidur-ems.com\\\/de\\\/unsere-loesungen\\\/bahnwesen\\\/#breadcrumb\",\"itemListElement\":[{\"@type\":\"ListItem\",\"position\":1,\"name\":\"Cofidur EMS\",\"item\":\"https:\\\/\\\/cofidur-ems.com\\\/de\\\/\"},{\"@type\":\"ListItem\",\"position\":2,\"name\":\"Unsere L\u00f6sungen\",\"item\":\"https:\\\/\\\/cofidur-ems.com\\\/de\\\/unsere-loesungen\\\/\"},{\"@type\":\"ListItem\",\"position\":3,\"name\":\"Bahnwesen\"}]},{\"@type\":\"WebSite\",\"@id\":\"https:\\\/\\\/cofidur-ems.com\\\/#website\",\"url\":\"https:\\\/\\\/cofidur-ems.com\\\/\",\"name\":\"Cofidur EMS\",\"description\":\"Votre sous-traitant \u00e9lectronique Fran\u00e7ais\",\"publisher\":{\"@id\":\"https:\\\/\\\/cofidur-ems.com\\\/#organization\"},\"potentialAction\":[{\"@type\":\"SearchAction\",\"target\":{\"@type\":\"EntryPoint\",\"urlTemplate\":\"https:\\\/\\\/cofidur-ems.com\\\/?s={search_term_string}\"},\"query-input\":{\"@type\":\"PropertyValueSpecification\",\"valueRequired\":true,\"valueName\":\"search_term_string\"}}],\"inLanguage\":\"de\"},{\"@type\":\"Organization\",\"@id\":\"https:\\\/\\\/cofidur-ems.com\\\/#organization\",\"name\":\"Cofidur EMS\",\"url\":\"https:\\\/\\\/cofidur-ems.com\\\/\",\"logo\":{\"@type\":\"ImageObject\",\"inLanguage\":\"de\",\"@id\":\"https:\\\/\\\/cofidur-ems.com\\\/#\\\/schema\\\/logo\\\/image\\\/\",\"url\":\"https:\\\/\\\/cofidur-ems.com\\\/wp-content\\\/uploads\\\/2025\\\/04\\\/logo.svg\",\"contentUrl\":\"https:\\\/\\\/cofidur-ems.com\\\/wp-content\\\/uploads\\\/2025\\\/04\\\/logo.svg\",\"width\":310,\"height\":89,\"caption\":\"Cofidur EMS\"},\"image\":{\"@id\":\"https:\\\/\\\/cofidur-ems.com\\\/#\\\/schema\\\/logo\\\/image\\\/\"},\"sameAs\":[\"https:\\\/\\\/www.linkedin.com\\\/company\\\/cofidur-ems\"]}]}<\/script>\n<!-- \/ Yoast SEO plugin. -->","yoast_head_json":{"title":"Bahnwesen &#8212; Codifur EMS","description":"Cofidur EMS setzt auf nachhaltige Mobilit\u00e4t mit Elektronikl\u00f6sungen f\u00fcr den Bahnverkehr von morgen: autonom, vernetzt und umweltfreundlich.","robots":{"index":"index","follow":"follow","max-snippet":"max-snippet:-1","max-image-preview":"max-image-preview:large","max-video-preview":"max-video-preview:-1"},"canonical":"https:\/\/cofidur-ems.com\/de\/unsere-loesungen\/bahnwesen\/","og_locale":"de_DE","og_type":"article","og_title":"Bahnwesen &#8212; Codifur EMS","og_description":"Cofidur EMS setzt auf nachhaltige Mobilit\u00e4t mit Elektronikl\u00f6sungen f\u00fcr den Bahnverkehr von morgen: autonom, vernetzt und umweltfreundlich.","og_url":"https:\/\/cofidur-ems.com\/de\/unsere-loesungen\/bahnwesen\/","og_site_name":"Codifur EMS","article_modified_time":"2025-05-22T14:32:19+00:00","twitter_card":"summary_large_image","twitter_misc":{"Gesch\u00e4tzte Lesezeit":"2\u00a0Minuten"},"schema":{"@context":"https:\/\/schema.org","@graph":[{"@type":"WebPage","@id":"https:\/\/cofidur-ems.com\/de\/unsere-loesungen\/bahnwesen\/","url":"https:\/\/cofidur-ems.com\/de\/unsere-loesungen\/bahnwesen\/","name":"Bahnwesen &#8212; Codifur EMS","isPartOf":{"@id":"https:\/\/cofidur-ems.com\/#website"},"datePublished":"2025-04-25T14:59:01+00:00","dateModified":"2025-05-22T14:32:19+00:00","description":"Cofidur EMS setzt auf nachhaltige Mobilit\u00e4t mit Elektronikl\u00f6sungen f\u00fcr den Bahnverkehr von morgen: autonom, vernetzt und umweltfreundlich.","breadcrumb":{"@id":"https:\/\/cofidur-ems.com\/de\/unsere-loesungen\/bahnwesen\/#breadcrumb"},"inLanguage":"de","potentialAction":[{"@type":"ReadAction","target":["https:\/\/cofidur-ems.com\/de\/unsere-loesungen\/bahnwesen\/"]}]},{"@type":"BreadcrumbList","@id":"https:\/\/cofidur-ems.com\/de\/unsere-loesungen\/bahnwesen\/#breadcrumb","itemListElement":[{"@type":"ListItem","position":1,"name":"Cofidur EMS","item":"https:\/\/cofidur-ems.com\/de\/"},{"@type":"ListItem","position":2,"name":"Unsere L\u00f6sungen","item":"https:\/\/cofidur-ems.com\/de\/unsere-loesungen\/"},{"@type":"ListItem","position":3,"name":"Bahnwesen"}]},{"@type":"WebSite","@id":"https:\/\/cofidur-ems.com\/#website","url":"https:\/\/cofidur-ems.com\/","name":"Cofidur EMS","description":"Votre sous-traitant \u00e9lectronique Fran\u00e7ais","publisher":{"@id":"https:\/\/cofidur-ems.com\/#organization"},"potentialAction":[{"@type":"SearchAction","target":{"@type":"EntryPoint","urlTemplate":"https:\/\/cofidur-ems.com\/?s={search_term_string}"},"query-input":{"@type":"PropertyValueSpecification","valueRequired":true,"valueName":"search_term_string"}}],"inLanguage":"de"},{"@type":"Organization","@id":"https:\/\/cofidur-ems.com\/#organization","name":"Cofidur EMS","url":"https:\/\/cofidur-ems.com\/","logo":{"@type":"ImageObject","inLanguage":"de","@id":"https:\/\/cofidur-ems.com\/#\/schema\/logo\/image\/","url":"https:\/\/cofidur-ems.com\/wp-content\/uploads\/2025\/04\/logo.svg","contentUrl":"https:\/\/cofidur-ems.com\/wp-content\/uploads\/2025\/04\/logo.svg","width":310,"height":89,"caption":"Cofidur EMS"},"image":{"@id":"https:\/\/cofidur-ems.com\/#\/schema\/logo\/image\/"},"sameAs":["https:\/\/www.linkedin.com\/company\/cofidur-ems"]}]}},"_links":{"self":[{"href":"https:\/\/cofidur-ems.com\/de\/wp-json\/wp\/v2\/pages\/6551","targetHints":{"allow":["GET"]}}],"collection":[{"href":"https:\/\/cofidur-ems.com\/de\/wp-json\/wp\/v2\/pages"}],"about":[{"href":"https:\/\/cofidur-ems.com\/de\/wp-json\/wp\/v2\/types\/page"}],"author":[{"embeddable":true,"href":"https:\/\/cofidur-ems.com\/de\/wp-json\/wp\/v2\/users\/2"}],"replies":[{"embeddable":true,"href":"https:\/\/cofidur-ems.com\/de\/wp-json\/wp\/v2\/comments?post=6551"}],"version-history":[{"count":5,"href":"https:\/\/cofidur-ems.com\/de\/wp-json\/wp\/v2\/pages\/6551\/revisions"}],"predecessor-version":[{"id":7148,"href":"https:\/\/cofidur-ems.com\/de\/wp-json\/wp\/v2\/pages\/6551\/revisions\/7148"}],"up":[{"embeddable":true,"href":"https:\/\/cofidur-ems.com\/de\/wp-json\/wp\/v2\/pages\/6555"}],"wp:attachment":[{"href":"https:\/\/cofidur-ems.com\/de\/wp-json\/wp\/v2\/media?parent=6551"}],"curies":[{"name":"wp","href":"https:\/\/api.w.org\/{rel}","templated":true}]}}