{"id":6527,"date":"2025-04-28T10:29:09","date_gmt":"2025-04-28T08:29:09","guid":{"rendered":"https:\/\/cofidur-ems.com\/actualites-2\/"},"modified":"2025-05-22T09:47:12","modified_gmt":"2025-05-22T07:47:12","slug":"aktuelles","status":"publish","type":"page","link":"https:\/\/cofidur-ems.com\/de\/aktuelles\/","title":{"rendered":"Aktuelles"},"content":{"rendered":"<section class=\"banner_page section\"><div class=\"inner\"><div class=\"banner_page_container  \"><h2 class=\"title-deco\">Neuigkeiten aus der Sicht von Cofidur EMS<\/h2><\/div><\/div><\/section>\n\n\n<section class=\"block block-resultactus pb-10  container-fluid\" id=\"nos-actus\">\n    <div class=\"inner\">\n                    <div class=\"row\">\n                <div class=\"col-md-6 col-sm-12\">\n                    <div  class=\"search-filter-base search-filter-field search-filter-field--id-33 search-filter-field--type-choice search-filter-field--input-type-button search-filter-style--id-1 search-filter-style--choice-button\"  data-search-filter-id=\"33\" ><\/div>                <\/div>\n                <div class=\"col-md-6 col-sm-12\">\n                    <div  class=\"search-filter-base search-filter-field search-filter-field--id-34 search-filter-field--type-control search-filter-field--control-type-reset search-filter-style--id-1 search-filter-style--control-reset reset\"  data-search-filter-id=\"34\" ><\/div>                <\/div>\n            <\/div>\n            <div class=\"search-filter-query search-filter-query--id-4\">\n<div class=\"row\">\n    <div class=\"col-lg-12 col-md-12 col-sm-12\">\n        <div class=\"container-fluid\">\n            <div class=\"row posts results-container\">\n                                <div class=\"pt-4 pb-4 pl-0 actus col-lg-12 col-md-12 col-sm-12 row\">\n                    <div class=\"col-lg-6 col-md-6 col-sm-12 no-pl\">\n                        <div class=\"image actus_result_image\">\n                                                        <img decoding=\"async\" src=\"https:\/\/cofidur-ems.com\/wp-content\/uploads\/2024\/12\/cofidur-expertise.jpg\" alt=\"Mit Seico wird der Leiterplattenhersteller Cofidur EMS drei modernisierte Werke steuern\"\n                                title=\"Mit Seico wird der Leiterplattenhersteller Cofidur EMS drei modernisierte Werke steuern\">\n                                                    <\/div>\n                    <\/div>\n                    <div class=\"col-lg-6 col-md-6 col-sm-12 d-flex x-center flex-column\">\n                        <div class=\"uppercase light date pb-1\">\n                            20\/04\/2026                        <\/div>\n                        <h3 class=\"bold h5 text-uppercase pb-2\">Mit Seico wird der Leiterplattenhersteller Cofidur EMS drei modernisierte Werke steuern<\/h3>\n                                                <a href=\"https:\/\/cofidur-ems.com\/de\/actualites\/mit-seico-wird-der-leiterplattenhersteller-cofidur-ems-drei-modernisierte-werke-steuern\/\" class=\"bouton secondary\">\n                            Details anzeigen                        <\/a>\n                    <\/div>\n                <\/div>\n                                <div class=\"pt-4 pb-4 pl-0 actus col-lg-12 col-md-12 col-sm-12 row\">\n                    <div class=\"col-lg-6 col-md-6 col-sm-12 no-pl\">\n                        <div class=\"image actus_result_image\">\n                                                        <img decoding=\"async\" src=\"https:\/\/cofidur-ems.com\/wp-content\/uploads\/2025\/05\/IMG_3726-1-scaled-1.jpg\" alt=\"COFIDUR \u00fcbernimmt SEICO: Eine neue Identit\u00e4t f\u00fcr eine neue \u00c4ra\"\n                                title=\"COFIDUR \u00fcbernimmt SEICO: Eine neue Identit\u00e4t f\u00fcr eine neue \u00c4ra\">\n                                                    <\/div>\n                    <\/div>\n                    <div class=\"col-lg-6 col-md-6 col-sm-12 d-flex x-center flex-column\">\n                        <div class=\"uppercase light date pb-1\">\n                            20\/04\/2026                        <\/div>\n                        <h3 class=\"bold h5 text-uppercase pb-2\">COFIDUR \u00fcbernimmt SEICO: Eine neue Identit\u00e4t f\u00fcr eine neue \u00c4ra<\/h3>\n                                                <a href=\"https:\/\/cofidur-ems.com\/de\/actualites\/cofidur-ubernimmt-seico-eine-neue-identitat-fur-eine-neue-ara\/\" class=\"bouton secondary\">\n                            Details anzeigen                        <\/a>\n                    <\/div>\n                <\/div>\n                                <div class=\"pt-4 pb-4 pl-0 actus col-lg-12 col-md-12 col-sm-12 row\">\n                    <div class=\"col-lg-6 col-md-6 col-sm-12 no-pl\">\n                        <div class=\"image actus_result_image\">\n                                                        <img decoding=\"async\" src=\"https:\/\/cofidur-ems.com\/wp-content\/uploads\/2025\/05\/header-expertise.jpg\" alt=\"Die Gesamtkosten bleiben entscheidend\"\n                                title=\"Die Gesamtkosten bleiben entscheidend\">\n                                                    <\/div>\n                    <\/div>\n                    <div class=\"col-lg-6 col-md-6 col-sm-12 d-flex x-center flex-column\">\n                        <div class=\"uppercase light date pb-1\">\n                            20\/04\/2026                        <\/div>\n                        <h3 class=\"bold h5 text-uppercase pb-2\">Die Gesamtkosten bleiben entscheidend<\/h3>\n                                                <a href=\"https:\/\/cofidur-ems.com\/de\/actualites\/die-gesamtkosten-bleiben-entscheidend\/\" class=\"bouton secondary\">\n                            Details anzeigen                        <\/a>\n                    <\/div>\n                <\/div>\n                                <div class=\"pt-4 pb-4 pl-0 actus col-lg-12 col-md-12 col-sm-12 row\">\n                    <div class=\"col-lg-6 col-md-6 col-sm-12 no-pl\">\n                        <div class=\"image actus_result_image\">\n                                                        <img decoding=\"async\" src=\"https:\/\/cofidur-ems.com\/wp-content\/uploads\/2025\/04\/cofidur-modernisation-perigueux.jpg\" alt=\"Industrielle Modernisierung in P\u00e9rigueux\"\n                                title=\"Industrielle Modernisierung in P\u00e9rigueux\">\n                                                    <\/div>\n                    <\/div>\n                    <div class=\"col-lg-6 col-md-6 col-sm-12 d-flex x-center flex-column\">\n                        <div class=\"uppercase light date pb-1\">\n                            20\/04\/2026                        <\/div>\n                        <h3 class=\"bold h5 text-uppercase pb-2\">Industrielle Modernisierung in P\u00e9rigueux<\/h3>\n                                                <a href=\"https:\/\/cofidur-ems.com\/de\/actualites\/industrielle-modernisierung-in-perigueux\/\" class=\"bouton secondary\">\n                            Details anzeigen                        <\/a>\n                    <\/div>\n                <\/div>\n                            <\/div>\n            <div class=\"pagination ptb-50 text-center\">\n                <span aria-current=\"page\" class=\"page-numbers current\">1<\/span>\n<a class=\"page-numbers\" href=\"https:\/\/cofidur-ems.com\/de\/wp-json\/wp\/v2\/pages\/6527\/page\/2\/\">2<\/a>\n<a class=\"next page-numbers\" href=\"https:\/\/cofidur-ems.com\/de\/wp-json\/wp\/v2\/pages\/6527\/page\/2\/\"><img decoding=\"async\" src=\"https:\/\/cofidur-ems.com\/wp-content\/themes\/chronos\/images\/fleche_slider_droite.svg\" alt=\"Suivant\"><\/a>            <\/div>\n        <\/div>\n    <\/div>\n<\/div>\n<\/div>            <\/div>\n<\/section>\n","protected":false},"excerpt":{"rendered":"","protected":false},"author":2,"featured_media":0,"parent":0,"menu_order":0,"comment_status":"closed","ping_status":"closed","template":"","meta":{"_acf_changed":false,"footnotes":""},"class_list":["post-6527","page","type-page","status-publish","hentry"],"acf":[],"yoast_head":"<!-- This site is optimized with the Yoast SEO plugin v27.4 - https:\/\/yoast.com\/product\/yoast-seo-wordpress\/ -->\n<title>Aktuelles &#8212; Codifur EMS<\/title>\n<meta name=\"description\" content=\"Aktuelles von Cofidur EMS: Innovationen, Kundenprojekte, Events und Branchennachrichten der Elektronikindustrie.\" \/>\n<meta name=\"robots\" content=\"index, follow, max-snippet:-1, max-image-preview:large, max-video-preview:-1\" \/>\n<link rel=\"canonical\" href=\"https:\/\/cofidur-ems.com\/de\/aktuelles\/\" \/>\n<meta property=\"og:locale\" content=\"de_DE\" \/>\n<meta property=\"og:type\" content=\"article\" \/>\n<meta property=\"og:title\" content=\"Aktuelles &#8212; Codifur EMS\" \/>\n<meta property=\"og:description\" content=\"Aktuelles von Cofidur EMS: Innovationen, Kundenprojekte, Events und Branchennachrichten der Elektronikindustrie.\" \/>\n<meta property=\"og:url\" content=\"https:\/\/cofidur-ems.com\/de\/aktuelles\/\" \/>\n<meta property=\"og:site_name\" content=\"Codifur EMS\" \/>\n<meta property=\"article:modified_time\" content=\"2025-05-22T07:47:12+00:00\" \/>\n<meta name=\"twitter:card\" content=\"summary_large_image\" \/>\n<meta name=\"twitter:label1\" content=\"Gesch\u00e4tzte Lesezeit\" \/>\n\t<meta name=\"twitter:data1\" content=\"1\u00a0Minute\" \/>\n<script type=\"application\/ld+json\" class=\"yoast-schema-graph\">{\"@context\":\"https:\\\/\\\/schema.org\",\"@graph\":[{\"@type\":\"WebPage\",\"@id\":\"https:\\\/\\\/cofidur-ems.com\\\/de\\\/aktuelles\\\/\",\"url\":\"https:\\\/\\\/cofidur-ems.com\\\/de\\\/aktuelles\\\/\",\"name\":\"Aktuelles &#8212; Codifur EMS\",\"isPartOf\":{\"@id\":\"https:\\\/\\\/cofidur-ems.com\\\/#website\"},\"datePublished\":\"2025-04-28T08:29:09+00:00\",\"dateModified\":\"2025-05-22T07:47:12+00:00\",\"description\":\"Aktuelles von Cofidur EMS: Innovationen, Kundenprojekte, Events und Branchennachrichten der Elektronikindustrie.\",\"breadcrumb\":{\"@id\":\"https:\\\/\\\/cofidur-ems.com\\\/de\\\/aktuelles\\\/#breadcrumb\"},\"inLanguage\":\"de\",\"potentialAction\":[{\"@type\":\"ReadAction\",\"target\":[\"https:\\\/\\\/cofidur-ems.com\\\/de\\\/aktuelles\\\/\"]}]},{\"@type\":\"BreadcrumbList\",\"@id\":\"https:\\\/\\\/cofidur-ems.com\\\/de\\\/aktuelles\\\/#breadcrumb\",\"itemListElement\":[{\"@type\":\"ListItem\",\"position\":1,\"name\":\"Cofidur EMS\",\"item\":\"https:\\\/\\\/cofidur-ems.com\\\/de\\\/\"},{\"@type\":\"ListItem\",\"position\":2,\"name\":\"Aktuelles\"}]},{\"@type\":\"WebSite\",\"@id\":\"https:\\\/\\\/cofidur-ems.com\\\/#website\",\"url\":\"https:\\\/\\\/cofidur-ems.com\\\/\",\"name\":\"Cofidur EMS\",\"description\":\"Votre sous-traitant \u00e9lectronique Fran\u00e7ais\",\"publisher\":{\"@id\":\"https:\\\/\\\/cofidur-ems.com\\\/#organization\"},\"potentialAction\":[{\"@type\":\"SearchAction\",\"target\":{\"@type\":\"EntryPoint\",\"urlTemplate\":\"https:\\\/\\\/cofidur-ems.com\\\/?s={search_term_string}\"},\"query-input\":{\"@type\":\"PropertyValueSpecification\",\"valueRequired\":true,\"valueName\":\"search_term_string\"}}],\"inLanguage\":\"de\"},{\"@type\":\"Organization\",\"@id\":\"https:\\\/\\\/cofidur-ems.com\\\/#organization\",\"name\":\"Cofidur EMS\",\"url\":\"https:\\\/\\\/cofidur-ems.com\\\/\",\"logo\":{\"@type\":\"ImageObject\",\"inLanguage\":\"de\",\"@id\":\"https:\\\/\\\/cofidur-ems.com\\\/#\\\/schema\\\/logo\\\/image\\\/\",\"url\":\"https:\\\/\\\/cofidur-ems.com\\\/wp-content\\\/uploads\\\/2025\\\/04\\\/logo.svg\",\"contentUrl\":\"https:\\\/\\\/cofidur-ems.com\\\/wp-content\\\/uploads\\\/2025\\\/04\\\/logo.svg\",\"width\":310,\"height\":89,\"caption\":\"Cofidur EMS\"},\"image\":{\"@id\":\"https:\\\/\\\/cofidur-ems.com\\\/#\\\/schema\\\/logo\\\/image\\\/\"},\"sameAs\":[\"https:\\\/\\\/www.linkedin.com\\\/company\\\/cofidur-ems\"]}]}<\/script>\n<!-- \/ Yoast SEO plugin. -->","yoast_head_json":{"title":"Aktuelles &#8212; Codifur EMS","description":"Aktuelles von Cofidur EMS: Innovationen, Kundenprojekte, Events und Branchennachrichten der Elektronikindustrie.","robots":{"index":"index","follow":"follow","max-snippet":"max-snippet:-1","max-image-preview":"max-image-preview:large","max-video-preview":"max-video-preview:-1"},"canonical":"https:\/\/cofidur-ems.com\/de\/aktuelles\/","og_locale":"de_DE","og_type":"article","og_title":"Aktuelles &#8212; Codifur EMS","og_description":"Aktuelles von Cofidur EMS: Innovationen, Kundenprojekte, Events und Branchennachrichten der Elektronikindustrie.","og_url":"https:\/\/cofidur-ems.com\/de\/aktuelles\/","og_site_name":"Codifur EMS","article_modified_time":"2025-05-22T07:47:12+00:00","twitter_card":"summary_large_image","twitter_misc":{"Gesch\u00e4tzte Lesezeit":"1\u00a0Minute"},"schema":{"@context":"https:\/\/schema.org","@graph":[{"@type":"WebPage","@id":"https:\/\/cofidur-ems.com\/de\/aktuelles\/","url":"https:\/\/cofidur-ems.com\/de\/aktuelles\/","name":"Aktuelles &#8212; Codifur EMS","isPartOf":{"@id":"https:\/\/cofidur-ems.com\/#website"},"datePublished":"2025-04-28T08:29:09+00:00","dateModified":"2025-05-22T07:47:12+00:00","description":"Aktuelles von Cofidur EMS: Innovationen, Kundenprojekte, Events und Branchennachrichten der Elektronikindustrie.","breadcrumb":{"@id":"https:\/\/cofidur-ems.com\/de\/aktuelles\/#breadcrumb"},"inLanguage":"de","potentialAction":[{"@type":"ReadAction","target":["https:\/\/cofidur-ems.com\/de\/aktuelles\/"]}]},{"@type":"BreadcrumbList","@id":"https:\/\/cofidur-ems.com\/de\/aktuelles\/#breadcrumb","itemListElement":[{"@type":"ListItem","position":1,"name":"Cofidur EMS","item":"https:\/\/cofidur-ems.com\/de\/"},{"@type":"ListItem","position":2,"name":"Aktuelles"}]},{"@type":"WebSite","@id":"https:\/\/cofidur-ems.com\/#website","url":"https:\/\/cofidur-ems.com\/","name":"Cofidur EMS","description":"Votre sous-traitant \u00e9lectronique Fran\u00e7ais","publisher":{"@id":"https:\/\/cofidur-ems.com\/#organization"},"potentialAction":[{"@type":"SearchAction","target":{"@type":"EntryPoint","urlTemplate":"https:\/\/cofidur-ems.com\/?s={search_term_string}"},"query-input":{"@type":"PropertyValueSpecification","valueRequired":true,"valueName":"search_term_string"}}],"inLanguage":"de"},{"@type":"Organization","@id":"https:\/\/cofidur-ems.com\/#organization","name":"Cofidur EMS","url":"https:\/\/cofidur-ems.com\/","logo":{"@type":"ImageObject","inLanguage":"de","@id":"https:\/\/cofidur-ems.com\/#\/schema\/logo\/image\/","url":"https:\/\/cofidur-ems.com\/wp-content\/uploads\/2025\/04\/logo.svg","contentUrl":"https:\/\/cofidur-ems.com\/wp-content\/uploads\/2025\/04\/logo.svg","width":310,"height":89,"caption":"Cofidur EMS"},"image":{"@id":"https:\/\/cofidur-ems.com\/#\/schema\/logo\/image\/"},"sameAs":["https:\/\/www.linkedin.com\/company\/cofidur-ems"]}]}},"_links":{"self":[{"href":"https:\/\/cofidur-ems.com\/de\/wp-json\/wp\/v2\/pages\/6527","targetHints":{"allow":["GET"]}}],"collection":[{"href":"https:\/\/cofidur-ems.com\/de\/wp-json\/wp\/v2\/pages"}],"about":[{"href":"https:\/\/cofidur-ems.com\/de\/wp-json\/wp\/v2\/types\/page"}],"author":[{"embeddable":true,"href":"https:\/\/cofidur-ems.com\/de\/wp-json\/wp\/v2\/users\/2"}],"replies":[{"embeddable":true,"href":"https:\/\/cofidur-ems.com\/de\/wp-json\/wp\/v2\/comments?post=6527"}],"version-history":[{"count":2,"href":"https:\/\/cofidur-ems.com\/de\/wp-json\/wp\/v2\/pages\/6527\/revisions"}],"predecessor-version":[{"id":6946,"href":"https:\/\/cofidur-ems.com\/de\/wp-json\/wp\/v2\/pages\/6527\/revisions\/6946"}],"wp:attachment":[{"href":"https:\/\/cofidur-ems.com\/de\/wp-json\/wp\/v2\/media?parent=6527"}],"curies":[{"name":"wp","href":"https:\/\/api.w.org\/{rel}","templated":true}]}}