{"id":6507,"date":"2025-04-28T13:54:17","date_gmt":"2025-04-28T11:54:17","guid":{"rendered":"https:\/\/cofidur-ems.com\/notre-expertise\/"},"modified":"2025-12-09T11:06:45","modified_gmt":"2025-12-09T10:06:45","slug":"unser-fachwissen","status":"publish","type":"page","link":"https:\/\/cofidur-ems.com\/de\/unser-fachwissen\/","title":{"rendered":"Unser Fachwissen"},"content":{"rendered":"<section class=\"banner_page section\"><div class=\"inner\"><div class=\"banner_page_container  \"><h2 class=\"title-deco\">Unser Fachwissen<\/h2><p class=\"\">Cofidur EMS, Ihr Partner der Wahl, begleitet Sie in allen Phasen des Lebenszyklus Ihrer Produkte. Dabei richten wir ein umfassendes Projektmanagement ein. Wir bieten Ihnen eine Reihe koh\u00e4renter und auf jede einzelne Phase Ihrer Projekte abgestimmter Angebote.<\/p><\/div><\/div><\/section>\n\n<div class=\"inner\">\n    <h2 class=\"title-deco title-violet\">Unser Know-how<\/h2><\/div>\n<section id=\"gestion-projet\" class=\"txtImg_container  reverse_bloc ModelB  no-bg bleu\">\n\n    <div class=\"txtImg_content_text\">\n        <h2 class=\"title-deco\">Projektmanagement<\/h2><div class=\"text-container\"><p>Im Zentrum unserer Projektlenkung und unseres Projektmanagements steht eine von uns entwickelte Organisation, die die gesch\u00e4ftlichen Aktivit\u00e4ten von der vorgelagerten Phase bis zur nachgelagerten Phase und dem Ende der Produktlebensdauer abdeckt. Wir bieten Ihnen eine auf Mitverantwortung basierende Organisation und eine pr\u00e4zise, auf die Bed\u00fcrfnisse unserer Kunden zugeschnittene Methodik mit einem stetigen Austausch und regelm\u00e4\u00dfiger Berichterstattung (NPI-Prozess usw.).<\/p>\n<p><span style=\"color: #3d559a;\"><strong>01 &#8211; PROJEKT\u00dcBERWACHUNG<\/strong><\/span><br \/>\nEinf\u00fchrung eines spezifischen Tools, Risikoanalyse, w\u00f6chentliche Ma\u00dfnahmenverfolgung.<\/p>\n<p><span style=\"color: #46c1db;\"><strong>02- INVESTITION<\/strong><\/span><br \/>\nUmsetzung eines spezifischen Investitionsplans im Rahmen der Projekt\u00fcberwachung.<\/p>\n<p><span style=\"color: #a7bb38;\"><strong>03 &#8211; MITTELQUALIFIZIERUNG<\/strong><\/span><br \/>\nQualifizierungsplan f\u00fcr Prozess &#038; Produkt-Prozess.<\/p>\n<p><span style=\"color: #ffb237;\"><strong>04 &#8211; RESSOURCENQUALIFIZIERUNG<\/strong><\/span><br \/>\nFestlegung des Einf\u00fchrungs- und Validierungsplans f\u00fcr direkte Ressourcen.<\/p>\n<\/div>    <\/div>\n    <div class=\"txtImg_content_image bg-bleu\">\n        <img decoding=\"async\" src=\"https:\/\/cofidur-ems.com\/wp-content\/uploads\/2025\/12\/cofidur-gestion-projet-de.jpg\" alt=\"\" title=\"cofidur-gestion-projet-de\">    <\/div>\n<\/section>\n\n\n<div class=\"inner\">\n    <\/div>\n<section id=\"\" class=\"txtImg_container  no-circle  ModelB  no-bg jaune\">\n\n    <div class=\"txtImg_content_text\">\n        <h2 class=\"title-deco\">Prototyping und Entwicklung <br>bis zur Produktionsreife<\/h2><div class=\"text-container\"><p>Cofidur EMS unterst\u00fctzt Sie von der fr\u00fchen vorgelagerten Phase an beim Entwurf und der Entwicklung bis zur Produktionsreife Ihrer Produkte.<\/p>\n<p>Wir beraten Sie gerne zur technischen und \u00f6kologischen Machbarkeit, bieten Ihnen Empfehlungen und versorgen Sie mit Informationen zu den Konstruktionsregeln, damit Prozessrisiken eingeschr\u00e4nkt werden k\u00f6nnen. Dar\u00fcber hinaus bieten wir Ihnen eine Unterst\u00fctzung in den Phasen von Platzierung\/Routing bzw. auch bei der \u00dcbernahme des Routings von Leiterplatten.<\/p>\n<p>Wir stellen Ihnen au\u00dferdem unser Know-how f\u00fcr die Entwicklung Ihrer Produkte (elektronische Platinen, Kabel, Baugruppen) bis zur Produktionsreife zur Verf\u00fcgung.<\/p>\n<p>Vom Leiterplatten-Routing bis hin zur Prototypen-Erstellung st\u00fctzen sich unsere Mitarbeitenden auf Methoden und Tools, mit denen wir f\u00fcr Sie die Qualit\u00e4t und den Entwicklungszeitplan Ihrer Produkte sowie letztendlich auch die entsprechenden Serienkosten im Griff behalten.<\/p>\n<\/div>    <\/div>\n    <div class=\"txtImg_content_image bg-jaune\">\n        <img decoding=\"async\" src=\"https:\/\/cofidur-ems.com\/wp-content\/uploads\/2025\/04\/cofidur-prototypages.jpg\" alt=\"\" title=\"cofidur prototypages\">    <\/div>\n<\/section>\n\n\n<div class=\"inner\">\n    <\/div>\n<section id=\"\" class=\"txtImg_container  no-circle reverse_bloc ModelB  no-bg gris\">\n\n    <div class=\"txtImg_content_text\">\n        <h2 class=\"title-deco\">Einkauf<\/h2><div class=\"text-container\"><p>Unsere Einkaufsabteilung verf\u00fcgt \u00fcber eine agile Organisation, mit der wir sowohl die Entwicklung unserer Kunden begleiten (Verantwortung f\u00fcr die einzelnen Projekte) als auch f\u00fcr jeden Einkaufsbereich (PEMCO, Halbleiter, Mechanik, Leiterplatten usw.) Spezialisten bereitstellen k\u00f6nnen. So sind wir in der Lage, auf spezifische Probleme zu reagieren und in den verschiedenen Gesch\u00e4ftsbereichen von der Prospektionsphase bis hin zur Serienproduktionsphase vertiefende Verhandlungen zu f\u00fchren.<\/p>\n<p>Beim Einkaufsmanagement gibt es mehrere strategische Ansatzpunkte f\u00fcr die Unterst\u00fctzung unserer Supply-Chain-Teams und unserer Kunden :<\/p>\n<p><strong>01<\/strong><br \/>\n<strong>Risiko- und Portfoliomanagement<\/strong><\/p>\n<p>Hierbei geht es darum, beschaffungsbezogene Risiken und Schwachstellen auf den M\u00e4rkten f\u00fcr den Einkauf von Komponenten und ma\u00dfgeschneiderten Teilen so gut wie m\u00f6glich vorausschauend zu erkennen und zu bew\u00e4ltigen, um geeignete Ma\u00dfnahmen vorschlagen und einf\u00fchren zu k\u00f6nnen:<br \/>\n&#8211; Sicherung kritischer Komponenten und Lieferanten (f\u00fcr laufende und kommende Projekte)<br \/>\n&#8211; Anbieten von alternativen L\u00f6sungen und Obsoleszenzmanagement (PCN, EOL, Management usw.)<br \/>\n&#8211; Portfoliostrategie EMEA\/Asien (Benchmarking, Technologie\u00fcberwachung und -roadmap, Dual Sourcing, Make-or-Buy-Analyse, Sicherung usw.)<br \/>\n&#8211; Auf unserer Sicht (Einkaufsbarometer usw.) basierende Meldung und Vorhersage von Spannungen auf den M\u00e4rkten<\/p>\n<p><strong>02<\/strong><br \/>\n<strong>Verhandlungen und Steuerung der Kaufbedingungen<\/strong><\/p>\n<p>Unsere Teams f\u00fchren Verhandlungen pro Jahr oder Projekt, um Bed\u00fcrfnisse geb\u00fcndelt zu betrachten und so die Einkaufsbedingungen (Qualit\u00e4t, Kosten und Fristen) und die Einhaltung der Verpflichtungen unserer Lieferanten und Partner unter Kontrolle zu haben.<br \/>\nDie Leistungssteuerung und Verpflichtungen spielen bei unserem Lieferantenmanagement eine entscheidende Rolle. Mithilfe von Tools f\u00fcr den Austausch und die Kontrolle von KPIs tauschen wir uns regelm\u00e4\u00dfig \u00fcber Ergebnisse, Schwierigkeiten und die einzuleitenden Verbesserungsma\u00dfnahmen (8D, PDCA, Audit, Leistungsbeurteilung usw.) aus.<\/p>\n<p><strong>03<\/strong><br \/>\n<strong>Qualifizierung und Bewertung von Lieferanten<\/strong><\/p>\n<p>Wir haben ein umfassendes Verfahren eingef\u00fchrt, mit dem wir Lieferanten ausw\u00e4hlen, beurteilen und qualifizieren k\u00f6nnen, um ihre Beherrschung von Know-how und Kontrollmethoden, ihre finanzielle Situation usw. bewerten zu k\u00f6nnen. Jedes Jahr werden die Lieferanten beurteilt und nach Leistungs- und Servicekriterien in eine Rangliste eingestuft, um eine stetige Verbesserung zu f\u00f6rdern und unsere Einkaufsstrategie anzupassen.<\/p>\n<\/div>    <\/div>\n    <div class=\"txtImg_content_image bg-gris\">\n        <img decoding=\"async\" src=\"https:\/\/cofidur-ems.com\/wp-content\/uploads\/2025\/04\/cofidur-achats.jpg\" alt=\"\" title=\"cofidur achats\">    <\/div>\n<\/section>\n\n\n<div class=\"inner\">\n    <\/div>\n<section id=\"\" class=\"txtImg_container  no-circle  ModelB  no-bg vert\">\n\n    <div class=\"txtImg_content_text\">\n        <h2 class=\"title-deco\">Supply chain<\/h2><div class=\"text-container\"><p>Unsere nach T\u00e4tigkeitsbereichen gegliederte Supply Chain widmet sich den Kunden, um jeden Einzelnen so spezifisch und effizient wie m\u00f6glich betreuen zu k\u00f6nnen. Sie ist dynamisch, flexibel, reaktionsschnell und auf die Einhaltung unserer Verpflichtungen ausgerichtet. Sie lenkt die gesamte Logistikkette: Bestellaufnahme, Planung, Beschaffung bei \u00fcber 200 Lieferanten, Verwaltung und Optimierung der Lagerbest\u00e4nde sowie Lieferung unserer Produkte und Erbringung unserer Serviceleistungen innerhalb und au\u00dferhalb Europas.<\/p>\n<p>Hierf\u00fcr verf\u00fcgen wir \u00fcber ein anerkanntes, zuverl\u00e4ssiges und angepasstes Informationssystem (SAP), eine bew\u00e4hrte Methodik und eine Art der Daten\u00fcbermittlung, die einen sicheren Austausch erm\u00f6glicht. Unsere Organisation erm\u00f6glicht eine kollaborative Leitung, bei der die Kundenw\u00fcnsche bestm\u00f6glich ber\u00fccksichtigt werden.<\/p>\n<\/div>    <\/div>\n    <div class=\"txtImg_content_image bg-vert\">\n        <img decoding=\"async\" src=\"https:\/\/cofidur-ems.com\/wp-content\/uploads\/2025\/04\/cofidur-supply.jpg\" alt=\"\" title=\"cofidur supply\">    <\/div>\n<\/section>\n\n\n<div class=\"inner\">\n    <\/div>\n<section id=\"\" class=\"txtImg_container  no-circle reverse_bloc ModelB  no-bg gris\">\n\n    <div class=\"txtImg_content_text\">\n        <h2 class=\"title-deco\">Produktion<\/h2><div class=\"text-container\"><p>Wir verf\u00fcgen \u00fcber einen immer leistungsst\u00e4rkeren, homogenen und komplement\u00e4ren Produktionsapparat.<br \/>\nWir sind der Made-in-France-Partner f\u00fcr alle unsere Kunden, und zwar in zahlreichen Gesch\u00e4ftsbereichen, die \u00e4u\u00dferste Pr\u00e4zision, Anpassungsf\u00e4higkeit und Leistungsst\u00e4rke verlangen. Unsere Produktion ist durch Routinen und Rituale zur F\u00f6rderung der operativen Leistung gepr\u00e4gt. Eine operative Spitzenleistung geh\u00f6rt f\u00fcr uns zum Alltag, mit einem strukturierten Lean-Programm, das aus den besten industriellen Praktiken hervorgegangen ist. Durch visuelles Management k\u00f6nnen wir unsere Leistungen fortw\u00e4hrend teilen und verbessern, geleitet von den drei Prinzipien K\u00f6nnen, Methodik und Qualit\u00e4t.<\/p>\n<\/div>    <\/div>\n    <div class=\"txtImg_content_image bg-gris\">\n        <img decoding=\"async\" src=\"https:\/\/cofidur-ems.com\/wp-content\/uploads\/2025\/04\/cofidur-production.jpg\" alt=\"\" title=\"cofidur production\">    <\/div>\n<\/section>\n\n\n<div class=\"inner\">\n    <\/div>\n<section id=\"\" class=\"txtImg_container  no-circle  ModelB  no-bg bleu\">\n\n    <div class=\"txtImg_content_text\">\n        <h2 class=\"title-deco\">Instandhaltung\/Kundenservice<\/h2><div class=\"text-container\"><p><strong>INSTANDHALTUNG F\u00dcR PRODUKTE MIT LANGEN LEBENSZYKLEN (f\u00fcr Industrie und Gewerbe)<\/strong><\/p>\n<p>&#8211; Seit \u00fcber 20 Jahren streben wir mit unserem Instandhaltungsangebot danach, alle Ma\u00dfnahmen zu ergreifen, mit denen je nach Lebenszyklus unserer Produkte und Dienste ihr m\u00f6glichst langer Fortbestand gew\u00e4hrleistet werden kann. Durch optimierte Reparatur-, Instandsetzungs- und Wiederverwendungsverfahren wird der beste Kompromiss zwischen Kosten und Lebensdauer der Produkte gew\u00e4hrleistet.<\/p>\n<p><strong>KUNDENSERVICE F\u00dcR PRODUKTE MIT KURZEN LEBENSZYKLEN (f\u00fcr Telekommunikation und Daten)<\/strong><br \/>\nWir setzen innerhalb kurzer Fristen Produkte wieder instand und sorgen f\u00fcr die Kontinuit\u00e4t der verf\u00fcgbaren Lagerbest\u00e4nde (Prozessindustrialisierung, Tests und Diagnosen, Refurbishing, Retrofit und Reparaturen, Wiederverwendung und Recycling).<\/p>\n<\/div>    <\/div>\n    <div class=\"txtImg_content_image bg-bleu\">\n        <img decoding=\"async\" src=\"https:\/\/cofidur-ems.com\/wp-content\/uploads\/2025\/04\/cofidur-sav.jpg\" alt=\"\" title=\"cofidur sav\">    <\/div>\n<\/section>\n\n\n\n\n\n\n\n\n\n\n\n\n","protected":false},"excerpt":{"rendered":"","protected":false},"author":2,"featured_media":0,"parent":0,"menu_order":0,"comment_status":"closed","ping_status":"closed","template":"","meta":{"_acf_changed":false,"footnotes":""},"class_list":["post-6507","page","type-page","status-publish","hentry"],"acf":[],"yoast_head":"<!-- This site is optimized with the Yoast SEO plugin v27.4 - https:\/\/yoast.com\/product\/yoast-seo-wordpress\/ -->\n<title>Unser Fachwissen &#8212; Codifur EMS<\/title>\n<meta name=\"description\" content=\"Cofidur EMS, Ihr zuverl\u00e4ssiger Partner, begleitet jede Produktphase mit ganzheitlichem Projektmanagement und passenden L\u00f6sungen.\" \/>\n<meta name=\"robots\" content=\"index, follow, max-snippet:-1, max-image-preview:large, max-video-preview:-1\" \/>\n<link rel=\"canonical\" href=\"https:\/\/cofidur-ems.com\/de\/unser-fachwissen\/\" \/>\n<meta property=\"og:locale\" content=\"de_DE\" \/>\n<meta property=\"og:type\" content=\"article\" \/>\n<meta property=\"og:title\" content=\"Unser Fachwissen &#8212; Codifur EMS\" \/>\n<meta property=\"og:description\" content=\"Cofidur EMS, Ihr zuverl\u00e4ssiger Partner, begleitet jede Produktphase mit ganzheitlichem Projektmanagement und passenden L\u00f6sungen.\" \/>\n<meta property=\"og:url\" content=\"https:\/\/cofidur-ems.com\/de\/unser-fachwissen\/\" \/>\n<meta property=\"og:site_name\" content=\"Codifur EMS\" \/>\n<meta property=\"article:modified_time\" content=\"2025-12-09T10:06:45+00:00\" \/>\n<meta name=\"twitter:card\" content=\"summary_large_image\" \/>\n<meta name=\"twitter:label1\" content=\"Gesch\u00e4tzte Lesezeit\" \/>\n\t<meta name=\"twitter:data1\" content=\"6\u00a0Minuten\" \/>\n<script type=\"application\/ld+json\" class=\"yoast-schema-graph\">{\"@context\":\"https:\\\/\\\/schema.org\",\"@graph\":[{\"@type\":\"WebPage\",\"@id\":\"https:\\\/\\\/cofidur-ems.com\\\/de\\\/unser-fachwissen\\\/\",\"url\":\"https:\\\/\\\/cofidur-ems.com\\\/de\\\/unser-fachwissen\\\/\",\"name\":\"Unser Fachwissen &#8212; Codifur EMS\",\"isPartOf\":{\"@id\":\"https:\\\/\\\/cofidur-ems.com\\\/#website\"},\"datePublished\":\"2025-04-28T11:54:17+00:00\",\"dateModified\":\"2025-12-09T10:06:45+00:00\",\"description\":\"Cofidur EMS, Ihr zuverl\u00e4ssiger Partner, begleitet jede Produktphase mit ganzheitlichem Projektmanagement und passenden L\u00f6sungen.\",\"breadcrumb\":{\"@id\":\"https:\\\/\\\/cofidur-ems.com\\\/de\\\/unser-fachwissen\\\/#breadcrumb\"},\"inLanguage\":\"de\",\"potentialAction\":[{\"@type\":\"ReadAction\",\"target\":[\"https:\\\/\\\/cofidur-ems.com\\\/de\\\/unser-fachwissen\\\/\"]}]},{\"@type\":\"BreadcrumbList\",\"@id\":\"https:\\\/\\\/cofidur-ems.com\\\/de\\\/unser-fachwissen\\\/#breadcrumb\",\"itemListElement\":[{\"@type\":\"ListItem\",\"position\":1,\"name\":\"Cofidur EMS\",\"item\":\"https:\\\/\\\/cofidur-ems.com\\\/de\\\/\"},{\"@type\":\"ListItem\",\"position\":2,\"name\":\"Unser Fachwissen\"}]},{\"@type\":\"WebSite\",\"@id\":\"https:\\\/\\\/cofidur-ems.com\\\/#website\",\"url\":\"https:\\\/\\\/cofidur-ems.com\\\/\",\"name\":\"Cofidur EMS\",\"description\":\"Votre sous-traitant \u00e9lectronique Fran\u00e7ais\",\"publisher\":{\"@id\":\"https:\\\/\\\/cofidur-ems.com\\\/#organization\"},\"potentialAction\":[{\"@type\":\"SearchAction\",\"target\":{\"@type\":\"EntryPoint\",\"urlTemplate\":\"https:\\\/\\\/cofidur-ems.com\\\/?s={search_term_string}\"},\"query-input\":{\"@type\":\"PropertyValueSpecification\",\"valueRequired\":true,\"valueName\":\"search_term_string\"}}],\"inLanguage\":\"de\"},{\"@type\":\"Organization\",\"@id\":\"https:\\\/\\\/cofidur-ems.com\\\/#organization\",\"name\":\"Cofidur EMS\",\"url\":\"https:\\\/\\\/cofidur-ems.com\\\/\",\"logo\":{\"@type\":\"ImageObject\",\"inLanguage\":\"de\",\"@id\":\"https:\\\/\\\/cofidur-ems.com\\\/#\\\/schema\\\/logo\\\/image\\\/\",\"url\":\"https:\\\/\\\/cofidur-ems.com\\\/wp-content\\\/uploads\\\/2025\\\/04\\\/logo.svg\",\"contentUrl\":\"https:\\\/\\\/cofidur-ems.com\\\/wp-content\\\/uploads\\\/2025\\\/04\\\/logo.svg\",\"width\":310,\"height\":89,\"caption\":\"Cofidur EMS\"},\"image\":{\"@id\":\"https:\\\/\\\/cofidur-ems.com\\\/#\\\/schema\\\/logo\\\/image\\\/\"},\"sameAs\":[\"https:\\\/\\\/www.linkedin.com\\\/company\\\/cofidur-ems\"]}]}<\/script>\n<!-- \/ Yoast SEO plugin. -->","yoast_head_json":{"title":"Unser Fachwissen &#8212; Codifur EMS","description":"Cofidur EMS, Ihr zuverl\u00e4ssiger Partner, begleitet jede Produktphase mit ganzheitlichem Projektmanagement und passenden L\u00f6sungen.","robots":{"index":"index","follow":"follow","max-snippet":"max-snippet:-1","max-image-preview":"max-image-preview:large","max-video-preview":"max-video-preview:-1"},"canonical":"https:\/\/cofidur-ems.com\/de\/unser-fachwissen\/","og_locale":"de_DE","og_type":"article","og_title":"Unser Fachwissen &#8212; Codifur EMS","og_description":"Cofidur EMS, Ihr zuverl\u00e4ssiger Partner, begleitet jede Produktphase mit ganzheitlichem Projektmanagement und passenden L\u00f6sungen.","og_url":"https:\/\/cofidur-ems.com\/de\/unser-fachwissen\/","og_site_name":"Codifur EMS","article_modified_time":"2025-12-09T10:06:45+00:00","twitter_card":"summary_large_image","twitter_misc":{"Gesch\u00e4tzte Lesezeit":"6\u00a0Minuten"},"schema":{"@context":"https:\/\/schema.org","@graph":[{"@type":"WebPage","@id":"https:\/\/cofidur-ems.com\/de\/unser-fachwissen\/","url":"https:\/\/cofidur-ems.com\/de\/unser-fachwissen\/","name":"Unser Fachwissen &#8212; Codifur EMS","isPartOf":{"@id":"https:\/\/cofidur-ems.com\/#website"},"datePublished":"2025-04-28T11:54:17+00:00","dateModified":"2025-12-09T10:06:45+00:00","description":"Cofidur EMS, Ihr zuverl\u00e4ssiger Partner, begleitet jede Produktphase mit ganzheitlichem Projektmanagement und passenden L\u00f6sungen.","breadcrumb":{"@id":"https:\/\/cofidur-ems.com\/de\/unser-fachwissen\/#breadcrumb"},"inLanguage":"de","potentialAction":[{"@type":"ReadAction","target":["https:\/\/cofidur-ems.com\/de\/unser-fachwissen\/"]}]},{"@type":"BreadcrumbList","@id":"https:\/\/cofidur-ems.com\/de\/unser-fachwissen\/#breadcrumb","itemListElement":[{"@type":"ListItem","position":1,"name":"Cofidur EMS","item":"https:\/\/cofidur-ems.com\/de\/"},{"@type":"ListItem","position":2,"name":"Unser Fachwissen"}]},{"@type":"WebSite","@id":"https:\/\/cofidur-ems.com\/#website","url":"https:\/\/cofidur-ems.com\/","name":"Cofidur EMS","description":"Votre sous-traitant \u00e9lectronique Fran\u00e7ais","publisher":{"@id":"https:\/\/cofidur-ems.com\/#organization"},"potentialAction":[{"@type":"SearchAction","target":{"@type":"EntryPoint","urlTemplate":"https:\/\/cofidur-ems.com\/?s={search_term_string}"},"query-input":{"@type":"PropertyValueSpecification","valueRequired":true,"valueName":"search_term_string"}}],"inLanguage":"de"},{"@type":"Organization","@id":"https:\/\/cofidur-ems.com\/#organization","name":"Cofidur EMS","url":"https:\/\/cofidur-ems.com\/","logo":{"@type":"ImageObject","inLanguage":"de","@id":"https:\/\/cofidur-ems.com\/#\/schema\/logo\/image\/","url":"https:\/\/cofidur-ems.com\/wp-content\/uploads\/2025\/04\/logo.svg","contentUrl":"https:\/\/cofidur-ems.com\/wp-content\/uploads\/2025\/04\/logo.svg","width":310,"height":89,"caption":"Cofidur EMS"},"image":{"@id":"https:\/\/cofidur-ems.com\/#\/schema\/logo\/image\/"},"sameAs":["https:\/\/www.linkedin.com\/company\/cofidur-ems"]}]}},"_links":{"self":[{"href":"https:\/\/cofidur-ems.com\/de\/wp-json\/wp\/v2\/pages\/6507","targetHints":{"allow":["GET"]}}],"collection":[{"href":"https:\/\/cofidur-ems.com\/de\/wp-json\/wp\/v2\/pages"}],"about":[{"href":"https:\/\/cofidur-ems.com\/de\/wp-json\/wp\/v2\/types\/page"}],"author":[{"embeddable":true,"href":"https:\/\/cofidur-ems.com\/de\/wp-json\/wp\/v2\/users\/2"}],"replies":[{"embeddable":true,"href":"https:\/\/cofidur-ems.com\/de\/wp-json\/wp\/v2\/comments?post=6507"}],"version-history":[{"count":3,"href":"https:\/\/cofidur-ems.com\/de\/wp-json\/wp\/v2\/pages\/6507\/revisions"}],"predecessor-version":[{"id":7646,"href":"https:\/\/cofidur-ems.com\/de\/wp-json\/wp\/v2\/pages\/6507\/revisions\/7646"}],"wp:attachment":[{"href":"https:\/\/cofidur-ems.com\/de\/wp-json\/wp\/v2\/media?parent=6507"}],"curies":[{"name":"wp","href":"https:\/\/api.w.org\/{rel}","templated":true}]}}